{"id":2148,"date":"2021-04-24T10:21:09","date_gmt":"2021-04-24T08:21:09","guid":{"rendered":"https:\/\/www.chiefslife.com\/de-ch\/?page_id=2148"},"modified":"2024-04-12T13:15:10","modified_gmt":"2024-04-12T11:15:10","slug":"jobs","status":"publish","type":"page","link":"https:\/\/www.chiefslife.com\/de-ch\/jobs\/","title":{"rendered":"Karriere"},"content":{"rendered":"\n<div class=\"wp-block-group\"><div class=\"wp-block-group__inner-container is-layout-flow wp-block-group-is-layout-flow\">\n<h1 class=\"wp-block-heading has-text-align-center\">Karriere<\/h1>\n\n\n\n<p class=\"has-text-align-center\">Als innovatives, aufstrebendes Schweizer Unternehmen ist es uns ein grosses Anliegen, mit erf\u00fcllten, engagierten und motivierten Menschen zu arbeiten.&nbsp;Aus diesem Grund hat Chiefs<sup>\u00ae<\/sup> ein Arbeitsumfeld geschaffen, das gepr\u00e4gt ist von Selbstbestimmung, Wertsch\u00e4tzung und aktiver F\u00f6rderung individueller Talente.<\/p>\n<\/div><\/div>\n\n\n\n<div style=\"height:40px\" aria-hidden=\"true\" class=\"wp-block-spacer\"><\/div>\n\n\n\n<div class=\"wp-block-chiefs-banner-brick\"><div class=\"wp-block-chiefs-banner-brick-column banner-body\" style=\"background-color:#b3d9e9\"><h3 class=\"wp-block-chiefs-banner-brick-title\" style=\"color:#31272E\">Lifestyle <\/h3><p class=\"wp-block-chiefs-banner-brick-body has-body-1-font-size\" style=\"color:#31272E\">Uns ist es ein grosses Anliegen, dass du dein volles Potential bei uns entfalten kannst. Was uns vereint ist die Leidenschaft f\u00fcr Functional Food.<\/p><\/div><div class=\"wp-block-chiefs-banner-brick-column banner-body\" style=\"background-color:#e0dfe0\"><h3 class=\"wp-block-chiefs-banner-brick-title\" style=\"color:#31272E\">Entwicklung <\/h3><p class=\"wp-block-chiefs-banner-brick-body has-body-1-font-size\" style=\"color:#31272E\">Wir f\u00f6rdern deine individuellen Talente und bieten dir die M\u00f6glichkeit, dich pers\u00f6nlich, akademisch und beruflich weiterzuentwickeln.<\/p><\/div><\/div>\n\n\n\n<div class=\"wp-block-chiefs-banner-brick\"><div class=\"wp-block-chiefs-banner-brick-column banner-body\" style=\"background-color:#0D2E63\"><h3 class=\"wp-block-chiefs-banner-brick-title\" style=\"color:#FFF\">Gesundheit <\/h3><p class=\"wp-block-chiefs-banner-brick-body has-body-1-font-size\" style=\"color:#FFF\">Deine Gesundheit ist uns wichtig. Bei uns kannst du den FITPASS (Sport ohne Limit) zu Spezialkonditionen abschliessen und wir unterst\u00fctzen dich auch finanziell bei deinen individuellen sportlichen Aktivit\u00e4ten. Zudem haben wir direkt bei uns ein Fitnesscenter, welches rege genutzt wird.<\/p><\/div><div class=\"wp-block-chiefs-banner-brick-column banner-body\" style=\"background-color:#b3d9e9\"><h3 class=\"wp-block-chiefs-banner-brick-title\" style=\"color:#31272E\">Flexible Arbeitsmodelle <\/h3><p class=\"wp-block-chiefs-banner-brick-body has-body-1-font-size\" style=\"color:#31272E\">Wir bieten dir flexible, gleitende Arbeitszeiten, Homeoffice sowie die Option auch mal Remote zu arbeiten.<\/p><\/div><\/div>\n\n\n\n<div class=\"wp-block-chiefs-banner-brick\"><div class=\"wp-block-chiefs-banner-brick-column banner-body\" style=\"background-color:#e0dfe0\"><h3 class=\"wp-block-chiefs-banner-brick-title\" style=\"color:#31272E\">Ferien <\/h3><p class=\"wp-block-chiefs-banner-brick-body has-body-1-font-size\" style=\"color:#31272E\">Bei uns geniesst du f\u00fcnf Wochen Ferien pro Jahr. F\u00fcr l\u00e4ngere Abenteuer bieten wir dir die Option unbezahlte Ferien zu nehmen. Mit der Zeit erh\u00f6hen sich zudem deine Ferientage.<\/p><\/div><div class=\"wp-block-chiefs-banner-brick-column banner-body\" style=\"background-color:#0D2E63\"><h3 class=\"wp-block-chiefs-banner-brick-title\" style=\"color:#FFF\">Verpflegung <\/h3><p class=\"wp-block-chiefs-banner-brick-body has-body-1-font-size\" style=\"color:#FFF\">Unsere (K\u00fchl-)Schr\u00e4nke sind stets gut gef\u00fcllt mit gratis Chiefs Produkten. Kaffee und Tee geh\u00f6ren ebenso dazu wie eine gem\u00fctliche Lounge zum Beisammensein.<\/p><\/div><\/div>\n\n\n\n<div class=\"wp-block-chiefs-banner-brick\"><div class=\"wp-block-chiefs-banner-brick-column banner-body\" style=\"background-color:#0D2E63\"><h3 class=\"wp-block-chiefs-banner-brick-title\" style=\"color:#FFF\">Produkte <\/h3><p class=\"wp-block-chiefs-banner-brick-body has-body-1-font-size\" style=\"color:#FFF\">Damit nicht nur du in den Genuss unserer leckeren Chiefs-Produkte kommst, bieten wir attraktive Family &amp; Friends-Rabatte f\u00fcr deine Liebsten.<\/p><\/div><div class=\"wp-block-chiefs-banner-brick-column banner-body\" style=\"background-color:#b3d9e9\"><h3 class=\"wp-block-chiefs-banner-brick-title\" style=\"color:#31272E\">Team Events <\/h3><p class=\"wp-block-chiefs-banner-brick-body has-body-1-font-size\" style=\"color:#31272E\">Wir organisieren regelm\u00e4ssig unterhaltsame Teamevents, bei welchen wir unsere Teammitglieder immer wieder mit etwas Neuem \u00fcberraschen.<\/p><\/div><\/div>\n\n\n\n<div style=\"height:80px\" aria-hidden=\"true\" class=\"wp-block-spacer\"><\/div>\n\n\n\n<h1 class=\"wp-block-heading has-text-align-center\">Offene Positionen<\/h1>\n\n\n\n<p class=\"has-text-align-center has-ink-dark-color has-text-color\">Unsere aktuellen Stelleninserate findest du auf <a href=\"https:\/\/www.linkedin.com\/company\/chiefs-food\/jobs\/\" target=\"_blank\" rel=\"noreferrer noopener\">LinkedIn<\/a>.<\/p>\n\n\n\n<p class=\"has-text-align-center has-ink-dark-color has-text-color\">Haben wir aktuell keinen passenden Job f\u00fcr dich ausgeschrieben? Wir freuen uns trotzdem auf deine Spontanbewerbung an&nbsp;<a href=\"mailto:HR@chiefs.ch\" target=\"_blank\" rel=\"noreferrer noopener\">HR@chiefs.ch<\/a><\/p>\n\n\n\n<div style=\"height:60px\" aria-hidden=\"true\" class=\"wp-block-spacer\"><\/div>\n\n\n\n<p><\/p>\n","protected":false},"excerpt":{"rendered":"<p>Karriere Als innovatives, aufstrebendes Schweizer Unternehmen ist es uns ein grosses Anliegen, mit erf\u00fcllten, engagierten und motivierten Menschen zu arbeiten.&nbsp;Aus diesem Grund hat Chiefs\u00ae ein Arbeitsumfeld geschaffen, das gepr\u00e4gt ist von Selbstbestimmung, Wertsch\u00e4tzung und aktiver F\u00f6rderung individueller Talente. Offene Positionen Unsere aktuellen Stelleninserate findest du auf LinkedIn. Haben wir aktuell keinen passenden Job f\u00fcr dich [&hellip;]<\/p>\n","protected":false},"author":11,"featured_media":0,"parent":0,"menu_order":0,"comment_status":"closed","ping_status":"closed","template":"","meta":{"_acf_changed":false,"inline_featured_image":false,"footnotes":""},"class_list":["post-2148","page","type-page","status-publish","hentry"],"acf":[],"_links":{"self":[{"href":"https:\/\/www.chiefslife.com\/de-ch\/wp-json\/wp\/v2\/pages\/2148","targetHints":{"allow":["GET"]}}],"collection":[{"href":"https:\/\/www.chiefslife.com\/de-ch\/wp-json\/wp\/v2\/pages"}],"about":[{"href":"https:\/\/www.chiefslife.com\/de-ch\/wp-json\/wp\/v2\/types\/page"}],"author":[{"embeddable":true,"href":"https:\/\/www.chiefslife.com\/de-ch\/wp-json\/wp\/v2\/users\/11"}],"replies":[{"embeddable":true,"href":"https:\/\/www.chiefslife.com\/de-ch\/wp-json\/wp\/v2\/comments?post=2148"}],"version-history":[{"count":0,"href":"https:\/\/www.chiefslife.com\/de-ch\/wp-json\/wp\/v2\/pages\/2148\/revisions"}],"wp:attachment":[{"href":"https:\/\/www.chiefslife.com\/de-ch\/wp-json\/wp\/v2\/media?parent=2148"}],"curies":[{"name":"wp","href":"https:\/\/api.w.org\/{rel}","templated":true}]}}