{"id":45674,"date":"2024-06-20T16:39:44","date_gmt":"2024-06-20T14:39:44","guid":{"rendered":"https:\/\/www.chiefslife.com\/de-ch\/?page_id=45674"},"modified":"2024-07-01T16:22:29","modified_gmt":"2024-07-01T14:22:29","slug":"proteinchips","status":"publish","type":"page","link":"https:\/\/www.chiefslife.com\/de-ch\/proteinchips\/","title":{"rendered":"Protein Chips"},"content":{"rendered":"\n<div class=\"wp-block-group\"><div class=\"wp-block-group__inner-container is-layout-constrained wp-block-group-is-layout-constrained\">\n<h1 class=\"wp-block-heading has-text-align-center\">Protein Chips<\/h1>\n\n\n\n<p class=\"has-text-align-center has-body-1-font-size\">Wolltest du schon immer eine ganze Chips Packung geniessen, ohne ein schlechtes Gewissen zu haben? Dank Chiefs ist das ab sofort m\u00f6glich! Unsere Protein Chips bestechen mit sensationellem Geschmack und 70% weniger Fett. Ausserdem bietet jede Packung 21g hochwertiges pflanzliches Protein. Die beiden Flavours Sweet Paprika und Sour Cream sind Klassiker im Chips-Regal und in unserer Umsetzung geschmacksintensiver als jemals zuvor. G\u00f6nn dir deinen revolution\u00e4ren Snack mit dem Crunch, den du liebst.<\/p>\n<\/div><\/div>\n\n\n<style>\n    .wp-block-chiefs-column-brick {\n        display: flex;\n        flex-wrap: wrap;\n        justify-content: center;\n        gap: 20px;\n    }\n\n    .wp-block-chiefs-column-brick-title-link {\n        flex: 0 0 100%;\n        text-align: center;\n    }\n\n    .wp-block-chiefs-column-brick-column {\n        flex: 0 1 calc(33.333% - 14px);\n        text-align: center;\n    }\n\n    .wp-block-chiefs-column-brick-text {\n        text-align: center;\n    }\n\n    @media (max-width: 768px) {\n        .wp-block-chiefs-column-brick-column {\n            flex: 0 1 100%;\n        }\n    }\n<\/style>\n<div id=\"chiefs-column-block-block_6992555a030e02c475cb2630c0d65987\" class=\"chiefs-column-block\">\n    <div class=\"wp-block-chiefs-column-brick  chiefs-brick\">\n                                <div class=\"wp-block-chiefs-column-brick-column\">\n                    <div class=\"wp-block-chiefs-column-brick-image-container\">\n                        <a href=\"https:\/\/www.chiefslife.com\/de-ch\/produkt\/protein-chips-sweet-paprika\/\" target=\"_self\" rel=\"noopener\">\n                            <img decoding=\"async\" width=\"1000\" height=\"1000\" src=\"https:\/\/www.chiefslife.com\/de-ch\/wp-content\/uploads\/sites\/2\/2024\/06\/Chiefs_ProteinChips_SweetPaprika_front_shade.png\" class=\"wp-block-chiefs-column-brick-image wp-image-500\" alt=\"\" srcset=\"https:\/\/www.chiefslife.com\/de-ch\/wp-content\/uploads\/sites\/2\/2024\/06\/Chiefs_ProteinChips_SweetPaprika_front_shade.png 1000w, https:\/\/www.chiefslife.com\/de-ch\/wp-content\/uploads\/sites\/2\/2024\/06\/Chiefs_ProteinChips_SweetPaprika_front_shade-300x300.png 300w, https:\/\/www.chiefslife.com\/de-ch\/wp-content\/uploads\/sites\/2\/2024\/06\/Chiefs_ProteinChips_SweetPaprika_front_shade-150x150.png 150w, https:\/\/www.chiefslife.com\/de-ch\/wp-content\/uploads\/sites\/2\/2024\/06\/Chiefs_ProteinChips_SweetPaprika_front_shade-768x768.png 768w, https:\/\/www.chiefslife.com\/de-ch\/wp-content\/uploads\/sites\/2\/2024\/06\/Chiefs_ProteinChips_SweetPaprika_front_shade-336x336.png 336w, https:\/\/www.chiefslife.com\/de-ch\/wp-content\/uploads\/sites\/2\/2024\/06\/Chiefs_ProteinChips_SweetPaprika_front_shade-800x800.png 800w, https:\/\/www.chiefslife.com\/de-ch\/wp-content\/uploads\/sites\/2\/2024\/06\/Chiefs_ProteinChips_SweetPaprika_front_shade-100x100.png 100w\" sizes=\"(max-width: 1000px) 100vw, 1000px\" \/>                        <\/a>\n                    <\/div>\n                    <a class=\"wp-block-chiefs-column-brick-text-link\" href=\"https:\/\/www.chiefslife.com\/de-ch\/produkt\/protein-chips-sweet-paprika\/\" target=\"_self\" rel=\"noopener\">\n                        <h6 class=\"wp-block-chiefs-column-brick-text\">Sweet Paprika<\/h6>\n                    <\/a>\n                <\/div>\n                        <div class=\"wp-block-chiefs-column-brick-column\">\n                    <div class=\"wp-block-chiefs-column-brick-image-container\">\n                        <a href=\"https:\/\/www.chiefslife.com\/de-ch\/produkt\/protein-chips-sour-cream\/\" target=\"_self\" rel=\"noopener\">\n                            <img decoding=\"async\" width=\"1000\" height=\"1000\" src=\"https:\/\/www.chiefslife.com\/de-ch\/wp-content\/uploads\/sites\/2\/2024\/06\/Chiefs_ProteinChips_SourCream_front_shade.png\" class=\"wp-block-chiefs-column-brick-image wp-image-500\" alt=\"\" srcset=\"https:\/\/www.chiefslife.com\/de-ch\/wp-content\/uploads\/sites\/2\/2024\/06\/Chiefs_ProteinChips_SourCream_front_shade.png 1000w, https:\/\/www.chiefslife.com\/de-ch\/wp-content\/uploads\/sites\/2\/2024\/06\/Chiefs_ProteinChips_SourCream_front_shade-300x300.png 300w, https:\/\/www.chiefslife.com\/de-ch\/wp-content\/uploads\/sites\/2\/2024\/06\/Chiefs_ProteinChips_SourCream_front_shade-150x150.png 150w, https:\/\/www.chiefslife.com\/de-ch\/wp-content\/uploads\/sites\/2\/2024\/06\/Chiefs_ProteinChips_SourCream_front_shade-768x768.png 768w, https:\/\/www.chiefslife.com\/de-ch\/wp-content\/uploads\/sites\/2\/2024\/06\/Chiefs_ProteinChips_SourCream_front_shade-336x336.png 336w, https:\/\/www.chiefslife.com\/de-ch\/wp-content\/uploads\/sites\/2\/2024\/06\/Chiefs_ProteinChips_SourCream_front_shade-800x800.png 800w, https:\/\/www.chiefslife.com\/de-ch\/wp-content\/uploads\/sites\/2\/2024\/06\/Chiefs_ProteinChips_SourCream_front_shade-100x100.png 100w\" sizes=\"(max-width: 1000px) 100vw, 1000px\" \/>                        <\/a>\n                    <\/div>\n                    <a class=\"wp-block-chiefs-column-brick-text-link\" href=\"https:\/\/www.chiefslife.com\/de-ch\/produkt\/protein-chips-sour-cream\/\" target=\"_self\" rel=\"noopener\">\n                        <h6 class=\"wp-block-chiefs-column-brick-text\">Sour Cream<\/h6>\n                    <\/a>\n                <\/div>\n            <\/div>\n<\/div>\n\n\n<div style=\"height:80px\" aria-hidden=\"true\" class=\"wp-block-spacer\"><\/div>\n\n\n\n<style>\n    .chiefs-product-description-block {\n        max-width: 736px;\n        margin: 0 auto 1.5em auto;\n        padding: 0 20px;\n    }\n\n    .description-container {\n        transition: height 1s cubic-bezier(0.215, 0.610, 0.355, 1);\n        max-height: unset;\n    }\n\n    .description-container.hidden {\n        max-height: 0;\n        transition: height 1s cubic-bezier(0.215, 0.610, 0.355, 1);\n    }\n\n    .accordion .single-table .tab-content p {\n        margin-bottom: 0;\n    }\n\n    #expand-description {\n        cursor: pointer;\n        color: #001489;\n        transition: all .2s ease-in-out;\n    }\n\n    #expand-description:hover {\n        color: #88c434;\n    }\n\n    @media only screen and (max-width: 768px) {\n        .chiefs-product-description-block {\n            padding: 0;\n        }\n\n        .accordion.tabs .tab .tab-label::after {\n            min-width: 36px;\n            min-height: 36px;\n        }\n    }\n<\/style>\n\n\n<div id=\"chiefs-product-description-block-block_bc08d806db4428332adc8de1fe0ef3dc\" class=\"chiefs-product-description-block\" data-aos=\"fade\">\n\n\n    <h2>Chiefs Protein Chips<\/h2>\n\n    <p>Tauche ein in ein ultimatives Geschmackserlebnis mit unseren Protein Chips. Die Sorten Sweet Paprika und Sour Cream sind Geschmacksbomben f\u00fcr ein unvergleichbares Geschmackserlebnis. Ob unterwegs oder beim Entspannen zu Hause, diese Chips bieten nicht nur eine ges\u00fcndere Option, sondern auch den perfekten Crunch, den du lieben wirst. Unsere Chips sind ausserdem vegan, laktosefrei und never fried. G\u00f6nn dir jetzt das Beste aus beiden Welten: knusprige Chips, die dich geschmacklich begeistern und gleichzeitig deine Proteinversorgung unterst\u00fctzen. <\/p>\n\n    <div class=\"description-container\" id=\"hidden-description\" style=\"overflow: hidden\">\n        <div class=\"hidden-description__content\">\n                    <\/div>\n    <\/div>\n    \n        <span id=\"expand-description\" style=\"cursor: pointer\"><\/span>\n\n    \n    <h2 style=\"margin-top: 40px;\"> H\u00e4ufig gestellte Fragen <\/h2>\n\n    <div class=\"accordion tabs nutrition-tables\" style=\"margin-bottom: 40px;\">\n                    <div class=\"single-table tab\">\n                <input type=\"checkbox\">\n                <label class=\"tab-label\">\n                    <p class=\"title has-body-1-font-size\">70% weniger Fett \u2013 Wie geht das?<\/p>\n                <\/label>\n                <div class=\"tab-content\">\n                    <p>Unsere Chips werden nicht frittiert, sondern im Ofen gebacken. Dadurch kann eine grosse Menge an Fett eingespart werden, ohne dabei an intensivem Geschmack zu verlieren.<\/p>\n                <\/div>\n            <\/div>\n                    <div class=\"single-table tab\">\n                <input type=\"checkbox\">\n                <label class=\"tab-label\">\n                    <p class=\"title has-body-1-font-size\">Wie k\u00f6nnen die Chips trotz weniger Fett gut schmecken?<\/p>\n                <\/label>\n                <div class=\"tab-content\">\n                    <p>Wir verwenden hochwertige und intensive Gew\u00fcrze, um unseren Chips den ultimativen Geschmackskick zu verleihen. Leckere Chips m\u00fcssen nicht fettig sein.<\/p>\n                <\/div>\n            <\/div>\n                    <div class=\"single-table tab\">\n                <input type=\"checkbox\">\n                <label class=\"tab-label\">\n                    <p class=\"title has-body-1-font-size\">Wie ist die Textur der Chips?<\/p>\n                <\/label>\n                <div class=\"tab-content\">\n                    <p>Die Chiefs Protein Chips \u00fcberzeugen mit einer herrlich knackigen Textur. Das befriedigende Knackger\u00e4usch beim Beissen und Kauen vermittelt das Gef\u00fchl ultimativer Knusprigkeit \u2013 ganz wie du es dir von herk\u00f6mmlichen Chips gewohnt bist.<\/p>\n                <\/div>\n            <\/div>\n                    <div class=\"single-table tab\">\n                <input type=\"checkbox\">\n                <label class=\"tab-label\">\n                    <p class=\"title has-body-1-font-size\">Wo werden die Chips hergestellt?<\/p>\n                <\/label>\n                <div class=\"tab-content\">\n                    <p>Wo immer m\u00f6glich, setzen wir auf Lokalit\u00e4t und Schweizer Qualit\u00e4t. Deshalb werden unsere Chips komplett in der Schweiz hergestellt.<\/p>\n                <\/div>\n            <\/div>\n                    <div class=\"single-table tab\">\n                <input type=\"checkbox\">\n                <label class=\"tab-label\">\n                    <p class=\"title has-body-1-font-size\">Woraus sind die Chips?<\/p>\n                <\/label>\n                <div class=\"tab-content\">\n                    <p>Die Chips sind aus Erbsen und Linsen mit Kartoffeln und Reis.<\/p>\n                <\/div>\n            <\/div>\n                    <div class=\"single-table tab\">\n                <input type=\"checkbox\">\n                <label class=\"tab-label\">\n                    <p class=\"title has-body-1-font-size\">Wie k\u00f6nnen Chips High Protein sein?<\/p>\n                <\/label>\n                <div class=\"tab-content\">\n                    <p><span class=\"ui-provider a b c d e f g h i j k l m n o p q r s t u v w x y z ab ac ae af ag ah ai aj ak\" dir=\"ltr\">Unsere Protein Chips enthalten 32% Erbsenproteine \u2013 somit stammt ein grosser Teil des Energiegehalts der Chips von den Proteinen.<\/span><\/p>\n                <\/div>\n            <\/div>\n            <\/div>\n\n    <h2><\/h2>\n    <p><\/p>\n<\/div>\n\n\n<script>\n    const description = document.getElementById('hidden-description');\n    const expand = document.getElementById('expand-description');\n    const descriptionHeight = description.offsetHeight;\n\n            description.classList.add('hidden');\n\n        \/\/ description.style.height = 0;\n\n        expand.addEventListener(\"click\", function() {\n            if (!description.classList.contains('hidden')) {\n                description.classList.add('hidden');\n                this.textContent = 'Read more...';\n                \/\/ description.style.height = 0;\n            } else {\n                description.style.maxHeight = descriptionHeight;\n                description.classList.remove('hidden');\n                this.textContent = '';\n                \/\/ description.style.height = descriptionHeight;\n            }\n        });\n    \n    const accordion = document.querySelector('.accordion');\n    const tab = document.querySelector('.single-table');\n    const tablabel = document.getElementsByClassName('tab-label');\n\n    console.log(tab.children[2]);\n\n    for (var i = 0; i < tablabel.length; i++) {\n        tablabel[i].addEventListener(\"click\", function() {\n            var panel = this.nextElementSibling;\n            var checkbox = this.previousElementSibling;\n            if (!checkbox.checked) {\n                checkbox.setAttribute('checked', 'checked');\n            } else {\n                checkbox.removeAttribute('checked');\n            }\n\n        });\n    }\n<\/script>","protected":false},"excerpt":{"rendered":"<p>Protein Chips Wolltest du schon immer eine ganze Chips Packung geniessen, ohne ein schlechtes Gewissen zu haben? Dank Chiefs ist das ab sofort m\u00f6glich! Unsere Protein Chips bestechen mit sensationellem Geschmack und 70% weniger Fett. Ausserdem bietet jede Packung 21g hochwertiges pflanzliches Protein. Die beiden Flavours Sweet Paprika und Sour Cream sind Klassiker im Chips-Regal [&hellip;]<\/p>\n","protected":false},"author":4,"featured_media":0,"parent":0,"menu_order":0,"comment_status":"closed","ping_status":"closed","template":"","meta":{"_acf_changed":false,"inline_featured_image":false,"footnotes":""},"class_list":["post-45674","page","type-page","status-publish","hentry"],"acf":[],"_links":{"self":[{"href":"https:\/\/www.chiefslife.com\/de-ch\/wp-json\/wp\/v2\/pages\/45674","targetHints":{"allow":["GET"]}}],"collection":[{"href":"https:\/\/www.chiefslife.com\/de-ch\/wp-json\/wp\/v2\/pages"}],"about":[{"href":"https:\/\/www.chiefslife.com\/de-ch\/wp-json\/wp\/v2\/types\/page"}],"author":[{"embeddable":true,"href":"https:\/\/www.chiefslife.com\/de-ch\/wp-json\/wp\/v2\/users\/4"}],"replies":[{"embeddable":true,"href":"https:\/\/www.chiefslife.com\/de-ch\/wp-json\/wp\/v2\/comments?post=45674"}],"version-history":[{"count":1,"href":"https:\/\/www.chiefslife.com\/de-ch\/wp-json\/wp\/v2\/pages\/45674\/revisions"}],"predecessor-version":[{"id":51294,"href":"https:\/\/www.chiefslife.com\/de-ch\/wp-json\/wp\/v2\/pages\/45674\/revisions\/51294"}],"wp:attachment":[{"href":"https:\/\/www.chiefslife.com\/de-ch\/wp-json\/wp\/v2\/media?parent=45674"}],"curies":[{"name":"wp","href":"https:\/\/api.w.org\/{rel}","templated":true}]}}