{"id":48289,"date":"2025-02-13T13:36:36","date_gmt":"2025-02-13T12:36:36","guid":{"rendered":"https:\/\/www.chiefslife.com\/de-ch\/?page_id=48289"},"modified":"2026-03-12T12:11:37","modified_gmt":"2026-03-12T11:11:37","slug":"performance-drinks","status":"publish","type":"page","link":"https:\/\/www.chiefslife.com\/de-ch\/performance-drinks\/","title":{"rendered":"Performance Drinks"},"content":{"rendered":"\n<div class=\"wp-block-group\"><div class=\"wp-block-group__inner-container is-layout-constrained wp-block-group-is-layout-constrained\">\n<h1 class=\"wp-block-heading has-text-align-center\">Performance Drinks<\/h1>\n\n\n\n<div class=\"wp-block-group\"><div class=\"wp-block-group__inner-container is-layout-flow wp-block-group-is-layout-flow\">\n<p class=\"has-text-align-center has-body-1-font-size\">Erfrischend, funktional und entwickelt f\u00fcr maximale mentale und k\u00f6rperliche Leistungsf\u00e4higkeit. Mit 180 mg Koffein, BCAAs und Vitaminen f\u00f6rdern unsere Performance Drinks Fokus, Ausdauer und Muskelregeneration \u2013 mit null Zucker und null Kalorien. Perfekt f\u00fcr Sportler, Studierende und alle, die konzentriert bleiben und ihr Bestes geben wollen.<\/p>\n<\/div><\/div>\n<\/div><\/div>\n\n\n<style>\n    .wp-block-chiefs-column-brick {\n        display: flex;\n        flex-wrap: wrap;\n        justify-content: center;\n        gap: 20px;\n    }\n\n    .wp-block-chiefs-column-brick-title-link {\n        flex: 0 0 100%;\n        text-align: center;\n    }\n\n    .wp-block-chiefs-column-brick-column {\n        flex: 0 1 calc(33.333% - 14px);\n        text-align: center;\n    }\n\n    .wp-block-chiefs-column-brick-text {\n        text-align: center;\n    }\n\n    @media (max-width: 768px) {\n        .wp-block-chiefs-column-brick-column {\n            flex: 0 1 100%;\n        }\n    }\n<\/style>\n<div id=\"chiefs-column-block-block_bbce2b9bae352795b43540ddf29a0441\" class=\"chiefs-column-block\">\n    <div class=\"wp-block-chiefs-column-brick  chiefs-brick\">\n                                <div class=\"wp-block-chiefs-column-brick-column\">\n                    <div class=\"wp-block-chiefs-column-brick-image-container\">\n                        <a href=\"https:\/\/www.chiefslife.com\/de-ch\/produkt\/performance-drink-lemon-lime\/\" target=\"_self\" rel=\"noopener\">\n                            <img decoding=\"async\" width=\"2000\" height=\"2000\" src=\"https:\/\/www.chiefslife.com\/de-ch\/wp-content\/uploads\/sites\/2\/2026\/03\/Chiefs_BCAA_Drinks_LemonLime.png\" class=\"wp-block-chiefs-column-brick-image wp-image-500\" alt=\"\" srcset=\"https:\/\/www.chiefslife.com\/de-ch\/wp-content\/uploads\/sites\/2\/2026\/03\/Chiefs_BCAA_Drinks_LemonLime.png 2000w, https:\/\/www.chiefslife.com\/de-ch\/wp-content\/uploads\/sites\/2\/2026\/03\/Chiefs_BCAA_Drinks_LemonLime-300x300.png 300w, https:\/\/www.chiefslife.com\/de-ch\/wp-content\/uploads\/sites\/2\/2026\/03\/Chiefs_BCAA_Drinks_LemonLime-1024x1024.png 1024w, https:\/\/www.chiefslife.com\/de-ch\/wp-content\/uploads\/sites\/2\/2026\/03\/Chiefs_BCAA_Drinks_LemonLime-150x150.png 150w, https:\/\/www.chiefslife.com\/de-ch\/wp-content\/uploads\/sites\/2\/2026\/03\/Chiefs_BCAA_Drinks_LemonLime-768x768.png 768w, https:\/\/www.chiefslife.com\/de-ch\/wp-content\/uploads\/sites\/2\/2026\/03\/Chiefs_BCAA_Drinks_LemonLime-1536x1536.png 1536w, https:\/\/www.chiefslife.com\/de-ch\/wp-content\/uploads\/sites\/2\/2026\/03\/Chiefs_BCAA_Drinks_LemonLime-336x336.png 336w, https:\/\/www.chiefslife.com\/de-ch\/wp-content\/uploads\/sites\/2\/2026\/03\/Chiefs_BCAA_Drinks_LemonLime-800x800.png 800w, https:\/\/www.chiefslife.com\/de-ch\/wp-content\/uploads\/sites\/2\/2026\/03\/Chiefs_BCAA_Drinks_LemonLime-100x100.png 100w\" sizes=\"(max-width: 2000px) 100vw, 2000px\" \/>                        <\/a>\n                    <\/div>\n                    <a class=\"wp-block-chiefs-column-brick-text-link\" href=\"https:\/\/www.chiefslife.com\/de-ch\/produkt\/performance-drink-lemon-lime\/\" target=\"_self\" rel=\"noopener\">\n                        <h6 class=\"wp-block-chiefs-column-brick-text\">Lemon Lime<\/h6>\n                    <\/a>\n                <\/div>\n                        <div class=\"wp-block-chiefs-column-brick-column\">\n                    <div class=\"wp-block-chiefs-column-brick-image-container\">\n                        <a href=\"https:\/\/www.chiefslife.com\/de-ch\/produkt\/performance-drink-tropic-orange\/\" target=\"_self\" rel=\"noopener\">\n                            <img decoding=\"async\" width=\"1000\" height=\"1000\" src=\"https:\/\/www.chiefslife.com\/de-ch\/wp-content\/uploads\/sites\/2\/2025\/02\/Chiefs_PerformanceDrink_TropicOrange_shade.png\" class=\"wp-block-chiefs-column-brick-image wp-image-500\" alt=\"Chiefs Performance Drink BCAA Tropic Orange mit Schatten\" srcset=\"https:\/\/www.chiefslife.com\/de-ch\/wp-content\/uploads\/sites\/2\/2025\/02\/Chiefs_PerformanceDrink_TropicOrange_shade.png 1000w, https:\/\/www.chiefslife.com\/de-ch\/wp-content\/uploads\/sites\/2\/2025\/02\/Chiefs_PerformanceDrink_TropicOrange_shade-300x300.png 300w, https:\/\/www.chiefslife.com\/de-ch\/wp-content\/uploads\/sites\/2\/2025\/02\/Chiefs_PerformanceDrink_TropicOrange_shade-150x150.png 150w, https:\/\/www.chiefslife.com\/de-ch\/wp-content\/uploads\/sites\/2\/2025\/02\/Chiefs_PerformanceDrink_TropicOrange_shade-768x768.png 768w, https:\/\/www.chiefslife.com\/de-ch\/wp-content\/uploads\/sites\/2\/2025\/02\/Chiefs_PerformanceDrink_TropicOrange_shade-336x336.png 336w, https:\/\/www.chiefslife.com\/de-ch\/wp-content\/uploads\/sites\/2\/2025\/02\/Chiefs_PerformanceDrink_TropicOrange_shade-800x800.png 800w, https:\/\/www.chiefslife.com\/de-ch\/wp-content\/uploads\/sites\/2\/2025\/02\/Chiefs_PerformanceDrink_TropicOrange_shade-100x100.png 100w\" sizes=\"(max-width: 1000px) 100vw, 1000px\" \/>                        <\/a>\n                    <\/div>\n                    <a class=\"wp-block-chiefs-column-brick-text-link\" href=\"https:\/\/www.chiefslife.com\/de-ch\/produkt\/performance-drink-tropic-orange\/\" target=\"_self\" rel=\"noopener\">\n                        <h6 class=\"wp-block-chiefs-column-brick-text\">Tropic Orange<\/h6>\n                    <\/a>\n                <\/div>\n                        <div class=\"wp-block-chiefs-column-brick-column\">\n                    <div class=\"wp-block-chiefs-column-brick-image-container\">\n                        <a href=\"https:\/\/www.chiefslife.com\/de-ch\/produkt\/performance-drink-white-peach\/\" target=\"_self\" rel=\"noopener\">\n                            <img decoding=\"async\" width=\"1000\" height=\"1000\" src=\"https:\/\/www.chiefslife.com\/de-ch\/wp-content\/uploads\/sites\/2\/2025\/02\/Chiefs_PerformanceDrink_WhitePeach_shade.png\" class=\"wp-block-chiefs-column-brick-image wp-image-500\" alt=\"Chiefs Performance Drink BCAA White Peach mit Schatten\" srcset=\"https:\/\/www.chiefslife.com\/de-ch\/wp-content\/uploads\/sites\/2\/2025\/02\/Chiefs_PerformanceDrink_WhitePeach_shade.png 1000w, https:\/\/www.chiefslife.com\/de-ch\/wp-content\/uploads\/sites\/2\/2025\/02\/Chiefs_PerformanceDrink_WhitePeach_shade-300x300.png 300w, https:\/\/www.chiefslife.com\/de-ch\/wp-content\/uploads\/sites\/2\/2025\/02\/Chiefs_PerformanceDrink_WhitePeach_shade-150x150.png 150w, https:\/\/www.chiefslife.com\/de-ch\/wp-content\/uploads\/sites\/2\/2025\/02\/Chiefs_PerformanceDrink_WhitePeach_shade-768x768.png 768w, https:\/\/www.chiefslife.com\/de-ch\/wp-content\/uploads\/sites\/2\/2025\/02\/Chiefs_PerformanceDrink_WhitePeach_shade-336x336.png 336w, https:\/\/www.chiefslife.com\/de-ch\/wp-content\/uploads\/sites\/2\/2025\/02\/Chiefs_PerformanceDrink_WhitePeach_shade-800x800.png 800w, https:\/\/www.chiefslife.com\/de-ch\/wp-content\/uploads\/sites\/2\/2025\/02\/Chiefs_PerformanceDrink_WhitePeach_shade-100x100.png 100w\" sizes=\"(max-width: 1000px) 100vw, 1000px\" \/>                        <\/a>\n                    <\/div>\n                    <a class=\"wp-block-chiefs-column-brick-text-link\" href=\"https:\/\/www.chiefslife.com\/de-ch\/produkt\/performance-drink-white-peach\/\" target=\"_self\" rel=\"noopener\">\n                        <h6 class=\"wp-block-chiefs-column-brick-text\">White Peach<\/h6>\n                    <\/a>\n                <\/div>\n            <\/div>\n<\/div>\n\n\n<div style=\"height:80px\" aria-hidden=\"true\" class=\"wp-block-spacer\"><\/div>\n","protected":false},"excerpt":{"rendered":"<p>Performance Drinks Erfrischend, funktional und entwickelt f\u00fcr maximale mentale und k\u00f6rperliche Leistungsf\u00e4higkeit. Mit 180 mg Koffein, BCAAs und Vitaminen f\u00f6rdern unsere Performance Drinks Fokus, Ausdauer und Muskelregeneration \u2013 mit null Zucker und null Kalorien. Perfekt f\u00fcr Sportler, Studierende und alle, die konzentriert bleiben und ihr Bestes geben wollen.<\/p>\n","protected":false},"author":4,"featured_media":0,"parent":0,"menu_order":0,"comment_status":"closed","ping_status":"closed","template":"","meta":{"_acf_changed":false,"inline_featured_image":false,"footnotes":""},"class_list":["post-48289","page","type-page","status-publish","hentry"],"acf":[],"_links":{"self":[{"href":"https:\/\/www.chiefslife.com\/de-ch\/wp-json\/wp\/v2\/pages\/48289","targetHints":{"allow":["GET"]}}],"collection":[{"href":"https:\/\/www.chiefslife.com\/de-ch\/wp-json\/wp\/v2\/pages"}],"about":[{"href":"https:\/\/www.chiefslife.com\/de-ch\/wp-json\/wp\/v2\/types\/page"}],"author":[{"embeddable":true,"href":"https:\/\/www.chiefslife.com\/de-ch\/wp-json\/wp\/v2\/users\/4"}],"replies":[{"embeddable":true,"href":"https:\/\/www.chiefslife.com\/de-ch\/wp-json\/wp\/v2\/comments?post=48289"}],"version-history":[{"count":4,"href":"https:\/\/www.chiefslife.com\/de-ch\/wp-json\/wp\/v2\/pages\/48289\/revisions"}],"predecessor-version":[{"id":51654,"href":"https:\/\/www.chiefslife.com\/de-ch\/wp-json\/wp\/v2\/pages\/48289\/revisions\/51654"}],"wp:attachment":[{"href":"https:\/\/www.chiefslife.com\/de-ch\/wp-json\/wp\/v2\/media?parent=48289"}],"curies":[{"name":"wp","href":"https:\/\/api.w.org\/{rel}","templated":true}]}}