{"id":49510,"date":"2025-06-13T15:30:54","date_gmt":"2025-06-13T13:30:54","guid":{"rendered":"https:\/\/www.chiefslife.com\/de-ch\/?page_id=49510"},"modified":"2025-06-30T13:47:46","modified_gmt":"2025-06-30T11:47:46","slug":"syrup-zero","status":"publish","type":"page","link":"https:\/\/www.chiefslife.com\/de-ch\/syrup-zero\/","title":{"rendered":"Syrup Zero"},"content":{"rendered":"\n<div class=\"wp-block-group\"><div class=\"wp-block-group__inner-container is-layout-flow wp-block-group-is-layout-flow\">\n<h1 class=\"wp-block-heading has-text-align-center\">Syrup Zero<\/h1>\n\n\n\n<p class=\"has-text-align-center has-body-1-font-size\">Du willst mehr trinken, aber ohne Zucker und ohne Kalorien? Kein Problem!<br>Chiefs Syrup Zero macht aus Wasser ein leckeres, erfrischendes Getr\u00e4nk &#8211; ganz ohne Zucker und ohne Kalorien.<br>Die kompakte Flasche reicht f\u00fcr \u00fcber 8\u202fLiter und ist ideal f\u00fcr unterwegs.<br>Und das Beste: super einfach zu verwenden. Dr\u00fccken. Mischen. Geniessen!<\/p>\n<\/div><\/div>\n\n\n<style>\n    .wp-block-chiefs-column-brick {\n        display: flex;\n        flex-wrap: wrap;\n        justify-content: center;\n        gap: 20px;\n    }\n\n    .wp-block-chiefs-column-brick-title-link {\n        flex: 0 0 100%;\n        text-align: center;\n    }\n\n    .wp-block-chiefs-column-brick-column {\n        flex: 0 1 calc(33.333% - 14px);\n        text-align: center;\n    }\n\n    .wp-block-chiefs-column-brick-text {\n        text-align: center;\n    }\n\n    @media (max-width: 768px) {\n        .wp-block-chiefs-column-brick-column {\n            flex: 0 1 100%;\n        }\n    }\n<\/style>\n<div id=\"chiefs-column-block-block_59acdedeb072fbc2cb02026f905cc0ea\" class=\"chiefs-column-block\">\n    <div class=\"wp-block-chiefs-column-brick  chiefs-brick\">\n                                <div class=\"wp-block-chiefs-column-brick-column\">\n                    <div class=\"wp-block-chiefs-column-brick-image-container\">\n                        <a href=\"https:\/\/www.chiefslife.com\/de-ch\/produkt\/ice-tea-peach\/\" target=\"_self\" rel=\"noopener\">\n                            <img decoding=\"async\" width=\"2000\" height=\"2000\" src=\"https:\/\/www.chiefslife.com\/de-ch\/wp-content\/uploads\/sites\/2\/2025\/06\/Chiefs_SyrupZero_IceTea_front.png\" class=\"wp-block-chiefs-column-brick-image wp-image-500\" alt=\"\" srcset=\"https:\/\/www.chiefslife.com\/de-ch\/wp-content\/uploads\/sites\/2\/2025\/06\/Chiefs_SyrupZero_IceTea_front.png 2000w, https:\/\/www.chiefslife.com\/de-ch\/wp-content\/uploads\/sites\/2\/2025\/06\/Chiefs_SyrupZero_IceTea_front-300x300.png 300w, https:\/\/www.chiefslife.com\/de-ch\/wp-content\/uploads\/sites\/2\/2025\/06\/Chiefs_SyrupZero_IceTea_front-1024x1024.png 1024w, https:\/\/www.chiefslife.com\/de-ch\/wp-content\/uploads\/sites\/2\/2025\/06\/Chiefs_SyrupZero_IceTea_front-150x150.png 150w, https:\/\/www.chiefslife.com\/de-ch\/wp-content\/uploads\/sites\/2\/2025\/06\/Chiefs_SyrupZero_IceTea_front-768x768.png 768w, https:\/\/www.chiefslife.com\/de-ch\/wp-content\/uploads\/sites\/2\/2025\/06\/Chiefs_SyrupZero_IceTea_front-1536x1536.png 1536w, https:\/\/www.chiefslife.com\/de-ch\/wp-content\/uploads\/sites\/2\/2025\/06\/Chiefs_SyrupZero_IceTea_front-336x336.png 336w, https:\/\/www.chiefslife.com\/de-ch\/wp-content\/uploads\/sites\/2\/2025\/06\/Chiefs_SyrupZero_IceTea_front-800x800.png 800w, https:\/\/www.chiefslife.com\/de-ch\/wp-content\/uploads\/sites\/2\/2025\/06\/Chiefs_SyrupZero_IceTea_front-100x100.png 100w\" sizes=\"(max-width: 2000px) 100vw, 2000px\" \/>                        <\/a>\n                    <\/div>\n                    <a class=\"wp-block-chiefs-column-brick-text-link\" href=\"https:\/\/www.chiefslife.com\/de-ch\/produkt\/ice-tea-peach\/\" target=\"_self\" rel=\"noopener\">\n                        <h6 class=\"wp-block-chiefs-column-brick-text\">Ice Tea Peach<\/h6>\n                    <\/a>\n                <\/div>\n                        <div class=\"wp-block-chiefs-column-brick-column\">\n                    <div class=\"wp-block-chiefs-column-brick-image-container\">\n                        <a href=\"https:\/\/www.chiefslife.com\/de-ch\/produkt\/strawberry-lemon\/\" target=\"_self\" rel=\"noopener\">\n                            <img decoding=\"async\" width=\"2000\" height=\"2000\" src=\"https:\/\/www.chiefslife.com\/de-ch\/wp-content\/uploads\/sites\/2\/2025\/06\/Chiefs_SyrupZero_Strawberry-Lime_front.png\" class=\"wp-block-chiefs-column-brick-image wp-image-500\" alt=\"\" srcset=\"https:\/\/www.chiefslife.com\/de-ch\/wp-content\/uploads\/sites\/2\/2025\/06\/Chiefs_SyrupZero_Strawberry-Lime_front.png 2000w, https:\/\/www.chiefslife.com\/de-ch\/wp-content\/uploads\/sites\/2\/2025\/06\/Chiefs_SyrupZero_Strawberry-Lime_front-300x300.png 300w, https:\/\/www.chiefslife.com\/de-ch\/wp-content\/uploads\/sites\/2\/2025\/06\/Chiefs_SyrupZero_Strawberry-Lime_front-1024x1024.png 1024w, https:\/\/www.chiefslife.com\/de-ch\/wp-content\/uploads\/sites\/2\/2025\/06\/Chiefs_SyrupZero_Strawberry-Lime_front-150x150.png 150w, https:\/\/www.chiefslife.com\/de-ch\/wp-content\/uploads\/sites\/2\/2025\/06\/Chiefs_SyrupZero_Strawberry-Lime_front-768x768.png 768w, https:\/\/www.chiefslife.com\/de-ch\/wp-content\/uploads\/sites\/2\/2025\/06\/Chiefs_SyrupZero_Strawberry-Lime_front-1536x1536.png 1536w, https:\/\/www.chiefslife.com\/de-ch\/wp-content\/uploads\/sites\/2\/2025\/06\/Chiefs_SyrupZero_Strawberry-Lime_front-336x336.png 336w, https:\/\/www.chiefslife.com\/de-ch\/wp-content\/uploads\/sites\/2\/2025\/06\/Chiefs_SyrupZero_Strawberry-Lime_front-800x800.png 800w, https:\/\/www.chiefslife.com\/de-ch\/wp-content\/uploads\/sites\/2\/2025\/06\/Chiefs_SyrupZero_Strawberry-Lime_front-100x100.png 100w\" sizes=\"(max-width: 2000px) 100vw, 2000px\" \/>                        <\/a>\n                    <\/div>\n                    <a class=\"wp-block-chiefs-column-brick-text-link\" href=\"https:\/\/www.chiefslife.com\/de-ch\/produkt\/strawberry-lemon\/\" target=\"_self\" rel=\"noopener\">\n                        <h6 class=\"wp-block-chiefs-column-brick-text\">Strawberry-Lemon<\/h6>\n                    <\/a>\n                <\/div>\n                        <div class=\"wp-block-chiefs-column-brick-column\">\n                    <div class=\"wp-block-chiefs-column-brick-image-container\">\n                        <a href=\"https:\/\/www.chiefslife.com\/de-ch\/produkt\/cassis\/\" target=\"_self\" rel=\"noopener\">\n                            <img decoding=\"async\" width=\"2000\" height=\"2000\" src=\"https:\/\/www.chiefslife.com\/de-ch\/wp-content\/uploads\/sites\/2\/2025\/06\/Chiefs_SyrupZero_Cassis_front.png\" class=\"wp-block-chiefs-column-brick-image wp-image-500\" alt=\"\" srcset=\"https:\/\/www.chiefslife.com\/de-ch\/wp-content\/uploads\/sites\/2\/2025\/06\/Chiefs_SyrupZero_Cassis_front.png 2000w, https:\/\/www.chiefslife.com\/de-ch\/wp-content\/uploads\/sites\/2\/2025\/06\/Chiefs_SyrupZero_Cassis_front-300x300.png 300w, https:\/\/www.chiefslife.com\/de-ch\/wp-content\/uploads\/sites\/2\/2025\/06\/Chiefs_SyrupZero_Cassis_front-1024x1024.png 1024w, https:\/\/www.chiefslife.com\/de-ch\/wp-content\/uploads\/sites\/2\/2025\/06\/Chiefs_SyrupZero_Cassis_front-150x150.png 150w, https:\/\/www.chiefslife.com\/de-ch\/wp-content\/uploads\/sites\/2\/2025\/06\/Chiefs_SyrupZero_Cassis_front-768x768.png 768w, https:\/\/www.chiefslife.com\/de-ch\/wp-content\/uploads\/sites\/2\/2025\/06\/Chiefs_SyrupZero_Cassis_front-1536x1536.png 1536w, https:\/\/www.chiefslife.com\/de-ch\/wp-content\/uploads\/sites\/2\/2025\/06\/Chiefs_SyrupZero_Cassis_front-336x336.png 336w, https:\/\/www.chiefslife.com\/de-ch\/wp-content\/uploads\/sites\/2\/2025\/06\/Chiefs_SyrupZero_Cassis_front-800x800.png 800w, https:\/\/www.chiefslife.com\/de-ch\/wp-content\/uploads\/sites\/2\/2025\/06\/Chiefs_SyrupZero_Cassis_front-100x100.png 100w\" sizes=\"(max-width: 2000px) 100vw, 2000px\" \/>                        <\/a>\n                    <\/div>\n                    <a class=\"wp-block-chiefs-column-brick-text-link\" href=\"https:\/\/www.chiefslife.com\/de-ch\/produkt\/cassis\/\" target=\"_self\" rel=\"noopener\">\n                        <h6 class=\"wp-block-chiefs-column-brick-text\">Cassis<\/h6>\n                    <\/a>\n                <\/div>\n                        <div class=\"wp-block-chiefs-column-brick-column\">\n                    <div class=\"wp-block-chiefs-column-brick-image-container\">\n                        <a href=\"https:\/\/www.chiefslife.com\/de-ch\/produkt\/elderflower\/\" target=\"_self\" rel=\"noopener\">\n                            <img decoding=\"async\" width=\"2000\" height=\"2000\" src=\"https:\/\/www.chiefslife.com\/de-ch\/wp-content\/uploads\/sites\/2\/2025\/06\/Chiefs_SyrupZero_Elderflower_front.png\" class=\"wp-block-chiefs-column-brick-image wp-image-500\" alt=\"\" srcset=\"https:\/\/www.chiefslife.com\/de-ch\/wp-content\/uploads\/sites\/2\/2025\/06\/Chiefs_SyrupZero_Elderflower_front.png 2000w, https:\/\/www.chiefslife.com\/de-ch\/wp-content\/uploads\/sites\/2\/2025\/06\/Chiefs_SyrupZero_Elderflower_front-300x300.png 300w, https:\/\/www.chiefslife.com\/de-ch\/wp-content\/uploads\/sites\/2\/2025\/06\/Chiefs_SyrupZero_Elderflower_front-1024x1024.png 1024w, https:\/\/www.chiefslife.com\/de-ch\/wp-content\/uploads\/sites\/2\/2025\/06\/Chiefs_SyrupZero_Elderflower_front-150x150.png 150w, https:\/\/www.chiefslife.com\/de-ch\/wp-content\/uploads\/sites\/2\/2025\/06\/Chiefs_SyrupZero_Elderflower_front-768x768.png 768w, https:\/\/www.chiefslife.com\/de-ch\/wp-content\/uploads\/sites\/2\/2025\/06\/Chiefs_SyrupZero_Elderflower_front-1536x1536.png 1536w, https:\/\/www.chiefslife.com\/de-ch\/wp-content\/uploads\/sites\/2\/2025\/06\/Chiefs_SyrupZero_Elderflower_front-336x336.png 336w, https:\/\/www.chiefslife.com\/de-ch\/wp-content\/uploads\/sites\/2\/2025\/06\/Chiefs_SyrupZero_Elderflower_front-800x800.png 800w, https:\/\/www.chiefslife.com\/de-ch\/wp-content\/uploads\/sites\/2\/2025\/06\/Chiefs_SyrupZero_Elderflower_front-100x100.png 100w\" sizes=\"(max-width: 2000px) 100vw, 2000px\" \/>                        <\/a>\n                    <\/div>\n                    <a class=\"wp-block-chiefs-column-brick-text-link\" href=\"https:\/\/www.chiefslife.com\/de-ch\/produkt\/elderflower\/\" target=\"_self\" rel=\"noopener\">\n                        <h6 class=\"wp-block-chiefs-column-brick-text\">Elderflower<\/h6>\n                    <\/a>\n                <\/div>\n                        <div class=\"wp-block-chiefs-column-brick-column\">\n                    <div class=\"wp-block-chiefs-column-brick-image-container\">\n                        <a href=\"https:\/\/www.chiefslife.com\/de-ch\/produkt\/raspberry\/\" target=\"_self\" rel=\"noopener\">\n                            <img decoding=\"async\" width=\"2000\" height=\"2000\" src=\"https:\/\/www.chiefslife.com\/de-ch\/wp-content\/uploads\/sites\/2\/2025\/06\/Chiefs_SyrupZero_Raspberry_front.png\" class=\"wp-block-chiefs-column-brick-image wp-image-500\" alt=\"\" srcset=\"https:\/\/www.chiefslife.com\/de-ch\/wp-content\/uploads\/sites\/2\/2025\/06\/Chiefs_SyrupZero_Raspberry_front.png 2000w, https:\/\/www.chiefslife.com\/de-ch\/wp-content\/uploads\/sites\/2\/2025\/06\/Chiefs_SyrupZero_Raspberry_front-300x300.png 300w, https:\/\/www.chiefslife.com\/de-ch\/wp-content\/uploads\/sites\/2\/2025\/06\/Chiefs_SyrupZero_Raspberry_front-1024x1024.png 1024w, https:\/\/www.chiefslife.com\/de-ch\/wp-content\/uploads\/sites\/2\/2025\/06\/Chiefs_SyrupZero_Raspberry_front-150x150.png 150w, https:\/\/www.chiefslife.com\/de-ch\/wp-content\/uploads\/sites\/2\/2025\/06\/Chiefs_SyrupZero_Raspberry_front-768x768.png 768w, https:\/\/www.chiefslife.com\/de-ch\/wp-content\/uploads\/sites\/2\/2025\/06\/Chiefs_SyrupZero_Raspberry_front-1536x1536.png 1536w, https:\/\/www.chiefslife.com\/de-ch\/wp-content\/uploads\/sites\/2\/2025\/06\/Chiefs_SyrupZero_Raspberry_front-336x336.png 336w, https:\/\/www.chiefslife.com\/de-ch\/wp-content\/uploads\/sites\/2\/2025\/06\/Chiefs_SyrupZero_Raspberry_front-800x800.png 800w, https:\/\/www.chiefslife.com\/de-ch\/wp-content\/uploads\/sites\/2\/2025\/06\/Chiefs_SyrupZero_Raspberry_front-100x100.png 100w\" sizes=\"(max-width: 2000px) 100vw, 2000px\" \/>                        <\/a>\n                    <\/div>\n                    <a class=\"wp-block-chiefs-column-brick-text-link\" href=\"https:\/\/www.chiefslife.com\/de-ch\/produkt\/raspberry\/\" target=\"_self\" rel=\"noopener\">\n                        <h6 class=\"wp-block-chiefs-column-brick-text\">Raspberry<\/h6>\n                    <\/a>\n                <\/div>\n            <\/div>\n<\/div>","protected":false},"excerpt":{"rendered":"<p>Syrup Zero Du willst mehr trinken, aber ohne Zucker und ohne Kalorien? Kein Problem!Chiefs Syrup Zero macht aus Wasser ein leckeres, erfrischendes Getr\u00e4nk &#8211; ganz ohne Zucker und ohne Kalorien.Die kompakte Flasche reicht f\u00fcr \u00fcber 8\u202fLiter und ist ideal f\u00fcr unterwegs.Und das Beste: super einfach zu verwenden. Dr\u00fccken. Mischen. Geniessen!<\/p>\n","protected":false},"author":4600,"featured_media":0,"parent":0,"menu_order":0,"comment_status":"closed","ping_status":"closed","template":"","meta":{"_acf_changed":false,"inline_featured_image":false,"footnotes":""},"class_list":["post-49510","page","type-page","status-publish","hentry"],"acf":[],"_links":{"self":[{"href":"https:\/\/www.chiefslife.com\/de-ch\/wp-json\/wp\/v2\/pages\/49510","targetHints":{"allow":["GET"]}}],"collection":[{"href":"https:\/\/www.chiefslife.com\/de-ch\/wp-json\/wp\/v2\/pages"}],"about":[{"href":"https:\/\/www.chiefslife.com\/de-ch\/wp-json\/wp\/v2\/types\/page"}],"author":[{"embeddable":true,"href":"https:\/\/www.chiefslife.com\/de-ch\/wp-json\/wp\/v2\/users\/4600"}],"replies":[{"embeddable":true,"href":"https:\/\/www.chiefslife.com\/de-ch\/wp-json\/wp\/v2\/comments?post=49510"}],"version-history":[{"count":6,"href":"https:\/\/www.chiefslife.com\/de-ch\/wp-json\/wp\/v2\/pages\/49510\/revisions"}],"predecessor-version":[{"id":49715,"href":"https:\/\/www.chiefslife.com\/de-ch\/wp-json\/wp\/v2\/pages\/49510\/revisions\/49715"}],"wp:attachment":[{"href":"https:\/\/www.chiefslife.com\/de-ch\/wp-json\/wp\/v2\/media?parent=49510"}],"curies":[{"name":"wp","href":"https:\/\/api.w.org\/{rel}","templated":true}]}}