{"id":578,"date":"2021-02-25T09:58:17","date_gmt":"2021-02-25T08:58:17","guid":{"rendered":"https:\/\/www.chiefslife.com\/de-ch\/?page_id=578"},"modified":"2025-09-18T12:10:57","modified_gmt":"2025-09-18T10:10:57","slug":"protein-ice-cream","status":"publish","type":"page","link":"https:\/\/www.chiefslife.com\/de-ch\/protein-ice-cream\/","title":{"rendered":"Protein Ice Cream"},"content":{"rendered":"\n<div class=\"wp-block-group\"><div class=\"wp-block-group__inner-container is-layout-flow wp-block-group-is-layout-flow\">\n<h1 class=\"wp-block-heading has-text-align-center\">Protein Ice Cream<\/h1>\n\n\n\n<p class=\"has-text-align-center has-body-1-font-size\">Unsere Protein Ice Cream ist eine unglaublich k\u00f6stliche Alternative f\u00fcr Ern\u00e4hrungsbewusste, Sportler und alle Eisliebhaber. 85\u202f% weniger Zucker als herk\u00f6mmliches Speiseeis \u2013 her damit!<\/p>\n<\/div><\/div>\n\n\n<style>\n    .wp-block-chiefs-column-brick {\n        display: flex;\n        flex-wrap: wrap;\n        justify-content: center;\n        gap: 20px;\n    }\n\n    .wp-block-chiefs-column-brick-title-link {\n        flex: 0 0 100%;\n        text-align: center;\n    }\n\n    .wp-block-chiefs-column-brick-column {\n        flex: 0 1 calc(33.333% - 14px);\n        text-align: center;\n    }\n\n    .wp-block-chiefs-column-brick-text {\n        text-align: center;\n    }\n\n    @media (max-width: 768px) {\n        .wp-block-chiefs-column-brick-column {\n            flex: 0 1 100%;\n        }\n    }\n<\/style>\n<div id=\"chiefs-column-block-block_cfcda89635d785216d25bf437bed2fbf\" class=\"chiefs-column-block\">\n    <div class=\"wp-block-chiefs-column-brick  chiefs-brick\">\n                                <div class=\"wp-block-chiefs-column-brick-column\">\n                    <div class=\"wp-block-chiefs-column-brick-image-container\">\n                        <a href=\"https:\/\/www.chiefslife.com\/de-ch\/produkt\/protein-ice-cream-salted-caramel\/\" target=\"_self\" rel=\"noopener\">\n                            <img decoding=\"async\" width=\"2000\" height=\"2000\" src=\"https:\/\/www.chiefslife.com\/de-ch\/wp-content\/uploads\/sites\/2\/2021\/03\/Chiefs_IceCream_500ml_Caramel_Front.png\" class=\"wp-block-chiefs-column-brick-image wp-image-500\" alt=\"\" srcset=\"https:\/\/www.chiefslife.com\/de-ch\/wp-content\/uploads\/sites\/2\/2021\/03\/Chiefs_IceCream_500ml_Caramel_Front.png 2000w, https:\/\/www.chiefslife.com\/de-ch\/wp-content\/uploads\/sites\/2\/2021\/03\/Chiefs_IceCream_500ml_Caramel_Front-300x300.png 300w, https:\/\/www.chiefslife.com\/de-ch\/wp-content\/uploads\/sites\/2\/2021\/03\/Chiefs_IceCream_500ml_Caramel_Front-1024x1024.png 1024w, https:\/\/www.chiefslife.com\/de-ch\/wp-content\/uploads\/sites\/2\/2021\/03\/Chiefs_IceCream_500ml_Caramel_Front-150x150.png 150w, https:\/\/www.chiefslife.com\/de-ch\/wp-content\/uploads\/sites\/2\/2021\/03\/Chiefs_IceCream_500ml_Caramel_Front-768x768.png 768w, https:\/\/www.chiefslife.com\/de-ch\/wp-content\/uploads\/sites\/2\/2021\/03\/Chiefs_IceCream_500ml_Caramel_Front-1536x1536.png 1536w, https:\/\/www.chiefslife.com\/de-ch\/wp-content\/uploads\/sites\/2\/2021\/03\/Chiefs_IceCream_500ml_Caramel_Front-336x336.png 336w, https:\/\/www.chiefslife.com\/de-ch\/wp-content\/uploads\/sites\/2\/2021\/03\/Chiefs_IceCream_500ml_Caramel_Front-800x800.png 800w, https:\/\/www.chiefslife.com\/de-ch\/wp-content\/uploads\/sites\/2\/2021\/03\/Chiefs_IceCream_500ml_Caramel_Front-100x100.png 100w\" sizes=\"(max-width: 2000px) 100vw, 2000px\" \/>                        <\/a>\n                    <\/div>\n                    <a class=\"wp-block-chiefs-column-brick-text-link\" href=\"https:\/\/www.chiefslife.com\/de-ch\/produkt\/protein-ice-cream-salted-caramel\/\" target=\"_self\" rel=\"noopener\">\n                        <h6 class=\"wp-block-chiefs-column-brick-text\">Salted Caramel<\/h6>\n                    <\/a>\n                <\/div>\n            <\/div>\n<\/div>\n\n\n<p><\/p>\n","protected":false},"excerpt":{"rendered":"<p>Protein Ice Cream Unsere Protein Ice Cream ist eine unglaublich k\u00f6stliche Alternative f\u00fcr Ern\u00e4hrungsbewusste, Sportler und alle Eisliebhaber. 85\u202f% weniger Zucker als herk\u00f6mmliches Speiseeis \u2013 her damit!<\/p>\n","protected":false},"author":2,"featured_media":0,"parent":0,"menu_order":0,"comment_status":"closed","ping_status":"closed","template":"","meta":{"_acf_changed":false,"inline_featured_image":false,"footnotes":""},"class_list":["post-578","page","type-page","status-publish","hentry"],"acf":[],"_links":{"self":[{"href":"https:\/\/www.chiefslife.com\/de-ch\/wp-json\/wp\/v2\/pages\/578","targetHints":{"allow":["GET"]}}],"collection":[{"href":"https:\/\/www.chiefslife.com\/de-ch\/wp-json\/wp\/v2\/pages"}],"about":[{"href":"https:\/\/www.chiefslife.com\/de-ch\/wp-json\/wp\/v2\/types\/page"}],"author":[{"embeddable":true,"href":"https:\/\/www.chiefslife.com\/de-ch\/wp-json\/wp\/v2\/users\/2"}],"replies":[{"embeddable":true,"href":"https:\/\/www.chiefslife.com\/de-ch\/wp-json\/wp\/v2\/comments?post=578"}],"version-history":[{"count":2,"href":"https:\/\/www.chiefslife.com\/de-ch\/wp-json\/wp\/v2\/pages\/578\/revisions"}],"predecessor-version":[{"id":50290,"href":"https:\/\/www.chiefslife.com\/de-ch\/wp-json\/wp\/v2\/pages\/578\/revisions\/50290"}],"wp:attachment":[{"href":"https:\/\/www.chiefslife.com\/de-ch\/wp-json\/wp\/v2\/media?parent=578"}],"curies":[{"name":"wp","href":"https:\/\/api.w.org\/{rel}","templated":true}]}}