{"id":606,"date":"2021-02-25T10:38:27","date_gmt":"2021-02-25T09:38:27","guid":{"rendered":"https:\/\/www.chiefslife.com\/de-ch\/?page_id=606"},"modified":"2025-12-22T15:10:37","modified_gmt":"2025-12-22T14:10:37","slug":"whey-protein","status":"publish","type":"page","link":"https:\/\/www.chiefslife.com\/de-ch\/whey-protein\/","title":{"rendered":"Whey Protein"},"content":{"rendered":"\n<div class=\"wp-block-group\"><div class=\"wp-block-group__inner-container is-layout-flow wp-block-group-is-layout-flow\">\n<h1 class=\"wp-block-heading has-text-align-center\">Whey Protein<\/h1>\n\n\n\n<p class=\"has-text-align-center has-body-1-font-size\">Unsere Whey Proteinpulver bestehen aus biologisch hochwertigem Molkenproteinisolat und -konzentrat, haben einen hohen BCAA-Gehalt und sind angereichert mit Vitaminen und Mineralstoffen.<\/p>\n<\/div><\/div>\n\n\n<style>\n    .wp-block-chiefs-column-brick {\n        display: flex;\n        flex-wrap: wrap;\n        justify-content: center;\n        gap: 20px;\n    }\n\n    .wp-block-chiefs-column-brick-title-link {\n        flex: 0 0 100%;\n        text-align: center;\n    }\n\n    .wp-block-chiefs-column-brick-column {\n        flex: 0 1 calc(33.333% - 14px);\n        text-align: center;\n    }\n\n    .wp-block-chiefs-column-brick-text {\n        text-align: center;\n    }\n\n    @media (max-width: 768px) {\n        .wp-block-chiefs-column-brick-column {\n            flex: 0 1 100%;\n        }\n    }\n<\/style>\n<div id=\"chiefs-column-block-block_2145730a670f9a48a96769e6415969fd\" class=\"chiefs-column-block\">\n    <div class=\"wp-block-chiefs-column-brick  chiefs-brick\">\n                                <div class=\"wp-block-chiefs-column-brick-column\">\n                    <div class=\"wp-block-chiefs-column-brick-image-container\">\n                        <a href=\"https:\/\/www.chiefslife.com\/de-ch\/produkt\/whey-protein-chocolate\/\" target=\"_self\" rel=\"noopener\">\n                            <img decoding=\"async\" width=\"2000\" height=\"2000\" src=\"https:\/\/www.chiefslife.com\/de-ch\/wp-content\/uploads\/sites\/2\/2021\/03\/Chiefs_ProteinPowder_New2025_Chocolate_Front.png\" class=\"wp-block-chiefs-column-brick-image wp-image-500\" alt=\"\" srcset=\"https:\/\/www.chiefslife.com\/de-ch\/wp-content\/uploads\/sites\/2\/2021\/03\/Chiefs_ProteinPowder_New2025_Chocolate_Front.png 2000w, https:\/\/www.chiefslife.com\/de-ch\/wp-content\/uploads\/sites\/2\/2021\/03\/Chiefs_ProteinPowder_New2025_Chocolate_Front-300x300.png 300w, https:\/\/www.chiefslife.com\/de-ch\/wp-content\/uploads\/sites\/2\/2021\/03\/Chiefs_ProteinPowder_New2025_Chocolate_Front-1024x1024.png 1024w, https:\/\/www.chiefslife.com\/de-ch\/wp-content\/uploads\/sites\/2\/2021\/03\/Chiefs_ProteinPowder_New2025_Chocolate_Front-150x150.png 150w, https:\/\/www.chiefslife.com\/de-ch\/wp-content\/uploads\/sites\/2\/2021\/03\/Chiefs_ProteinPowder_New2025_Chocolate_Front-768x768.png 768w, https:\/\/www.chiefslife.com\/de-ch\/wp-content\/uploads\/sites\/2\/2021\/03\/Chiefs_ProteinPowder_New2025_Chocolate_Front-1536x1536.png 1536w, https:\/\/www.chiefslife.com\/de-ch\/wp-content\/uploads\/sites\/2\/2021\/03\/Chiefs_ProteinPowder_New2025_Chocolate_Front-336x336.png 336w, https:\/\/www.chiefslife.com\/de-ch\/wp-content\/uploads\/sites\/2\/2021\/03\/Chiefs_ProteinPowder_New2025_Chocolate_Front-800x800.png 800w, https:\/\/www.chiefslife.com\/de-ch\/wp-content\/uploads\/sites\/2\/2021\/03\/Chiefs_ProteinPowder_New2025_Chocolate_Front-100x100.png 100w\" sizes=\"(max-width: 2000px) 100vw, 2000px\" \/>                        <\/a>\n                    <\/div>\n                    <a class=\"wp-block-chiefs-column-brick-text-link\" href=\"https:\/\/www.chiefslife.com\/de-ch\/produkt\/whey-protein-chocolate\/\" target=\"_self\" rel=\"noopener\">\n                        <h6 class=\"wp-block-chiefs-column-brick-text\">Chocolate<\/h6>\n                    <\/a>\n                <\/div>\n                        <div class=\"wp-block-chiefs-column-brick-column\">\n                    <div class=\"wp-block-chiefs-column-brick-image-container\">\n                        <a href=\"https:\/\/www.chiefslife.com\/de-ch\/produkt\/whey-protein-vanilla\/\" target=\"_self\" rel=\"noopener\">\n                            <img decoding=\"async\" width=\"2000\" height=\"2000\" src=\"https:\/\/www.chiefslife.com\/de-ch\/wp-content\/uploads\/sites\/2\/2021\/03\/Chiefs_ProteinPowder_New2025_Vanilla_Front.png\" class=\"wp-block-chiefs-column-brick-image wp-image-500\" alt=\"\" srcset=\"https:\/\/www.chiefslife.com\/de-ch\/wp-content\/uploads\/sites\/2\/2021\/03\/Chiefs_ProteinPowder_New2025_Vanilla_Front.png 2000w, https:\/\/www.chiefslife.com\/de-ch\/wp-content\/uploads\/sites\/2\/2021\/03\/Chiefs_ProteinPowder_New2025_Vanilla_Front-300x300.png 300w, https:\/\/www.chiefslife.com\/de-ch\/wp-content\/uploads\/sites\/2\/2021\/03\/Chiefs_ProteinPowder_New2025_Vanilla_Front-1024x1024.png 1024w, https:\/\/www.chiefslife.com\/de-ch\/wp-content\/uploads\/sites\/2\/2021\/03\/Chiefs_ProteinPowder_New2025_Vanilla_Front-150x150.png 150w, https:\/\/www.chiefslife.com\/de-ch\/wp-content\/uploads\/sites\/2\/2021\/03\/Chiefs_ProteinPowder_New2025_Vanilla_Front-768x768.png 768w, https:\/\/www.chiefslife.com\/de-ch\/wp-content\/uploads\/sites\/2\/2021\/03\/Chiefs_ProteinPowder_New2025_Vanilla_Front-1536x1536.png 1536w, https:\/\/www.chiefslife.com\/de-ch\/wp-content\/uploads\/sites\/2\/2021\/03\/Chiefs_ProteinPowder_New2025_Vanilla_Front-336x336.png 336w, https:\/\/www.chiefslife.com\/de-ch\/wp-content\/uploads\/sites\/2\/2021\/03\/Chiefs_ProteinPowder_New2025_Vanilla_Front-800x800.png 800w, https:\/\/www.chiefslife.com\/de-ch\/wp-content\/uploads\/sites\/2\/2021\/03\/Chiefs_ProteinPowder_New2025_Vanilla_Front-100x100.png 100w\" sizes=\"(max-width: 2000px) 100vw, 2000px\" \/>                        <\/a>\n                    <\/div>\n                    <a class=\"wp-block-chiefs-column-brick-text-link\" href=\"https:\/\/www.chiefslife.com\/de-ch\/produkt\/whey-protein-vanilla\/\" target=\"_self\" rel=\"noopener\">\n                        <h6 class=\"wp-block-chiefs-column-brick-text\">Vanilla<\/h6>\n                    <\/a>\n                <\/div>\n            <\/div>\n<\/div>\n\n\n<style>\n    .chiefs-product-description-block {\n        max-width: 736px;\n        margin: 0 auto 1.5em auto;\n        padding: 0 20px;\n    }\n\n    .description-container {\n        transition: height 1s cubic-bezier(0.215, 0.610, 0.355, 1);\n        max-height: unset;\n    }\n\n    .description-container.hidden {\n        max-height: 0;\n        transition: height 1s cubic-bezier(0.215, 0.610, 0.355, 1);\n    }\n\n    .accordion .single-table .tab-content p {\n        margin-bottom: 0;\n    }\n\n    #expand-description {\n        cursor: pointer;\n        color: #001489;\n        transition: all .2s ease-in-out;\n    }\n\n    #expand-description:hover {\n        color: #88c434;\n    }\n\n    @media only screen and (max-width: 768px) {\n        .chiefs-product-description-block {\n            padding: 0;\n        }\n\n        .accordion.tabs .tab .tab-label::after {\n            min-width: 36px;\n            min-height: 36px;\n        }\n    }\n<\/style>\n\n\n<div id=\"chiefs-product-description-block-block_a15507b126ea1100fabda5bb2920569e\" class=\"chiefs-product-description-block\" data-aos=\"fade\">\n\n\n    <h2>Chiefs Whey Protein Pulver<\/h2>\n\n    <p>Whey Protein Shakes sind eine einfache und k\u00f6stliche M\u00f6glichkeit, deine t\u00e4gliche Proteinzufuhr zu maximieren, um deinem K\u00f6rper immer genug N\u00e4hrstoffe zur Erreichung deiner individuellen Ziele zuzuf\u00fchren. Und genau hier kommt das praktische Pure Whey Protein Pulver aus dem Hause Chiefs ins Spiel!<br \/>\r\n<br \/>\r\nMithilfe des qualitativ hochwertigen Molkenproteinpulvers von Chiefs wird es dir jetzt n\u00e4mlich kinderleicht gemacht, dir in Windeseile einen gesunden und geschmacklich \u00fcberragenden Whey Protein Shake zu kreieren!<\/p>\n\n    <div class=\"description-container\" id=\"hidden-description\" style=\"overflow: hidden\">\n        <div class=\"hidden-description__content\">\n            <h3>Was ist \u00fcberhaupt Whey Protein?<\/h3>\n<p>Den Begriff \u00abWhey Protein\u00bb hast du bestimmt schon einmal geh\u00f6rt. Jedoch kam dir dabei vermutlich nie in den Sinn, um was es sich dabei genau handelt? Nun, beim Whey (zu Deutsch: Molke) handelt es sich um eine Fl\u00fcssigkeit, die bei der Herstellung von K\u00e4se aus der Molkereimilch gewonnen wird. Entsprechend ist das Whey Protein, welches sp\u00e4ter als Grundstoff f\u00fcr das gleichnamige Protein Pulver dient, ein Nebenprodukt der K\u00e4seherstellung und l\u00e4sst sich vergleichsweise leicht in Pulverform umwandeln.<\/p>\n<h3>Das sind die verschiedenen Arten von Whey Protein<\/h3>\n<h4>Whey Protein Konzentrat<\/h4>\n<p>Whey Protein Konzentrat ist die kosteng\u00fcnstigste und am einfachsten verf\u00fcgbaren Variante des Whey Protein Pulvers. Hierf\u00fcr werden die Nebenprodukte der K\u00e4seherstellung getrocknet und anschliessend zu Pulver weiterverarbeitet \u2013 das Pulver an sich l\u00e4sst sich dann ganz einfach in Milch oder Wasser einr\u00fchren und damit f\u00fcr einen k\u00f6stlichen Shake nutzen!<\/p>\n<p>Whey Protein Konzentrat hat meist nur einen sehr geringen Kohlenhydratanteil und ist die g\u00e4ngigste Form des Whey Protein Pulvers, welche vorrangig f\u00fcr die Herstellung von Proteindrinks oder Proteinriegeln dient.<\/p>\n<h4>Whey Protein Isolate<\/h4>\n<p>Beim Whey Protein Isolate wird die Sache schon etwas komplizierter! Denn dabei handelt es sich wiederum um ein mehrfach weiterverarbeitetes, qualitativ extrem hochwertiges Whey Protein, welches aus weiterverarbeitetem Whey Protein Konzentrat entsteht. Die N\u00e4hrstoffdichte ist dadurch noch einmal h\u00f6her als beim reinen Konzentrat, weshalb das Whey Protein Isolate nicht selten einen Proteingehalt von 90 Prozent erreicht. Erm\u00f6glicht wird dies durch die zus\u00e4tzliche Filterung des Konzentrats \u2013 dadurch ist das Isolat noch kohlenhydrat-, fett-, laktose- sowie cholesterinarmer als das Whey Protein Konzentrat!<\/p>\n<h4>Whey Protein Hydrolysat<\/h4>\n<p>Beim Whey Protein Hydrolysat handelt es sich nun gewissermassen um den Ferrari unter den Whey Proteinen! Jenes wird entweder aus Whey Protein Konzentrat oder Isolat durch weitere Veredelungsprozesse gewonnen. Schlussendlich brechen durch die weitere Verarbeitung die im Whey befindlichen Aminos\u00e4ureketten auf, wodurch das Hydrolysat im Vergleich zum Konzentrat oder Isolat vom menschlichen Organismus noch etwas leichter und schneller verdaut werden kann. Wie das Isolat, so besteht auch das Whey Protein Hydrolysat zu 90 Prozent und mehr aus reinem Protein und enth\u00e4lt nahezu null Kohlenhydrate, Fette, Laktose oder Cholesterin!<\/p>\n<h3>Was macht Whey Protein eigentlich so besonders?<\/h3>\n<h4>Vielseitigkeit<\/h4>\n<p>Ein grosser Vorteil von Whey Protein ist nat\u00fcrlich seine grosse Vielseitigkeit! Und zwar kannst du dein Whey Protein Pulver schnell und unkompliziert zu Hause zubereiten und kannst dies entweder mit Wasser, Milch oder veganen Milchersatzprodukten mischen. Alternativ sind auch Fruchts\u00e4fte denkbar, um die gemeinsam mit dem Whey Protein Pulver einen n\u00e4hrstoffreichen und k\u00f6stlichen Shake zuzubereiten!<\/p>\n<p>Weiterhin kannst du deinem Whey Protein Shake noch zahlreiche, leckere und gesunde Zutaten wie zum Beispiel Banane, Trockenfr\u00fcchte oder Avocado beimenge. Nutze hierf\u00fcr einfach einen Mixer und stelle dir deinen individuelle Traumshake zusammen!<\/p>\n<p>Es steht dir an sich v\u00f6llig frei, welche Zutaten du in deinen Shake mischst! Dabei solltest du jedoch stets im Hinterkopf behalten, dass die weiteren Zutaten im Shake nat\u00fcrlich auch dessen Kaloriengehalt erh\u00f6hen \u2013 und damit potenziell auch dessen Fett- und Zuckergehalt! Das mag zwar in stressigen Lebenssituationen manchmal einfach notwendig sein, ist im Rahmen einer kalorienreduzierten Di\u00e4t jedoch nicht zu empfehlen.<\/p>\n<p>Falls du weitere Inspirationen f\u00fcr deine Whey Protein Pulver Shakes ben\u00f6tigst, dann schau dir gern auch unsere k\u00f6stlichen Rezepte an! All unsere Rezepte enthalten nat\u00fcrlich eine praktische Schritt-f\u00fcr-Schritt-Anleitung sowie eine \u00dcbersicht \u00fcber alle relevanten N\u00e4hrwerte.<\/p>\n<h4>Rundum gesund<\/h4>\n<p>Beim Whey Protein handelt es sich um eine qualitativ hochwertige Eiweissquelle, die essenzielle Aminos\u00e4uren enth\u00e4lt und deine Gesundheit und dein Training damit perfekt unterst\u00fctzen! Ausserdem ist Whey Protein im Vergleich zu anderen Proteinquellen auch wesentlich leichter zu verdauen.<\/p>\n<p>Whey Protein eignet sich daher auch ideal f\u00fcr Vegetarier, die aufgrund fehlender, eiweisshaltiger Fleischmahlzeiten ihren individuellen Proteinbedarf bestm\u00f6glich erg\u00e4nzen k\u00f6nnen. Leider ist Protein Whey jedoch nicht f\u00fcr Veganer geeignet, da es sich bei der Molke um ein Produkt tierischen Ursprungs handelt. F\u00fcr Veganer w\u00e4hrend daher alternative Proteinquellen wie beispielsweise Soja besser geeignet.<\/p>\n<h4>F\u00fcr Athleten und insbesondere Bodybuilder essenziell<\/h4>\n<p>Um Muskulatur aufzubauen, zu erhalten oder nach dem Training optimal mit N\u00e4hrstoffen zu versorgen, ben\u00f6tigst du Protein. Und jemand, der jeden Tag trainiert, ben\u00f6tigt auch wesentlich mehr Eiweiss! Das Whey Protein Pulver von Chiefs stellt hierf\u00fcr eine der besten M\u00f6glichkeiten dar und eignet auch f\u00fcr die Di\u00e4t. Gym-Enthusiasten sowie professionelle Athleten k\u00f6nnen gleichermassen davon profitieren!<\/p>\n<h4>Auch w\u00e4hrend gewichtsreduzierender Di\u00e4ten geeignet<\/h4>\n<p>Das Whey Protein Pulver von Chiefs ist auch das optimale Proteinpulver, wenn es um die individuelle Gewichtsreduktion geht. Denn Whey Protein an sich ist sehr s\u00e4ttigend und kann dir dabei helfen, deinen Gel\u00fcsten nach S\u00fcssigkeiten und ungesunden Snacks entgegenzuwirken \u2013 denn durch das Protein Whey f\u00fchlst du dich l\u00e4nger satt!<\/p>\n<h4>Reduziert oxidativen Stress in deinen Zellen<\/h4>\n<p>Vermutlich hast du auch schon einmal etwas von Antioxidantien geh\u00f6rt, die ebenfalls sehr wichtig f\u00fcr deine Di\u00e4t sind? Diese reduzieren den oxidativen Stress in deinen Zellen, was zum einen das Risiko f\u00fcr chronische Erkrankungen verringert und zum anderen Alterungsprozessen im K\u00f6rper entgegenwirkt. Einer dieser wichtigen Antioxidantien stellt zum Beispiel das Glutathion dar, welches von deinem K\u00f6rper zwar selbst produziert wird, dieser hierf\u00fcr aber eine konstante Versorgung mit essenziellen Aminos\u00e4uren wie zum Beispiel Cystein ben\u00f6tigt.<\/p>\n<p>Und Whey Protein Pulver enth\u00e4lt von Natur aus einen hohen Level an Cystein. Damit unterst\u00fctzt du mit dem Protein Pulver von Chiefs ebenfalls dein Immunsystem!<\/p>\n<h4>L\u00e4sst sich hervorragend in die verschiedensten Di\u00e4ten einbinden<\/h4>\n<p>Unser Whey Protein Pulver enth\u00e4lt keinen zugesetzten Zucker und eignet sich daher auch bestens f\u00fcr zuckerreduzierte Di\u00e4ten. Damit kannst du dir mit dem Protein Pulver von Chiefs auch zwischendurch einmal einen k\u00f6stlichen und leckeren Snack g\u00f6nnen, ohne damit deine Di\u00e4t zu ruinieren.<\/p>\n<p>Auch beinhaltet das Whey Protein Pulver von Chiefs keinerlei Gluten, weshalb sich dieses auch f\u00fcr Personen mit Glutenunvertr\u00e4glichkeit bestens eignet.<\/p>\n<h3>Einnahme und Dosierung von Chiefs Pure Whey Protein Pulver<\/h3>\n<p>Deine Dosierung und Einnahme des Whey Protein Pulvers von Chiefs h\u00e4ngt vor allem von deinem individuellen Trainingsplan und deinen Zielen sowie deiner K\u00f6rperzusammensetzung ab.<\/p>\n<p>Weiterhin ist wichtig, ob du dich aktuell in einer Muskelaufbau- oder Definitionsphase befindest oder du deine Ausdauer trainieren m\u00f6chtest. Als Faustregel lassen sich jedoch etwa 30 Gramm Protein Pulver, verteilt auf zwei bis drei Shakes pro Tag, als ideale Dosis festmachen.<\/p>\n<p>Nat\u00fcrlich kannst du Whey Protein auch als gesundes und praktische Erg\u00e4nzung f\u00fcr viele weitere Sportarten und Ziele sowie im Rahmen einer gesunden Ern\u00e4hrung einsetzen. Passe deine Dosis sowie Einnahme daher stets deinen individuellen Bed\u00fcrfnissen und Aktivit\u00e4tslevels an!<\/p>\n<h3>Whey Protein f\u00fcr den Muskelaufbau, den Muskelerhalt sowie f\u00fcr die Muskelregeneration<\/h3>\n<p>Falls du h\u00e4ufig schwer und intensiv trainierst, dann ben\u00f6tigst du das Pure Whey Protein von Chiefs auf jeden Fall f\u00fcr weitere Fortschritte. Denn beim Whey Protein von Chiefs handelt es sich um eines der besten Produkte \u00fcberhaupt, was dieses Ziel unterst\u00fctzt.<\/p>\n<p>Unser Whey Protein Pulver besteht diesbez\u00fcglich aus einem hohen Anteil an wichtigen BCAA\u2019s. Dabei handelt es sich um mehrfach verzweigte Aminos\u00e4ureketten, die f\u00fcr den Muskelaufbau und deren Erhalt essenziell sind.<\/p>\n<p>Ferner werden Whey Protein Shakes deinen Stoffwechsel anregen und diesen w\u00e4hrend des Trainings in eine wahre Fettverbrennungsmaschine umwandeln. Indem du ausserdem auf Post-Workout-Shakes nach dem Training setzt, kannst du gleichzeitig deine Regeneration optimieren!<\/p>\n<h3>Chiefs Pure Whey: Eine k\u00f6stliche und n\u00e4hrstoffreiche Proteinquelle<\/h3>\n<p>Unser Chiefs Whey Protein Pulver ist aktuell zweifelsohne das beste auf dem Markt verf\u00fcgbare Whey Protein und damit essenziell f\u00fcr die Gesundheit von aktiven Menschen. Bereite dir damit deine eigenen, k\u00f6stlichen und n\u00e4hrstoffreichen Protein Shakes zu und geniesse diese entweder zu Hause, im Gym oder unterwegs sowie als leckeren Snack auf der Arbeit oder in der Schule!<\/p>\n        <\/div>\n    <\/div>\n    \n        <span id=\"expand-description\" style=\"cursor: pointer\">Mehr lesen&#8230;<\/span>\n\n    \n    <h2 style=\"margin-top: 40px;\"> H\u00e4ufig gestellte Fragen <\/h2>\n\n    <div class=\"accordion tabs nutrition-tables\" style=\"margin-bottom: 40px;\">\n                    <div class=\"single-table tab\">\n                <input type=\"checkbox\">\n                <label class=\"tab-label\">\n                    <p class=\"title has-body-1-font-size\">Welches Whey Protein ist das Beste?<\/p>\n                <\/label>\n                <div class=\"tab-content\">\n                    <p>Beim Whey Protein Pulver von Chiefs handelt es sich um eines der besten Whey Proteine auf dem Markt!<\/p>\n<p>&nbsp;<\/p>\n<p>Unser Whey Protein wird diesbez\u00fcglich nur aus hochwertigstem Whey Konzentrat und Whey Isolat hergestellt. Das bedeutet zum einen, dass unsere Produkte erschwinglich, zum anderen aber auch n\u00e4hrstoffreich mit hohem Proteingehalt sind.<\/p>\n<p>&nbsp;<\/p>\n<p>Weiterhin sind den Whey Proteinen von Chiefs zahlreiche Vitamine und Mineralstoffe beigemengt, um deine Gesundheit bestm\u00f6glich zu unterst\u00fctzen.<\/p>\n<p>&nbsp;<\/p>\n<p>Dein Whey Protein Pulver von Chiefs erh\u00e4ltst du nun auch in zwei leckeren Geschmacksrichtungen \u2013 Kakao und Vanille. Jetzt gibt es f\u00fcr dich quasi keine Ausrede mehr, dir in Zukunft zu Hause nicht auch gesunde und k\u00f6stliche Protein Shakes zuzubereiten! Mixe das Whey Protein Pulver daf\u00fcr mit Wasser, Milch oder Milchersatzprodukten und lass dir deinen delizi\u00f6sen Shake schon nach wenigen Augenblicken schmecken! Und wenn du mal kein Zeit hast dir deinen Shake selbst zu mixen, kannst du einfach zu einem konsumfertigen Chiefs Milk Protein Drink greifen.<\/p>\n                <\/div>\n            <\/div>\n                    <div class=\"single-table tab\">\n                <input type=\"checkbox\">\n                <label class=\"tab-label\">\n                    <p class=\"title has-body-1-font-size\">Wann ist der beste Zeitpunkt f\u00fcr die Einnahme von Whey Protein?<\/p>\n                <\/label>\n                <div class=\"tab-content\">\n                    <h4>Vor und nach dem Training<\/h4>\n<p>Whey Protein \u2013 wie auch alle anderen Proteinquellen \u2013 k\u00f6nnen vor und nach dem Training von grossem Vorteil f\u00fcr dich sein! Zum einen versorgt dich das Whey Protein mit Energie f\u00fcr dein Training, zum anderen hilft es bei der Regeneration von Muskelzellen nach dem Training.<\/p>\n<p>&nbsp;<\/p>\n<p>Geniesse dein Whey Protein Pulver von Chiefs also idealerweise circa 30 bis 45 Minuten vor dem Training sowie etwa 30 Minuten nach dem Training, um beste Ergebnisse zu erzielen.<\/p>\n<h4>Als Energiebooster f\u00fcr den Morgen<\/h4>\n<p>Da es sich beim Whey Protein um eine ausgezeichnete Proteinquelle handelt, eignet sich dieses auch als idealer Booster f\u00fcr einen gesunden Start in den Tag \u2013 Studenten, gestresste M\u00fctter sowie Menschen mit einem aktiven Lifestyle profitieren gleichermassen davon!<\/p>\n<p>&nbsp;<\/p>\n<p>Wie einige beliebte Energydrinks auf dem Markt sind auch die mit Chiefs Pure Whey hergestellten Shakes mit wertvollen Vitaminen und Mineralien angereichert.<\/p>\n<h4>Als flexibler Mahlzeitenersatz<\/h4>\n<p>Whey Protein Shakes eignen sich auch hervorragend als Mahlzeitenersatz in kalorienreduzierenden Di\u00e4ten. Daher kannst du diese im Grunde genommen den ganzen Tag \u00fcber einsetzen oder das Whey Protein Pulver als Zutat f\u00fcr leckere Gerichte verwenden. Und da das Whey Protein einen recht s\u00e4ttigenden Effekt hat, so bleiben dir n\u00e4chtliche Heisshungerattacken in Zukunft erspart!<\/p>\n                <\/div>\n            <\/div>\n                    <div class=\"single-table tab\">\n                <input type=\"checkbox\">\n                <label class=\"tab-label\">\n                    <p class=\"title has-body-1-font-size\">K\u00f6nnen durch den Verzehr von Whey Protein potenziell Nebenwirkungen auftreten?<\/p>\n                <\/label>\n                <div class=\"tab-content\">\n                    <p>Zwar wurden bisweilen einige Nebenwirkungen durch den Verzehr von Whey Protein festgestellt, jedoch sind diese in der Regel harmlos. Und zwar handelt es sich bei den meisten Nebenwirkungen um vergleichsweise unproblematische Bl\u00e4hungen oder sehr selten um Durchfall. Der Grund daf\u00fcr ist, dass manche Personen Probleme bei der Aufnahme von Whey im Darm haben und sich dieses Produkt f\u00fcr jene Anwender daher nicht eignet.<\/p>\n<p>&nbsp;<\/p>\n<p>Bei einem massvollen und ausgewogenem Konsum von Whey Protein sind jedoch keine der oben genannten Nebenwirkungen zu erwarten.<\/p>\n<p>&nbsp;<\/p>\n<p>Um deine individuelle Vertr\u00e4glichkeit f\u00fcr Whey Protein zu testen, starte hierf\u00fcr am besten mit einer niedrigen Dosis und schaue, wie es dir dabei geht. Das Whey Protein Pulver von Chiefs ist aber ganz allgemein ein leicht vertr\u00e4gliches Nahrungsmittel.<\/p>\n<p>&nbsp;<\/p>\n<p>Jedoch m\u00fcssen Nebenwirkungen nicht immer schlecht sein! Vergleichsweise positive Nebenwirkungen des Whey Proteins sind zum Beispiel dessen antientz\u00fcndliche Eigenschaften. Entz\u00fcndungen sind eine unvermeidliche Reaktion des K\u00f6rpers auf Sch\u00e4den. Wenn sie chronisch wird, kann sie zu allen m\u00f6glichen schw\u00e4chenden Gesundheitsproblemen f\u00fchren.<\/p>\n                <\/div>\n            <\/div>\n                    <div class=\"single-table tab\">\n                <input type=\"checkbox\">\n                <label class=\"tab-label\">\n                    <p class=\"title has-body-1-font-size\">Eignet sich Whey Protein auch f\u00fcr Frauen?<\/p>\n                <\/label>\n                <div class=\"tab-content\">\n                    <p>Whey Protein Pulver ist selbstverst\u00e4ndlich auch perfekt f\u00fcr Frauen geeignet! Und damit sind nicht nur Frauen gemeint, die tats\u00e4chlich trainieren. Denn Whey Protein enth\u00e4lt eine ganze Menge an gesunden Inhaltsstoffen, die sich f\u00fcr Frauen sowie M\u00e4nner gleichermassen eignen!<\/p>\n<p>&nbsp;<\/p>\n<p>Egal, ob du einfach einen ges\u00fcnderen Lifestyle anpeilst oder du deinen K\u00f6rper fitter oder muskul\u00f6ser machen m\u00f6chtest und ein paar unn\u00f6tige Pfunde loswerden m\u00f6chtest \u2013 Whey Protein hilft euch Ladies dabei!<\/p>\n                <\/div>\n            <\/div>\n            <\/div>\n\n    <h2><\/h2>\n    <p><\/p>\n<\/div>\n\n\n<script>\n    const description = document.getElementById('hidden-description');\n    const expand = document.getElementById('expand-description');\n    const descriptionHeight = description.offsetHeight;\n\n            description.classList.add('hidden');\n\n        \/\/ description.style.height = 0;\n\n        expand.addEventListener(\"click\", function() {\n            if (!description.classList.contains('hidden')) {\n                description.classList.add('hidden');\n                this.textContent = 'Read more...';\n                \/\/ description.style.height = 0;\n            } else {\n                description.style.maxHeight = descriptionHeight;\n                description.classList.remove('hidden');\n                this.textContent = '';\n                \/\/ description.style.height = descriptionHeight;\n            }\n        });\n    \n    const accordion = document.querySelector('.accordion');\n    const tab = document.querySelector('.single-table');\n    const tablabel = document.getElementsByClassName('tab-label');\n\n    console.log(tab.children[2]);\n\n    for (var i = 0; i < tablabel.length; i++) {\n        tablabel[i].addEventListener(\"click\", function() {\n            var panel = this.nextElementSibling;\n            var checkbox = this.previousElementSibling;\n            if (!checkbox.checked) {\n                checkbox.setAttribute('checked', 'checked');\n            } else {\n                checkbox.removeAttribute('checked');\n            }\n\n        });\n    }\n<\/script>","protected":false},"excerpt":{"rendered":"<p>Whey Protein Unsere Whey Proteinpulver bestehen aus biologisch hochwertigem Molkenproteinisolat und -konzentrat, haben einen hohen BCAA-Gehalt und sind angereichert mit Vitaminen und Mineralstoffen.<\/p>\n","protected":false},"author":2,"featured_media":0,"parent":0,"menu_order":0,"comment_status":"closed","ping_status":"closed","template":"","meta":{"_acf_changed":false,"inline_featured_image":false,"footnotes":""},"class_list":["post-606","page","type-page","status-publish","hentry"],"acf":[],"_links":{"self":[{"href":"https:\/\/www.chiefslife.com\/de-ch\/wp-json\/wp\/v2\/pages\/606","targetHints":{"allow":["GET"]}}],"collection":[{"href":"https:\/\/www.chiefslife.com\/de-ch\/wp-json\/wp\/v2\/pages"}],"about":[{"href":"https:\/\/www.chiefslife.com\/de-ch\/wp-json\/wp\/v2\/types\/page"}],"author":[{"embeddable":true,"href":"https:\/\/www.chiefslife.com\/de-ch\/wp-json\/wp\/v2\/users\/2"}],"replies":[{"embeddable":true,"href":"https:\/\/www.chiefslife.com\/de-ch\/wp-json\/wp\/v2\/comments?post=606"}],"version-history":[{"count":4,"href":"https:\/\/www.chiefslife.com\/de-ch\/wp-json\/wp\/v2\/pages\/606\/revisions"}],"predecessor-version":[{"id":50915,"href":"https:\/\/www.chiefslife.com\/de-ch\/wp-json\/wp\/v2\/pages\/606\/revisions\/50915"}],"wp:attachment":[{"href":"https:\/\/www.chiefslife.com\/de-ch\/wp-json\/wp\/v2\/media?parent=606"}],"curies":[{"name":"wp","href":"https:\/\/api.w.org\/{rel}","templated":true}]}}