{"id":780,"date":"2021-03-09T16:34:44","date_gmt":"2021-03-09T15:34:44","guid":{"rendered":"https:\/\/www.chiefslife.com\/de-ch\/?page_id=780"},"modified":"2024-06-22T16:56:28","modified_gmt":"2024-06-22T14:56:28","slug":"motivation","status":"publish","type":"page","link":"https:\/\/www.chiefslife.com\/de-ch\/motivation\/","title":{"rendered":"Motivation"},"content":{"rendered":"\n<div class=\"wp-block-group\"><div class=\"wp-block-group__inner-container is-layout-flow wp-block-group-is-layout-flow\">\n<h1 class=\"wp-block-heading has-text-align-center\">Motivation<\/h1>\n\n\n\n<p class=\"has-text-align-center has-body-1-font-size\">Gesunde Ern\u00e4hrung ist eine Grundvoraussetzung f\u00fcr k\u00f6rperliches und geistiges Wohlbefinden. Bereits kleine Gewohnheits\u00e4nderungen k\u00f6nnen Grosses bewirken. Erfahre, wie du deine Disziplin steigern und deinen Stress im Alltag reduzieren kannst. Raus aus dem Energieloch!<\/p>\n<\/div><\/div>\n\n\n<style>\n    .wp-block-chiefs-banner-brick {\n        display: grid;\n        grid-template-columns: 1fr 1fr;\n        width: 100%;\n        max-width: 1440px;\n        margin: 0 auto;\n    }\n\n    .wp-block-chiefs-banner-brick-column {\n        width: 100%;\n        max-height: 556px;\n        display: flex;\n        flex-direction: column;\n        justify-content: center;\n        align-items: center;\n        overflow: hidden;\n    }\n\n    .wp-block-chiefs-banner-brick-title {\n        text-align: center;\n        max-width: 500px;\n        margin-bottom: var(--space-md, 24px);\n    }\n\n    .wp-block-chiefs-banner-brick-body {\n        width: 57%;\n        text-align: center;\n    }\n\n    .wp-block-chiefs-banner-brick-image-link {\n        width: 100%;\n        height: 100%;\n        padding: 0;\n    }\n\n    .wp-block-chiefs-banner-brick-image {\n        object-fit: cover;\n        width: 100%;\n        height: 100%;\n    }\n\n    .wp-block-chiefs-banner-brick-column.banner-body {\n        padding: var(--space-xl, 48px);\n    }\n\n    .wp-block-chiefs-banner-brick-column.banner-image {\n        max-height: 556px;\n    }\n\n    @media (min-width: 1024px) {\n        .wp-block-chiefs-banner-brick-column.banner-body {\n            min-height: 352px;\n        }\n    }\n\n    @media (max-width: 768px) {\n        .wp-block-chiefs-banner-brick {\n            grid-template-columns: 1fr;\n        }\n\n        .wp-block-chiefs-banner-brick-column.banner-body {\n            padding: 32px var(--space-sm, 16px) 48px var(--space-sm, 16px);\n            order: 2;\n        }\n\n        .wp-block-chiefs-banner-brick-column.banner-body h3 {\n            margin: 0;\n            margin-bottom: var(--space-sm, 16px);\n        }\n\n        .wp-block-chiefs-banner-brick-column.banner-image {\n            height: 260px;\n            order: 1;\n        }\n    }\n<\/style>\n<div id=\"chiefs-banner-block-block_2620b73f02deafea275681fbc21560d6\" class=\"chiefs-banner-block\">\n    <div class=\"wp-block-chiefs-banner-brick\">\n\n                    <div class=\"wp-block-chiefs-banner-brick-column banner-body\" style=\"background-color:#b3d9e9\">\n                <h3 class=\"wp-block-chiefs-banner-brick-title\" style=\"color: #31272E;\">\n                    Nat\u00fcrliche Stressbew\u00e4ltigungsstrategien f\u00fcr das besch\u00e4ftigte Leben<\/h3>\n                                <div class=\"wp-block-button\"><a class=\"wp-block-button__link\" href=\"https:\/\/www.chiefslife.com\/de-ch\/natuerliche-stressbewaeltigungsstrategien-fuer-das-beschaeftigte-leben\/\" target=\"_self\" rel=\"noopener\">Jetzt lesen<\/a><\/div>\n            <\/div>\n            <div class=\"wp-block-chiefs-banner-brick-column banner-image\" style=\"background-color:#b3d9e9\">\n                <a class=\"wp-block-chiefs-banner-brick-image-link\" href=\"https:\/\/www.chiefslife.com\/de-ch\/natuerliche-stressbewaeltigungsstrategien-fuer-das-beschaeftigte-leben\/\" target=\"_self\" rel=\"noopener\">\n                    <img decoding=\"async\" width=\"1500\" height=\"1000\" src=\"https:\/\/www.chiefslife.com\/de-ch\/wp-content\/uploads\/sites\/2\/2024\/03\/woman-after-training-blog.png\" class=\"wp-block-chiefs-banner-brick-image wp-image-21581\" alt=\"\" srcset=\"https:\/\/www.chiefslife.com\/de-ch\/wp-content\/uploads\/sites\/2\/2024\/03\/woman-after-training-blog.png 1500w, https:\/\/www.chiefslife.com\/de-ch\/wp-content\/uploads\/sites\/2\/2024\/03\/woman-after-training-blog-300x200.png 300w, https:\/\/www.chiefslife.com\/de-ch\/wp-content\/uploads\/sites\/2\/2024\/03\/woman-after-training-blog-1024x683.png 1024w, https:\/\/www.chiefslife.com\/de-ch\/wp-content\/uploads\/sites\/2\/2024\/03\/woman-after-training-blog-768x512.png 768w, https:\/\/www.chiefslife.com\/de-ch\/wp-content\/uploads\/sites\/2\/2024\/03\/woman-after-training-blog-336x224.png 336w, https:\/\/www.chiefslife.com\/de-ch\/wp-content\/uploads\/sites\/2\/2024\/03\/woman-after-training-blog-800x533.png 800w\" sizes=\"(max-width: 1500px) 100vw, 1500px\" \/>                <\/a>\n            <\/div>\n            <\/div>\n<\/div>\n\n<style>\n    .wp-block-chiefs-banner-brick {\n        display: grid;\n        grid-template-columns: 1fr 1fr;\n        width: 100%;\n        max-width: 1440px;\n        margin: 0 auto;\n    }\n\n    .wp-block-chiefs-banner-brick-column {\n        width: 100%;\n        max-height: 556px;\n        display: flex;\n        flex-direction: column;\n        justify-content: center;\n        align-items: center;\n        overflow: hidden;\n    }\n\n    .wp-block-chiefs-banner-brick-title {\n        text-align: center;\n        max-width: 500px;\n        margin-bottom: var(--space-md, 24px);\n    }\n\n    .wp-block-chiefs-banner-brick-body {\n        width: 57%;\n        text-align: center;\n    }\n\n    .wp-block-chiefs-banner-brick-image-link {\n        width: 100%;\n        height: 100%;\n        padding: 0;\n    }\n\n    .wp-block-chiefs-banner-brick-image {\n        object-fit: cover;\n        width: 100%;\n        height: 100%;\n    }\n\n    .wp-block-chiefs-banner-brick-column.banner-body {\n        padding: var(--space-xl, 48px);\n    }\n\n    .wp-block-chiefs-banner-brick-column.banner-image {\n        max-height: 556px;\n    }\n\n    @media (min-width: 1024px) {\n        .wp-block-chiefs-banner-brick-column.banner-body {\n            min-height: 352px;\n        }\n    }\n\n    @media (max-width: 768px) {\n        .wp-block-chiefs-banner-brick {\n            grid-template-columns: 1fr;\n        }\n\n        .wp-block-chiefs-banner-brick-column.banner-body {\n            padding: 32px var(--space-sm, 16px) 48px var(--space-sm, 16px);\n            order: 2;\n        }\n\n        .wp-block-chiefs-banner-brick-column.banner-body h3 {\n            margin: 0;\n            margin-bottom: var(--space-sm, 16px);\n        }\n\n        .wp-block-chiefs-banner-brick-column.banner-image {\n            height: 260px;\n            order: 1;\n        }\n    }\n<\/style>\n<div id=\"chiefs-banner-block-block_8cef0c845d449a0c2c530e3daf6d3a9f\" class=\"chiefs-banner-block\">\n    <div class=\"wp-block-chiefs-banner-brick\">\n\n                    <div class=\"wp-block-chiefs-banner-brick-column banner-image\" style=\"background-color:#d2c6bb\">\n                <a class=\"wp-block-chiefs-banner-brick-image-link\" href=\"https:\/\/www.chiefslife.com\/de-ch\/motivation-raus-aus-dem-energieloch\/\" target=\"_self\" rel=\"noopener\">\n                    <img decoding=\"async\" width=\"1500\" height=\"1000\" src=\"https:\/\/www.chiefslife.com\/de-ch\/wp-content\/uploads\/sites\/2\/2021\/04\/Lifestyle-Raus-aus-Energieloch-1.jpg\" class=\"wp-block-chiefs-banner-brick-image wp-image-21581\" alt=\"Stimmungsbild Energie mit joggendem Mann auf dem Berg\" srcset=\"https:\/\/www.chiefslife.com\/de-ch\/wp-content\/uploads\/sites\/2\/2021\/04\/Lifestyle-Raus-aus-Energieloch-1.jpg 1500w, https:\/\/www.chiefslife.com\/de-ch\/wp-content\/uploads\/sites\/2\/2021\/04\/Lifestyle-Raus-aus-Energieloch-1-336x224.jpg 336w, https:\/\/www.chiefslife.com\/de-ch\/wp-content\/uploads\/sites\/2\/2021\/04\/Lifestyle-Raus-aus-Energieloch-1-800x533.jpg 800w, https:\/\/www.chiefslife.com\/de-ch\/wp-content\/uploads\/sites\/2\/2021\/04\/Lifestyle-Raus-aus-Energieloch-1-300x200.jpg 300w, https:\/\/www.chiefslife.com\/de-ch\/wp-content\/uploads\/sites\/2\/2021\/04\/Lifestyle-Raus-aus-Energieloch-1-1024x683.jpg 1024w, https:\/\/www.chiefslife.com\/de-ch\/wp-content\/uploads\/sites\/2\/2021\/04\/Lifestyle-Raus-aus-Energieloch-1-768x512.jpg 768w, https:\/\/www.chiefslife.com\/de-ch\/wp-content\/uploads\/sites\/2\/2021\/04\/Lifestyle-Raus-aus-Energieloch-1-500x333.jpg 500w, https:\/\/www.chiefslife.com\/de-ch\/wp-content\/uploads\/sites\/2\/2021\/04\/Lifestyle-Raus-aus-Energieloch-1-1280x853.jpg 1280w\" sizes=\"(max-width: 1500px) 100vw, 1500px\" \/>                <\/a>\n            <\/div>\n            <div class=\"wp-block-chiefs-banner-brick-column banner-body\" style=\"background-color:#d2c6bb\">\n                <h3 class=\"wp-block-chiefs-banner-brick-title\" style=\"color: #31272E;\">\n                    Raus aus dem Energieloch<\/h3>\n                                <div class=\"wp-block-button\"><a class=\"wp-block-button__link\" href=\"https:\/\/www.chiefslife.com\/de-ch\/motivation-raus-aus-dem-energieloch\/\" target=\"_self\" rel=\"noopener\">Jetzt lesen<\/a><\/div>\n            <\/div>\n            <\/div>\n<\/div>\n\n<style>\n    .wp-block-chiefs-banner-brick {\n        display: grid;\n        grid-template-columns: 1fr 1fr;\n        width: 100%;\n        max-width: 1440px;\n        margin: 0 auto;\n    }\n\n    .wp-block-chiefs-banner-brick-column {\n        width: 100%;\n        max-height: 556px;\n        display: flex;\n        flex-direction: column;\n        justify-content: center;\n        align-items: center;\n        overflow: hidden;\n    }\n\n    .wp-block-chiefs-banner-brick-title {\n        text-align: center;\n        max-width: 500px;\n        margin-bottom: var(--space-md, 24px);\n    }\n\n    .wp-block-chiefs-banner-brick-body {\n        width: 57%;\n        text-align: center;\n    }\n\n    .wp-block-chiefs-banner-brick-image-link {\n        width: 100%;\n        height: 100%;\n        padding: 0;\n    }\n\n    .wp-block-chiefs-banner-brick-image {\n        object-fit: cover;\n        width: 100%;\n        height: 100%;\n    }\n\n    .wp-block-chiefs-banner-brick-column.banner-body {\n        padding: var(--space-xl, 48px);\n    }\n\n    .wp-block-chiefs-banner-brick-column.banner-image {\n        max-height: 556px;\n    }\n\n    @media (min-width: 1024px) {\n        .wp-block-chiefs-banner-brick-column.banner-body {\n            min-height: 352px;\n        }\n    }\n\n    @media (max-width: 768px) {\n        .wp-block-chiefs-banner-brick {\n            grid-template-columns: 1fr;\n        }\n\n        .wp-block-chiefs-banner-brick-column.banner-body {\n            padding: 32px var(--space-sm, 16px) 48px var(--space-sm, 16px);\n            order: 2;\n        }\n\n        .wp-block-chiefs-banner-brick-column.banner-body h3 {\n            margin: 0;\n            margin-bottom: var(--space-sm, 16px);\n        }\n\n        .wp-block-chiefs-banner-brick-column.banner-image {\n            height: 260px;\n            order: 1;\n        }\n    }\n<\/style>\n<div id=\"chiefs-banner-block-block_94dcd315f078251a1d7e5b458da41152\" class=\"chiefs-banner-block\">\n    <div class=\"wp-block-chiefs-banner-brick\">\n\n                    <div class=\"wp-block-chiefs-banner-brick-column banner-body\" style=\"background-color:#f5b982\">\n                <h3 class=\"wp-block-chiefs-banner-brick-title\" style=\"color: #31272E;\">\n                    Stress im Alltag reduzieren<\/h3>\n                                <div class=\"wp-block-button\"><a class=\"wp-block-button__link\" href=\"https:\/\/www.chiefslife.com\/de-ch\/motivation-stress-im-alltag-reduzieren\/\" target=\"_self\" rel=\"noopener\">Jetzt lesen<\/a><\/div>\n            <\/div>\n            <div class=\"wp-block-chiefs-banner-brick-column banner-image\" style=\"background-color:#f5b982\">\n                <a class=\"wp-block-chiefs-banner-brick-image-link\" href=\"https:\/\/www.chiefslife.com\/de-ch\/motivation-stress-im-alltag-reduzieren\/\" target=\"_self\" rel=\"noopener\">\n                    <img decoding=\"async\" width=\"1500\" height=\"1000\" src=\"https:\/\/www.chiefslife.com\/de-ch\/wp-content\/uploads\/sites\/2\/2021\/04\/Lifestyle-Stress-reduzieren.jpg\" class=\"wp-block-chiefs-banner-brick-image wp-image-21581\" alt=\"Stimmungsbild Stress mit gestresster Frau am Laptop\" srcset=\"https:\/\/www.chiefslife.com\/de-ch\/wp-content\/uploads\/sites\/2\/2021\/04\/Lifestyle-Stress-reduzieren.jpg 1500w, https:\/\/www.chiefslife.com\/de-ch\/wp-content\/uploads\/sites\/2\/2021\/04\/Lifestyle-Stress-reduzieren-336x224.jpg 336w, https:\/\/www.chiefslife.com\/de-ch\/wp-content\/uploads\/sites\/2\/2021\/04\/Lifestyle-Stress-reduzieren-800x533.jpg 800w, https:\/\/www.chiefslife.com\/de-ch\/wp-content\/uploads\/sites\/2\/2021\/04\/Lifestyle-Stress-reduzieren-300x200.jpg 300w, https:\/\/www.chiefslife.com\/de-ch\/wp-content\/uploads\/sites\/2\/2021\/04\/Lifestyle-Stress-reduzieren-1024x683.jpg 1024w, https:\/\/www.chiefslife.com\/de-ch\/wp-content\/uploads\/sites\/2\/2021\/04\/Lifestyle-Stress-reduzieren-768x512.jpg 768w, https:\/\/www.chiefslife.com\/de-ch\/wp-content\/uploads\/sites\/2\/2021\/04\/Lifestyle-Stress-reduzieren-500x333.jpg 500w, https:\/\/www.chiefslife.com\/de-ch\/wp-content\/uploads\/sites\/2\/2021\/04\/Lifestyle-Stress-reduzieren-1280x853.jpg 1280w\" sizes=\"(max-width: 1500px) 100vw, 1500px\" \/>                <\/a>\n            <\/div>\n            <\/div>\n<\/div>\n\n\n<p><\/p>\n","protected":false},"excerpt":{"rendered":"<p>Motivation Gesunde Ern\u00e4hrung ist eine Grundvoraussetzung f\u00fcr k\u00f6rperliches und geistiges Wohlbefinden. Bereits kleine Gewohnheits\u00e4nderungen k\u00f6nnen Grosses bewirken. Erfahre, wie du deine Disziplin steigern und deinen Stress im Alltag reduzieren kannst. Raus aus dem Energieloch!<\/p>\n","protected":false},"author":2,"featured_media":0,"parent":0,"menu_order":0,"comment_status":"closed","ping_status":"closed","template":"","meta":{"_acf_changed":false,"inline_featured_image":false,"footnotes":""},"class_list":["post-780","page","type-page","status-publish","hentry"],"acf":[],"_links":{"self":[{"href":"https:\/\/www.chiefslife.com\/de-ch\/wp-json\/wp\/v2\/pages\/780","targetHints":{"allow":["GET"]}}],"collection":[{"href":"https:\/\/www.chiefslife.com\/de-ch\/wp-json\/wp\/v2\/pages"}],"about":[{"href":"https:\/\/www.chiefslife.com\/de-ch\/wp-json\/wp\/v2\/types\/page"}],"author":[{"embeddable":true,"href":"https:\/\/www.chiefslife.com\/de-ch\/wp-json\/wp\/v2\/users\/2"}],"replies":[{"embeddable":true,"href":"https:\/\/www.chiefslife.com\/de-ch\/wp-json\/wp\/v2\/comments?post=780"}],"version-history":[{"count":0,"href":"https:\/\/www.chiefslife.com\/de-ch\/wp-json\/wp\/v2\/pages\/780\/revisions"}],"wp:attachment":[{"href":"https:\/\/www.chiefslife.com\/de-ch\/wp-json\/wp\/v2\/media?parent=780"}],"curies":[{"name":"wp","href":"https:\/\/api.w.org\/{rel}","templated":true}]}}