{"id":1241,"date":"2021-03-11T17:30:53","date_gmt":"2021-03-11T16:30:53","guid":{"rendered":"https:\/\/www.chiefslife.com\/de-ch\/product\/vanilla-drive-2\/"},"modified":"2026-03-30T08:29:44","modified_gmt":"2026-03-30T06:29:44","slug":"protein-pudding-vanilla","status":"publish","type":"product","link":"https:\/\/www.chiefslife.com\/de-ch\/produkt\/protein-pudding-vanilla\/","title":{"rendered":"Vanilla"},"content":{"rendered":"<p>LACTOSE FREE: Laktosegehalt &lt;0,1 g\/100 g<br \/>\nHIGH PROTEIN: 20 g Protein pro Becher<br \/>\nZERO ADDED SUGAR: Ohne Zuckerzusatz Enth\u00e4lt von Natur aus Zucker.<br \/>\nLOWER CARB: 75% weniger Kohlenhydrate als ein vergleichbares Produkt.<\/p>\n<p>Laktosefreier Pudding mit Milchprotein, mit S\u00fc\u00dfungsmitteln. Vanillegeschmack. UHT.<\/p>\n<p>Zutaten: entrahmte MILCH, 8,0 % MILCHEIWEI\u00df, SAHNE, Verdickungsmittel: Carrageen, Cellulosegummi; Aroma, modifizierte St\u00e4rke, f\u00e4rbendes Saflorkonzentrat, Laktase, S\u00fc\u00dfungsmittel: Acesulfam K, Sucralose<\/p>\n<p>Protein tr\u00e4gt zum Aufbau und Erhalt der Muskelmasse bei.<\/p>\n<p>Hergestellt in Deutschland.<\/p>\n","protected":false},"excerpt":{"rendered":"<p><em>Online nicht erh\u00e4ltlich.<\/em> \u00a0 Ein Klassiker? Ja! Langweilig? Bestimmt nicht! Denn unser Vanille Pudding steht deinem gewohnten Dessert in keiner Weise nach.<\/p>\n","protected":false},"featured_media":51704,"comment_status":"closed","ping_status":"closed","template":"","meta":{"_acf_changed":false,"inline_featured_image":false},"product_brand":[],"product_cat":[164],"product_tag":[146,105,82,145],"class_list":{"0":"post-1241","1":"product","2":"type-product","3":"status-publish","4":"has-post-thumbnail","6":"product_cat-protein-pudding","7":"product_tag-high-protein","8":"product_tag-lactose-free","9":"product_tag-lower-carb","10":"product_tag-no-added-sugar","12":"first","13":"instock","14":"taxable","15":"shipping-taxable","16":"product-type-simple"},"acf":[],"tiered_pricing_type":"fixed","tiered_pricing_fixed_rules":[],"tiered_pricing_product_settings":{"layout":"default","base_unit_name":{"singular":null,"plural":null},"default_variation":null},"tiered_pricing_minimum_quantity":null,"tiered_pricing_roles_data":[],"tiered_pricing_percentage_rules":[],"tiered_pricing_maximum_quantity":null,"tiered_pricing_quantity_step":null,"_links":{"self":[{"href":"https:\/\/www.chiefslife.com\/de-ch\/wp-json\/wp\/v2\/product\/1241","targetHints":{"allow":["GET"]}}],"collection":[{"href":"https:\/\/www.chiefslife.com\/de-ch\/wp-json\/wp\/v2\/product"}],"about":[{"href":"https:\/\/www.chiefslife.com\/de-ch\/wp-json\/wp\/v2\/types\/product"}],"replies":[{"embeddable":true,"href":"https:\/\/www.chiefslife.com\/de-ch\/wp-json\/wp\/v2\/comments?post=1241"}],"wp:featuredmedia":[{"embeddable":true,"href":"https:\/\/www.chiefslife.com\/de-ch\/wp-json\/wp\/v2\/media\/51704"}],"wp:attachment":[{"href":"https:\/\/www.chiefslife.com\/de-ch\/wp-json\/wp\/v2\/media?parent=1241"}],"wp:term":[{"taxonomy":"product_brand","embeddable":true,"href":"https:\/\/www.chiefslife.com\/de-ch\/wp-json\/wp\/v2\/product_brand?post=1241"},{"taxonomy":"product_cat","embeddable":true,"href":"https:\/\/www.chiefslife.com\/de-ch\/wp-json\/wp\/v2\/product_cat?post=1241"},{"taxonomy":"product_tag","embeddable":true,"href":"https:\/\/www.chiefslife.com\/de-ch\/wp-json\/wp\/v2\/product_tag?post=1241"}],"curies":[{"name":"wp","href":"https:\/\/api.w.org\/{rel}","templated":true}]}}