{"id":1277,"date":"2021-03-12T08:41:05","date_gmt":"2021-03-12T07:41:05","guid":{"rendered":"https:\/\/www.chiefslife.com\/de-ch\/product\/salted-caramel\/"},"modified":"2026-04-20T12:34:06","modified_gmt":"2026-04-20T10:34:06","slug":"protein-ice-cream-salted-caramel","status":"publish","type":"product","link":"https:\/\/www.chiefslife.com\/de-ch\/produkt\/protein-ice-cream-salted-caramel\/","title":{"rendered":"Salted Caramel"},"content":{"rendered":"<div class=\"ewa-rteLine\">33G HIGH PROTEIN*pro Becher.<\/div>\n<div class=\"ewa-rteLine\">ZERO ADDED SUGAR*Enth\u00e4lt von Natur aus Zucker.<\/div>\n<p>&nbsp;<\/p>\n<p>Protein Eis mit Sauce, mit S\u00fc\u00dfungsmitteln. Salzkaramellgeschmack.<\/p>\n<p>Zutaten: MAGERMILCH, Wasser, 13 % Sauce mit Karamellgeschmack mit S\u00fc\u00dfungsmittel (BUTTER, S\u00fc\u00dfungsmittel: Maltit; modifizierte St\u00e4rke, Verdickungsmittel: Carrageen; nat\u00fcrliche Aromen, f\u00e4rbendes Frucht- und Pflanzenkonzentrat aus Apfel, Karotte und Hibiskus, Wasser, 0,5 % Salz, Polydextrose, Emulgator: Mono- und Diglyceride von Speisefetts\u00e4uren), MILCHPROTEIN, S\u00fc\u00dfungsmittel: Erythrit, Steviolglycoside aus Stevia, Xylit, Sorbit; Inulin, MAGERMILCHPULVER, Kokosfett, Farbstoffe: Zuckerkul\u00f6r, Ammonsulfit-Zuckerkul\u00f6r; 0,9 % Salz, Konservierungsmittel: Kaliumsorbat; S\u00e4uerungsmittel: Weins\u00e4ure; Aroma, Stabilisatoren: Johannisbrotkernmehl, Guarkernmehl, Natrium-Carboxymethylcellulose.<\/p>\n<p>Diese Verpackung enth\u00e4lt 2,7 Portionen. Eine Portion = 100 g<\/p>\n<p>Kann bei \u00fcberm\u00e4\u00dfigem Verzehr abf\u00fchrend wirken.<\/p>\n<p>Hergesstellt in der EU.<\/p>\n","protected":false},"excerpt":{"rendered":"<p><em>Online nicht erh\u00e4ltlich.<\/em><\/p>\n<p>&nbsp;<\/p>\n<p>Have an ice day! Mit unserem Salted Caramel Ice Cream garantiert.<\/p>\n","protected":false},"featured_media":50288,"comment_status":"closed","ping_status":"closed","template":"","meta":{"_acf_changed":false,"inline_featured_image":false},"product_brand":[],"product_cat":[170],"product_tag":[146,145],"class_list":{"0":"post-1277","1":"product","2":"type-product","3":"status-publish","4":"has-post-thumbnail","6":"product_cat-protein-ice-cream","7":"product_tag-high-protein","8":"product_tag-no-added-sugar","10":"first","11":"instock","12":"taxable","13":"shipping-taxable","14":"product-type-simple"},"acf":[],"tiered_pricing_type":"fixed","tiered_pricing_fixed_rules":[],"tiered_pricing_product_settings":{"layout":"default","base_unit_name":{"singular":null,"plural":null},"default_variation":null},"tiered_pricing_minimum_quantity":null,"tiered_pricing_roles_data":[],"tiered_pricing_percentage_rules":[],"tiered_pricing_maximum_quantity":null,"tiered_pricing_quantity_step":null,"_links":{"self":[{"href":"https:\/\/www.chiefslife.com\/de-ch\/wp-json\/wp\/v2\/product\/1277","targetHints":{"allow":["GET"]}}],"collection":[{"href":"https:\/\/www.chiefslife.com\/de-ch\/wp-json\/wp\/v2\/product"}],"about":[{"href":"https:\/\/www.chiefslife.com\/de-ch\/wp-json\/wp\/v2\/types\/product"}],"replies":[{"embeddable":true,"href":"https:\/\/www.chiefslife.com\/de-ch\/wp-json\/wp\/v2\/comments?post=1277"}],"wp:featuredmedia":[{"embeddable":true,"href":"https:\/\/www.chiefslife.com\/de-ch\/wp-json\/wp\/v2\/media\/50288"}],"wp:attachment":[{"href":"https:\/\/www.chiefslife.com\/de-ch\/wp-json\/wp\/v2\/media?parent=1277"}],"wp:term":[{"taxonomy":"product_brand","embeddable":true,"href":"https:\/\/www.chiefslife.com\/de-ch\/wp-json\/wp\/v2\/product_brand?post=1277"},{"taxonomy":"product_cat","embeddable":true,"href":"https:\/\/www.chiefslife.com\/de-ch\/wp-json\/wp\/v2\/product_cat?post=1277"},{"taxonomy":"product_tag","embeddable":true,"href":"https:\/\/www.chiefslife.com\/de-ch\/wp-json\/wp\/v2\/product_tag?post=1277"}],"curies":[{"name":"wp","href":"https:\/\/api.w.org\/{rel}","templated":true}]}}