{"id":25623,"date":"2022-07-25T14:00:17","date_gmt":"2022-07-25T12:00:17","guid":{"rendered":"https:\/\/www.chiefslife.com\/de-ch\/?post_type=product&#038;p=25623"},"modified":"2025-11-30T23:54:44","modified_gmt":"2025-11-30T22:54:44","slug":"protein-muesli-banana-kiwi","status":"publish","type":"product","link":"https:\/\/www.chiefslife.com\/de-ch\/produkt\/protein-muesli-banana-kiwi\/","title":{"rendered":"Banana Kiwi"},"content":{"rendered":"<p>LACTOSE FREE: Laktosegehalt &lt;0,1 g\/100 g<br \/>\nHIGH PROTEIN: 15 g Protein pro Becher<br \/>\nNO ADDED SUGAR: Ohne Zuckerzusatz Enth\u00e4lt von Natur aus Zucker.<br \/>\nLOWER CARB: 50% weniger Kohlenhydrate als herk\u00f6mmliche Bircherm\u00fcesli.<\/p>\n<p>Quark mit Joghurt und M\u00fceslizubereitung (0,6% Fett im Milchanteil). Mit S\u00fcssungsmitteln.<\/p>\n<p>Zutaten: Pasteurisierte MAGERMILCH, pasteurisierte teilentrahmte MILCH, 21,8% Fr\u00fcchte (13,6% Kiwis, 8,2% Bananen), 1,6% WEIZEN, 1,6% HAFER, Zitronensaftkonzentrat, HASELN\u00dcSSE, MILCHPROTEIN, S\u00fcssungsmittel: Acesufam K, Sucralose; Stabilisator: Guarkernmehl; nat\u00fcrliches Aroma.<\/p>\n<p>Kann Spuren von Waln\u00fcssen enthalten.<\/p>\n","protected":false},"excerpt":{"rendered":"<p><em>Online nicht erh\u00e4ltlich.<\/em><\/p>\n<p>&nbsp;<\/p>\n<p><strong>Protein-up your breakfast!<\/strong> Feriengef\u00fchle beim Fr\u00fchst\u00fccken \u2013 was willst du mehr? Neu gibt\u2019s unser Protein M\u00fcesli auch mit Bananen-Kiwi-Geschmack. Tropische Fr\u00fcchte, nahrhaften Hafer und beste Schweizer Milch. Eine echt leckere Kombination mit satten 15 Gramm Protein, weniger Kohlenhydraten und nat\u00fcrlich ohne zugesetzten Zucker. Der Schweizer Klassiker neu erfunden!<\/p>\n","protected":false},"featured_media":25626,"comment_status":"closed","ping_status":"closed","template":"","meta":{"_acf_changed":false,"inline_featured_image":false},"product_brand":[],"product_cat":[517],"product_tag":[146,105,82,145],"class_list":{"0":"post-25623","1":"product","2":"type-product","3":"status-publish","4":"has-post-thumbnail","6":"product_cat-protein-mueesli","7":"product_tag-high-protein","8":"product_tag-lactose-free","9":"product_tag-lower-carb","10":"product_tag-no-added-sugar","12":"first","13":"instock","14":"taxable","15":"shipping-taxable","16":"product-type-simple"},"acf":[],"tiered_pricing_type":"fixed","tiered_pricing_fixed_rules":[],"tiered_pricing_product_settings":{"layout":"default","base_unit_name":{"singular":null,"plural":null},"default_variation":null},"tiered_pricing_minimum_quantity":null,"tiered_pricing_roles_data":[],"tiered_pricing_percentage_rules":[],"tiered_pricing_maximum_quantity":null,"tiered_pricing_quantity_step":null,"_links":{"self":[{"href":"https:\/\/www.chiefslife.com\/de-ch\/wp-json\/wp\/v2\/product\/25623","targetHints":{"allow":["GET"]}}],"collection":[{"href":"https:\/\/www.chiefslife.com\/de-ch\/wp-json\/wp\/v2\/product"}],"about":[{"href":"https:\/\/www.chiefslife.com\/de-ch\/wp-json\/wp\/v2\/types\/product"}],"replies":[{"embeddable":true,"href":"https:\/\/www.chiefslife.com\/de-ch\/wp-json\/wp\/v2\/comments?post=25623"}],"wp:featuredmedia":[{"embeddable":true,"href":"https:\/\/www.chiefslife.com\/de-ch\/wp-json\/wp\/v2\/media\/25626"}],"wp:attachment":[{"href":"https:\/\/www.chiefslife.com\/de-ch\/wp-json\/wp\/v2\/media?parent=25623"}],"wp:term":[{"taxonomy":"product_brand","embeddable":true,"href":"https:\/\/www.chiefslife.com\/de-ch\/wp-json\/wp\/v2\/product_brand?post=25623"},{"taxonomy":"product_cat","embeddable":true,"href":"https:\/\/www.chiefslife.com\/de-ch\/wp-json\/wp\/v2\/product_cat?post=25623"},{"taxonomy":"product_tag","embeddable":true,"href":"https:\/\/www.chiefslife.com\/de-ch\/wp-json\/wp\/v2\/product_tag?post=25623"}],"curies":[{"name":"wp","href":"https:\/\/api.w.org\/{rel}","templated":true}]}}