{"id":28222,"date":"2022-10-24T10:34:31","date_gmt":"2022-10-24T08:34:31","guid":{"rendered":"https:\/\/www.chiefslife.com\/de-ch\/?post_type=product&#038;p=28222"},"modified":"2025-11-30T23:54:42","modified_gmt":"2025-11-30T22:54:42","slug":"protein-bakery-vanilla-drive","status":"publish","type":"product","link":"https:\/\/www.chiefslife.com\/de-ch\/produkt\/protein-bakery-vanilla-drive\/","title":{"rendered":"Protein Bakery Vanilla Drive"},"content":{"rendered":"<p>HIGH PROTEIN: 11 g pro Protion. Hoher Proteingehalt.<br \/>\nNO ADDED SUGAR: Ohne Zuckerzusatz. Enth\u00e4lt von Natur aus Zucker.<br \/>\n-30% CARBS: 30% weniger Kohlenhydrate als herk\u00f6mmliche Feinbackwaren.<\/p>\n<p class=\"p1\">Fertiggebackene, aufgetaute Feinbackware mit S\u00fcssungsmitteln.<\/p>\n<p class=\"p1\">Zutaten: WEIZENMEHL, Wasser, Rohziger (MAGERK\u00c4SE), WEIZENFASERN, WEIZENKLEBER, EIER (Freilandhaltung), Reis gepufft, Maisgriess extrudiert, Hefe, WEIZENQUELLMEHL, Salz, EIWEISS (Freilandhaltung), Oblate (Maisst\u00e4rke, Kartoffelst\u00e4rke, Wasser, Kakaopulver, Emulgator: Sonnenblumenlecithine), MILCHEIWEISS, Aroma, S\u00fcssungsmittel: Aspartam, Acesulfam-K; Kurkuma, Sauerteig (ROGGEN), Malzmehl (GERSTE), Mehlbehandlungsmittel: Ascorbins\u00e4ure.<\/p>\n<p>Kann Spuren von Soja, Mandeln, Haseln\u00fcssen, Baumn\u00fcssen, Sesam, Sellerie, Senf und Sulfiten enthalten. Enh\u00e4lt eine Phenylalaninquelle.<\/p>\n","protected":false},"excerpt":{"rendered":"<p><em>Online nicht erh\u00e4ltlich.<\/em><\/p>\n<p>&nbsp;<\/p>\n<p>Protein Bakery Vanilla Drive ist die erste Protein Feinbackware mit Vanille-Geschmack! Luftig leicht und perfekt kombinierbar mit unseren Chiefs Vanilla Drive Milk Protein Drinks und Protein Puddings. Protein Bakery beeindruckt durch satte 11 g Protein, 30% weniger Kohlenhydrate, keinen Zuckerzusatz und einen tiefen Fettgehalt. Dabei ist es zus\u00e4tzlich reich an Ballaststoffen und wird in der Schweiz aus besten Rohstoffen produziert.<\/p>\n","protected":false},"featured_media":28224,"comment_status":"closed","ping_status":"closed","template":"","meta":{"_acf_changed":false,"inline_featured_image":false},"product_brand":[],"product_cat":[553],"product_tag":[554,488,146,145],"class_list":{"0":"post-28222","1":"product","2":"type-product","3":"status-publish","4":"has-post-thumbnail","6":"product_cat-protein-bakery","7":"product_tag-30-carbs","8":"product_tag-high-fibre","9":"product_tag-high-protein","10":"product_tag-no-added-sugar","12":"first","13":"instock","14":"taxable","15":"shipping-taxable","16":"product-type-simple"},"acf":[],"tiered_pricing_type":"fixed","tiered_pricing_fixed_rules":[],"tiered_pricing_product_settings":{"layout":"default","base_unit_name":{"singular":null,"plural":null},"default_variation":null},"tiered_pricing_minimum_quantity":null,"tiered_pricing_roles_data":[],"tiered_pricing_percentage_rules":[],"tiered_pricing_maximum_quantity":null,"tiered_pricing_quantity_step":null,"_links":{"self":[{"href":"https:\/\/www.chiefslife.com\/de-ch\/wp-json\/wp\/v2\/product\/28222","targetHints":{"allow":["GET"]}}],"collection":[{"href":"https:\/\/www.chiefslife.com\/de-ch\/wp-json\/wp\/v2\/product"}],"about":[{"href":"https:\/\/www.chiefslife.com\/de-ch\/wp-json\/wp\/v2\/types\/product"}],"replies":[{"embeddable":true,"href":"https:\/\/www.chiefslife.com\/de-ch\/wp-json\/wp\/v2\/comments?post=28222"}],"wp:featuredmedia":[{"embeddable":true,"href":"https:\/\/www.chiefslife.com\/de-ch\/wp-json\/wp\/v2\/media\/28224"}],"wp:attachment":[{"href":"https:\/\/www.chiefslife.com\/de-ch\/wp-json\/wp\/v2\/media?parent=28222"}],"wp:term":[{"taxonomy":"product_brand","embeddable":true,"href":"https:\/\/www.chiefslife.com\/de-ch\/wp-json\/wp\/v2\/product_brand?post=28222"},{"taxonomy":"product_cat","embeddable":true,"href":"https:\/\/www.chiefslife.com\/de-ch\/wp-json\/wp\/v2\/product_cat?post=28222"},{"taxonomy":"product_tag","embeddable":true,"href":"https:\/\/www.chiefslife.com\/de-ch\/wp-json\/wp\/v2\/product_tag?post=28222"}],"curies":[{"name":"wp","href":"https:\/\/api.w.org\/{rel}","templated":true}]}}