{"id":37363,"date":"2023-07-04T11:35:04","date_gmt":"2023-07-04T09:35:04","guid":{"rendered":"https:\/\/www.chiefslife.com\/de-ch\/?post_type=product&#038;p=37363"},"modified":"2025-12-03T11:50:50","modified_gmt":"2025-12-03T10:50:50","slug":"protein-bar-double-choc-trio-pack","status":"publish","type":"product","link":"https:\/\/www.chiefslife.com\/de-ch\/produkt\/protein-bar-double-choc-trio-pack\/","title":{"rendered":"Double Choc Trio Pack"},"content":{"rendered":"<p>NO ADDED SUGAR: Ohne Zuckerzusatz. Enth\u00e4lt von Natur aus Zucker.<br \/>\nHIGH PROTEIN: 20 g Protein pro Riegel<br \/>\nPALM OIL FREE<\/p>\n<p>Proteinriegel \u00fcberzogen mit Vollmilchschokolade, mit S\u00fcssungsmitteln. Double Choco-Geschmack.<\/p>\n<p>Zutaten: 30% Vollmilchschokolade mit S\u00fcssungsmittel (S\u00fcssungsmittel: Maltit; Kakaobutter, VOLLMILCHPULVER, Kakaomasse, Emulgator: Lecithine; Aroma), MILCHPROTEIN, Feuchthaltemittel: Glycerin, SOJAPROTEIN, Kollagenhydrolysat, S\u00fcssungsmittel: Maltit, Sucralose; Kakaomasse, fettarmes Kakaopulver, Kakaobutter, St\u00e4rke, Farbstoff: Zuckerkul\u00f6r; Emulgator: Lecithine; Sonnenblumen\u00f6l, Aroma, Salz.<\/p>\n<p>Kann Spuren von Gluten, Ei, Erdn\u00fcssen und Schalenfr\u00fcchten enthalten.<br \/>\nKann bei \u00fcberm\u00e4\u00dfigem Verzehr abf\u00fchrend wirken.<\/p>\n<p>*Proteine tragen zu einer Zunahme und zur Erhaltung von Muskelmasse bei.<br \/>\nHergestellt in Deutschland.<\/p>\n","protected":false},"excerpt":{"rendered":"<p>Weil einer nie genug ist! Unsere leckeren Protein Bars gibt es nun auch im Dreierpack. Zum alleine geniessen und (vielleicht) auch zum Teilen geeignet.<\/p>\n","protected":false},"featured_media":37364,"comment_status":"closed","ping_status":"closed","template":"","meta":{"_acf_changed":false,"inline_featured_image":false},"product_brand":[],"product_cat":[148],"product_tag":[146,145,110],"class_list":{"0":"post-37363","1":"product","2":"type-product","3":"status-publish","4":"has-post-thumbnail","6":"product_cat-protein-bars","7":"product_tag-high-protein","8":"product_tag-no-added-sugar","9":"product_tag-palm-oil-free","11":"first","12":"instock","13":"taxable","14":"shipping-taxable","15":"purchasable","16":"product-type-simple"},"acf":[],"tiered_pricing_type":"fixed","tiered_pricing_fixed_rules":[],"tiered_pricing_product_settings":{"layout":"default","base_unit_name":{"singular":null,"plural":null},"default_variation":null},"tiered_pricing_minimum_quantity":null,"tiered_pricing_roles_data":[],"tiered_pricing_percentage_rules":[],"tiered_pricing_maximum_quantity":null,"tiered_pricing_quantity_step":null,"_links":{"self":[{"href":"https:\/\/www.chiefslife.com\/de-ch\/wp-json\/wp\/v2\/product\/37363","targetHints":{"allow":["GET"]}}],"collection":[{"href":"https:\/\/www.chiefslife.com\/de-ch\/wp-json\/wp\/v2\/product"}],"about":[{"href":"https:\/\/www.chiefslife.com\/de-ch\/wp-json\/wp\/v2\/types\/product"}],"replies":[{"embeddable":true,"href":"https:\/\/www.chiefslife.com\/de-ch\/wp-json\/wp\/v2\/comments?post=37363"}],"wp:featuredmedia":[{"embeddable":true,"href":"https:\/\/www.chiefslife.com\/de-ch\/wp-json\/wp\/v2\/media\/37364"}],"wp:attachment":[{"href":"https:\/\/www.chiefslife.com\/de-ch\/wp-json\/wp\/v2\/media?parent=37363"}],"wp:term":[{"taxonomy":"product_brand","embeddable":true,"href":"https:\/\/www.chiefslife.com\/de-ch\/wp-json\/wp\/v2\/product_brand?post=37363"},{"taxonomy":"product_cat","embeddable":true,"href":"https:\/\/www.chiefslife.com\/de-ch\/wp-json\/wp\/v2\/product_cat?post=37363"},{"taxonomy":"product_tag","embeddable":true,"href":"https:\/\/www.chiefslife.com\/de-ch\/wp-json\/wp\/v2\/product_tag?post=37363"}],"curies":[{"name":"wp","href":"https:\/\/api.w.org\/{rel}","templated":true}]}}