{"id":43690,"date":"2024-03-13T13:37:42","date_gmt":"2024-03-13T12:37:42","guid":{"rendered":"https:\/\/www.chiefslife.com\/de-ch\/?post_type=product&#038;p=43690"},"modified":"2025-11-30T23:54:30","modified_gmt":"2025-11-30T22:54:30","slug":"protein-bar-birthday-cake","status":"publish","type":"product","link":"https:\/\/www.chiefslife.com\/de-ch\/produkt\/protein-bar-birthday-cake\/","title":{"rendered":"Birthday Cake"},"content":{"rendered":"<p>NO ADDED SUGAR: Ohne Zuckerzusatz. Enth\u00e4lt von Natur aus Zucker.<br \/>\nHIGH PROTEIN: 20 g Protein pro Riegel<br \/>\nPALM OIL FREE<\/p>\n<p>Proteinriegel \u00fcberzogen mit weisser Schokolade, mit 5% Konfetti-Streusel, mit S\u00fcssungsmitteln. Geburtstagskuchengeschmack.<\/p>\n<p class=\"ewa-rteLine\">Zutaten: MILCHPROTEIN, 24% weisse Schokolade mit S\u00fcssungsmittel (S\u00fcssungsmittel: Maltit; Kakaobutter, VOLLMILCHPULVER, Emulgator: Lecithine; nat\u00fcrliches Vanillearoma), Feuchthaltemittel: Glycerin; Kollagen-Hydrolysat, Polydextrose, Sojacrispies (SOJAPROTEIN, Tapiokast\u00e4rke, GERSTENMALZEXTRAKT (GLUTEN), Salz), Konfetti-Streusel (S\u00fcssungsmittel: Maltit; Kartoffelst\u00e4rke, Kakaobutter, Reismehl, Farbstoffe: Curcumin, Brillantblau FCF, Rote Beete Rot), Wasser, Vollmilchschokolade mit S\u00fcssungsmittel (S\u00fcssungsmittel: Maltit; Kakaobutter, VOLLMILCHPULVER, Kakaomasse, Emulgator: Lecithine; nat\u00fcrliches Vanillearoma), Sonnenblumen\u00f6l, Aromen, Himbeerpulver (Himbeerp\u00fcreekonzentrat, Maltodextrin), S\u00e4ureregulator: Citronens\u00e4ure; Konzentrat (S\u00fcsskartoffel, Karotte).<\/p>\n<p class=\"ewa-rteLine\">Kann Spuren von anderem glutenhaltigen\u00a0Getreide, Erdn\u00fcssen und Schalenfr\u00fcchten enthalten.<br \/>\nKann bei \u00fcberm\u00e4\u00dfigem Verzehr abf\u00fchrend wirken.<\/p>\n<p>*Proteine tragen zu einer Zunahme und zur Erhaltung von Muskelmasse bei.<br \/>\nHergestellt in Deutschland.<\/p>\n","protected":false},"excerpt":{"rendered":"<p>Happy Birthday, Chiefs! Wir feiern unser 10-j\u00e4hriges Jubil\u00e4um mit dem \u00abBirthday Cake\u00bb Protein Riegel im Geschmack eines Geburtstagskuchens. Umh\u00fcllt von knuspriger weisser Schokolade, offenbart er im Inneren fruchtige Beeren und crunchy Konfetti-Streusel.<\/p>\n","protected":false},"featured_media":43682,"comment_status":"closed","ping_status":"closed","template":"","meta":{"_acf_changed":false,"inline_featured_image":false},"product_brand":[],"product_cat":[148],"product_tag":[146,145,110],"class_list":{"0":"post-43690","1":"product","2":"type-product","3":"status-publish","4":"has-post-thumbnail","6":"product_cat-protein-bars","7":"product_tag-high-protein","8":"product_tag-no-added-sugar","9":"product_tag-palm-oil-free","11":"first","12":"instock","13":"taxable","14":"shipping-taxable","15":"purchasable","16":"product-type-simple"},"acf":[],"tiered_pricing_type":"fixed","tiered_pricing_fixed_rules":[],"tiered_pricing_product_settings":{"layout":"default","base_unit_name":{"singular":null,"plural":null},"default_variation":null},"tiered_pricing_minimum_quantity":null,"tiered_pricing_roles_data":[],"tiered_pricing_percentage_rules":[],"tiered_pricing_maximum_quantity":null,"tiered_pricing_quantity_step":null,"_links":{"self":[{"href":"https:\/\/www.chiefslife.com\/de-ch\/wp-json\/wp\/v2\/product\/43690","targetHints":{"allow":["GET"]}}],"collection":[{"href":"https:\/\/www.chiefslife.com\/de-ch\/wp-json\/wp\/v2\/product"}],"about":[{"href":"https:\/\/www.chiefslife.com\/de-ch\/wp-json\/wp\/v2\/types\/product"}],"replies":[{"embeddable":true,"href":"https:\/\/www.chiefslife.com\/de-ch\/wp-json\/wp\/v2\/comments?post=43690"}],"wp:featuredmedia":[{"embeddable":true,"href":"https:\/\/www.chiefslife.com\/de-ch\/wp-json\/wp\/v2\/media\/43682"}],"wp:attachment":[{"href":"https:\/\/www.chiefslife.com\/de-ch\/wp-json\/wp\/v2\/media?parent=43690"}],"wp:term":[{"taxonomy":"product_brand","embeddable":true,"href":"https:\/\/www.chiefslife.com\/de-ch\/wp-json\/wp\/v2\/product_brand?post=43690"},{"taxonomy":"product_cat","embeddable":true,"href":"https:\/\/www.chiefslife.com\/de-ch\/wp-json\/wp\/v2\/product_cat?post=43690"},{"taxonomy":"product_tag","embeddable":true,"href":"https:\/\/www.chiefslife.com\/de-ch\/wp-json\/wp\/v2\/product_tag?post=43690"}],"curies":[{"name":"wp","href":"https:\/\/api.w.org\/{rel}","templated":true}]}}