{"id":45531,"date":"2024-06-17T17:24:16","date_gmt":"2024-06-17T15:24:16","guid":{"rendered":"https:\/\/www.chiefslife.com\/de-ch\/?post_type=product&#038;p=45531"},"modified":"2025-11-30T23:54:24","modified_gmt":"2025-11-30T22:54:24","slug":"protein-chips-sweet-paprika","status":"publish","type":"product","link":"https:\/\/www.chiefslife.com\/de-ch\/produkt\/protein-chips-sweet-paprika\/","title":{"rendered":"Sweet Paprika"},"content":{"rendered":"<p>-70% FAT: 70% weniger Fett als herk\u00f6mmliche Kartoffelchips.<br \/>\n21G PROTEIN: pro T\u00fcte. Hoher Proteingehalt.<\/p>\n<p class=\"ewa-rteLine\">Snack aus Erbsen und Linsen mit Kartoffeln und Reis.<\/p>\n<p class=\"ewa-rteLine\">Zutaten: 32% Erbsenproteine, 20% Linsenmehl, Kartoffel, Reismehl, Gew\u00fcrzzubereitung (Dextrose, Maltodextrin, Paprikapulver, Zwiebelpulver, Chilipulver, Kurkumapulver), Speisesalz, Zucker, nat\u00fcrliches Aroma, S\u00e4ureregulator: Natriumacetat; Hefeextrakt, Raucharoma, Sonnenblumen\u00f6l.<\/p>\n<p>*Proteine tragen zu einer Zunahme und zur Erhaltung von Muskelmasse bei.<br \/>\nHergestellt in der Schweiz.<\/p>\n","protected":false},"excerpt":{"rendered":"<p>Der Klassiker schlechthin: Paprika f\u00fcr ein intensives und unverkennbares Geschmackserlebnis \u2013 mit einem leicht s\u00fcsslichen Touch.<\/p>\n","protected":false},"featured_media":45532,"comment_status":"closed","ping_status":"closed","template":"","meta":{"_acf_changed":false,"inline_featured_image":false},"product_brand":[],"product_cat":[610],"product_tag":[143,146,105,220,490,81],"class_list":{"0":"post-45531","1":"product","2":"type-product","3":"status-publish","4":"has-post-thumbnail","6":"product_cat-protein-chips","7":"product_tag-gluten-free","8":"product_tag-high-protein","9":"product_tag-lactose-free","10":"product_tag-soy-free","11":"product_tag-swiss-made","12":"product_tag-vegan","14":"first","15":"instock","16":"taxable","17":"shipping-taxable","18":"purchasable","19":"product-type-simple"},"acf":[],"tiered_pricing_type":"fixed","tiered_pricing_fixed_rules":[],"tiered_pricing_product_settings":{"layout":"default","base_unit_name":{"singular":null,"plural":null},"default_variation":null},"tiered_pricing_minimum_quantity":null,"tiered_pricing_roles_data":[],"tiered_pricing_percentage_rules":[],"tiered_pricing_maximum_quantity":null,"tiered_pricing_quantity_step":null,"_links":{"self":[{"href":"https:\/\/www.chiefslife.com\/de-ch\/wp-json\/wp\/v2\/product\/45531","targetHints":{"allow":["GET"]}}],"collection":[{"href":"https:\/\/www.chiefslife.com\/de-ch\/wp-json\/wp\/v2\/product"}],"about":[{"href":"https:\/\/www.chiefslife.com\/de-ch\/wp-json\/wp\/v2\/types\/product"}],"replies":[{"embeddable":true,"href":"https:\/\/www.chiefslife.com\/de-ch\/wp-json\/wp\/v2\/comments?post=45531"}],"wp:featuredmedia":[{"embeddable":true,"href":"https:\/\/www.chiefslife.com\/de-ch\/wp-json\/wp\/v2\/media\/45532"}],"wp:attachment":[{"href":"https:\/\/www.chiefslife.com\/de-ch\/wp-json\/wp\/v2\/media?parent=45531"}],"wp:term":[{"taxonomy":"product_brand","embeddable":true,"href":"https:\/\/www.chiefslife.com\/de-ch\/wp-json\/wp\/v2\/product_brand?post=45531"},{"taxonomy":"product_cat","embeddable":true,"href":"https:\/\/www.chiefslife.com\/de-ch\/wp-json\/wp\/v2\/product_cat?post=45531"},{"taxonomy":"product_tag","embeddable":true,"href":"https:\/\/www.chiefslife.com\/de-ch\/wp-json\/wp\/v2\/product_tag?post=45531"}],"curies":[{"name":"wp","href":"https:\/\/api.w.org\/{rel}","templated":true}]}}