{"id":47157,"date":"2024-10-04T11:23:17","date_gmt":"2024-10-04T09:23:17","guid":{"rendered":"https:\/\/www.chiefslife.com\/de-ch\/?post_type=product&#038;p=47157"},"modified":"2025-11-30T23:54:21","modified_gmt":"2025-11-30T22:54:21","slug":"protein-bar-fudge-brownie","status":"publish","type":"product","link":"https:\/\/www.chiefslife.com\/de-ch\/produkt\/protein-bar-fudge-brownie\/","title":{"rendered":"Fudge Brownie"},"content":{"rendered":"<p>NO ADDED SUGAR: Ohne Zuckerzusatz. Enth\u00e4lt von Natur aus Zucker.<br \/>\nHIGH PROTEIN: 13 g Protein pro Riegel<br \/>\nPALM OIL FREE<br \/>\nVEGAN<\/p>\n<p>Veganer Proteinriegel \u00fcberzogen mit feinherbem Kakaoerzeugnis, mit S\u00fcssungsmitteln. Fudge Brownie-Geschmack<\/p>\n<p>Zutaten: 24% Kakaoerzeugnis feinherb mit S\u00fcssungsmittel (Kakaomasse, S\u00fcssungsmittel: Maltit; Kakaobutter, Emulgator: Lecithine; nat\u00fcrliches Vanillearoma), vegane Proteine (SOJAPROTEIN, Erbsenprotein, Reisprotein), Feuchthaltemittel: Glycerin; \u00dcberzug aus feinherbem Kakaoerzeugnis mit S\u00fcssungsmittel (S\u00fcssungsmittel: Maltit; Kakaobutter, Oligofruktose, Kakaomasse, Reismehl, Emulgator: Lecithine; nat\u00fcrliches Kakaoaroma, nat\u00fcrliches Vanillearoma), Polydextrose, Soja-Kakaocrispies (SOJAPROTEIN, Kakaopulver, Tapiokast\u00e4rke), Sonnenblumen\u00f6l, fettreduziertes Kakaopulver, Aromen, S\u00fcssungsmittel: Sucralose.<\/p>\n<p>Kann Spuren von glutenhaltigem Getreide, Milch, Schalenfr\u00fcchten und Erdn\u00fcssen enthalten.<br \/>\nKann bei \u00fcberm\u00e4\u00dfigem Verzehr abf\u00fchrend wirken.<\/p>\n<p>*Proteine tragen zu einer Zunahme und zur Erhaltung von Muskelmasse bei.<br \/>\nHergestellt in Deutschland.<\/p>\n","protected":false},"excerpt":{"rendered":"<p><strong>What the Fudge?<\/strong> Der erste vegane Protein Riegel von Chiefs ist da. \u00abFudge Brownie\u00bb vereint intensiven Schokoladengeschmack mit einer soften Fudge-Textur. Ob du auf tierische Produkte verzichten m\u00f6chtest oder einfach nur auf der Suche nach dem ultimativen Geschmackserlebnis bist \u2013 dieser Riegel ist f\u00fcr alle, die es schokoladig, saftig und richtig lecker lieben!<\/p>\n","protected":false},"featured_media":47158,"comment_status":"closed","ping_status":"closed","template":"","meta":{"_acf_changed":false,"inline_featured_image":false},"product_brand":[],"product_cat":[148],"product_tag":[146,145,110,81],"class_list":{"0":"post-47157","1":"product","2":"type-product","3":"status-publish","4":"has-post-thumbnail","6":"product_cat-protein-bars","7":"product_tag-high-protein","8":"product_tag-no-added-sugar","9":"product_tag-palm-oil-free","10":"product_tag-vegan","12":"first","13":"instock","14":"taxable","15":"shipping-taxable","16":"purchasable","17":"product-type-simple"},"acf":[],"tiered_pricing_type":"fixed","tiered_pricing_fixed_rules":[],"tiered_pricing_product_settings":{"layout":"default","base_unit_name":{"singular":null,"plural":null},"default_variation":null},"tiered_pricing_minimum_quantity":null,"tiered_pricing_roles_data":[],"tiered_pricing_percentage_rules":[],"tiered_pricing_maximum_quantity":null,"tiered_pricing_quantity_step":null,"_links":{"self":[{"href":"https:\/\/www.chiefslife.com\/de-ch\/wp-json\/wp\/v2\/product\/47157","targetHints":{"allow":["GET"]}}],"collection":[{"href":"https:\/\/www.chiefslife.com\/de-ch\/wp-json\/wp\/v2\/product"}],"about":[{"href":"https:\/\/www.chiefslife.com\/de-ch\/wp-json\/wp\/v2\/types\/product"}],"replies":[{"embeddable":true,"href":"https:\/\/www.chiefslife.com\/de-ch\/wp-json\/wp\/v2\/comments?post=47157"}],"wp:featuredmedia":[{"embeddable":true,"href":"https:\/\/www.chiefslife.com\/de-ch\/wp-json\/wp\/v2\/media\/47158"}],"wp:attachment":[{"href":"https:\/\/www.chiefslife.com\/de-ch\/wp-json\/wp\/v2\/media?parent=47157"}],"wp:term":[{"taxonomy":"product_brand","embeddable":true,"href":"https:\/\/www.chiefslife.com\/de-ch\/wp-json\/wp\/v2\/product_brand?post=47157"},{"taxonomy":"product_cat","embeddable":true,"href":"https:\/\/www.chiefslife.com\/de-ch\/wp-json\/wp\/v2\/product_cat?post=47157"},{"taxonomy":"product_tag","embeddable":true,"href":"https:\/\/www.chiefslife.com\/de-ch\/wp-json\/wp\/v2\/product_tag?post=47157"}],"curies":[{"name":"wp","href":"https:\/\/api.w.org\/{rel}","templated":true}]}}