{"id":48626,"date":"2025-03-19T16:51:32","date_gmt":"2025-03-19T15:51:32","guid":{"rendered":"https:\/\/www.chiefslife.com\/de-ch\/?post_type=product&#038;p=48626"},"modified":"2025-11-30T23:54:18","modified_gmt":"2025-11-30T22:54:18","slug":"protein-soft-bar-choco-caramel","status":"publish","type":"product","link":"https:\/\/www.chiefslife.com\/de-ch\/produkt\/protein-soft-bar-choco-caramel\/","title":{"rendered":"Choco Caramel"},"content":{"rendered":"<p class=\"ewa-rteLine\">16G PROTEIN: pro Riegel. Hoher Proteingehalt.<br \/>\nNO ADDED SUGAR: Ohne Zuckerzusatz. Enth\u00e4lt von Natur aus Zucker.<br \/>\nPALM OIL FREE<\/p>\n<p>Proteinriegel mit Milchschokoladen\u00fcberzug, mit S\u00fcssungsmitteln. Schokoladen-Karamell-Geschmack.<\/p>\n<p>Zutaten: 29% Milchschokolade mit S\u00fcssungsmittel (S\u00fcssungsmittel: Maltit; Kakaobutter, <u class=\"ql-und\">Vollmilchpulver<\/u>, Kakaomasse, Emulgator: Lecithine; nat\u00fcrliches Vanillearoma), <u class=\"ql-und\">Milchprotein<\/u>, Feuchthaltemittel: Glycerin; 6,8% <u class=\"ql-und\">Erdnusspaste<\/u>, Polydextrose, 6,2% ger\u00f6stete <u class=\"ql-und\">Erdnussst\u00fccke<\/u>, Kollagenhydrolysat, weisse Schokolade mit S\u00fcssungsmittel (S\u00fcssungsmittel: Maltit; Kakaobutter, <u class=\"ql-und\">Vollmilchpulver<\/u>, Emulgator: Lecithine; nat\u00fcrliches Vanillearoma), Wasser, S\u00fcssungsmittel: Maltitsirup, Sucralose; Sonnenblumen\u00f6l, Aromen, <u class=\"ql-und\">Sojaprotein<\/u>, karamellisiertes Karottenkonzentrat, Karottenkonzentrat, Salz, Emulgator: Lecithine.<\/p>\n<p>Kann Spuren von glutenhaltigem Getreide, Erdn\u00fcssen und Schalenfr\u00fcchten enthalten.<br \/>\nKann bei \u00fcberm\u00e4\u00dfigem Verzehr abf\u00fchrend wirken.<\/p>\n","protected":false},"excerpt":{"rendered":"<p><strong>Schokoladige Gl\u00fcckseligkeit trifft auf samtiges Karamell!<\/strong><br \/>\nMit einer H\u00fclle aus reichhaltiger Schokolade und cremigem Karamell schmilzt dieser Riegel auf der Zunge und verwandelt jeden Bissen in puren Genuss! Mit 16g Protein ist er der perfekte Snack f\u00fcr unterwegs, zur Erholung nach dem Training oder einfach als genussvolle, bewusste Wahl!<\/p>\n","protected":false},"featured_media":48624,"comment_status":"closed","ping_status":"closed","template":"","meta":{"_acf_changed":false,"inline_featured_image":false},"product_brand":[],"product_cat":[637],"product_tag":[146,145,110],"class_list":{"0":"post-48626","1":"product","2":"type-product","3":"status-publish","4":"has-post-thumbnail","6":"product_cat-protein-soft-bars","7":"product_tag-high-protein","8":"product_tag-no-added-sugar","9":"product_tag-palm-oil-free","11":"first","12":"instock","13":"taxable","14":"shipping-taxable","15":"purchasable","16":"product-type-simple"},"acf":[],"tiered_pricing_type":"fixed","tiered_pricing_fixed_rules":[],"tiered_pricing_product_settings":{"layout":"default","base_unit_name":{"singular":null,"plural":null},"default_variation":null},"tiered_pricing_minimum_quantity":null,"tiered_pricing_roles_data":[],"tiered_pricing_percentage_rules":[],"tiered_pricing_maximum_quantity":null,"tiered_pricing_quantity_step":null,"_links":{"self":[{"href":"https:\/\/www.chiefslife.com\/de-ch\/wp-json\/wp\/v2\/product\/48626","targetHints":{"allow":["GET"]}}],"collection":[{"href":"https:\/\/www.chiefslife.com\/de-ch\/wp-json\/wp\/v2\/product"}],"about":[{"href":"https:\/\/www.chiefslife.com\/de-ch\/wp-json\/wp\/v2\/types\/product"}],"replies":[{"embeddable":true,"href":"https:\/\/www.chiefslife.com\/de-ch\/wp-json\/wp\/v2\/comments?post=48626"}],"wp:featuredmedia":[{"embeddable":true,"href":"https:\/\/www.chiefslife.com\/de-ch\/wp-json\/wp\/v2\/media\/48624"}],"wp:attachment":[{"href":"https:\/\/www.chiefslife.com\/de-ch\/wp-json\/wp\/v2\/media?parent=48626"}],"wp:term":[{"taxonomy":"product_brand","embeddable":true,"href":"https:\/\/www.chiefslife.com\/de-ch\/wp-json\/wp\/v2\/product_brand?post=48626"},{"taxonomy":"product_cat","embeddable":true,"href":"https:\/\/www.chiefslife.com\/de-ch\/wp-json\/wp\/v2\/product_cat?post=48626"},{"taxonomy":"product_tag","embeddable":true,"href":"https:\/\/www.chiefslife.com\/de-ch\/wp-json\/wp\/v2\/product_tag?post=48626"}],"curies":[{"name":"wp","href":"https:\/\/api.w.org\/{rel}","templated":true}]}}