{"id":48634,"date":"2025-03-18T17:21:05","date_gmt":"2025-03-18T16:21:05","guid":{"rendered":"https:\/\/www.chiefslife.com\/de-ch\/?post_type=product&#038;p=48634"},"modified":"2025-12-03T11:49:41","modified_gmt":"2025-12-03T10:49:41","slug":"caramel-city","status":"publish","type":"product","link":"https:\/\/www.chiefslife.com\/de-ch\/produkt\/caramel-city\/","title":{"rendered":"Caramel City"},"content":{"rendered":"<p>NO ADDED SUGAR: Ohne Zuckerzusatz. Enth\u00e4lt von Natur aus Zucker.<br \/>\nHIGH PROTEIN: 26 g Protein pro Flasche.<br \/>\nCONTAINS BCAAs: BCAAs (= Branched-chain amino acids) 5000 mg\/330 ml. Milch enth\u00e4lt verzweigtkettige Aminos\u00e4uren.<br \/>\nLOWER CARB: 65% weniger Kohlenhydrate als ein vergleichbares Produkt.<br \/>\nLACTOSE FREE: Laktosefrei &lt;0,1 g\/100 ml<\/p>\n<p class=\"p1\">Laktosefreies Getr\u00e4nk mit Milch (2,2% Fett im Milchanteil) mit Milchprotein und S\u00fcssungsmitteln. Salziger Karamellgeschmack. UHT.<\/p>\n<p class=\"p1\">Zutaten: 45% MILCH, Wasser, 7,5% MILCHPROTEINkonzentrat, Stabilisator: Cellulose Gel, Cellulosegummi; 0,2% Salz, Farbstoff: echtes Zuckercouleur; Aroma, S\u00fcssungsmittel: Sucralose, Acesulfam-K, Laktase.<\/p>\n<p class=\"p1\">*Proteine tragen zu einer Zunahme und zur Erhaltung von Muskelmasse bei.<\/p>\n<p>Hergestellt in \u00d6sterreich.<\/p>\n","protected":false},"excerpt":{"rendered":"<p>Unser beliebter Salty Caramel Geschmack von Riegeln und Puddings ist jetzt ein cremiges, k\u00f6stliches Proteingetr\u00e4nk. Mit 26g Protein, ohne Zuckerzusatz und reichhaltigem Salz-Karamell-Geschmack ist es das perfekte Getr\u00e4nk, um dein Training zu befeuern!<\/p>\n","protected":false},"featured_media":48649,"comment_status":"closed","ping_status":"closed","template":"","meta":{"_acf_changed":false,"inline_featured_image":false},"product_brand":[],"product_cat":[91],"product_tag":[143,146,105,147,82,145],"class_list":{"0":"post-48634","1":"product","2":"type-product","3":"status-publish","4":"has-post-thumbnail","6":"product_cat-protein-drink","7":"product_tag-gluten-free","8":"product_tag-high-protein","9":"product_tag-lactose-free","10":"product_tag-low-fat","11":"product_tag-lower-carb","12":"product_tag-no-added-sugar","14":"first","15":"instock","16":"taxable","17":"shipping-taxable","18":"purchasable","19":"product-type-simple"},"acf":[],"tiered_pricing_type":"fixed","tiered_pricing_fixed_rules":[],"tiered_pricing_product_settings":{"layout":"default","base_unit_name":{"singular":null,"plural":null},"default_variation":null},"tiered_pricing_minimum_quantity":null,"tiered_pricing_roles_data":[],"tiered_pricing_percentage_rules":[],"tiered_pricing_maximum_quantity":null,"tiered_pricing_quantity_step":null,"_links":{"self":[{"href":"https:\/\/www.chiefslife.com\/de-ch\/wp-json\/wp\/v2\/product\/48634","targetHints":{"allow":["GET"]}}],"collection":[{"href":"https:\/\/www.chiefslife.com\/de-ch\/wp-json\/wp\/v2\/product"}],"about":[{"href":"https:\/\/www.chiefslife.com\/de-ch\/wp-json\/wp\/v2\/types\/product"}],"replies":[{"embeddable":true,"href":"https:\/\/www.chiefslife.com\/de-ch\/wp-json\/wp\/v2\/comments?post=48634"}],"wp:featuredmedia":[{"embeddable":true,"href":"https:\/\/www.chiefslife.com\/de-ch\/wp-json\/wp\/v2\/media\/48649"}],"wp:attachment":[{"href":"https:\/\/www.chiefslife.com\/de-ch\/wp-json\/wp\/v2\/media?parent=48634"}],"wp:term":[{"taxonomy":"product_brand","embeddable":true,"href":"https:\/\/www.chiefslife.com\/de-ch\/wp-json\/wp\/v2\/product_brand?post=48634"},{"taxonomy":"product_cat","embeddable":true,"href":"https:\/\/www.chiefslife.com\/de-ch\/wp-json\/wp\/v2\/product_cat?post=48634"},{"taxonomy":"product_tag","embeddable":true,"href":"https:\/\/www.chiefslife.com\/de-ch\/wp-json\/wp\/v2\/product_tag?post=48634"}],"curies":[{"name":"wp","href":"https:\/\/api.w.org\/{rel}","templated":true}]}}