{"id":48949,"date":"2025-04-09T15:33:32","date_gmt":"2025-04-09T13:33:32","guid":{"rendered":"https:\/\/www.chiefslife.com\/de-ch\/?post_type=product&#038;p=48949"},"modified":"2026-02-10T08:16:58","modified_gmt":"2026-02-10T07:16:58","slug":"kaegi-chiefs-protein-wafer","status":"publish","type":"product","link":"https:\/\/www.chiefslife.com\/de-ch\/produkt\/kaegi-chiefs-protein-wafer\/","title":{"rendered":"K\u00e4gi x Chiefs Protein Wafer"},"content":{"rendered":"<p class=\"ewa-rteLine\">13G PROTEIN: pro Packung. Hoher Proteingehalt.<br \/>\nNO ADDED SUGAR: Ohne Zuckerzusatz. Enth\u00e4lt von Natur aus Zucker.<\/p>\n<p>Schweizer Proteinwaffelspezialit\u00e4t umh\u00fcllt mit Milchschokolade (38%) mit S\u00fcssungsmitteln.<\/p>\n<div class=\"ewa-rteLine\">Zutaten: Milchschokolade mit Molkenprotein und S\u00fcssungsmittel (S\u00fcssungsmittel: Maltitol; Kakaomasse, VOLLMILCHPULVER, Kakaobutter, MOLKENPROTEIN, Emulgator: Lecithine (Sonnenblume); Vanilleextrakt), WEIZENMEHL, Palmfett (nachhaltig; zertifiziert), S\u00fcssungsmittel: Isomalt, Sucralose; WEIZENPROTEIN, MOLKENPROTEIN, Kollagenhydrolysat, MAGERMILCHPULVER, Kakaopulver, EIGELBPULVER, Emulgator: Lecithine (SOJA); Kochsalz, Backtriebmittel: Natriumhydrogencarbonat; Bourbon Vanilleextrakt.<\/div>\n<div class=\"ewa-rteLine\"><\/div>\n<div class=\"ewa-rteLine\">\n<p>Kann Spuren von N\u00fcssen enthalten.<\/p>\n<p>*Proteine tragen zu einer Zunahme und zur Erhaltung von Muskelmasse bei.<\/p>\n<\/div>\n<div>Hergestellt in der Schweiz.<\/div>\n","protected":false},"excerpt":{"rendered":"<p>Geniesse den K\u00e4gi Schokoladenwaffel, den du liebst \u2013 mit Chiefs! Knusprige Waffeln umh\u00fcllt von feinster Schokolade, die in jedem Bissen puren Genuss liefern. Mit 13g Protein, ohne Zuckerzusatz und dem klassischen K\u00e4gi-Geschmack ist es ein Genuss ohne Reue!<\/p>\n","protected":false},"featured_media":48972,"comment_status":"closed","ping_status":"closed","template":"","meta":{"_acf_changed":false,"inline_featured_image":false},"product_brand":[],"product_cat":[638],"product_tag":[146,145],"class_list":{"0":"post-48949","1":"product","2":"type-product","3":"status-publish","4":"has-post-thumbnail","6":"product_cat-protein-wafer","7":"product_tag-high-protein","8":"product_tag-no-added-sugar","10":"first","11":"instock","12":"taxable","13":"shipping-taxable","14":"purchasable","15":"product-type-variable","16":"has-default-attributes"},"acf":[],"tiered_pricing_type":"fixed","tiered_pricing_fixed_rules":[],"tiered_pricing_product_settings":{"layout":"default","base_unit_name":{"singular":null,"plural":null},"default_variation":null},"tiered_pricing_minimum_quantity":null,"tiered_pricing_roles_data":[],"tiered_pricing_percentage_rules":[],"tiered_pricing_maximum_quantity":null,"tiered_pricing_quantity_step":null,"_links":{"self":[{"href":"https:\/\/www.chiefslife.com\/de-ch\/wp-json\/wp\/v2\/product\/48949","targetHints":{"allow":["GET"]}}],"collection":[{"href":"https:\/\/www.chiefslife.com\/de-ch\/wp-json\/wp\/v2\/product"}],"about":[{"href":"https:\/\/www.chiefslife.com\/de-ch\/wp-json\/wp\/v2\/types\/product"}],"replies":[{"embeddable":true,"href":"https:\/\/www.chiefslife.com\/de-ch\/wp-json\/wp\/v2\/comments?post=48949"}],"wp:featuredmedia":[{"embeddable":true,"href":"https:\/\/www.chiefslife.com\/de-ch\/wp-json\/wp\/v2\/media\/48972"}],"wp:attachment":[{"href":"https:\/\/www.chiefslife.com\/de-ch\/wp-json\/wp\/v2\/media?parent=48949"}],"wp:term":[{"taxonomy":"product_brand","embeddable":true,"href":"https:\/\/www.chiefslife.com\/de-ch\/wp-json\/wp\/v2\/product_brand?post=48949"},{"taxonomy":"product_cat","embeddable":true,"href":"https:\/\/www.chiefslife.com\/de-ch\/wp-json\/wp\/v2\/product_cat?post=48949"},{"taxonomy":"product_tag","embeddable":true,"href":"https:\/\/www.chiefslife.com\/de-ch\/wp-json\/wp\/v2\/product_tag?post=48949"}],"curies":[{"name":"wp","href":"https:\/\/api.w.org\/{rel}","templated":true}]}}