{"id":49104,"date":"2025-04-29T16:32:30","date_gmt":"2025-04-29T14:32:30","guid":{"rendered":"https:\/\/www.chiefslife.com\/de-ch\/?post_type=product&#038;p=49104"},"modified":"2026-02-05T12:38:07","modified_gmt":"2026-02-05T11:38:07","slug":"performance-drink-tropic-orange","status":"publish","type":"product","link":"https:\/\/www.chiefslife.com\/de-ch\/produkt\/performance-drink-tropic-orange\/","title":{"rendered":"Tropic Orange"},"content":{"rendered":"<p>180 MG CAFFEINE: pro Dose.<br \/>\nZERO SUGAR: Zuckerfrei.<\/p>\n<p class=\"ewa-rteLine\">Koffein- und kohlens\u00e4urehaltiges Getr\u00e4nk mit BCAAs (verzweigtkettige Aminos\u00e4uren) und Vitaminen. Mit S\u00fcssungsmitteln. Pasteurisiert. Ananas- &amp; Orangengeschmack.<\/p>\n<p class=\"ewa-rteLine\">Lebensmittel f\u00fcr Sportler\/-innen. Einnahme vor dem Training empfohlen.<\/p>\n<p>Zutaten: Wasser, S\u00e4uerungsmittel: Citronens\u00e4ure; Kohlens\u00e4ure, S\u00e4ureregulator: Natriumcitrat; L-Leucin, L-Valin, L-Isoleucin, Koffein, Stabilisatoren: Gummi arabicum, Glycerinester aus Wurzelharz; S\u00fc\u00dfungsmittel: Acesulfam K, Sucralose; Salz, Aroma, Guarana-Extrakt, Niacin, Vitamin B6, Fols\u00e4ure, Biotin, Vitamin D3, Vitamin B12.<\/p>\n<p>Erh\u00f6hter Koffeingehalt (ca. 55 mg\/100 ml). F\u00fcr Kinder und schwangere oder stillende Frauen nicht empfohlen.<\/p>\n<p>Hergestellt in \u00d6sterreich.<\/p>\n","protected":false},"excerpt":{"rendered":"<p>Geniesse die erfrischende Mischung aus Orange und Ananas &#8211; vollgepackt mit BCAAs, Vitaminen und Koffein f\u00fcr deine Leistung!<\/p>\n","protected":false},"featured_media":49091,"comment_status":"closed","ping_status":"closed","template":"","meta":{"_acf_changed":false,"inline_featured_image":false},"product_brand":[],"product_cat":[627],"product_tag":[629,632,631,630],"class_list":{"0":"post-49104","1":"product","2":"type-product","3":"status-publish","4":"has-post-thumbnail","6":"product_cat-performance-drinks","7":"product_tag-180-mg-caffeine","8":"product_tag-2000-mg-bcaa","9":"product_tag-zero-calories","10":"product_tag-zero-sugar","12":"first","13":"instock","14":"taxable","15":"shipping-taxable","16":"purchasable","17":"product-type-simple"},"acf":[],"tiered_pricing_type":"fixed","tiered_pricing_fixed_rules":[],"tiered_pricing_product_settings":{"layout":"default","base_unit_name":{"singular":null,"plural":null},"default_variation":null},"tiered_pricing_minimum_quantity":null,"tiered_pricing_roles_data":[],"tiered_pricing_percentage_rules":[],"tiered_pricing_maximum_quantity":null,"tiered_pricing_quantity_step":null,"_links":{"self":[{"href":"https:\/\/www.chiefslife.com\/de-ch\/wp-json\/wp\/v2\/product\/49104","targetHints":{"allow":["GET"]}}],"collection":[{"href":"https:\/\/www.chiefslife.com\/de-ch\/wp-json\/wp\/v2\/product"}],"about":[{"href":"https:\/\/www.chiefslife.com\/de-ch\/wp-json\/wp\/v2\/types\/product"}],"replies":[{"embeddable":true,"href":"https:\/\/www.chiefslife.com\/de-ch\/wp-json\/wp\/v2\/comments?post=49104"}],"wp:featuredmedia":[{"embeddable":true,"href":"https:\/\/www.chiefslife.com\/de-ch\/wp-json\/wp\/v2\/media\/49091"}],"wp:attachment":[{"href":"https:\/\/www.chiefslife.com\/de-ch\/wp-json\/wp\/v2\/media?parent=49104"}],"wp:term":[{"taxonomy":"product_brand","embeddable":true,"href":"https:\/\/www.chiefslife.com\/de-ch\/wp-json\/wp\/v2\/product_brand?post=49104"},{"taxonomy":"product_cat","embeddable":true,"href":"https:\/\/www.chiefslife.com\/de-ch\/wp-json\/wp\/v2\/product_cat?post=49104"},{"taxonomy":"product_tag","embeddable":true,"href":"https:\/\/www.chiefslife.com\/de-ch\/wp-json\/wp\/v2\/product_tag?post=49104"}],"curies":[{"name":"wp","href":"https:\/\/api.w.org\/{rel}","templated":true}]}}