{"id":49492,"date":"2025-06-13T14:07:18","date_gmt":"2025-06-13T12:07:18","guid":{"rendered":"https:\/\/www.chiefslife.com\/de-ch\/?post_type=product&#038;p=49492"},"modified":"2026-02-02T14:56:50","modified_gmt":"2026-02-02T13:56:50","slug":"ice-tea-peach","status":"publish","type":"product","link":"https:\/\/www.chiefslife.com\/de-ch\/produkt\/ice-tea-peach\/","title":{"rendered":"Ice Tea Peach"},"content":{"rendered":"<div class=\"ewa-rteLine\">Ohne Zucker<\/div>\n<div class=\"ewa-rteLine\">\n<p>Ohne Kalorien<\/p>\n<\/div>\n<p>Sirup zur Herstellung eines Erfrischungsgetr\u00e4nkes. Mit S\u00fc\u00dfungsmitteln. Pfirsich-Eistee-Geschmack.<\/p>\n<div class=\"ewa-rteLine\">\n<p class=\"ewa-rteLine\">Zutaten: Wasser, S\u00e4uerungsmittel: Zitronens\u00e4ure; 5,4 % Pfirsichsaftkonzentrat, nat\u00fcrliches Aroma, S\u00fc\u00dfungsmittel: Acesulfam K, Sucralose; Salz, Farbstoff: beta-apo-8\u2032-Carotinal; f\u00e4rbendes Lebensmittel (schwarze Karotte), Konservierungsstoff: Kaliumsorbat; Verdickungsmittel: Xanthan.<\/p>\n<p>Hergestellt in Deutschland.<\/p>\n<\/div>\n","protected":false},"excerpt":{"rendered":"<p>Geniesse den Geschmack von Pfirsich-Eistee &#8211; ganz ohne Zucker und ohne Kalorien! Eine Flasche reicht f\u00fcr \u00fcber 8\u202fLiter.<\/p>\n","protected":false},"featured_media":49493,"comment_status":"closed","ping_status":"closed","template":"","meta":{"_acf_changed":false,"inline_featured_image":false},"product_brand":[],"product_cat":[645],"product_tag":[81,631,630],"class_list":{"0":"post-49492","1":"product","2":"type-product","3":"status-publish","4":"has-post-thumbnail","6":"product_cat-syrup-zero","7":"product_tag-vegan","8":"product_tag-zero-calories","9":"product_tag-zero-sugar","11":"first","12":"instock","13":"taxable","14":"shipping-taxable","15":"purchasable","16":"product-type-simple"},"acf":[],"tiered_pricing_type":"fixed","tiered_pricing_fixed_rules":[],"tiered_pricing_product_settings":{"layout":"default","base_unit_name":{"singular":null,"plural":null},"default_variation":null},"tiered_pricing_minimum_quantity":null,"tiered_pricing_roles_data":[],"tiered_pricing_percentage_rules":[],"tiered_pricing_maximum_quantity":null,"tiered_pricing_quantity_step":null,"_links":{"self":[{"href":"https:\/\/www.chiefslife.com\/de-ch\/wp-json\/wp\/v2\/product\/49492","targetHints":{"allow":["GET"]}}],"collection":[{"href":"https:\/\/www.chiefslife.com\/de-ch\/wp-json\/wp\/v2\/product"}],"about":[{"href":"https:\/\/www.chiefslife.com\/de-ch\/wp-json\/wp\/v2\/types\/product"}],"replies":[{"embeddable":true,"href":"https:\/\/www.chiefslife.com\/de-ch\/wp-json\/wp\/v2\/comments?post=49492"}],"wp:featuredmedia":[{"embeddable":true,"href":"https:\/\/www.chiefslife.com\/de-ch\/wp-json\/wp\/v2\/media\/49493"}],"wp:attachment":[{"href":"https:\/\/www.chiefslife.com\/de-ch\/wp-json\/wp\/v2\/media?parent=49492"}],"wp:term":[{"taxonomy":"product_brand","embeddable":true,"href":"https:\/\/www.chiefslife.com\/de-ch\/wp-json\/wp\/v2\/product_brand?post=49492"},{"taxonomy":"product_cat","embeddable":true,"href":"https:\/\/www.chiefslife.com\/de-ch\/wp-json\/wp\/v2\/product_cat?post=49492"},{"taxonomy":"product_tag","embeddable":true,"href":"https:\/\/www.chiefslife.com\/de-ch\/wp-json\/wp\/v2\/product_tag?post=49492"}],"curies":[{"name":"wp","href":"https:\/\/api.w.org\/{rel}","templated":true}]}}