{"id":49494,"date":"2025-06-13T14:06:59","date_gmt":"2025-06-13T12:06:59","guid":{"rendered":"https:\/\/www.chiefslife.com\/de-ch\/?post_type=product&#038;p=49494"},"modified":"2026-02-02T14:57:04","modified_gmt":"2026-02-02T13:57:04","slug":"elderflower","status":"publish","type":"product","link":"https:\/\/www.chiefslife.com\/de-ch\/produkt\/elderflower\/","title":{"rendered":"Elderflower"},"content":{"rendered":"<div class=\"ewa-rteLine\">Ohne Zucker<\/div>\n<div class=\"ewa-rteLine\">\n<p>Ohne Kalorien<\/p>\n<\/div>\n<p>Sirup zur Herstellung eines Erfrischungsgetr\u00e4nkes. Mit S\u00fc\u00dfungsmitteln. Holunderbl\u00fctengeschmack.<\/p>\n<div class=\"ewa-rteLine\">\n<p class=\"ewa-rteLine\">Zutaten: Wasser, S\u00e4uerungsmittel: Zitronens\u00e4ure; 4,6 % Apfelsaftkonzentrat, nat\u00fcrliches Aroma, S\u00fc\u00dfungsmittel: Acesulfam K, Sucralose; Salz, f\u00e4rbende Lebensmittel (F\u00e4rberdistel- und Zitronenkonzentrat), Konservierungsstoff: Kaliumsorbat; Verdickungsmittel: Xanthan.<\/p>\n<p>Hergestellt in Deutschland.<\/p>\n<\/div>\n","protected":false},"excerpt":{"rendered":"<p>Ein erfrischender Holunderbl\u00fctengeschmack &#8211; ohne Zucker und ohne Kalorien. Einfach mit Wasser mischen und geniessen! Eine Flasche reicht f\u00fcr \u00fcber 8\u202fLiter.<\/p>\n","protected":false},"featured_media":49495,"comment_status":"closed","ping_status":"closed","template":"","meta":{"_acf_changed":false,"inline_featured_image":false},"product_brand":[],"product_cat":[645],"product_tag":[81,631,630],"class_list":{"0":"post-49494","1":"product","2":"type-product","3":"status-publish","4":"has-post-thumbnail","6":"product_cat-syrup-zero","7":"product_tag-vegan","8":"product_tag-zero-calories","9":"product_tag-zero-sugar","11":"first","12":"instock","13":"taxable","14":"shipping-taxable","15":"purchasable","16":"product-type-simple"},"acf":[],"tiered_pricing_type":"fixed","tiered_pricing_fixed_rules":[],"tiered_pricing_product_settings":{"layout":"default","base_unit_name":{"singular":null,"plural":null},"default_variation":null},"tiered_pricing_minimum_quantity":null,"tiered_pricing_roles_data":[],"tiered_pricing_percentage_rules":[],"tiered_pricing_maximum_quantity":null,"tiered_pricing_quantity_step":null,"_links":{"self":[{"href":"https:\/\/www.chiefslife.com\/de-ch\/wp-json\/wp\/v2\/product\/49494","targetHints":{"allow":["GET"]}}],"collection":[{"href":"https:\/\/www.chiefslife.com\/de-ch\/wp-json\/wp\/v2\/product"}],"about":[{"href":"https:\/\/www.chiefslife.com\/de-ch\/wp-json\/wp\/v2\/types\/product"}],"replies":[{"embeddable":true,"href":"https:\/\/www.chiefslife.com\/de-ch\/wp-json\/wp\/v2\/comments?post=49494"}],"wp:featuredmedia":[{"embeddable":true,"href":"https:\/\/www.chiefslife.com\/de-ch\/wp-json\/wp\/v2\/media\/49495"}],"wp:attachment":[{"href":"https:\/\/www.chiefslife.com\/de-ch\/wp-json\/wp\/v2\/media?parent=49494"}],"wp:term":[{"taxonomy":"product_brand","embeddable":true,"href":"https:\/\/www.chiefslife.com\/de-ch\/wp-json\/wp\/v2\/product_brand?post=49494"},{"taxonomy":"product_cat","embeddable":true,"href":"https:\/\/www.chiefslife.com\/de-ch\/wp-json\/wp\/v2\/product_cat?post=49494"},{"taxonomy":"product_tag","embeddable":true,"href":"https:\/\/www.chiefslife.com\/de-ch\/wp-json\/wp\/v2\/product_tag?post=49494"}],"curies":[{"name":"wp","href":"https:\/\/api.w.org\/{rel}","templated":true}]}}