{"id":50134,"date":"2025-09-01T09:55:56","date_gmt":"2025-09-01T07:55:56","guid":{"rendered":"https:\/\/www.chiefslife.com\/de-ch\/?post_type=product&#038;p=50134"},"modified":"2025-11-30T23:54:12","modified_gmt":"2025-11-30T22:54:12","slug":"vanilla","status":"publish","type":"product","link":"https:\/\/www.chiefslife.com\/de-ch\/produkt\/vanilla\/","title":{"rendered":"Vanilla"},"content":{"rendered":"<p>30G HIGH PROTEIN: 30g High Protein pro Flasche.<br \/>\nZERO ADDED SUGAR: Ohne Zuckerzusatz. Enth\u00e4lt von Natur aus Zucker.<br \/>\nLACTOSE FREE: Laktosegehalt &lt;0,1 g\/100 ml<br \/>\nLOWER CARB: 65% weniger Kohlenhydrate als herk\u00f6mmliche Milchmischgetr\u00e4nke.<br \/>\nCONTAINS BCAAs: BCAAs (Branched-chain amino acids) 5000 mg\/330 ml. Milch enth\u00e4lt verzweigtkettige Aminos\u00e4uren.<\/p>\n<p>Laktosefreies Getr\u00e4nk mit Milch (2,2 % Fett im Milchanteil), mit Milchprotein, mit S\u00fc\u00dfungsmitteln. Vanillegeschmack. UHT.<\/p>\n<p>Zutaten: 47 % MILCH, Wasser, 9,0 % MILCHPROTEINKONZENTRAT, Stabilisatoren: Cellulose Gel, Cellulosegummi; Aromen, Salz, S\u00fc\u00dfungsmittel: Sucralose, Acesulfam K; Laktase.<\/p>\n<p>*Proteine tragen zu einer Zunahme und zur Erhaltung von Muskelmasse bei.<br \/>\nHergestellt in \u00d6sterreich.<\/p>\n","protected":false},"excerpt":{"rendered":"<p data-start=\"126\" data-end=\"243\"><strong data-start=\"126\" data-end=\"167\">NEU: Chiefs 30g Vanilla Protein Drink<\/strong> \u2013 neue Rezeptur, mehr Protein, frischer Look und genialer Geschmack. \ud83d\udcaa\ud83d\udd25<\/p>\n<p data-start=\"245\" data-end=\"386\">Sanft, cremig und mit vollem Geschmack \u2013 jede Flasche liefert dir 30 g Protein mit dem klassischen Vanillearoma, das du schon jetzt liebst.<\/p>\n","protected":false},"featured_media":50138,"comment_status":"closed","ping_status":"closed","template":"","meta":{"_acf_changed":false,"inline_featured_image":false},"product_brand":[],"product_cat":[91],"product_tag":[647,143,105,147,82,648],"class_list":{"0":"post-50134","1":"product","2":"type-product","3":"status-publish","4":"has-post-thumbnail","6":"product_cat-protein-drink","7":"product_tag-30g-high-protein","8":"product_tag-gluten-free","9":"product_tag-lactose-free","10":"product_tag-low-fat","11":"product_tag-lower-carb","12":"product_tag-zero-added-sugar","14":"first","15":"instock","16":"taxable","17":"shipping-taxable","18":"purchasable","19":"product-type-simple"},"acf":[],"tiered_pricing_type":"fixed","tiered_pricing_fixed_rules":[],"tiered_pricing_product_settings":{"layout":"default","base_unit_name":{"singular":null,"plural":null},"default_variation":null},"tiered_pricing_minimum_quantity":null,"tiered_pricing_roles_data":[],"tiered_pricing_percentage_rules":[],"tiered_pricing_maximum_quantity":null,"tiered_pricing_quantity_step":null,"_links":{"self":[{"href":"https:\/\/www.chiefslife.com\/de-ch\/wp-json\/wp\/v2\/product\/50134","targetHints":{"allow":["GET"]}}],"collection":[{"href":"https:\/\/www.chiefslife.com\/de-ch\/wp-json\/wp\/v2\/product"}],"about":[{"href":"https:\/\/www.chiefslife.com\/de-ch\/wp-json\/wp\/v2\/types\/product"}],"replies":[{"embeddable":true,"href":"https:\/\/www.chiefslife.com\/de-ch\/wp-json\/wp\/v2\/comments?post=50134"}],"wp:featuredmedia":[{"embeddable":true,"href":"https:\/\/www.chiefslife.com\/de-ch\/wp-json\/wp\/v2\/media\/50138"}],"wp:attachment":[{"href":"https:\/\/www.chiefslife.com\/de-ch\/wp-json\/wp\/v2\/media?parent=50134"}],"wp:term":[{"taxonomy":"product_brand","embeddable":true,"href":"https:\/\/www.chiefslife.com\/de-ch\/wp-json\/wp\/v2\/product_brand?post=50134"},{"taxonomy":"product_cat","embeddable":true,"href":"https:\/\/www.chiefslife.com\/de-ch\/wp-json\/wp\/v2\/product_cat?post=50134"},{"taxonomy":"product_tag","embeddable":true,"href":"https:\/\/www.chiefslife.com\/de-ch\/wp-json\/wp\/v2\/product_tag?post=50134"}],"curies":[{"name":"wp","href":"https:\/\/api.w.org\/{rel}","templated":true}]}}