{"id":50135,"date":"2025-09-01T09:56:08","date_gmt":"2025-09-01T07:56:08","guid":{"rendered":"https:\/\/www.chiefslife.com\/de-ch\/?post_type=product&#038;p=50135"},"modified":"2025-12-12T10:41:14","modified_gmt":"2025-12-12T09:41:14","slug":"chocolate","status":"publish","type":"product","link":"https:\/\/www.chiefslife.com\/de-ch\/produkt\/chocolate\/","title":{"rendered":"Chocolate"},"content":{"rendered":"<p>30G HIGH PROTEIN: 30g High Protein pro Flasche.<br \/>\nZERO ADDED SUGAR: Ohne Zuckerzusatz. Enth\u00e4lt von Natur aus Zucker.<br \/>\nLACTOSE FREE: Laktosegehalt &lt;0,1 g\/100 ml<br \/>\nLOWER CARB: 65% weniger Kohlenhydrate als herk\u00f6mmliche Milchmischgetr\u00e4nke.<br \/>\nCONTAINS BCAAs: BCAAs (Branched-chain amino acids) 5000 mg\/330 ml. Milch enth\u00e4lt verzweigtkettige Aminos\u00e4uren.<\/p>\n<p>Laktosefreies Getr\u00e4nk mit Milch (2,2 % Fett im Milchanteil), mit Milchprotein, mit S\u00fc\u00dfungsmitteln. Schokoladengeschmack. UHT.<\/p>\n<p>Zutaten: 45 % MILCH, Wasser, 8,6 % MILCHPROTEINKONZENTRAT, 1,7 % fettarmes Kakaopulver5, Stabilisatoren: Cellulose Gel, Cellulosegummi; nat\u00fcrliche Aromen, Salz, S\u00fc\u00dfungsmittel: Sucralose, Acesulfam K; Laktase.<\/p>\n<p>*Proteine tragen zu einer Zunahme und zur Erhaltung von Muskelmasse bei.<br \/>\nHergestellt in \u00d6sterreich.<br \/>\n<a href=\"https:\/\/www.chiefslife.com\/en-eu\/wp-content\/uploads\/sites\/4\/2024\/08\/Rainforest_Alliance_Cocoa_2.png\"><img decoding=\"async\" class=\"alignnone wp-image-15026\" src=\"https:\/\/www.chiefslife.com\/en-eu\/wp-content\/uploads\/sites\/4\/2024\/08\/Rainforest_Alliance_Cocoa_2-250x300.png\" alt=\"\" width=\"100\" height=\"120\" \/><\/a><\/p>\n","protected":false},"excerpt":{"rendered":"<p>NEU: Chiefs 30g Chocolate Protein Drink \u2013 neue Rezeptur, mehr Protein, frischer Look und genialer Geschmack. \ud83d\udcaa\ud83d\udd25<\/p>\n<p>Cremig, intensiv und mit Kakao aus nachhaltigem Anbau \u2013 jede Flasche liefert 30 g Proteinpower mit dem klassischen Schokoladengeschmack, den du schon jetzt liebst.<\/p>\n","protected":false},"featured_media":50141,"comment_status":"closed","ping_status":"closed","template":"","meta":{"_acf_changed":false,"inline_featured_image":false},"product_brand":[],"product_cat":[91],"product_tag":[647,143,105,147,82,648],"class_list":{"0":"post-50135","1":"product","2":"type-product","3":"status-publish","4":"has-post-thumbnail","6":"product_cat-protein-drink","7":"product_tag-30g-high-protein","8":"product_tag-gluten-free","9":"product_tag-lactose-free","10":"product_tag-low-fat","11":"product_tag-lower-carb","12":"product_tag-zero-added-sugar","14":"first","15":"instock","16":"taxable","17":"shipping-taxable","18":"purchasable","19":"product-type-simple"},"acf":[],"tiered_pricing_type":"fixed","tiered_pricing_fixed_rules":[],"tiered_pricing_product_settings":{"layout":"default","base_unit_name":{"singular":null,"plural":null},"default_variation":null},"tiered_pricing_minimum_quantity":null,"tiered_pricing_roles_data":[],"tiered_pricing_percentage_rules":[],"tiered_pricing_maximum_quantity":null,"tiered_pricing_quantity_step":null,"_links":{"self":[{"href":"https:\/\/www.chiefslife.com\/de-ch\/wp-json\/wp\/v2\/product\/50135","targetHints":{"allow":["GET"]}}],"collection":[{"href":"https:\/\/www.chiefslife.com\/de-ch\/wp-json\/wp\/v2\/product"}],"about":[{"href":"https:\/\/www.chiefslife.com\/de-ch\/wp-json\/wp\/v2\/types\/product"}],"replies":[{"embeddable":true,"href":"https:\/\/www.chiefslife.com\/de-ch\/wp-json\/wp\/v2\/comments?post=50135"}],"wp:featuredmedia":[{"embeddable":true,"href":"https:\/\/www.chiefslife.com\/de-ch\/wp-json\/wp\/v2\/media\/50141"}],"wp:attachment":[{"href":"https:\/\/www.chiefslife.com\/de-ch\/wp-json\/wp\/v2\/media?parent=50135"}],"wp:term":[{"taxonomy":"product_brand","embeddable":true,"href":"https:\/\/www.chiefslife.com\/de-ch\/wp-json\/wp\/v2\/product_brand?post=50135"},{"taxonomy":"product_cat","embeddable":true,"href":"https:\/\/www.chiefslife.com\/de-ch\/wp-json\/wp\/v2\/product_cat?post=50135"},{"taxonomy":"product_tag","embeddable":true,"href":"https:\/\/www.chiefslife.com\/de-ch\/wp-json\/wp\/v2\/product_tag?post=50135"}],"curies":[{"name":"wp","href":"https:\/\/api.w.org\/{rel}","templated":true}]}}