{"id":51583,"date":"2026-03-03T15:30:28","date_gmt":"2026-03-03T14:30:28","guid":{"rendered":"https:\/\/www.chiefslife.com\/de-ch\/?post_type=product&#038;p=51583"},"modified":"2026-03-12T12:16:38","modified_gmt":"2026-03-12T11:16:38","slug":"performance-drink-lemon-lime","status":"publish","type":"product","link":"https:\/\/www.chiefslife.com\/de-ch\/produkt\/performance-drink-lemon-lime\/","title":{"rendered":"Lemon Lime"},"content":{"rendered":"<p>180 MG CAFFEINE: pro Dose.<br \/>\nZERO SUGAR<\/p>\n<div class=\"ewa-rteLine\">Koffein- und kohlens\u00e4urehaltiges Getr\u00e4nk mit BCAAs (verzweigtkettige Aminos\u00e4uren) und Vitaminen, mit S\u00fc\u00dfungsmitteln. Pasteurisiert. Zitronen- &amp; Limettengeschmack.<\/div>\n<div><\/div>\n<div class=\"ewa-rteLine\">Lebensmittel f\u00fcr Sportler\/-innen. Vorzugsweise 1 Dose t\u00e4glich vor dem Training.<\/div>\n<div><\/div>\n<p>Zutaten: Wasser, S\u00e4uerungsmittel: Citronens\u00e4ure; Kohlens\u00e4ure, S\u00e4ureregulator: Natriumcitrate; L-Leucin, L-Valin, L-Isoleucin, Koffein, S\u00fc\u00dfungsmittel: Acesulfam K, Sucralose; Salz, Aroma, Guarana-Extrakt, Niacin, Vitamin B6, Fols\u00e4ure, Biotin, Vitamin D3, Vitamin B12.<\/p>\n<p>Erh\u00f6hter Koffeingehalt. F\u00fcr Kinder und schwangere oder stillende Frauen nicht empfohlen (55 mg\/100 ml)<\/p>\n<p>Hergestellt in \u00d6sterreich.<\/p>\n","protected":false},"excerpt":{"rendered":"<p>Power dur dini Workouts mit \u00fcsem Lemon Lime BCAA. Vollpackt mit BCAAs, Vitamine und Koffein \u2013 damit du bi jedere Trainingssession dis Bests chasch geh. \ud83c\udf4b\u26a1<\/p>\n","protected":false},"featured_media":51585,"comment_status":"closed","ping_status":"closed","template":"","meta":{"_acf_changed":false,"inline_featured_image":false},"product_brand":[],"product_cat":[627],"product_tag":[629,632,631,630],"class_list":{"0":"post-51583","1":"product","2":"type-product","3":"status-publish","4":"has-post-thumbnail","6":"product_cat-performance-drinks","7":"product_tag-180-mg-caffeine","8":"product_tag-2000-mg-bcaa","9":"product_tag-zero-calories","10":"product_tag-zero-sugar","12":"first","13":"instock","14":"taxable","15":"shipping-taxable","16":"purchasable","17":"product-type-simple"},"acf":[],"tiered_pricing_type":"fixed","tiered_pricing_fixed_rules":[],"tiered_pricing_product_settings":{"layout":"default","base_unit_name":{"singular":null,"plural":null},"default_variation":null},"tiered_pricing_minimum_quantity":null,"tiered_pricing_roles_data":[],"tiered_pricing_percentage_rules":[],"tiered_pricing_maximum_quantity":null,"tiered_pricing_quantity_step":null,"_links":{"self":[{"href":"https:\/\/www.chiefslife.com\/de-ch\/wp-json\/wp\/v2\/product\/51583","targetHints":{"allow":["GET"]}}],"collection":[{"href":"https:\/\/www.chiefslife.com\/de-ch\/wp-json\/wp\/v2\/product"}],"about":[{"href":"https:\/\/www.chiefslife.com\/de-ch\/wp-json\/wp\/v2\/types\/product"}],"replies":[{"embeddable":true,"href":"https:\/\/www.chiefslife.com\/de-ch\/wp-json\/wp\/v2\/comments?post=51583"}],"wp:featuredmedia":[{"embeddable":true,"href":"https:\/\/www.chiefslife.com\/de-ch\/wp-json\/wp\/v2\/media\/51585"}],"wp:attachment":[{"href":"https:\/\/www.chiefslife.com\/de-ch\/wp-json\/wp\/v2\/media?parent=51583"}],"wp:term":[{"taxonomy":"product_brand","embeddable":true,"href":"https:\/\/www.chiefslife.com\/de-ch\/wp-json\/wp\/v2\/product_brand?post=51583"},{"taxonomy":"product_cat","embeddable":true,"href":"https:\/\/www.chiefslife.com\/de-ch\/wp-json\/wp\/v2\/product_cat?post=51583"},{"taxonomy":"product_tag","embeddable":true,"href":"https:\/\/www.chiefslife.com\/de-ch\/wp-json\/wp\/v2\/product_tag?post=51583"}],"curies":[{"name":"wp","href":"https:\/\/api.w.org\/{rel}","templated":true}]}}