{"id":51628,"date":"2026-03-09T16:38:30","date_gmt":"2026-03-09T15:38:30","guid":{"rendered":"https:\/\/www.chiefslife.com\/de-ch\/?post_type=product&#038;p=51628"},"modified":"2026-03-18T11:50:07","modified_gmt":"2026-03-18T10:50:07","slug":"panna-cotta","status":"publish","type":"product","link":"https:\/\/www.chiefslife.com\/de-ch\/produkt\/panna-cotta\/","title":{"rendered":"Panna Cotta"},"content":{"rendered":"<p>20G HIGH PROTEIN: pro Becher<br \/>\nZERO ADDED SUGAR: Enth\u00e4lt von Natur aus Zucker<br \/>\nLACTOSE FREE: Laktosegehalt &lt;0,01 g\/100 g<\/p>\n<p>Laktosefreier Pudding mit Topping, mit Fruchtzubereitung, mit Milchproteinerzeugnis, mit S\u00fc\u00dfungsmitteln. Himbeere &amp; wei\u00dfe Schokolade-Geschmack. 3,3 % Fett im Milchanteil.<\/p>\n<div class=\"ewa-rteLine\">Zutaten: 60 % MILCHPROTEINERZEUGNIS, entrahmte MILCH, SAHNE, 2,0 % Himbeerp\u00fcree aus Konzentrat, S\u00fc\u00dfungsmittel: Erythrit, Acesulfam K, Sucralose; 1,5 % Himbeeren, modifizierte St\u00e4rke, Rinderkollagen, Verdickungsmittel: Carrageen, Pektine, Cellulosegummi, Guarkernmehl; Aroma (MILCH), Speisegelatine (Rind), Emulgator: Milchs\u00e4ureester von Mono- und Diglyceriden von Speisefetts\u00e4uren; Laktase, Farbstoff: echtes Karmin.<\/div>\n<div class=\"ewa-rteLine\">Topping mit Stickstoff aufgeschlagen.<\/div>\n<div><\/div>\n<div>Hergestellt in Deutschland.<\/div>\n","protected":false},"excerpt":{"rendered":"<p><em>Nicht online erh\u00e4ltlich<\/em>. Genie\u00dfen Sie eine cremige Protein-Panna-Cotta mit k\u00f6stlichem Himbeertopping. Mit 20 g Protein, laktosefrei und ohne Zuckerzusatz ist sie der perfekte Genuss ohne Reue.<\/p>\n","protected":false},"featured_media":51629,"comment_status":"closed","ping_status":"closed","template":"","meta":{"_acf_changed":false,"inline_featured_image":false},"product_brand":[],"product_cat":[164],"product_tag":[616,105,648],"class_list":{"0":"post-51628","1":"product","2":"type-product","3":"status-publish","4":"has-post-thumbnail","6":"product_cat-protein-pudding","7":"product_tag-high-protein-2","8":"product_tag-lactose-free","9":"product_tag-zero-added-sugar","11":"first","12":"outofstock","13":"taxable","14":"shipping-taxable","15":"product-type-simple"},"acf":[],"tiered_pricing_type":"fixed","tiered_pricing_fixed_rules":[],"tiered_pricing_product_settings":{"layout":"default","base_unit_name":{"singular":null,"plural":null},"default_variation":null},"tiered_pricing_minimum_quantity":null,"tiered_pricing_roles_data":[],"tiered_pricing_percentage_rules":[],"tiered_pricing_maximum_quantity":null,"tiered_pricing_quantity_step":null,"_links":{"self":[{"href":"https:\/\/www.chiefslife.com\/de-ch\/wp-json\/wp\/v2\/product\/51628","targetHints":{"allow":["GET"]}}],"collection":[{"href":"https:\/\/www.chiefslife.com\/de-ch\/wp-json\/wp\/v2\/product"}],"about":[{"href":"https:\/\/www.chiefslife.com\/de-ch\/wp-json\/wp\/v2\/types\/product"}],"replies":[{"embeddable":true,"href":"https:\/\/www.chiefslife.com\/de-ch\/wp-json\/wp\/v2\/comments?post=51628"}],"wp:featuredmedia":[{"embeddable":true,"href":"https:\/\/www.chiefslife.com\/de-ch\/wp-json\/wp\/v2\/media\/51629"}],"wp:attachment":[{"href":"https:\/\/www.chiefslife.com\/de-ch\/wp-json\/wp\/v2\/media?parent=51628"}],"wp:term":[{"taxonomy":"product_brand","embeddable":true,"href":"https:\/\/www.chiefslife.com\/de-ch\/wp-json\/wp\/v2\/product_brand?post=51628"},{"taxonomy":"product_cat","embeddable":true,"href":"https:\/\/www.chiefslife.com\/de-ch\/wp-json\/wp\/v2\/product_cat?post=51628"},{"taxonomy":"product_tag","embeddable":true,"href":"https:\/\/www.chiefslife.com\/de-ch\/wp-json\/wp\/v2\/product_tag?post=51628"}],"curies":[{"name":"wp","href":"https:\/\/api.w.org\/{rel}","templated":true}]}}