{"id":51661,"date":"2026-03-13T13:35:40","date_gmt":"2026-03-13T12:35:40","guid":{"rendered":"https:\/\/www.chiefslife.com\/de-ch\/?post_type=product&#038;p=51661"},"modified":"2026-03-18T14:21:56","modified_gmt":"2026-03-18T13:21:56","slug":"coupe-chantilly","status":"publish","type":"product","link":"https:\/\/www.chiefslife.com\/de-ch\/produkt\/coupe-chantilly\/","title":{"rendered":"Coupe Chantilly"},"content":{"rendered":"<p>20G Protein: pro Becher<br \/>\nOhne Zuckerzusatz: Enth\u00e4lt von Natur aus Zucker.<br \/>\nLaktosefrei: Laktosegehalt &lt;0,01 g\/100 g<\/p>\n<p>Laktosefreier Pudding mit Topping, mit Milchprotein, mit S\u00fc\u00dfungsmitteln. Schokoladengeschmack. 2,3 % Fett im Milchanteil.<\/p>\n<p>Zutaten: Magermilch, 8,0 % Milcheiwei\u00df, Sahne, 1,5 % Kakaopulver, modifizierte St\u00e4rke, Verdickungsmittel: Carrageen, Cellulosegummi;0,2 % fettarmes Kakaopulver, Gelatine (Rind), Laktase, Emulgator: Milchs\u00e4ureester von Mono- und Diglyceriden von Speisefetts\u00e4uren; nat\u00fcrliches Aroma, S\u00fc\u00dfungsmittel: Acesulfam K, Sucralose.<br \/>\nTopping mit Stickstoff aufgeschlagen.<\/p>\n<p>Hergestellt in Deutschland.<\/p>\n","protected":false},"excerpt":{"rendered":"<p><em>Nicht online erh\u00e4ltlich<\/em>. Genie\u00dfen Sie ein reichhaltiges, cremiges Schokoladendessert mit 20 g Protein und ohne Zuckerzusatz. Ein zartschmelzender Genuss f\u00fcr jeden Tag, ganz ohne Reue.<\/p>\n","protected":false},"featured_media":51662,"comment_status":"closed","ping_status":"closed","template":"","meta":{"_acf_changed":false,"inline_featured_image":false},"product_brand":[],"product_cat":[164],"product_tag":[616,105,648],"class_list":{"0":"post-51661","1":"product","2":"type-product","3":"status-publish","4":"has-post-thumbnail","6":"product_cat-protein-pudding","7":"product_tag-high-protein-2","8":"product_tag-lactose-free","9":"product_tag-zero-added-sugar","11":"first","12":"outofstock","13":"taxable","14":"shipping-taxable","15":"product-type-simple"},"acf":[],"tiered_pricing_type":"fixed","tiered_pricing_fixed_rules":[],"tiered_pricing_product_settings":{"layout":"default","base_unit_name":{"singular":null,"plural":null},"default_variation":null},"tiered_pricing_minimum_quantity":null,"tiered_pricing_roles_data":[],"tiered_pricing_percentage_rules":[],"tiered_pricing_maximum_quantity":null,"tiered_pricing_quantity_step":null,"_links":{"self":[{"href":"https:\/\/www.chiefslife.com\/de-ch\/wp-json\/wp\/v2\/product\/51661","targetHints":{"allow":["GET"]}}],"collection":[{"href":"https:\/\/www.chiefslife.com\/de-ch\/wp-json\/wp\/v2\/product"}],"about":[{"href":"https:\/\/www.chiefslife.com\/de-ch\/wp-json\/wp\/v2\/types\/product"}],"replies":[{"embeddable":true,"href":"https:\/\/www.chiefslife.com\/de-ch\/wp-json\/wp\/v2\/comments?post=51661"}],"wp:featuredmedia":[{"embeddable":true,"href":"https:\/\/www.chiefslife.com\/de-ch\/wp-json\/wp\/v2\/media\/51662"}],"wp:attachment":[{"href":"https:\/\/www.chiefslife.com\/de-ch\/wp-json\/wp\/v2\/media?parent=51661"}],"wp:term":[{"taxonomy":"product_brand","embeddable":true,"href":"https:\/\/www.chiefslife.com\/de-ch\/wp-json\/wp\/v2\/product_brand?post=51661"},{"taxonomy":"product_cat","embeddable":true,"href":"https:\/\/www.chiefslife.com\/de-ch\/wp-json\/wp\/v2\/product_cat?post=51661"},{"taxonomy":"product_tag","embeddable":true,"href":"https:\/\/www.chiefslife.com\/de-ch\/wp-json\/wp\/v2\/product_tag?post=51661"}],"curies":[{"name":"wp","href":"https:\/\/api.w.org\/{rel}","templated":true}]}}