{"id":51905,"date":"2026-04-10T14:07:51","date_gmt":"2026-04-10T12:07:51","guid":{"rendered":"https:\/\/www.chiefslife.com\/de-ch\/?post_type=product&#038;p=51905"},"modified":"2026-04-20T12:33:42","modified_gmt":"2026-04-20T10:33:42","slug":"chocolate-ice-cream","status":"publish","type":"product","link":"https:\/\/www.chiefslife.com\/de-ch\/produkt\/chocolate-ice-cream\/","title":{"rendered":"Chocolate"},"content":{"rendered":"<div class=\"ewa-rteLine\">\n<p>PROTEINREICH* pro Becher.<\/p>\n<p>OHNE ZUCKERZUSATZ* Enth\u00e4lt von Natur aus Zucker.<\/p>\n<p>Protein-Eiscreme mit Schokoladenst\u00fcckchen und S\u00fc\u00dfungsmitteln. Schokoladengeschmack.<\/p>\n<p>Zutaten: Magermilch, Wasser, 13 % Karamellsauce mit S\u00fc\u00dfungsmittel (BUTTER, S\u00fc\u00dfungsmittel: Maltit; modifizierte St\u00e4rke, Verdickungsmittel: Carrageen; nat\u00fcrliche Aromen, Farbstoffe aus Apfel-, Karotten- und Hibiskuskonzentraten, Wasser, 0,5 % Salz, Polydextrose, Emulgator: Mono- und Diglyceride von Speisefetts\u00e4uren), Milcheiwei\u00df, S\u00fc\u00dfungsmittel: Erythrit, Steviolglycoside aus Stevia, Xylit, Sorbit; Inulin, Magermilchpulver, Kokosfett, Farbstoffe: Karamell, Ammoniumsulfit-Karamell; 0,9 % Salz, Konservierungsmittel: Kaliumsorbat; S\u00e4uerungsmittel: Weins\u00e4ure. Aromen, Stabilisatoren: Johannisbrotkernmehl, Guarkernmehl, Natriumcarboxymethylcellulose.<\/p>\n<p>2,7 Portionen pro Packung. Eine Portion = 100 g.<\/p>\n<p>\u00dcberm\u00e4\u00dfiger Verzehr kann abf\u00fchrend wirken.<\/p>\n<p>Hergestellt in der EU.<\/p>\n<\/div>\n","protected":false},"excerpt":{"rendered":"<p>Nicht online erh\u00e4ltlich.<\/p>\n<p>G\u00f6nnen Sie sich einen eiskalten Tag! Mit unserem Schokoladeneis ist das garantiert.<\/p>\n","protected":false},"featured_media":51906,"comment_status":"closed","ping_status":"closed","template":"","meta":{"_acf_changed":false,"inline_featured_image":false},"product_brand":[],"product_cat":[170],"product_tag":[146,648],"class_list":{"0":"post-51905","1":"product","2":"type-product","3":"status-publish","4":"has-post-thumbnail","6":"product_cat-protein-ice-cream","7":"product_tag-high-protein","8":"product_tag-zero-added-sugar","10":"first","11":"instock","12":"taxable","13":"shipping-taxable","14":"product-type-simple"},"acf":[],"tiered_pricing_type":"fixed","tiered_pricing_fixed_rules":[],"tiered_pricing_product_settings":{"layout":"default","base_unit_name":{"singular":null,"plural":null},"default_variation":null},"tiered_pricing_minimum_quantity":null,"tiered_pricing_roles_data":[],"tiered_pricing_percentage_rules":[],"tiered_pricing_maximum_quantity":null,"tiered_pricing_quantity_step":null,"_links":{"self":[{"href":"https:\/\/www.chiefslife.com\/de-ch\/wp-json\/wp\/v2\/product\/51905","targetHints":{"allow":["GET"]}}],"collection":[{"href":"https:\/\/www.chiefslife.com\/de-ch\/wp-json\/wp\/v2\/product"}],"about":[{"href":"https:\/\/www.chiefslife.com\/de-ch\/wp-json\/wp\/v2\/types\/product"}],"replies":[{"embeddable":true,"href":"https:\/\/www.chiefslife.com\/de-ch\/wp-json\/wp\/v2\/comments?post=51905"}],"wp:featuredmedia":[{"embeddable":true,"href":"https:\/\/www.chiefslife.com\/de-ch\/wp-json\/wp\/v2\/media\/51906"}],"wp:attachment":[{"href":"https:\/\/www.chiefslife.com\/de-ch\/wp-json\/wp\/v2\/media?parent=51905"}],"wp:term":[{"taxonomy":"product_brand","embeddable":true,"href":"https:\/\/www.chiefslife.com\/de-ch\/wp-json\/wp\/v2\/product_brand?post=51905"},{"taxonomy":"product_cat","embeddable":true,"href":"https:\/\/www.chiefslife.com\/de-ch\/wp-json\/wp\/v2\/product_cat?post=51905"},{"taxonomy":"product_tag","embeddable":true,"href":"https:\/\/www.chiefslife.com\/de-ch\/wp-json\/wp\/v2\/product_tag?post=51905"}],"curies":[{"name":"wp","href":"https:\/\/api.w.org\/{rel}","templated":true}]}}