{"id":52021,"date":"2026-04-28T14:14:48","date_gmt":"2026-04-28T12:14:48","guid":{"rendered":"https:\/\/www.chiefslife.com\/de-ch\/?post_type=product&#038;p=52021"},"modified":"2026-04-30T09:06:34","modified_gmt":"2026-04-30T07:06:34","slug":"latte-macchiato","status":"publish","type":"product","link":"https:\/\/www.chiefslife.com\/de-ch\/produkt\/latte-macchiato\/","title":{"rendered":"Latte Macchiato"},"content":{"rendered":"<p>20g High Protein: pro Becher<br \/>\nOhne Zuckerzusatz: Enth\u00e4lt von Natur aus Zucker.<br \/>\nLaktosefrei: Laktosegehalt &lt; 0,1 g\/100 ml.<br \/>\nRainforest Alliance zertifiziert. Mehr Informationen unter www.ra.org<\/p>\n<p>Laktosefreies Getr\u00e4nk mit Milch (0,5 % Fett im Milchanteil), mit Kaffee, mit Milchprotein, mit S\u00fcssungsmitteln. UHT.<br \/>\nZutaten: 53 % entrahmte MILCH, 39,7 % Arabica Kaffee (Wasser, Kaffeeextrakt), 7 % MILCHPROTEINKONZENTRAT, nat\u00fcrliches Kaffeearoma, Stabilisator: Carrageen; S\u00fcssungsmittel: Sucralose, Acesulfam K; nat\u00fcrliches Aroma, Salz, Laktase.<\/p>\n<p>Erh\u00f6hter Koffeingehalt. F\u00fcr Kinder und Schwangere oder stillende Frauen nicht empfohlen (26 mg\/100 ml).<\/p>\n<p>*Protein tr\u00e4gt zum Aufbau und Erhalt der Muskelmasse bei.<\/p>\n<p>Hergestellt in \u00d6sterreich.<\/p>\n<p><a href=\"https:\/\/www.chiefslife.com\/en-eu\/wp-content\/uploads\/sites\/2\/2021\/03\/Rainforest_Alliance_Coffee.png\"><img decoding=\"async\" class=\"alignnone wp-image-2990\" src=\"https:\/\/www.chiefslife.com\/en-eu\/wp-content\/uploads\/sites\/2\/2021\/03\/Rainforest_Alliance_Coffee-250x300.png\" alt=\"\" width=\"100\" height=\"120\" srcset=\"https:\/\/www.chiefslife.com\/de-ch\/wp-content\/uploads\/sites\/2\/2021\/03\/Rainforest_Alliance_Coffee-250x300.png 250w, https:\/\/www.chiefslife.com\/de-ch\/wp-content\/uploads\/sites\/2\/2021\/03\/Rainforest_Alliance_Coffee-853x1024.png 853w, https:\/\/www.chiefslife.com\/de-ch\/wp-content\/uploads\/sites\/2\/2021\/03\/Rainforest_Alliance_Coffee-768x922.png 768w, https:\/\/www.chiefslife.com\/de-ch\/wp-content\/uploads\/sites\/2\/2021\/03\/Rainforest_Alliance_Coffee-500x600.png 500w, https:\/\/www.chiefslife.com\/de-ch\/wp-content\/uploads\/sites\/2\/2021\/03\/Rainforest_Alliance_Coffee-800x960.png 800w, https:\/\/www.chiefslife.com\/de-ch\/wp-content\/uploads\/sites\/2\/2021\/03\/Rainforest_Alliance_Coffee-336x403.png 336w, https:\/\/www.chiefslife.com\/de-ch\/wp-content\/uploads\/sites\/2\/2021\/03\/Rainforest_Alliance_Coffee.png 965w\" sizes=\"(max-width: 100px) 100vw, 100px\" \/><\/a><\/p>\n","protected":false},"excerpt":{"rendered":"<p>Cremiger Latte Macchiato mit 20 g Protein und ohne Zuckerzusatz \u2013 ideal f\u00fcr unterwegs oder wenn Sie einen schnellen Kick brauchen!<\/p>\n","protected":false},"featured_media":52032,"comment_status":"closed","ping_status":"closed","template":"","meta":{"_acf_changed":false,"inline_featured_image":false},"product_brand":[],"product_cat":[675],"product_tag":[146,105,648],"class_list":{"0":"post-52021","1":"product","2":"type-product","3":"status-publish","4":"has-post-thumbnail","6":"product_cat-protein-coffee","7":"product_tag-high-protein","8":"product_tag-lactose-free","9":"product_tag-zero-added-sugar","11":"first","12":"instock","13":"taxable","14":"shipping-taxable","15":"purchasable","16":"product-type-simple"},"acf":[],"tiered_pricing_type":"fixed","tiered_pricing_fixed_rules":[],"tiered_pricing_product_settings":{"layout":"default","base_unit_name":{"singular":null,"plural":null},"default_variation":null},"tiered_pricing_minimum_quantity":null,"tiered_pricing_roles_data":[],"tiered_pricing_percentage_rules":[],"tiered_pricing_maximum_quantity":null,"tiered_pricing_quantity_step":null,"_links":{"self":[{"href":"https:\/\/www.chiefslife.com\/de-ch\/wp-json\/wp\/v2\/product\/52021","targetHints":{"allow":["GET"]}}],"collection":[{"href":"https:\/\/www.chiefslife.com\/de-ch\/wp-json\/wp\/v2\/product"}],"about":[{"href":"https:\/\/www.chiefslife.com\/de-ch\/wp-json\/wp\/v2\/types\/product"}],"replies":[{"embeddable":true,"href":"https:\/\/www.chiefslife.com\/de-ch\/wp-json\/wp\/v2\/comments?post=52021"}],"wp:featuredmedia":[{"embeddable":true,"href":"https:\/\/www.chiefslife.com\/de-ch\/wp-json\/wp\/v2\/media\/52032"}],"wp:attachment":[{"href":"https:\/\/www.chiefslife.com\/de-ch\/wp-json\/wp\/v2\/media?parent=52021"}],"wp:term":[{"taxonomy":"product_brand","embeddable":true,"href":"https:\/\/www.chiefslife.com\/de-ch\/wp-json\/wp\/v2\/product_brand?post=52021"},{"taxonomy":"product_cat","embeddable":true,"href":"https:\/\/www.chiefslife.com\/de-ch\/wp-json\/wp\/v2\/product_cat?post=52021"},{"taxonomy":"product_tag","embeddable":true,"href":"https:\/\/www.chiefslife.com\/de-ch\/wp-json\/wp\/v2\/product_tag?post=52021"}],"curies":[{"name":"wp","href":"https:\/\/api.w.org\/{rel}","templated":true}]}}