{"id":52083,"date":"2026-05-05T13:38:09","date_gmt":"2026-05-05T11:38:09","guid":{"rendered":"https:\/\/www.chiefslife.com\/de-ch\/?post_type=product&#038;p=52083"},"modified":"2026-05-13T08:36:37","modified_gmt":"2026-05-13T06:36:37","slug":"choco-coco","status":"publish","type":"product","link":"https:\/\/www.chiefslife.com\/de-ch\/produkt\/choco-coco\/","title":{"rendered":"Choco Coco"},"content":{"rendered":"<p class=\"ewa-rteLine\">16G HIGH PROTEIN: pro Riegel<br \/>\nZERO ADDED SUGAR: Enth\u00e4lt von Natur aus Zucker.<\/p>\n<p>Proteinriegel \u00fcberzogen mit Vollmilchschokolade, mit 9,3 % getrockneten Kokosraspeln, mit S\u00fc\u00dfungsmitteln. Kokosgeschmack.<\/p>\n<p>Zutaten: 23 % Vollmilchschokolade mit S\u00fc\u00dfungsmittel (S\u00fc\u00dfungsmittel: Maltit; Kakaobutter, VOLLMILCHPULVER, Kakaomasse, Emulgator: Lecithine (SOJA); nat\u00fcrliches Aroma), MILCHPROTEIN, Feuchthaltemittel: Glycerin; Kollagenhydrolysat, getrocknete Kokosraspel, Wasser, S\u00fc\u00dfungsmittel: Maltit, Sucralose; Polydextrose, l\u00f6sliche Maisfasern, Sonnenblumen\u00f6l, Kakaobutter, VOLLMILCHPULVER, Aromen, nat\u00fcrliche Aromen, Emulgator: Lecithine (SOJA).<\/p>\n<p>Kann glutenhaltiges Getreide, Erdn\u00fcsse und Schalenfr\u00fcchte enthalten.<\/p>\n<p>Kann bei \u00fcberm\u00e4\u00dfigem Verzehr abf\u00fchrend wirken.<\/p>\n","protected":false},"excerpt":{"rendered":"<p>Geniesse die perfekte Kombination aus Schokolade und Kokosnuss mit unserem Choco Coco Soft Proteinriegel \u2013 voller Geschmack, softer Textur, 16g Protein und ohne zugesetzten Zucker.<\/p>\n","protected":false},"featured_media":52087,"comment_status":"closed","ping_status":"closed","template":"","meta":{"_acf_changed":false,"inline_featured_image":false},"product_brand":[],"product_cat":[637],"product_tag":[146,648],"class_list":{"0":"post-52083","1":"product","2":"type-product","3":"status-publish","4":"has-post-thumbnail","6":"product_cat-protein-soft-bars","7":"product_tag-high-protein","8":"product_tag-zero-added-sugar","10":"first","11":"instock","12":"taxable","13":"shipping-taxable","14":"purchasable","15":"product-type-simple"},"acf":[],"tiered_pricing_type":"fixed","tiered_pricing_fixed_rules":[],"tiered_pricing_product_settings":{"layout":"default","base_unit_name":{"singular":null,"plural":null},"default_variation":null},"tiered_pricing_minimum_quantity":null,"tiered_pricing_roles_data":[],"tiered_pricing_percentage_rules":[],"tiered_pricing_maximum_quantity":null,"tiered_pricing_quantity_step":null,"_links":{"self":[{"href":"https:\/\/www.chiefslife.com\/de-ch\/wp-json\/wp\/v2\/product\/52083","targetHints":{"allow":["GET"]}}],"collection":[{"href":"https:\/\/www.chiefslife.com\/de-ch\/wp-json\/wp\/v2\/product"}],"about":[{"href":"https:\/\/www.chiefslife.com\/de-ch\/wp-json\/wp\/v2\/types\/product"}],"replies":[{"embeddable":true,"href":"https:\/\/www.chiefslife.com\/de-ch\/wp-json\/wp\/v2\/comments?post=52083"}],"wp:featuredmedia":[{"embeddable":true,"href":"https:\/\/www.chiefslife.com\/de-ch\/wp-json\/wp\/v2\/media\/52087"}],"wp:attachment":[{"href":"https:\/\/www.chiefslife.com\/de-ch\/wp-json\/wp\/v2\/media?parent=52083"}],"wp:term":[{"taxonomy":"product_brand","embeddable":true,"href":"https:\/\/www.chiefslife.com\/de-ch\/wp-json\/wp\/v2\/product_brand?post=52083"},{"taxonomy":"product_cat","embeddable":true,"href":"https:\/\/www.chiefslife.com\/de-ch\/wp-json\/wp\/v2\/product_cat?post=52083"},{"taxonomy":"product_tag","embeddable":true,"href":"https:\/\/www.chiefslife.com\/de-ch\/wp-json\/wp\/v2\/product_tag?post=52083"}],"curies":[{"name":"wp","href":"https:\/\/api.w.org\/{rel}","templated":true}]}}