{"id":716,"date":"2021-03-09T11:13:46","date_gmt":"2021-03-09T10:13:46","guid":{"rendered":"https:\/\/www.chiefslife.com\/de-ch\/product\/strawberry\/"},"modified":"2025-11-30T23:55:02","modified_gmt":"2025-11-30T22:55:02","slug":"strawberry","status":"publish","type":"product","link":"https:\/\/www.chiefslife.com\/de-ch\/produkt\/strawberry\/","title":{"rendered":"Berry Falls"},"content":{"rendered":"<p>NO ADDED SUGAR: Ohne Zuckerzusatz. Enth\u00e4lt von Natur aus Zucker.<br \/>\nHIGH PROTEIN: 25 g Protein pro Flasche.<br \/>\nCONTAINS BCAAs: BCAAs (= Branched-chain amino acids) 5500 mg\/330 ml. Milch enth\u00e4lt verzweigtkettige Aminos\u00e4uren.<br \/>\nLOWER CARB: 65% weniger Kohlenhydrate als ein vergleichbares Produkt.<br \/>\nLACTOSE FREE: Laktosefrei &lt;0,1 g\/100 ml<\/p>\n<p class=\"ewa-rteLine\">Laktosefreies Getr\u00e4nk mit Milch (2,2% Fett) mit Milchprotein und S\u00fc\u00dfungsmitteln. Erdbeere. UHT.<\/p>\n<p class=\"ewa-rteLine\">Zutaten: 45% MILCH, Wasser, 7,4% MILCHPROTEINkonzentrat, 2% Erdbeerp\u00fcree, Stabilisator: Cellulose Gel, Cellulosegummi; nat\u00fcrliche Aromen, S\u00e4ureregulator: Dikaliumphosphat; nat\u00fcrlicher Farbstoff: Lycopin; S\u00fc\u00dfungsmittel: Sucralose, Acesulfam K; Speisesalz, Laktase.<\/p>\n<p class=\"ewa-rteLine\">\n*Proteine tragen zu einer Zunahme und zur Erhaltung von Muskelmasse bei.<\/p>\n<p class=\"ewa-rteLine\">Hergestellt in \u00d6sterreich.<\/p>\n","protected":false},"excerpt":{"rendered":"<p>Erlebe den fruchtigen, reichhaltigen und cremigen Erdbeergeschmack von Berry Falls! Geniesse die harmonische Mischung aus Erdbeere, Sahne und Milch in jedem Schluck \u2013 kombiniert mit der ultimativen Ladung an Protein.<\/p>\n","protected":false},"featured_media":49418,"comment_status":"closed","ping_status":"closed","template":"","meta":{"_acf_changed":false,"inline_featured_image":false},"product_brand":[],"product_cat":[91],"product_tag":[143,146,105,147,82,145],"class_list":{"0":"post-716","1":"product","2":"type-product","3":"status-publish","4":"has-post-thumbnail","6":"product_cat-protein-drink","7":"product_tag-gluten-free","8":"product_tag-high-protein","9":"product_tag-lactose-free","10":"product_tag-low-fat","11":"product_tag-lower-carb","12":"product_tag-no-added-sugar","14":"first","15":"instock","16":"taxable","17":"shipping-taxable","18":"purchasable","19":"product-type-simple"},"acf":[],"tiered_pricing_type":"fixed","tiered_pricing_fixed_rules":[],"tiered_pricing_product_settings":{"layout":"default","base_unit_name":{"singular":null,"plural":null},"default_variation":null},"tiered_pricing_minimum_quantity":null,"tiered_pricing_roles_data":[],"tiered_pricing_percentage_rules":[],"tiered_pricing_maximum_quantity":null,"tiered_pricing_quantity_step":null,"_links":{"self":[{"href":"https:\/\/www.chiefslife.com\/de-ch\/wp-json\/wp\/v2\/product\/716","targetHints":{"allow":["GET"]}}],"collection":[{"href":"https:\/\/www.chiefslife.com\/de-ch\/wp-json\/wp\/v2\/product"}],"about":[{"href":"https:\/\/www.chiefslife.com\/de-ch\/wp-json\/wp\/v2\/types\/product"}],"replies":[{"embeddable":true,"href":"https:\/\/www.chiefslife.com\/de-ch\/wp-json\/wp\/v2\/comments?post=716"}],"wp:featuredmedia":[{"embeddable":true,"href":"https:\/\/www.chiefslife.com\/de-ch\/wp-json\/wp\/v2\/media\/49418"}],"wp:attachment":[{"href":"https:\/\/www.chiefslife.com\/de-ch\/wp-json\/wp\/v2\/media?parent=716"}],"wp:term":[{"taxonomy":"product_brand","embeddable":true,"href":"https:\/\/www.chiefslife.com\/de-ch\/wp-json\/wp\/v2\/product_brand?post=716"},{"taxonomy":"product_cat","embeddable":true,"href":"https:\/\/www.chiefslife.com\/de-ch\/wp-json\/wp\/v2\/product_cat?post=716"},{"taxonomy":"product_tag","embeddable":true,"href":"https:\/\/www.chiefslife.com\/de-ch\/wp-json\/wp\/v2\/product_tag?post=716"}],"curies":[{"name":"wp","href":"https:\/\/api.w.org\/{rel}","templated":true}]}}