{"id":1121,"date":"2021-03-11T14:08:32","date_gmt":"2021-03-11T13:08:32","guid":{"rendered":"https:\/\/www.chiefslife.com\/de-eu\/?page_id=1121"},"modified":"2023-11-06T08:01:49","modified_gmt":"2023-11-06T07:01:49","slug":"chiefs-und-nachhaltigkeit","status":"publish","type":"page","link":"https:\/\/www.chiefslife.com\/de-eu\/chiefs-und-nachhaltigkeit\/","title":{"rendered":"Qualit\u00e4t"},"content":{"rendered":"\n<div class=\"wp-block-group\"><div class=\"wp-block-group__inner-container is-layout-flow wp-block-group-is-layout-flow\">\n<h1 class=\"wp-block-heading has-text-align-center\">Qualit\u00e4t<\/h1>\n\n\n\n<p class=\"has-text-align-center\">Qualit\u00e4t geht immer vor. Chiefs<sup>\u00ae<\/sup> ist es ein grosses Anliegen entlang der ganzen Lieferkette die h\u00f6chsten Qualit\u00e4tsstandards zu setzen. Hierzu halten wir uns nicht nur an diverse Branchenstandards sondern optimieren auch kontinuierlich unsere Prozesse in Bezug auf Kundenservice, Nachhaltigkeit, Produktsicherheit und Produktqualit\u00e4t. Wir glauben nicht an Kompromisse, denn f\u00fcr unsere Kunden ist nur die&nbsp;beste Qualit\u00e4t gut genug.<\/p>\n<\/div><\/div>\n\n\n<style>\n    .wp-block-chiefs-banner-brick {\n        display: grid;\n        grid-template-columns: 1fr 1fr;\n        width: 100%;\n        max-width: 1440px;\n        margin: 0 auto;\n    }\n\n    .wp-block-chiefs-banner-brick-column {\n        width: 100%;\n        max-height: 556px;\n        display: flex;\n        flex-direction: column;\n        justify-content: center;\n        align-items: center;\n        overflow: hidden;\n    }\n\n    .wp-block-chiefs-banner-brick-title {\n        text-align: center;\n        max-width: 500px;\n        margin-bottom: var(--space-md, 24px);\n    }\n\n    .wp-block-chiefs-banner-brick-body {\n        width: 57%;\n        text-align: center;\n    }\n\n    .wp-block-chiefs-banner-brick-image-link {\n        width: 100%;\n        height: 100%;\n        padding: 0;\n    }\n\n    .wp-block-chiefs-banner-brick-image {\n        object-fit: cover;\n        width: 100%;\n        height: 100%;\n    }\n\n    .wp-block-chiefs-banner-brick-column.banner-body {\n        padding: var(--space-xl, 48px);\n    }\n\n    .wp-block-chiefs-banner-brick-column.banner-image {\n        max-height: 556px;\n    }\n\n    @media (min-width: 1024px) {\n        .wp-block-chiefs-banner-brick-column.banner-body {\n            min-height: 352px;\n        }\n    }\n\n    @media (max-width: 768px) {\n        .wp-block-chiefs-banner-brick {\n            grid-template-columns: 1fr;\n        }\n\n        .wp-block-chiefs-banner-brick-column.banner-body {\n            padding: 32px var(--space-sm, 16px) 48px var(--space-sm, 16px);\n            order: 2;\n        }\n\n        .wp-block-chiefs-banner-brick-column.banner-body h3 {\n            margin: 0;\n            margin-bottom: var(--space-sm, 16px);\n        }\n\n        .wp-block-chiefs-banner-brick-column.banner-image {\n            height: 260px;\n            order: 1;\n        }\n    }\n<\/style>\n<div id=\"chiefs-banner-block-block_634130d066ba7cde1b1f1b889da793b5\" class=\"chiefs-banner-block\">\n    <div class=\"wp-block-chiefs-banner-brick\">\n\n                    <div class=\"wp-block-chiefs-banner-brick-column banner-body\" style=\"background-color:#d2c6bb\">\n                <h3 class=\"wp-block-chiefs-banner-brick-title\" style=\"color: #31272E;\">\n                    Zertifizierung<\/h3>\n                                <div class=\"wp-block-button\"><a class=\"wp-block-button__link\" href=\"https:\/\/www.chiefslife.com\/de-eu\/ifs-broker\" target=\"_self\" rel=\"noopener\">Jetzt lesen<\/a><\/div>\n            <\/div>\n            <div class=\"wp-block-chiefs-banner-brick-column banner-image\" style=\"background-color:#d2c6bb\">\n                <a class=\"wp-block-chiefs-banner-brick-image-link\" href=\"https:\/\/www.chiefslife.com\/de-eu\/ifs-broker\" target=\"_self\" rel=\"noopener\">\n                    <img decoding=\"async\" width=\"1500\" height=\"1000\" src=\"https:\/\/www.chiefslife.com\/de-eu\/wp-content\/uploads\/sites\/6\/2022\/10\/Audit_IFS-broker.jpg\" class=\"wp-block-chiefs-banner-brick-image wp-image-21581\" alt=\"\" srcset=\"https:\/\/www.chiefslife.com\/de-eu\/wp-content\/uploads\/sites\/6\/2022\/10\/Audit_IFS-broker.jpg 1500w, https:\/\/www.chiefslife.com\/de-eu\/wp-content\/uploads\/sites\/6\/2022\/10\/Audit_IFS-broker-300x200.jpg 300w, https:\/\/www.chiefslife.com\/de-eu\/wp-content\/uploads\/sites\/6\/2022\/10\/Audit_IFS-broker-1024x683.jpg 1024w, https:\/\/www.chiefslife.com\/de-eu\/wp-content\/uploads\/sites\/6\/2022\/10\/Audit_IFS-broker-768x512.jpg 768w, https:\/\/www.chiefslife.com\/de-eu\/wp-content\/uploads\/sites\/6\/2022\/10\/Audit_IFS-broker-500x333.jpg 500w, https:\/\/www.chiefslife.com\/de-eu\/wp-content\/uploads\/sites\/6\/2022\/10\/Audit_IFS-broker-800x533.jpg 800w, https:\/\/www.chiefslife.com\/de-eu\/wp-content\/uploads\/sites\/6\/2022\/10\/Audit_IFS-broker-1280x853.jpg 1280w, https:\/\/www.chiefslife.com\/de-eu\/wp-content\/uploads\/sites\/6\/2022\/10\/Audit_IFS-broker-336x224.jpg 336w\" sizes=\"(max-width: 1500px) 100vw, 1500px\" \/>                <\/a>\n            <\/div>\n            <\/div>\n<\/div>\n\n<style>\n    .wp-block-chiefs-banner-brick {\n        display: grid;\n        grid-template-columns: 1fr 1fr;\n        width: 100%;\n        max-width: 1440px;\n        margin: 0 auto;\n    }\n\n    .wp-block-chiefs-banner-brick-column {\n        width: 100%;\n        max-height: 556px;\n        display: flex;\n        flex-direction: column;\n        justify-content: center;\n        align-items: center;\n        overflow: hidden;\n    }\n\n    .wp-block-chiefs-banner-brick-title {\n        text-align: center;\n        max-width: 500px;\n        margin-bottom: var(--space-md, 24px);\n    }\n\n    .wp-block-chiefs-banner-brick-body {\n        width: 57%;\n        text-align: center;\n    }\n\n    .wp-block-chiefs-banner-brick-image-link {\n        width: 100%;\n        height: 100%;\n        padding: 0;\n    }\n\n    .wp-block-chiefs-banner-brick-image {\n        object-fit: cover;\n        width: 100%;\n        height: 100%;\n    }\n\n    .wp-block-chiefs-banner-brick-column.banner-body {\n        padding: var(--space-xl, 48px);\n    }\n\n    .wp-block-chiefs-banner-brick-column.banner-image {\n        max-height: 556px;\n    }\n\n    @media (min-width: 1024px) {\n        .wp-block-chiefs-banner-brick-column.banner-body {\n            min-height: 352px;\n        }\n    }\n\n    @media (max-width: 768px) {\n        .wp-block-chiefs-banner-brick {\n            grid-template-columns: 1fr;\n        }\n\n        .wp-block-chiefs-banner-brick-column.banner-body {\n            padding: 32px var(--space-sm, 16px) 48px var(--space-sm, 16px);\n            order: 2;\n        }\n\n        .wp-block-chiefs-banner-brick-column.banner-body h3 {\n            margin: 0;\n            margin-bottom: var(--space-sm, 16px);\n        }\n\n        .wp-block-chiefs-banner-brick-column.banner-image {\n            height: 260px;\n            order: 1;\n        }\n    }\n<\/style>\n<div id=\"chiefs-banner-block-block_a730620aec39012cbb81eca6870d09ec\" class=\"chiefs-banner-block\">\n    <div class=\"wp-block-chiefs-banner-brick\">\n\n                    <div class=\"wp-block-chiefs-banner-brick-column banner-image\" style=\"background-color:#98c469\">\n                <a class=\"wp-block-chiefs-banner-brick-image-link\" href=\"https:\/\/www.chiefslife.com\/de-eu\/nachhaltigkeit\/\" target=\"_self\" rel=\"noopener\">\n                    <img decoding=\"async\" width=\"1500\" height=\"1000\" src=\"https:\/\/www.chiefslife.com\/de-eu\/wp-content\/uploads\/sites\/6\/2022\/01\/Chiefs_Nachhaltigkeit.jpg\" class=\"wp-block-chiefs-banner-brick-image wp-image-21581\" alt=\"\" srcset=\"https:\/\/www.chiefslife.com\/de-eu\/wp-content\/uploads\/sites\/6\/2022\/01\/Chiefs_Nachhaltigkeit.jpg 1500w, https:\/\/www.chiefslife.com\/de-eu\/wp-content\/uploads\/sites\/6\/2022\/01\/Chiefs_Nachhaltigkeit-300x200.jpg 300w, https:\/\/www.chiefslife.com\/de-eu\/wp-content\/uploads\/sites\/6\/2022\/01\/Chiefs_Nachhaltigkeit-1024x683.jpg 1024w, https:\/\/www.chiefslife.com\/de-eu\/wp-content\/uploads\/sites\/6\/2022\/01\/Chiefs_Nachhaltigkeit-768x512.jpg 768w, https:\/\/www.chiefslife.com\/de-eu\/wp-content\/uploads\/sites\/6\/2022\/01\/Chiefs_Nachhaltigkeit-336x224.jpg 336w, https:\/\/www.chiefslife.com\/de-eu\/wp-content\/uploads\/sites\/6\/2022\/01\/Chiefs_Nachhaltigkeit-800x533.jpg 800w\" sizes=\"(max-width: 1500px) 100vw, 1500px\" \/>                <\/a>\n            <\/div>\n            <div class=\"wp-block-chiefs-banner-brick-column banner-body\" style=\"background-color:#98c469\">\n                <h3 class=\"wp-block-chiefs-banner-brick-title\" style=\"color: #31272E;\">\n                    Nachhaltigkeit<\/h3>\n                                <div class=\"wp-block-button\"><a class=\"wp-block-button__link\" href=\"https:\/\/www.chiefslife.com\/de-eu\/nachhaltigkeit\/\" target=\"_self\" rel=\"noopener\">Jetzt lesen<\/a><\/div>\n            <\/div>\n            <\/div>\n<\/div>\n\n<style>\n    .wp-block-chiefs-banner-brick {\n        display: grid;\n        grid-template-columns: 1fr 1fr;\n        width: 100%;\n        max-width: 1440px;\n        margin: 0 auto;\n    }\n\n    .wp-block-chiefs-banner-brick-column {\n        width: 100%;\n        max-height: 556px;\n        display: flex;\n        flex-direction: column;\n        justify-content: center;\n        align-items: center;\n        overflow: hidden;\n    }\n\n    .wp-block-chiefs-banner-brick-title {\n        text-align: center;\n        max-width: 500px;\n        margin-bottom: var(--space-md, 24px);\n    }\n\n    .wp-block-chiefs-banner-brick-body {\n        width: 57%;\n        text-align: center;\n    }\n\n    .wp-block-chiefs-banner-brick-image-link {\n        width: 100%;\n        height: 100%;\n        padding: 0;\n    }\n\n    .wp-block-chiefs-banner-brick-image {\n        object-fit: cover;\n        width: 100%;\n        height: 100%;\n    }\n\n    .wp-block-chiefs-banner-brick-column.banner-body {\n        padding: var(--space-xl, 48px);\n    }\n\n    .wp-block-chiefs-banner-brick-column.banner-image {\n        max-height: 556px;\n    }\n\n    @media (min-width: 1024px) {\n        .wp-block-chiefs-banner-brick-column.banner-body {\n            min-height: 352px;\n        }\n    }\n\n    @media (max-width: 768px) {\n        .wp-block-chiefs-banner-brick {\n            grid-template-columns: 1fr;\n        }\n\n        .wp-block-chiefs-banner-brick-column.banner-body {\n            padding: 32px var(--space-sm, 16px) 48px var(--space-sm, 16px);\n            order: 2;\n        }\n\n        .wp-block-chiefs-banner-brick-column.banner-body h3 {\n            margin: 0;\n            margin-bottom: var(--space-sm, 16px);\n        }\n\n        .wp-block-chiefs-banner-brick-column.banner-image {\n            height: 260px;\n            order: 1;\n        }\n    }\n<\/style>\n<div id=\"chiefs-banner-block-block_e601bbff3de9e7ac358628a2e3fa99bf\" class=\"chiefs-banner-block\">\n    <div class=\"wp-block-chiefs-banner-brick\">\n\n                    <div class=\"wp-block-chiefs-banner-brick-column banner-body\" style=\"background-color:#b3d9e9\">\n                <h3 class=\"wp-block-chiefs-banner-brick-title\" style=\"color: #31272E;\">\n                    Food waste<\/h3>\n                                <div class=\"wp-block-button\"><a class=\"wp-block-button__link\" href=\"https:\/\/www.chiefslife.com\/de-eu\/food-waste\/\" target=\"_self\" rel=\"noopener\">Jetzt lesen<\/a><\/div>\n            <\/div>\n            <div class=\"wp-block-chiefs-banner-brick-column banner-image\" style=\"background-color:#b3d9e9\">\n                <a class=\"wp-block-chiefs-banner-brick-image-link\" href=\"https:\/\/www.chiefslife.com\/de-eu\/food-waste\/\" target=\"_self\" rel=\"noopener\">\n                    <img decoding=\"async\" width=\"1500\" height=\"1000\" src=\"https:\/\/www.chiefslife.com\/de-eu\/wp-content\/uploads\/sites\/6\/2022\/01\/Chiefs_FoodWaste.jpg\" class=\"wp-block-chiefs-banner-brick-image wp-image-21581\" alt=\"\" srcset=\"https:\/\/www.chiefslife.com\/de-eu\/wp-content\/uploads\/sites\/6\/2022\/01\/Chiefs_FoodWaste.jpg 1500w, https:\/\/www.chiefslife.com\/de-eu\/wp-content\/uploads\/sites\/6\/2022\/01\/Chiefs_FoodWaste-300x200.jpg 300w, https:\/\/www.chiefslife.com\/de-eu\/wp-content\/uploads\/sites\/6\/2022\/01\/Chiefs_FoodWaste-1024x683.jpg 1024w, https:\/\/www.chiefslife.com\/de-eu\/wp-content\/uploads\/sites\/6\/2022\/01\/Chiefs_FoodWaste-768x512.jpg 768w, https:\/\/www.chiefslife.com\/de-eu\/wp-content\/uploads\/sites\/6\/2022\/01\/Chiefs_FoodWaste-500x333.jpg 500w, https:\/\/www.chiefslife.com\/de-eu\/wp-content\/uploads\/sites\/6\/2022\/01\/Chiefs_FoodWaste-800x533.jpg 800w, https:\/\/www.chiefslife.com\/de-eu\/wp-content\/uploads\/sites\/6\/2022\/01\/Chiefs_FoodWaste-1280x853.jpg 1280w, https:\/\/www.chiefslife.com\/de-eu\/wp-content\/uploads\/sites\/6\/2022\/01\/Chiefs_FoodWaste-336x224.jpg 336w\" sizes=\"(max-width: 1500px) 100vw, 1500px\" \/>                <\/a>\n            <\/div>\n            <\/div>\n<\/div>\n\n\n<p><\/p>\n","protected":false},"excerpt":{"rendered":"<p>Qualit\u00e4t Qualit\u00e4t geht immer vor. Chiefs\u00ae ist es ein grosses Anliegen entlang der ganzen Lieferkette die h\u00f6chsten Qualit\u00e4tsstandards zu setzen. Hierzu halten wir uns nicht nur an diverse Branchenstandards sondern optimieren auch kontinuierlich unsere Prozesse in Bezug auf Kundenservice, Nachhaltigkeit, Produktsicherheit und Produktqualit\u00e4t. Wir glauben nicht an Kompromisse, denn f\u00fcr unsere Kunden ist nur die&nbsp;beste [&hellip;]<\/p>\n","protected":false},"author":2,"featured_media":0,"parent":0,"menu_order":0,"comment_status":"closed","ping_status":"closed","template":"","meta":{"_acf_changed":false,"inline_featured_image":false,"footnotes":""},"class_list":["post-1121","page","type-page","status-publish","hentry"],"acf":[],"_links":{"self":[{"href":"https:\/\/www.chiefslife.com\/de-eu\/wp-json\/wp\/v2\/pages\/1121","targetHints":{"allow":["GET"]}}],"collection":[{"href":"https:\/\/www.chiefslife.com\/de-eu\/wp-json\/wp\/v2\/pages"}],"about":[{"href":"https:\/\/www.chiefslife.com\/de-eu\/wp-json\/wp\/v2\/types\/page"}],"author":[{"embeddable":true,"href":"https:\/\/www.chiefslife.com\/de-eu\/wp-json\/wp\/v2\/users\/2"}],"replies":[{"embeddable":true,"href":"https:\/\/www.chiefslife.com\/de-eu\/wp-json\/wp\/v2\/comments?post=1121"}],"version-history":[{"count":0,"href":"https:\/\/www.chiefslife.com\/de-eu\/wp-json\/wp\/v2\/pages\/1121\/revisions"}],"wp:attachment":[{"href":"https:\/\/www.chiefslife.com\/de-eu\/wp-json\/wp\/v2\/media?parent=1121"}],"curies":[{"name":"wp","href":"https:\/\/api.w.org\/{rel}","templated":true}]}}