{"id":1187,"date":"2021-03-11T16:08:09","date_gmt":"2021-03-11T15:08:09","guid":{"rendered":"https:\/\/www.chiefslife.com\/de-eu\/?page_id=1187"},"modified":"2021-10-07T17:06:52","modified_gmt":"2021-10-07T15:06:52","slug":"agb","status":"publish","type":"page","link":"https:\/\/www.chiefslife.com\/de-eu\/agb\/","title":{"rendered":"AGB"},"content":{"rendered":"\n<div class=\"wp-block-group\"><div class=\"wp-block-group__inner-container is-layout-flow wp-block-group-is-layout-flow\">\n<h2 class=\"wp-block-heading\">Allgemeine Gesch\u00e4ftsbedingungen<\/h2>\n\n\n\n<h4 class=\"wp-block-heading\">1.&nbsp;Geltungsbereich<\/h4>\n\n\n\n<p>F\u00fcr alle Bestellungen \u00fcber unseren Online-Shop durch Verbraucher und Unternehmer gelten die nachfolgenden Allgemeinen Gesch\u00e4ftsbedingungen (\u201eAGB\u201c).<\/p>\n\n\n\n<p>Verbraucher ist jede nat\u00fcrliche Person, die ein Rechtsgesch\u00e4ft zu Zwecken abschlie\u00dft, die \u00fcberwiegend weder ihrer gewerblichen noch ihrer selbst\u00e4ndigen beruflichen T\u00e4tigkeit zugerechnet werden k\u00f6nnen. Unternehmer ist jede nat\u00fcrliche oder juristische Person oder <s>eine<\/s> rechtsf\u00e4hige Personengesellschaft, die bei Abschluss eines Rechtsgesch\u00e4fts in Aus\u00fcbung ihrer gewerblichen oder selbst\u00e4ndigen beruflichen T\u00e4tigkeit handelt.<\/p>\n\n\n\n<p>Gegen\u00fcber Unternehmern gilt: Verwendet der Unternehmer entgegenstehende oder erg\u00e4nzende Allgemeine Gesch\u00e4ftsbedingungen, wird deren Geltung hiermit widersprochen; sie werden nur dann Vertragsbestandteil, wenn wir dem ausdr\u00fccklich schriftlich zugestimmt haben.<\/p>\n\n\n\n<h4 class=\"wp-block-heading\">2.&nbsp;Vertragspartner, Vertragsschluss, Korrekturm\u00f6glichkeiten<\/h4>\n\n\n\n<p>Der Kaufvertrag kommt zustande mit der Tandego GmbH.<\/p>\n\n\n\n<p>Die Pr\u00e4sentation der Waren im Online-Shop stellt kein bindendes Angebot dar. Sie werden dadurch lediglich aufgefordert, durch eine Bestellung ein Angebot abzugeben. Sie k\u00f6nnen unsere Produkte zun\u00e4chst unverbindlich in den Warenkorb legen und Ihre Eingaben vor Absenden Ihrer verbindlichen Bestellung jederzeit korrigieren, indem Sie die hierf\u00fcr im Bestellablauf vorgesehenen und erl\u00e4uterten Korrekturhilfen nutzen. Der Vertrag kommt zustande, indem Sie durch Anklicken des Bestellbuttons das Angebot \u00fcber die im Warenkorb enthaltenen Waren annehmen. Unmittelbar nach dem Absenden der Bestellung erhalten Sie eine Best\u00e4tigung per E-Mail.<\/p>\n\n\n\n<h4 class=\"wp-block-heading\">3.&nbsp;Vertragssprache, Vertragstextspeicherung<\/h4>\n\n\n\n<p>Die f\u00fcr den Vertragsschluss zur Verf\u00fcgung stehende(n) Sprache(n): Deutsch, Englisch, Franz\u00f6sisch, Italienisch<\/p>\n\n\n\n<p>Wir speichern den Vertragstext und senden Ihnen die Bestellbest\u00e4tigung mit den Bestelldaten in Textform zu. Die AGB k\u00f6nnen Sie jederzeit einsehen.<\/p>\n\n\n\n<h4 class=\"wp-block-heading\">4.&nbsp;Lieferbedingungen<\/h4>\n\n\n\n<p>Zuz\u00fcglich zu den angegebenen Produktpreisen k\u00f6nnen noch Versandkosten anfallen. N\u00e4here Bestimmungen zu ggf. anfallenden Versandkosten erfahren Sie bei den Angeboten bzw. bei der Bestell\u00fcbersicht vor Abschluss Ihrer Bestellung.<\/p>\n\n\n\n<p>Wir liefern nur im Versandweg. Eine Selbstabholung der Ware ist leider nicht m\u00f6glich.<\/p>\n\n\n\n<p>Wir liefern nicht an Packstationen.<\/p>\n\n\n\n<p>Wir sind zu Teillieferungen und Teilleistungen berechtigt. Dabei eventuell entstehende Mehrkosten tragen wir.<\/p>\n\n\n\n<p>Nimmt ein K\u00e4ufer die Ware nach Anlieferung nicht ab, so k\u00f6nnen wir nach einer Frist von zwei Wochen die Ware an einen Dritten verkaufen und den urspr\u00fcnglichen K\u00e4ufer f\u00fcr einen eventuell entstandenen Verlust haftbar machen.<\/p>\n\n\n\n<p>Sollte die Ware aufgrund h\u00f6herer Gewalt oder Produkteinstellung nicht lieferbar sein oder sollten wir die bestellten Produkte nicht unter zumutbaren Bedingungen beschaffen k\u00f6nnen, und sollten diese Umst\u00e4nde erst nach Vertragsschluss eingetreten und nicht durch uns zu verantworten sein, so sind wir von der Lieferpflicht befreit. Sollten Ereignisse, die uns die Lieferung wesentlich erschweren oder unm\u00f6glich machen &#8211; beispielsweise Streik, Aussperrung, beh\u00f6rdliche Anordnungen oder \u00c4hnliches &#8211; eintreten, so haben wir Verz\u00f6gerungen auch bei verbindlich vereinbarten Fristen und Terminen nicht zu vertreten.<\/p>\n\n\n\n<h4 class=\"wp-block-heading\">5.\u00a0Preise<\/h4>\n\n\n\n<p>F\u00fcr Bestellungen gelten die zum Zeitpunkt der Bestellung f\u00fcr die Produkte aufgef\u00fchrten Preise. Alle Preise beinhalten die gesetzliche Mehrwertsteuer und verstehen sich zuz\u00fcglich Versandkosten. Falls zus\u00e4tzliche Kosten anfallen, werden diese gesondert berechnet und ausgewiesen.<\/p>\n\n\n\n<h4 class=\"wp-block-heading\">6.\u00a0Bezahlung<\/h4>\n\n\n\n<p>In unserem Shop stehen Ihnen grunds\u00e4tzlich die Zahlungsarten von Payone und zus\u00e4tzlich nachfolgenden Zahlungsarten zur Verf\u00fcgung:<\/p>\n\n\n\n<h6 class=\"wp-block-heading\">Kreditkarte<\/h6>\n\n\n\n<p>Mit Abgabe der Bestellung geben Sie Ihre Kreditkartendaten an. Ihre Karte wird unmittelbar nach Abgabe der Bestellung belastet.<\/p>\n\n\n\n<h6 class=\"wp-block-heading\">PayPal<\/h6>\n\n\n\n<p>Um den Rechnungsbetrag \u00fcber die Zahlungsoption PayPal bezahlen zu k\u00f6nnen, m\u00fcssen Sie bei PayPal registriert sein, sich mit Ihren Zugangsdaten legitimieren und die Zahlungsanweisung best\u00e4tigen. Die Zahlungstransaktion wird durch PayPal unmittelbar nach Abgabe der Bestellung durchgef\u00fchrt.<\/p>\n\n\n\n<h6 class=\"wp-block-heading\">Kreditkarte \u00fcber PayPal<\/h6>\n\n\n\n<p>Ihre Karte wird durch PayPal nach Versendung der Ware belastet.<\/p>\n\n\n\n<h6 class=\"wp-block-heading\">Sofort by klarna<\/h6>\n\n\n\n<p>Um den Rechnungsbetrag \u00fcber \u00fcber den Zahlungsdienstleister Sofort GmbH, Theresienh\u00f6he 12, 80339 M\u00fcnchen bezahlen zu k\u00f6nnen, m\u00fcssen Sie \u00fcber ein f\u00fcr Online-Banking freigeschaltetes Bankkonto verf\u00fcgen, sich entsprechend legitimieren und die Zahlungsanweisung best\u00e4tigen. Ihr Konto wird unmittelbar nach Abgabe der Bestellung belastet. Weitere Hinweise erhalten Sie im Bestellvorgang.<\/p>\n\n\n\n<h6 class=\"wp-block-heading\">giropay \/ paydirekt<\/h6>\n\n\n\n<p>In Kooperation mit dem Zahlungsdienstleister paydirekt GmbH, Stephanstr. 14-16, 60313 Frankfurt a. M (\u201egiropay\u201c oder \u201epaydirekt\u201c) bieten wir die Zahlungsarten giropay und paydirekt an.<\/p>\n\n\n\n<h6 class=\"wp-block-heading\">giropay<\/h6>\n\n\n\n<p>Um den Rechnungsbetrag \u00fcber giropay bezahlen zu k\u00f6nnen, m\u00fcssen Sie \u00fcber ein f\u00fcr Online-Banking freigeschaltetes Bankkonto verf\u00fcgen, sich entsprechend legitimieren und die Zahlungsanweisung best\u00e4tigen. Ihr Konto wird unmittelbar nach Abgabe der Bestellung belastet. Weitere Hinweise erhalten Sie im Bestellvorgang.<\/p>\n\n\n\n<h6 class=\"wp-block-heading\">paydirekt<\/h6>\n\n\n\n<p>Um den Rechnungsbetrag \u00fcber paydirekt bezahlen zu k\u00f6nnen, m\u00fcssen Sie \u00fcber ein f\u00fcr Online-Banking freigeschaltetes Bankkonto verf\u00fcgen, bei paydirekt registriert sein, sich mit Ihren Zugangsdaten legitimieren und die Zahlungsanweisung best\u00e4tigen. Die Zahlungstransaktion wird unmittelbar nach Abgabe der Bestellung durchgef\u00fchrt. Weitere Hinweise erhalten Sie im Bestellvorgang.<\/p>\n\n\n\n<h4 class=\"wp-block-heading\">7.\u00a0Widerrufsrecht<\/h4>\n\n\n\n<p>Verbrauchern steht das gesetzliche Widerrufsrecht, wie in der <a href=\"http:\/\/www.chiefslife.com\/de-eu\/widerrufsbelehrung\" target=\"_blank\" rel=\"noreferrer noopener\">Widerrufsbelehrung <\/a>beschrieben, zu. Unternehmern wird kein Widerrufsrecht einger\u00e4umt.<\/p>\n\n\n\n<h4 class=\"wp-block-heading\">8. EIGENTUMSVORBEHALT<\/h4>\n\n\n\n<p>Bei Verbrauchern behalten wir uns das Eigentum an der Kaufsache bis zur vollst\u00e4ndigen Zahlung des Rechnungsbetrags vor. Sind Sie Unternehmer in Aus\u00fcbung Ihrer gewerblichen oder selbst\u00e4ndigen beruflichen T\u00e4tigkeit, eine juristische Person des \u00f6ffentlichen Rechts oder \u00f6ffentlich-rechtliches Sonderverm\u00f6gen, behalten wir uns das Eigentum an der Kaufsache bis zum Ausgleich aller noch offenen Forderungen aus der Gesch\u00e4ftsverbindung mit dem Besteller vor. Die entsprechenden Sicherungsrechte sind auf Dritte \u00fcbertragbar.<\/p>\n\n\n\n<h4 class=\"wp-block-heading\">9.\u00a0Transportsch\u00e4den<\/h4>\n\n\n\n<p>F\u00fcr Verbraucher gilt: Werden Waren mit offensichtlichen Transportsch\u00e4den angeliefert, so reklamieren Sie solche Fehler bitte m\u00f6glichst sofort beim Zusteller und nehmen Sie bitte unverz\u00fcglich Kontakt zu uns auf. Die Vers\u00e4umung einer Reklamation oder Kontaktaufnahme hat f\u00fcr Ihre gesetzlichen Anspr\u00fcche und deren Durchsetzung, insbesondere Ihre Gew\u00e4hrleistungsrechte, keinerlei Konsequenzen. Sie helfen uns aber, unsere eigenen Anspr\u00fcche gegen\u00fcber dem Frachtf\u00fchrer bzw. der Transportversicherung geltend machen zu k\u00f6nnen.<\/p>\n\n\n\n<h4 class=\"wp-block-heading\">10. HAFTUNGSAUSSCHLUSS<\/h4>\n\n\n\n<p>Schadensersatzanspr\u00fcche des Kunden sind ausgeschlossen, soweit nachfolgend nichts anderes bestimmt ist. Der vorstehende Haftungsausschluss gilt auch zugunsten unserer gesetzlichen Vertreter und Erf\u00fcllungsgehilfen, sofern der Kunde Anspr\u00fcche gegen diese geltend macht.<\/p>\n\n\n\n<p>Von dem unter Ziffer 1 bestimmten Haftungsausschluss ausgenommen sind Schadensersatzanspr\u00fcche aufgrund einer Verletzung des Lebens, des K\u00f6rpers, der Gesundheit und Schadensersatzanspr\u00fcche aus der Verletzung wesentlicher Vertragspflichten. Wesentliche Vertragspflichten sind solche, deren Erf\u00fcllung zur Erreichung des Ziels des Vertrags notwendig ist, z.B. hat der Anbieter dem Kunden die Sache frei von Sach- und Rechtsm\u00e4ngeln zu \u00fcbergeben und das Eigentum an ihr zu verschaffen. Von dem Haftungsausschluss ebenfalls ausgenommen ist die Haftung f\u00fcr Sch\u00e4den, die auf einer vors\u00e4tzlichen oder grob fahrl\u00e4ssigen Pflichtverletzung des Anbieters, seiner gesetzlichen Vertreter oder Erf\u00fcllungsgehilfen beruhen.<\/p>\n\n\n\n<h4 class=\"wp-block-heading\">11. Abtretungs- und Verpf\u00e4ndungsverbot<\/h4>\n\n\n\n<p>Die Abtretung oder Verpf\u00e4ndung von dem Kunden uns gegen\u00fcber zustehenden Anspr\u00fcchen oder Rechten ist ohne unsere Zustimmung ausgeschlossen, sofern der Kunde nicht ein berechtigtes Interesse an der Abtretung oder Verpf\u00e4ndung nachweist.<\/p>\n\n\n\n<h4 class=\"wp-block-heading\">12. Aufrechnung und Zur\u00fcckbehaltungsrecht<\/h4>\n\n\n\n<p>Ein Aufrechnungsrecht des Kunden besteht nur, wenn seine zur Aufrechnung gestellte Forderung rechtskr\u00e4ftig festgestellt wurde oder unbestritten ist. Au\u00dferdem haben Sie ein Zur\u00fcckbehaltungsrecht nur, wenn und soweit Ihr Gegenanspruch auf dem gleichen Vertragsverh\u00e4ltnis beruht.<\/p>\n\n\n\n<p>Befindet sich der Kunde uns gegen\u00fcber mit irgendwelchen Zahlungsverpflichtungen im Verzug, so werden s\u00e4mtliche bestehende Forderungen sofort f\u00e4llig.<\/p>\n\n\n\n<h4 class=\"wp-block-heading\">13. STREITBEILEGUNG<\/h4>\n\n\n\n<p>Die Europ\u00e4ische Kommission stellt eine Plattform zur Online-Streitbeilegung (OS) bereit, die Sie unter <a rel=\"noreferrer noopener\" href=\"https:\/\/ec.europa.eu\/consumers\/odr\/\" target=\"_blank\">https:\/\/ec.europa.eu\/consumers\/odr\/<\/a>\u00a0finden. Zur Teilnahme an einem Streitbeilegungsverfahren vor einer Verbraucherschlichtungsstelle sind wir nicht verpflichtet und nicht bereit.<\/p>\n\n\n\n<h4 class=\"wp-block-heading\">14. SCHLUSSBESTIMMUNGEN<\/h4>\n\n\n\n<p>Rechtswahl: Sind Sie Unternehmer, dann gilt deutsches materielles Recht unter Ausschluss des UN-Kaufrechts.<\/p>\n\n\n\n<p>Gerichtsstand: Sind Sie Kaufmann im Sinne des Handelsgesetzbuches, juristische Person des \u00f6ffentlichen Rechts oder \u00f6ffentlich-rechtliches Sonderverm\u00f6gen, ist ausschlie\u00dflicher Gerichtsstand f\u00fcr alle Streitigkeiten aus Vertragsverh\u00e4ltnissen zwischen uns und Ihnen unser Gesch\u00e4ftssitz.<\/p>\n\n\n\n<p>Salvatorische Klausel: Sollte eine Bestimmung dieser Allgemeinen Gesch\u00e4ftsbedingungen unwirksam sein, wird davon die Wirksamkeit der \u00fcbrigen Bestimmungen nicht ber\u00fchrt.<\/p>\n<\/div><\/div>\n","protected":false},"excerpt":{"rendered":"<p>Allgemeine Gesch\u00e4ftsbedingungen 1.&nbsp;Geltungsbereich F\u00fcr alle Bestellungen \u00fcber unseren Online-Shop durch Verbraucher und Unternehmer gelten die nachfolgenden Allgemeinen Gesch\u00e4ftsbedingungen (\u201eAGB\u201c). Verbraucher ist jede nat\u00fcrliche Person, die ein Rechtsgesch\u00e4ft zu Zwecken abschlie\u00dft, die \u00fcberwiegend weder ihrer gewerblichen noch ihrer selbst\u00e4ndigen beruflichen T\u00e4tigkeit zugerechnet werden k\u00f6nnen. Unternehmer ist jede nat\u00fcrliche oder juristische Person oder eine rechtsf\u00e4hige Personengesellschaft, die [&hellip;]<\/p>\n","protected":false},"author":2,"featured_media":0,"parent":0,"menu_order":0,"comment_status":"closed","ping_status":"closed","template":"","meta":{"_acf_changed":false,"inline_featured_image":false,"footnotes":""},"class_list":["post-1187","page","type-page","status-publish","hentry"],"acf":[],"_links":{"self":[{"href":"https:\/\/www.chiefslife.com\/de-eu\/wp-json\/wp\/v2\/pages\/1187","targetHints":{"allow":["GET"]}}],"collection":[{"href":"https:\/\/www.chiefslife.com\/de-eu\/wp-json\/wp\/v2\/pages"}],"about":[{"href":"https:\/\/www.chiefslife.com\/de-eu\/wp-json\/wp\/v2\/types\/page"}],"author":[{"embeddable":true,"href":"https:\/\/www.chiefslife.com\/de-eu\/wp-json\/wp\/v2\/users\/2"}],"replies":[{"embeddable":true,"href":"https:\/\/www.chiefslife.com\/de-eu\/wp-json\/wp\/v2\/comments?post=1187"}],"version-history":[{"count":0,"href":"https:\/\/www.chiefslife.com\/de-eu\/wp-json\/wp\/v2\/pages\/1187\/revisions"}],"wp:attachment":[{"href":"https:\/\/www.chiefslife.com\/de-eu\/wp-json\/wp\/v2\/media?parent=1187"}],"curies":[{"name":"wp","href":"https:\/\/api.w.org\/{rel}","templated":true}]}}