{"id":1191,"date":"2021-03-11T16:29:05","date_gmt":"2021-03-11T15:29:05","guid":{"rendered":"https:\/\/www.chiefslife.com\/de-eu\/?page_id=1191"},"modified":"2021-10-07T18:04:10","modified_gmt":"2021-10-07T16:04:10","slug":"impressum","status":"publish","type":"page","link":"https:\/\/www.chiefslife.com\/de-eu\/impressum\/","title":{"rendered":"Impressum &amp; Rechtliche Hinweise"},"content":{"rendered":"\n<div class=\"wp-block-group\"><div class=\"wp-block-group__inner-container is-layout-flow wp-block-group-is-layout-flow\">\n<h1 class=\"wp-block-heading\">Impressum &amp; Rechtliche Hinweise<\/h1>\n\n\n\n<p>Tandego GmbH<br>Arndtstrasse 12<br>79539 L\u00f6rrach<br>Deutschland<\/p>\n\n\n\n<p>Telefon: <a href=\"tel:+4976215880101\">+49 7621 5880101<\/a><br>Mail: <a href=\"mailto:customer@tandego.com\">customer@tandego.com<\/a><br><\/p>\n\n\n\n<p>Vertretungsberechtigter Gesch\u00e4ftsf\u00fchrer: Martin Maier<br>Registergericht: Amtsgerichts Freiburg i. Br., HRB 713031<br>Umsatzsteuer-Identifikationsnummer: DE815559032<\/p>\n\n\n\n<p>Inhaltlich Verantwortlicher: Martin Maier (Anschrift wie oben)<\/p>\n\n\n\n<h4 class=\"wp-block-heading\">Rechtliche Hinweise<\/h4>\n\n\n\n<h5 class=\"wp-block-heading\">Plattform zur Online-Streitbeilegung<\/h5>\n\n\n\n<p>Die Europ\u00e4ische Kommission stellt eine Plattform zur Online-Streitbeilegung (OS) bereit, die Sie hier finden: <a href=\"https:\/\/ec.europa.eu\/consumers\/odr\/\" target=\"_blank\" rel=\"noreferrer noopener\">https:\/\/ec.europa.eu\/consumers\/odr\/<\/a>.&nbsp; Zur Teilnahme an einem Streitbeilegungsverfahren vor einer Verbraucherschlichtungsstelle sind wir nicht verpflichtet und nicht bereit.<\/p>\n\n\n\n<h5 class=\"wp-block-heading\">Haftungsausschluss<\/h5>\n\n\n\n<h6 class=\"wp-block-heading\">Haftung f\u00fcr Inhalte<\/h6>\n\n\n\n<p>Die Inhalte Webseite (inkl. deren einzelne Seiten und Unterseiten sowie des Online-Shops) wurden mit gr\u00f6\u00dfter Sorgfalt erstellt. F\u00fcr deren Richtigkeit, Vollst\u00e4ndigkeit und Aktualit\u00e4t k\u00f6nnen wir jedoch keine Gew\u00e4hr \u00fcbernehmen. Wir schlie\u00dfen jegliche Haftung (einschlie\u00dflich Fahrl\u00e4ssigkeit) aus, die sich aus dem Zugriff bzw. dem verunm\u00f6glichten Zugriff auf diese Webseite oder einzelner ihrer Elemente oder aus der Benutzung ergeben k\u00f6nne.<\/p>\n\n\n\n<p>Als Diensteanbieter sind wir gem\u00e4\u00df \u00a7 7 Abs.1 TMG f\u00fcr eigene Inhalte auf dieser Webseite nach den allgemeinen Gesetzen verantwortlich. Nach \u00a7\u00a7 8 bis 10 TMG sind wir als Diensteanbieter jedoch nicht verpflichtet, \u00fcbermittelte oder gespeicherte fremde Informationen zu \u00fcberwachen oder nach Umst\u00e4nden zu forschen, die auf eine rechtswidrige T\u00e4tigkeit hinweisen. Verpflichtungen zur Entfernung oder Sperrung der Nutzung von Informationen nach den allgemeinen Gesetzen bleiben hiervon unber\u00fchrt. Eine diesbez\u00fcgliche Haftung ist jedoch erst ab dem Zeitpunkt der Kenntnis einer konkreten Rechtsverletzung m\u00f6glich. Bei Bekanntwerden von entsprechenden Rechtsverletzungen werden wir diese Inhalte umgehend entfernen.<\/p>\n\n\n\n<h6 class=\"wp-block-heading\">Haftung f\u00fcr Links<\/h6>\n\n\n\n<p>Unser Angebot kann Links zu externen Webseiten Dritter enthalten, auf deren Inhalte wir keinen Einfluss haben. Deshalb k\u00f6nnen wir f\u00fcr diese fremden Inhalte auch keine Gew\u00e4hr \u00fcbernehmen. F\u00fcr die Inhalte der verlinkten Seiten ist stets der jeweilige Anbieter oder Betreiber der verlinkten Seiten verantwortlich. Die verlinkten Seiten wurden zum Zeitpunkt der Verlinkung auf m\u00f6gliche Rechtsverst\u00f6\u00dfe \u00fcberpr\u00fcft. Rechtswidrige Inhalte waren zum Zeitpunkt der Verlinkung nicht erkennbar. Eine permanente inhaltliche Kontrolle der verlinkten Seiten ist jedoch ohne konkrete Anhaltspunkte einer Rechtsverletzung nicht zumutbar. Bei Bekanntwerden von Rechtsverletzungen werden wir derartige Links umgehend entfernen.<\/p>\n\n\n\n<h6 class=\"wp-block-heading\">Urheberrecht<\/h6>\n\n\n\n<p>Die Inhalte dieser Webseite (inkl. deren einzelne Seiten und Unterseiten sowie des Online-Shops) unterliegen dem Urheberrecht. Die Vervielf\u00e4ltigung, Bearbeitung, Verbreitung und jede Art der Verwertung bed\u00fcrfen der schriftlichen Zustimmung des jeweiligen Autors bzw. Erstellers. Downloads und Kopien von Inhalten dieser Webseite sind nur f\u00fcr den privaten, nicht kommerziellen Gebrauch gestattet. Soweit die Inhalte dieser Webseite nicht vom Betreiber erstellt wurden, werden die Urheberrechte Dritter beachtet. Insbesondere werden Inhalte Dritter als solche gekennzeichnet. Sollten Sie trotzdem auf eine Urheberrechtsverletzung aufmerksam werden, bitten wir um einen entsprechenden Hinweis. Bei Bekanntwerden von Rechtsverletzungen werden wir derartige Inhalte umgehend entfernen.<\/p>\n<\/div><\/div>\n","protected":false},"excerpt":{"rendered":"<p>Impressum &amp; Rechtliche Hinweise Tandego GmbHArndtstrasse 1279539 L\u00f6rrachDeutschland Telefon: +49 7621 5880101Mail: customer@tandego.com Vertretungsberechtigter Gesch\u00e4ftsf\u00fchrer: Martin MaierRegistergericht: Amtsgerichts Freiburg i. Br., HRB 713031Umsatzsteuer-Identifikationsnummer: DE815559032 Inhaltlich Verantwortlicher: Martin Maier (Anschrift wie oben) Rechtliche Hinweise Plattform zur Online-Streitbeilegung Die Europ\u00e4ische Kommission stellt eine Plattform zur Online-Streitbeilegung (OS) bereit, die Sie hier finden: https:\/\/ec.europa.eu\/consumers\/odr\/.&nbsp; Zur Teilnahme an einem [&hellip;]<\/p>\n","protected":false},"author":2,"featured_media":0,"parent":0,"menu_order":0,"comment_status":"closed","ping_status":"closed","template":"","meta":{"_acf_changed":false,"inline_featured_image":false,"footnotes":""},"class_list":["post-1191","page","type-page","status-publish","hentry"],"acf":[],"_links":{"self":[{"href":"https:\/\/www.chiefslife.com\/de-eu\/wp-json\/wp\/v2\/pages\/1191","targetHints":{"allow":["GET"]}}],"collection":[{"href":"https:\/\/www.chiefslife.com\/de-eu\/wp-json\/wp\/v2\/pages"}],"about":[{"href":"https:\/\/www.chiefslife.com\/de-eu\/wp-json\/wp\/v2\/types\/page"}],"author":[{"embeddable":true,"href":"https:\/\/www.chiefslife.com\/de-eu\/wp-json\/wp\/v2\/users\/2"}],"replies":[{"embeddable":true,"href":"https:\/\/www.chiefslife.com\/de-eu\/wp-json\/wp\/v2\/comments?post=1191"}],"version-history":[{"count":1,"href":"https:\/\/www.chiefslife.com\/de-eu\/wp-json\/wp\/v2\/pages\/1191\/revisions"}],"predecessor-version":[{"id":24253,"href":"https:\/\/www.chiefslife.com\/de-eu\/wp-json\/wp\/v2\/pages\/1191\/revisions\/24253"}],"wp:attachment":[{"href":"https:\/\/www.chiefslife.com\/de-eu\/wp-json\/wp\/v2\/media?parent=1191"}],"curies":[{"name":"wp","href":"https:\/\/api.w.org\/{rel}","templated":true}]}}