{"id":12212,"date":"2022-04-25T11:31:42","date_gmt":"2022-04-25T09:31:42","guid":{"rendered":"https:\/\/www.chiefslife.com\/de-eu\/?page_id=12212"},"modified":"2022-07-25T16:14:52","modified_gmt":"2022-07-25T14:14:52","slug":"protein-muesli","status":"publish","type":"page","link":"https:\/\/www.chiefslife.com\/de-eu\/protein-muesli\/","title":{"rendered":"Protein M\u00fcesli"},"content":{"rendered":"\n<div class=\"wp-block-group\"><div class=\"wp-block-group__inner-container is-layout-flow wp-block-group-is-layout-flow\">\n<h1 class=\"has-text-align-center wp-block-heading\">Protein M\u00fcesli<\/h1>\n\n\n\n<p class=\"has-text-align-center has-body-1-font-size\">Egal ob Morgenmensch oder Morgenmuffel, starte gut gelaunt in den Tag mit einem besseren Fr\u00fchst\u00fcck. Proteinreich, ohne Zuckerzusatz und mit weniger Kohlenhydraten! Ein echter Schweizer Klassiker, von Chiefs<sup>\u00ae<\/sup> neu erfunden. Worauf wartest du noch?<\/p>\n<\/div><\/div>\n\n\n\n<div class=\"wp-block-chiefs-column-brick\"><div class=\"wp-block-chiefs-column-brick-column\"><div class=\"wp-block-chiefs-column-brick-image-container\"><a href=\"https:\/\/www.chiefslife.com\/de-eu\/produkt\/protein-muesli-classic\/\" target=\"_self\" rel=\"noopener\"><img decoding=\"async\" width=\"1000\" height=\"1000\" class=\"wp-block-chiefs-column-brick-image wp-image-12213\" src=\"https:\/\/www.chiefslife.com\/de-eu\/wp-content\/uploads\/sites\/6\/2022\/04\/Chiefs_Web_1000x1000_ProteinMuesli_Classic_front_shade.png\" alt=\"Column image\" sizes=\"(max-width: 768px) 100vw, 25vw\" srcset=\"https:\/\/www.chiefslife.com\/de-eu\/wp-content\/uploads\/sites\/6\/2022\/04\/Chiefs_Web_1000x1000_ProteinMuesli_Classic_front_shade.png 1000w, https:\/\/www.chiefslife.com\/de-eu\/wp-content\/uploads\/sites\/6\/2022\/04\/Chiefs_Web_1000x1000_ProteinMuesli_Classic_front_shade-300x300.png 300w, https:\/\/www.chiefslife.com\/de-eu\/wp-content\/uploads\/sites\/6\/2022\/04\/Chiefs_Web_1000x1000_ProteinMuesli_Classic_front_shade-150x150.png 150w, https:\/\/www.chiefslife.com\/de-eu\/wp-content\/uploads\/sites\/6\/2022\/04\/Chiefs_Web_1000x1000_ProteinMuesli_Classic_front_shade-768x768.png 768w, https:\/\/www.chiefslife.com\/de-eu\/wp-content\/uploads\/sites\/6\/2022\/04\/Chiefs_Web_1000x1000_ProteinMuesli_Classic_front_shade-500x500.png 500w, https:\/\/www.chiefslife.com\/de-eu\/wp-content\/uploads\/sites\/6\/2022\/04\/Chiefs_Web_1000x1000_ProteinMuesli_Classic_front_shade-800x800.png 800w, https:\/\/www.chiefslife.com\/de-eu\/wp-content\/uploads\/sites\/6\/2022\/04\/Chiefs_Web_1000x1000_ProteinMuesli_Classic_front_shade-336x336.png 336w, https:\/\/www.chiefslife.com\/de-eu\/wp-content\/uploads\/sites\/6\/2022\/04\/Chiefs_Web_1000x1000_ProteinMuesli_Classic_front_shade-100x100.png 100w\" \/><\/a><\/div><a class=\"wp-block-chiefs-column-brick-text-link\" href=\"https:\/\/www.chiefslife.com\/de-eu\/produkt\/protein-muesli-classic\/\" target=\"_self\" rel=\"noopener\"><h6 class=\"wp-block-chiefs-column-brick-text\">Classic<\/h6><\/a><\/div><div class=\"wp-block-chiefs-column-brick-column\"><div class=\"wp-block-chiefs-column-brick-image-container\"><a href=\"https:\/\/www.chiefslife.com\/de-eu\/produkt\/protein-muesli-banana-kiwi\/\" target=\"_self\" rel=\"noopener\"><img decoding=\"async\" width=\"1000\" height=\"1000\" class=\"wp-block-chiefs-column-brick-image wp-image-15320\" src=\"https:\/\/www.chiefslife.com\/de-eu\/wp-content\/uploads\/sites\/6\/2022\/07\/Chiefs_Web_1000x1000_ProteinMuesli_Banana-Kiwi_front_shade.png\" alt=\"Column image\" sizes=\"(max-width: 768px) 100vw, 25vw\" srcset=\"https:\/\/www.chiefslife.com\/de-eu\/wp-content\/uploads\/sites\/6\/2022\/07\/Chiefs_Web_1000x1000_ProteinMuesli_Banana-Kiwi_front_shade.png 1000w, https:\/\/www.chiefslife.com\/de-eu\/wp-content\/uploads\/sites\/6\/2022\/07\/Chiefs_Web_1000x1000_ProteinMuesli_Banana-Kiwi_front_shade-300x300.png 300w, https:\/\/www.chiefslife.com\/de-eu\/wp-content\/uploads\/sites\/6\/2022\/07\/Chiefs_Web_1000x1000_ProteinMuesli_Banana-Kiwi_front_shade-150x150.png 150w, https:\/\/www.chiefslife.com\/de-eu\/wp-content\/uploads\/sites\/6\/2022\/07\/Chiefs_Web_1000x1000_ProteinMuesli_Banana-Kiwi_front_shade-768x768.png 768w, https:\/\/www.chiefslife.com\/de-eu\/wp-content\/uploads\/sites\/6\/2022\/07\/Chiefs_Web_1000x1000_ProteinMuesli_Banana-Kiwi_front_shade-500x500.png 500w, https:\/\/www.chiefslife.com\/de-eu\/wp-content\/uploads\/sites\/6\/2022\/07\/Chiefs_Web_1000x1000_ProteinMuesli_Banana-Kiwi_front_shade-800x800.png 800w, https:\/\/www.chiefslife.com\/de-eu\/wp-content\/uploads\/sites\/6\/2022\/07\/Chiefs_Web_1000x1000_ProteinMuesli_Banana-Kiwi_front_shade-336x336.png 336w, https:\/\/www.chiefslife.com\/de-eu\/wp-content\/uploads\/sites\/6\/2022\/07\/Chiefs_Web_1000x1000_ProteinMuesli_Banana-Kiwi_front_shade-100x100.png 100w\" \/><\/a><\/div><a class=\"wp-block-chiefs-column-brick-text-link\" href=\"https:\/\/www.chiefslife.com\/de-eu\/produkt\/protein-muesli-banana-kiwi\/\" target=\"_self\" rel=\"noopener\"><h6 class=\"wp-block-chiefs-column-brick-text\">Banana Kiwi<\/h6><\/a><\/div><\/div>\n","protected":false},"excerpt":{"rendered":"<p>Protein M\u00fcesli Egal ob Morgenmensch oder Morgenmuffel, starte gut gelaunt in den Tag mit einem besseren Fr\u00fchst\u00fcck. Proteinreich, ohne Zuckerzusatz und mit weniger Kohlenhydraten! Ein echter Schweizer Klassiker, von Chiefs\u00ae neu erfunden. Worauf wartest du noch?<\/p>\n","protected":false},"author":4,"featured_media":0,"parent":0,"menu_order":0,"comment_status":"closed","ping_status":"closed","template":"","meta":{"_acf_changed":false,"inline_featured_image":false,"footnotes":""},"class_list":["post-12212","page","type-page","status-publish","hentry"],"acf":[],"_links":{"self":[{"href":"https:\/\/www.chiefslife.com\/de-eu\/wp-json\/wp\/v2\/pages\/12212","targetHints":{"allow":["GET"]}}],"collection":[{"href":"https:\/\/www.chiefslife.com\/de-eu\/wp-json\/wp\/v2\/pages"}],"about":[{"href":"https:\/\/www.chiefslife.com\/de-eu\/wp-json\/wp\/v2\/types\/page"}],"author":[{"embeddable":true,"href":"https:\/\/www.chiefslife.com\/de-eu\/wp-json\/wp\/v2\/users\/4"}],"replies":[{"embeddable":true,"href":"https:\/\/www.chiefslife.com\/de-eu\/wp-json\/wp\/v2\/comments?post=12212"}],"version-history":[{"count":0,"href":"https:\/\/www.chiefslife.com\/de-eu\/wp-json\/wp\/v2\/pages\/12212\/revisions"}],"wp:attachment":[{"href":"https:\/\/www.chiefslife.com\/de-eu\/wp-json\/wp\/v2\/media?parent=12212"}],"curies":[{"name":"wp","href":"https:\/\/api.w.org\/{rel}","templated":true}]}}