{"id":556,"date":"2021-02-24T10:01:38","date_gmt":"2021-02-24T09:01:38","guid":{"rendered":"https:\/\/www.chiefslife.com\/de-eu\/?page_id=556"},"modified":"2024-08-15T11:50:48","modified_gmt":"2024-08-15T09:50:48","slug":"milk-protein-drinks","status":"publish","type":"page","link":"https:\/\/www.chiefslife.com\/de-eu\/milk-protein-drinks\/","title":{"rendered":"Protein Drinks"},"content":{"rendered":"\n<div class=\"wp-block-group\"><div class=\"wp-block-group__inner-container is-layout-flow wp-block-group-is-layout-flow\">\n<h1 class=\"wp-block-heading has-text-align-center\">Protein Drinks<\/h1>\n\n\n\n<p class=\"has-text-align-center has-body-1-font-size\">Das wertvollste aus der Milch, kombiniert mit hochwertigen Zutaten. Praktisch und unglaublich lecker \u2013 f\u00fcr Sportler, Gesundheitsbewusste und Geniesser gleichermassen. Alle Chiefs<sup>\u00ae<\/sup> Protein Drinks enthalten viel Protein, keinen zugesetzten Zucker, weniger Kohlenhydrate und sind laktose- sowie glutenfrei.<\/p>\n<\/div><\/div>\n\n\n\n<div class=\"wp-block-chiefs-column-brick\"><div class=\"wp-block-chiefs-column-brick-column\"><div class=\"wp-block-chiefs-column-brick-image-container\"><a href=\"https:\/\/www.chiefslife.com\/de-eu\/produkt\/choco-mountain\/\" target=\"_self\" rel=\"noopener\"><img decoding=\"async\" width=\"1000\" height=\"1000\" class=\"wp-block-chiefs-column-brick-image wp-image-23480\" src=\"https:\/\/www.chiefslife.com\/de-eu\/wp-content\/uploads\/sites\/6\/2024\/07\/Chiefs_ProteinDrink_EU_ChocoMountain_front_shade.png\" alt=\"Column image\" sizes=\"(max-width: 768px) 100vw, 25vw\" srcset=\"https:\/\/www.chiefslife.com\/de-eu\/wp-content\/uploads\/sites\/6\/2024\/07\/Chiefs_ProteinDrink_EU_ChocoMountain_front_shade.png 1000w, https:\/\/www.chiefslife.com\/de-eu\/wp-content\/uploads\/sites\/6\/2024\/07\/Chiefs_ProteinDrink_EU_ChocoMountain_front_shade-300x300.png 300w, https:\/\/www.chiefslife.com\/de-eu\/wp-content\/uploads\/sites\/6\/2024\/07\/Chiefs_ProteinDrink_EU_ChocoMountain_front_shade-150x150.png 150w, https:\/\/www.chiefslife.com\/de-eu\/wp-content\/uploads\/sites\/6\/2024\/07\/Chiefs_ProteinDrink_EU_ChocoMountain_front_shade-768x768.png 768w, https:\/\/www.chiefslife.com\/de-eu\/wp-content\/uploads\/sites\/6\/2024\/07\/Chiefs_ProteinDrink_EU_ChocoMountain_front_shade-336x336.png 336w, https:\/\/www.chiefslife.com\/de-eu\/wp-content\/uploads\/sites\/6\/2024\/07\/Chiefs_ProteinDrink_EU_ChocoMountain_front_shade-800x800.png 800w, https:\/\/www.chiefslife.com\/de-eu\/wp-content\/uploads\/sites\/6\/2024\/07\/Chiefs_ProteinDrink_EU_ChocoMountain_front_shade-100x100.png 100w\" \/><\/a><\/div><a class=\"wp-block-chiefs-column-brick-text-link\" href=\"https:\/\/www.chiefslife.com\/de-eu\/produkt\/choco-mountain\/\" target=\"_self\" rel=\"noopener\"><h6 class=\"wp-block-chiefs-column-brick-text\">Choco Mountain<\/h6><\/a><\/div><div class=\"wp-block-chiefs-column-brick-column\"><div class=\"wp-block-chiefs-column-brick-image-container\"><a href=\"https:\/\/www.chiefslife.com\/de-eu\/produkt\/vanilla-drive\/\" target=\"_self\" rel=\"noopener\"><img decoding=\"async\" width=\"1000\" height=\"1000\" class=\"wp-block-chiefs-column-brick-image wp-image-23484\" src=\"https:\/\/www.chiefslife.com\/de-eu\/wp-content\/uploads\/sites\/6\/2024\/07\/Chiefs_ProteinDrink_EU_VanillaDrive_front_shade.png\" alt=\"Column image\" sizes=\"(max-width: 768px) 100vw, 25vw\" srcset=\"https:\/\/www.chiefslife.com\/de-eu\/wp-content\/uploads\/sites\/6\/2024\/07\/Chiefs_ProteinDrink_EU_VanillaDrive_front_shade.png 1000w, https:\/\/www.chiefslife.com\/de-eu\/wp-content\/uploads\/sites\/6\/2024\/07\/Chiefs_ProteinDrink_EU_VanillaDrive_front_shade-300x300.png 300w, https:\/\/www.chiefslife.com\/de-eu\/wp-content\/uploads\/sites\/6\/2024\/07\/Chiefs_ProteinDrink_EU_VanillaDrive_front_shade-150x150.png 150w, https:\/\/www.chiefslife.com\/de-eu\/wp-content\/uploads\/sites\/6\/2024\/07\/Chiefs_ProteinDrink_EU_VanillaDrive_front_shade-768x768.png 768w, https:\/\/www.chiefslife.com\/de-eu\/wp-content\/uploads\/sites\/6\/2024\/07\/Chiefs_ProteinDrink_EU_VanillaDrive_front_shade-336x336.png 336w, https:\/\/www.chiefslife.com\/de-eu\/wp-content\/uploads\/sites\/6\/2024\/07\/Chiefs_ProteinDrink_EU_VanillaDrive_front_shade-800x800.png 800w, https:\/\/www.chiefslife.com\/de-eu\/wp-content\/uploads\/sites\/6\/2024\/07\/Chiefs_ProteinDrink_EU_VanillaDrive_front_shade-100x100.png 100w\" \/><\/a><\/div><a class=\"wp-block-chiefs-column-brick-text-link\" href=\"https:\/\/www.chiefslife.com\/de-eu\/produkt\/vanilla-drive\/\" target=\"_self\" rel=\"noopener\"><h6 class=\"wp-block-chiefs-column-brick-text\">Vanilla Drive<\/h6><\/a><\/div><div class=\"wp-block-chiefs-column-brick-column\"><div class=\"wp-block-chiefs-column-brick-image-container\"><a href=\"https:\/\/www.chiefslife.com\/de-eu\/produkt\/strawberry\/\" target=\"_self\" rel=\"noopener\"><img decoding=\"async\" width=\"1000\" height=\"1000\" class=\"wp-block-chiefs-column-brick-image wp-image-23478\" src=\"https:\/\/www.chiefslife.com\/de-eu\/wp-content\/uploads\/sites\/6\/2024\/07\/Chiefs_ProteinDrink_EU_BerryFalls_front_shade.png\" alt=\"Column image\" sizes=\"(max-width: 768px) 100vw, 25vw\" srcset=\"https:\/\/www.chiefslife.com\/de-eu\/wp-content\/uploads\/sites\/6\/2024\/07\/Chiefs_ProteinDrink_EU_BerryFalls_front_shade.png 1000w, https:\/\/www.chiefslife.com\/de-eu\/wp-content\/uploads\/sites\/6\/2024\/07\/Chiefs_ProteinDrink_EU_BerryFalls_front_shade-300x300.png 300w, https:\/\/www.chiefslife.com\/de-eu\/wp-content\/uploads\/sites\/6\/2024\/07\/Chiefs_ProteinDrink_EU_BerryFalls_front_shade-150x150.png 150w, https:\/\/www.chiefslife.com\/de-eu\/wp-content\/uploads\/sites\/6\/2024\/07\/Chiefs_ProteinDrink_EU_BerryFalls_front_shade-768x768.png 768w, https:\/\/www.chiefslife.com\/de-eu\/wp-content\/uploads\/sites\/6\/2024\/07\/Chiefs_ProteinDrink_EU_BerryFalls_front_shade-336x336.png 336w, https:\/\/www.chiefslife.com\/de-eu\/wp-content\/uploads\/sites\/6\/2024\/07\/Chiefs_ProteinDrink_EU_BerryFalls_front_shade-800x800.png 800w, https:\/\/www.chiefslife.com\/de-eu\/wp-content\/uploads\/sites\/6\/2024\/07\/Chiefs_ProteinDrink_EU_BerryFalls_front_shade-100x100.png 100w\" \/><\/a><\/div><a class=\"wp-block-chiefs-column-brick-text-link\" href=\"https:\/\/www.chiefslife.com\/de-eu\/produkt\/strawberry\/\" target=\"_self\" rel=\"noopener\"><h6 class=\"wp-block-chiefs-column-brick-text\">Strawberry<\/h6><\/a><\/div><\/div>\n\n\n\n<div class=\"wp-block-chiefs-column-brick\"><div class=\"wp-block-chiefs-column-brick-column\"><div class=\"wp-block-chiefs-column-brick-image-container\"><a href=\"https:\/\/www.chiefslife.com\/de-eu\/produkt\/banana-beach\/\" target=\"_self\" rel=\"noopener\"><img decoding=\"async\" width=\"1000\" height=\"1000\" class=\"wp-block-chiefs-column-brick-image wp-image-23476\" src=\"https:\/\/www.chiefslife.com\/de-eu\/wp-content\/uploads\/sites\/6\/2024\/07\/Chiefs_ProteinDrink_EU_BananaBeach_front_shade.png\" alt=\"Column image\" sizes=\"(max-width: 768px) 100vw, 25vw\" srcset=\"https:\/\/www.chiefslife.com\/de-eu\/wp-content\/uploads\/sites\/6\/2024\/07\/Chiefs_ProteinDrink_EU_BananaBeach_front_shade.png 1000w, https:\/\/www.chiefslife.com\/de-eu\/wp-content\/uploads\/sites\/6\/2024\/07\/Chiefs_ProteinDrink_EU_BananaBeach_front_shade-300x300.png 300w, https:\/\/www.chiefslife.com\/de-eu\/wp-content\/uploads\/sites\/6\/2024\/07\/Chiefs_ProteinDrink_EU_BananaBeach_front_shade-150x150.png 150w, https:\/\/www.chiefslife.com\/de-eu\/wp-content\/uploads\/sites\/6\/2024\/07\/Chiefs_ProteinDrink_EU_BananaBeach_front_shade-768x768.png 768w, https:\/\/www.chiefslife.com\/de-eu\/wp-content\/uploads\/sites\/6\/2024\/07\/Chiefs_ProteinDrink_EU_BananaBeach_front_shade-336x336.png 336w, https:\/\/www.chiefslife.com\/de-eu\/wp-content\/uploads\/sites\/6\/2024\/07\/Chiefs_ProteinDrink_EU_BananaBeach_front_shade-800x800.png 800w, https:\/\/www.chiefslife.com\/de-eu\/wp-content\/uploads\/sites\/6\/2024\/07\/Chiefs_ProteinDrink_EU_BananaBeach_front_shade-100x100.png 100w\" \/><\/a><\/div><a class=\"wp-block-chiefs-column-brick-text-link\" href=\"https:\/\/www.chiefslife.com\/de-eu\/produkt\/banana-beach\/\" target=\"_self\" rel=\"noopener\"><h6 class=\"wp-block-chiefs-column-brick-text\">Banana Beach<\/h6><\/a><\/div><div class=\"wp-block-chiefs-column-brick-column\"><div class=\"wp-block-chiefs-column-brick-image-container\"><a href=\"https:\/\/www.chiefslife.com\/de-eu\/produkt\/coffee-county\/\" target=\"_self\" rel=\"noopener\"><img decoding=\"async\" width=\"1000\" height=\"1000\" class=\"wp-block-chiefs-column-brick-image wp-image-23482\" src=\"https:\/\/www.chiefslife.com\/de-eu\/wp-content\/uploads\/sites\/6\/2024\/07\/Chiefs_ProteinDrink_EU_CoffeeCounty_front_shade.png\" alt=\"Column image\" sizes=\"(max-width: 768px) 100vw, 25vw\" srcset=\"https:\/\/www.chiefslife.com\/de-eu\/wp-content\/uploads\/sites\/6\/2024\/07\/Chiefs_ProteinDrink_EU_CoffeeCounty_front_shade.png 1000w, https:\/\/www.chiefslife.com\/de-eu\/wp-content\/uploads\/sites\/6\/2024\/07\/Chiefs_ProteinDrink_EU_CoffeeCounty_front_shade-300x300.png 300w, https:\/\/www.chiefslife.com\/de-eu\/wp-content\/uploads\/sites\/6\/2024\/07\/Chiefs_ProteinDrink_EU_CoffeeCounty_front_shade-150x150.png 150w, https:\/\/www.chiefslife.com\/de-eu\/wp-content\/uploads\/sites\/6\/2024\/07\/Chiefs_ProteinDrink_EU_CoffeeCounty_front_shade-768x768.png 768w, https:\/\/www.chiefslife.com\/de-eu\/wp-content\/uploads\/sites\/6\/2024\/07\/Chiefs_ProteinDrink_EU_CoffeeCounty_front_shade-336x336.png 336w, https:\/\/www.chiefslife.com\/de-eu\/wp-content\/uploads\/sites\/6\/2024\/07\/Chiefs_ProteinDrink_EU_CoffeeCounty_front_shade-800x800.png 800w, https:\/\/www.chiefslife.com\/de-eu\/wp-content\/uploads\/sites\/6\/2024\/07\/Chiefs_ProteinDrink_EU_CoffeeCounty_front_shade-100x100.png 100w\" \/><\/a><\/div><a class=\"wp-block-chiefs-column-brick-text-link\" href=\"https:\/\/www.chiefslife.com\/de-eu\/produkt\/coffee-county\/\" target=\"_self\" rel=\"noopener\"><h6 class=\"wp-block-chiefs-column-brick-text\">Caramel Macchiato<\/h6><\/a><\/div><\/div>\n\n\n\n<style>\n    .chiefs-product-description-block {\n        max-width: 736px;\n        margin: 0 auto 1.5em auto;\n        padding: 0 20px;\n    }\n\n    .description-container {\n        transition: height 1s cubic-bezier(0.215, 0.610, 0.355, 1);\n        max-height: unset;\n    }\n\n    .description-container.hidden {\n        max-height: 0;\n        transition: height 1s cubic-bezier(0.215, 0.610, 0.355, 1);\n    }\n\n    .accordion .single-table .tab-content p {\n        margin-bottom: 0;\n    }\n\n    #expand-description {\n        cursor: pointer;\n        color: #001489;\n        transition: all .2s ease-in-out;\n    }\n\n    #expand-description:hover {\n        color: #88c434;\n    }\n\n    @media only screen and (max-width: 768px) {\n        .chiefs-product-description-block {\n            padding: 0;\n        }\n\n        .accordion.tabs .tab .tab-label::after {\n            min-width: 36px;\n            min-height: 36px;\n        }\n    }\n<\/style>\n\n\n<div id=\"chiefs-product-description-block-block_fdc82c5b27af88f01977759721cecebf\" class=\"chiefs-product-description-block\" data-aos=\"fade\">\n\n\n    <h2>Chiefs Protein Drinks<\/h2>\n\n    <p>Wir alle wissen, dass unser K\u00f6rper effektiv funktionieren muss, egal ob wir Profisportler, Amateursportler oder Fitnessstudiobesucher sind. Jeder Einzelne von uns braucht daher Eiwei\u00df.<br \/>\r\n<br \/>\r\nEiwei\u00df ist f\u00fcr die K\u00f6rperfunktionen unerl\u00e4sslich, aber der durchschnittliche Mensch \u2013 der gelegentlich trainiert \u2013 kann den gesamten Eiwei\u00dfbedarf oftmals \u00fcber eine ausgewogene Ern\u00e4hrung decken. Du ben\u00f6tigst m\u00f6glicherweise aber mehr Eiwei\u00df, als in deiner Ern\u00e4hrung vorhanden ist, wenn du Muskelmasse aufbauen m\u00f6chtest. W\u00e4hrend einer Gewichtsabnahme sollte der Proteinkonsum ebenfalls hochgehalten werden. Dies, um zu verhindern, dass nicht auch Muskeln neben dem Fett abgebaut werden.<br \/>\r\n<br \/>\r\nUnabh\u00e4ngig davon zu welcher dieser Gruppen du geh\u00f6rst, kannst du dich durch eine gesunde, ausgewogene Ern\u00e4hrung mit allen Proteinen versorgen, die du brauchst. Eiwei\u00df ist in einer Vielzahl von Lebensmitteln enthalten, darunter Fleisch, Eier, Milchprodukte, Tofu, Fleischalternativen aber auch in Getreide und H\u00fclsenfr\u00fcchten.<br \/>\r\n<br \/>\r\nEine gesunde und ausgewogene Ern\u00e4hrung kann somit grunds\u00e4tzlich deinen Bedarf an Proteinen decken. Es ist aber in unserem hektischen Alltag nicht immer einfach, dem K\u00f6rper die ausreichende Menge an Proteinen \u00fcber die normale Ern\u00e4hrung zuzuf\u00fchren. Das moderne Leben und der zus\u00e4tzliche N\u00e4hrstoffbedarf bei intensiver k\u00f6rperlicher Bet\u00e4tigung erfordern oftmals, dass zus\u00e4tzliche Proteinquellen f\u00fcr unterwegs ben\u00f6tigt werden.<br \/>\r\n<br \/>\r\nGenau hier kommen die Produkte von Chiefs ins Spiel!<\/p>\n\n    <div class=\"description-container\" id=\"hidden-description\" style=\"overflow: hidden\">\n        <div class=\"hidden-description__content\">\n            <h3>Die Vorteile von Eiwei\u00df Drinks<\/h3>\n<p>Weltweit verlassen sich Sportler und Fitnessstudiobesucher auf Proteingetr\u00e4nke, um ihren anspruchsvollen und arbeitsreichen Tagesablauf zu bew\u00e4ltigen. Sie bieten zahlreiche Vorteile, wie zum Beispiel:<\/p>\n<h4>Einfacher Snack zum Trinken<\/h4>\n<p>Snacks werden in der Regel wegen ihrer Bequemlichkeit und nicht wegen ihres N\u00e4hrwerts gekauft. Du kannst deinen Hei\u00dfhunger mit einem nahrhaften, konsumfertigen Milchproteingetr\u00e4nk stillen, anstatt kalorienreiche und zuckerhaltige Getr\u00e4nke zu konsumieren.<\/p>\n<p>Ein oder zwei Chiefs Protein Drinks kannst du ganz einfach in deine Tasche stecken. Wer sagt denn, dass nahrhafte Snacks nicht auch Fast Food sein k\u00f6nnen?<\/p>\n<h4>Hoher Proteingehalt<\/h4>\n<p>Dein K\u00f6rper braucht Eiwei\u00df, unabh\u00e4ngig von deinem Trainingszustand. Bedeutet das, dass du den Rest deines Tages damit verbringen musst, proteinreiche Mahlzeiten und Snacks zuzubereiten? Ganz und gar nicht!<\/p>\n<p>F\u00fcr diese Proteinshakes ist keine Vorbereitung erforderlich. Einfach sch\u00fctteln, \u00f6ffnen und genie\u00dfen! \u00a0Die Chiefs Produkte m\u00fcssen weder gekocht noch aufgew\u00e4rmt werden und liefern dir sofort das ben\u00f6tigte Eiwei\u00df.<\/p>\n<h4>Lebensmittel ersetzen<\/h4>\n<p>Entgegen der landl\u00e4ufigen Meinung ist es nicht gesund, Mahlzeiten auszulassen. Wenn du das tust, hast du meist nicht die n\u00f6tige Energie, um die Aufgaben des Tages erfolgreich zu meistern.<\/p>\n<p>Ein Protein Drink ist eine bessere Option als die typischen fett- oder kohlehydratreichen Mahlzeiten und Shakes. W\u00e4hrend du \u00fcbersch\u00fcssiges Gewicht verlierst, erh\u00e4ltst du das Protein, das dein K\u00f6rper f\u00fcr den Aufbau von Muskeln ben\u00f6tigt. Die Chiefs Proteinmilchgetr\u00e4nke sind eine hervorragende Erg\u00e4nzung zu einer ausgewogenen, nahrhaften Ern\u00e4hrung und die ideale Alternative f\u00fcr den kleinen Hunger zwischendurch.<\/p>\n<p>Das Problem mit \u00abEnergydrinks\u00bb, die du im Laden siehst, ist, dass viele von ihnen einfach zuckerhaltige Getr\u00e4nke sind, denen Vitamine zugesetzt wurden. F\u00fcr den Muskelaufbau und f\u00fcr pure Energie beim Training brauchst du aber Eiwei\u00df und nicht Zucker. Die Proteingetr\u00e4nke von Chief sind unverzichtbar, wenn du deinem K\u00f6rper das geben willst, was er braucht.<\/p>\n<h4>Ersatz f\u00fcr andere Shakes<\/h4>\n<p>\u00dcberlege dir die Optionen genau, bevor du einfach zu einem Milchshake greifst. Viele Milchshakes enthalten zweifellos mehr Eiwei\u00df als ein kohlens\u00e4urehaltiges Getr\u00e4nk. Allerdings k\u00f6nnte er auch eine Menge unerw\u00fcnschter Stoffe enthalten, wie zu viel Zucker oder Fett.<\/p>\n<p>Diese Milchshakes k\u00f6nnen durch unsere Protein Drinks ersetzt werden, die eine ges\u00fcndere Alternative darstellen. Sie enthalten weniger Fett und keinen zus\u00e4tzlichen Zucker und dabei bieten sie zus\u00e4tzlich konzentriertes Milchprotein!<\/p>\n<p>Warum also einen gew\u00f6hnlichen Milchshake konsumieren, wenn ein Chiefs Protein-Shake deinen K\u00f6rper besser versorgen kann und dich geschmacklich genauso \u00fcberzeugt?<\/p>\n<h4>Was ist mit dem Geschmack, den ich am liebsten mag?<\/h4>\n<p>Jeder m\u00f6chte fit und gesund sein. Aber wir wollen auch guten Geschmack, nicht wahr? Mit Chiefs kannst du beides haben!<\/p>\n<p>Die vorgefertigten Proteingetr\u00e4nke von Chiefs sind so konzipiert, dass sie gut schmecken und dir einen Energieschub durch Proteine geben.<\/p>\n<p>Wirf einfach einen Blick auf diese unglaublichen Geschmacksrichtungen, die deinen Gaumen verf\u00fchren werden:<\/p>\n<ul>\n<li><a href=\"https:\/\/www.chiefslife.com\/de-eu\/produkt\/vanilla-drive\/\" target=\"_blank\" rel=\"noopener\">Vanilla Drive<\/a><\/li>\n<li><a href=\"https:\/\/www.chiefslife.com\/de-eu\/produkt\/choco-mountain\/\" target=\"_blank\" rel=\"noopener\">Choco Mountain<\/a><\/li>\n<li><a href=\"https:\/\/www.chiefslife.com\/de-eu\/produkt\/strawberry\/\" target=\"_blank\" rel=\"noopener\">Strawberry<\/a><\/li>\n<li><a href=\"https:\/\/www.chiefslife.com\/de-eu\/produkt\/banana-beach\/\" target=\"_blank\" rel=\"noopener\">Banana Beach<\/a><\/li>\n<li><a href=\"https:\/\/www.chiefslife.com\/de-eu\/produkt\/coffee-county\/\" target=\"_blank\" rel=\"noopener\">Coffee County<\/a><\/li>\n<\/ul>\n<h3>Was ist in einem bereits zubereiteten Proteinshake enthalten?<\/h3>\n<p>In der Regel wird ein vorgefertigter Proteinshake mit Milch zubereitet. Dies ist die beliebteste und am leichtesten zug\u00e4ngliche Quelle f\u00fcr fl\u00fcssiges Eiwei\u00df. Geschmacksstoffe und S\u00fc\u00dfungsmittel sind Beispiele f\u00fcr zus\u00e4tzliche Zutaten.<\/p>\n<p>Ein Milchshake ist jedoch nicht dasselbe wie ein vorgefertigter Proteinshake. Dabei handelt es sich lediglich um ein Milchgetr\u00e4nk, das ges\u00fc\u00dft wurde und in der Regel mit Zucker versetzt ist.<\/p>\n<p>Die Proteindrinks von Chiefs enthalten keine fragw\u00fcrdrigen Inhaltsstoffe oder zugesetzten Zucker. Um dir die gesamte ben\u00f6tigte Ladung an Proteinen in einer einzigen, praktischen Portion zu liefern, enthalten die Chiefs Shakes konzentriertes Milchprotein.<\/p>\n<p>Sie enthalten weder Zucker noch andere Allergene wie Gluten. Au\u00dferdem sind die vorgefertigten Proteindrinks von Chiefs laktosefrei, was eine gute Nachricht f\u00fcr alle ist, die eine Laktoseintoleranz haben.<\/p>\n<h3>Wann du Chiefs Proteinshakes konsumieren kannst<\/h3>\n<p>Der ideale Zeitpunkt f\u00fcr den Genuss von Chiefs Proteinshakes ist immer. Sie sind ideal f\u00fcr jeden Lebensstil und jedes Trainingsprogramm sowie f\u00fcr diejenigen, die einen k\u00f6stlichen Shake ohne zus\u00e4tzlichen Zucker und Kohlenhydrate genie\u00dfen m\u00f6chten. Als schnelle Mahlzeit f\u00fcr unterwegs, als oder zum Fr\u00fchst\u00fcck, wenn du sp\u00e4t dran bist f\u00fcr ein Meeting, als Mittagssnack in der Schule oder als belebender Energieschub nach dem Training.<\/p>\n<p>Du greifst einfach nach einem und machst mit deinem Tag weiter, denn sie erfordern keinerlei Vorbereitung. Sie sind die ideale Erg\u00e4nzung zu unserer hochmodernen Auswahl an Proteinriegeln, Lebensmitteln und Snacks. Cool it, shake it, love it!<\/p>\n        <\/div>\n    <\/div>\n    \n        <span id=\"expand-description\" style=\"cursor: pointer\">Mehr lesen\u2026<\/span>\n\n    \n    <h2 style=\"margin-top: 40px;\"> H\u00e4ufig gestellte Fragen <\/h2>\n\n    <div class=\"accordion tabs nutrition-tables\" style=\"margin-bottom: 40px;\">\n                    <div class=\"single-table tab\">\n                <input type=\"checkbox\">\n                <label class=\"tab-label\">\n                    <p class=\"title has-body-1-font-size\">Vorgefertigte Proteindrinks: Sind sie vegan?<\/p>\n                <\/label>\n                <div class=\"tab-content\">\n                    <p>Einige sind es, andere nicht. Pr\u00fcfe vor dem Kauf die Etiketten und die Zutatenliste.<\/p>\n<p>&nbsp;<\/p>\n<p>Vorgefertigte Proteindrinks aus z.B. Soja sind vegan, es sei denn, sie enthalten aus Milch gewonnene Komponenten. Milch ist jedoch eine gro\u00dfartige Eiwei\u00dfquelle und um einges wirksamer als pflanzliches Eiwei\u00df, daher sind viele Eiwei\u00dfgetr\u00e4nke auf Milchbasis hergestellt.<\/p>\n                <\/div>\n            <\/div>\n                    <div class=\"single-table tab\">\n                <input type=\"checkbox\">\n                <label class=\"tab-label\">\n                    <p class=\"title has-body-1-font-size\">Was unterscheidet selbst gemachte Milchproteinshakes von vorgefertigten Proteingetr\u00e4nken?<\/p>\n                <\/label>\n                <div class=\"tab-content\">\n                    <p>Du hast mehr Kontrolle \u00fcber die Zutaten, wenn du deinen eigenen Proteinshake zubereitest. Das erfordert jedoch Zeit, und die hat nicht jeder. Um es dir so bequem wie m\u00f6glich zu machen, bieten wir neben unseren Molkenproteinpulvern auch vorgefertigte, gesunde Proteindrinks an. Die meisten Proteinpulver sind auf Molkebasis, aber die gebrauchsfertigen Proteingetr\u00e4nke von Chiefs enthalten ausschlie\u00dflich die besten Milchproteine.<\/p>\n                <\/div>\n            <\/div>\n                    <div class=\"single-table tab\">\n                <input type=\"checkbox\">\n                <label class=\"tab-label\">\n                    <p class=\"title has-body-1-font-size\">Wie viele Proteingetr\u00e4nke darf ich t\u00e4glich zu mir nehmen?<\/p>\n                <\/label>\n                <div class=\"tab-content\">\n                    <p>F\u00fcr die Anzahl der Proteingetr\u00e4nke, die du pro Tag zu dir nehmen darfst, gibt es keine strengen Richtlinien. Viele Menschen nehmen zwei oder drei Getr\u00e4nke pro Tag als Snack, Mahlzeitenersatz oder zus\u00e4tzliche Nahrungsquelle zu sich. Das ist in Ordnung, wenn es in eine nahrhafte, ausgewogene Ern\u00e4hrung integriert wird.<\/p>\n<p>&nbsp;<\/p>\n<p>Als allgemeine Richtlinie ben\u00f6tigt ein Erwachsener etwa 0,8\u20131 Gramm Eiwei\u00df pro Kilogramm K\u00f6rpergewicht pro Tag. Je nachdem, wie viel du dich sportlich bet\u00e4tigst, kann die ben\u00f6tigte Eiwei\u00dfmenge wesentlich h\u00f6her sein als dieser Richtwert.<\/p>\n<p>&nbsp;<\/p>\n<p>In einer idealen Welt w\u00fcrde jeder in der K\u00fcche gesunde Mahlzeiten und Getr\u00e4nke zubereiten, die er einpacken und mit zur Arbeit, zur Schule und ins Fitnessstudio nehmen k\u00f6nnte. In der realen Welt, in der wir leben, ist dies jedoch gelegentlich einfach nicht m\u00f6glich.<\/p>\n<p>&nbsp;<\/p>\n<p>Aber du musst nicht auf die Ern\u00e4hrung verzichten, die du ben\u00f6tigst. Hole dir jetzt einfach ein paar Chiefs Proteinshakes. dein K\u00f6rper wird es dir danken.<\/p>\n                <\/div>\n            <\/div>\n            <\/div>\n\n    <h2><\/h2>\n    <p><\/p>\n<\/div>\n\n\n<script>\n    const description = document.getElementById('hidden-description');\n    const expand = document.getElementById('expand-description');\n    const descriptionHeight = description.offsetHeight;\n\n            description.classList.add('hidden');\n\n        \/\/ description.style.height = 0;\n\n        expand.addEventListener(\"click\", function() {\n            if (!description.classList.contains('hidden')) {\n                description.classList.add('hidden');\n                this.textContent = 'Read more...';\n                \/\/ description.style.height = 0;\n            } else {\n                description.style.maxHeight = descriptionHeight;\n                description.classList.remove('hidden');\n                this.textContent = '';\n                \/\/ description.style.height = descriptionHeight;\n            }\n        });\n    \n    const accordion = document.querySelector('.accordion');\n    const tab = document.querySelector('.single-table');\n    const tablabel = document.getElementsByClassName('tab-label');\n\n    console.log(tab.children[2]);\n\n    for (var i = 0; i < tablabel.length; i++) {\n        tablabel[i].addEventListener(\"click\", function() {\n            var panel = this.nextElementSibling;\n            var checkbox = this.previousElementSibling;\n            if (!checkbox.checked) {\n                checkbox.setAttribute('checked', 'checked');\n            } else {\n                checkbox.removeAttribute('checked');\n            }\n\n        });\n    }\n<\/script>","protected":false},"excerpt":{"rendered":"<p>Protein Drinks Das wertvollste aus der Milch, kombiniert mit hochwertigen Zutaten. Praktisch und unglaublich lecker \u2013 f\u00fcr Sportler, Gesundheitsbewusste und Geniesser gleichermassen. Alle Chiefs\u00ae Protein Drinks enthalten viel Protein, keinen zugesetzten Zucker, weniger Kohlenhydrate und sind laktose- sowie glutenfrei.<\/p>\n","protected":false},"author":2,"featured_media":0,"parent":0,"menu_order":0,"comment_status":"closed","ping_status":"closed","template":"","meta":{"_acf_changed":false,"inline_featured_image":false,"footnotes":""},"class_list":["post-556","page","type-page","status-publish","hentry"],"acf":[],"_links":{"self":[{"href":"https:\/\/www.chiefslife.com\/de-eu\/wp-json\/wp\/v2\/pages\/556","targetHints":{"allow":["GET"]}}],"collection":[{"href":"https:\/\/www.chiefslife.com\/de-eu\/wp-json\/wp\/v2\/pages"}],"about":[{"href":"https:\/\/www.chiefslife.com\/de-eu\/wp-json\/wp\/v2\/types\/page"}],"author":[{"embeddable":true,"href":"https:\/\/www.chiefslife.com\/de-eu\/wp-json\/wp\/v2\/users\/2"}],"replies":[{"embeddable":true,"href":"https:\/\/www.chiefslife.com\/de-eu\/wp-json\/wp\/v2\/comments?post=556"}],"version-history":[{"count":1,"href":"https:\/\/www.chiefslife.com\/de-eu\/wp-json\/wp\/v2\/pages\/556\/revisions"}],"predecessor-version":[{"id":24507,"href":"https:\/\/www.chiefslife.com\/de-eu\/wp-json\/wp\/v2\/pages\/556\/revisions\/24507"}],"wp:attachment":[{"href":"https:\/\/www.chiefslife.com\/de-eu\/wp-json\/wp\/v2\/media?parent=556"}],"curies":[{"name":"wp","href":"https:\/\/api.w.org\/{rel}","templated":true}]}}