{"id":780,"date":"2021-03-09T16:34:44","date_gmt":"2021-03-09T15:34:44","guid":{"rendered":"https:\/\/www.chiefslife.com\/de-eu\/?page_id=780"},"modified":"2024-06-22T17:14:41","modified_gmt":"2024-06-22T15:14:41","slug":"motivation","status":"publish","type":"page","link":"https:\/\/www.chiefslife.com\/de-eu\/motivation\/","title":{"rendered":"Motivation"},"content":{"rendered":"\n<div class=\"wp-block-group\"><div class=\"wp-block-group__inner-container is-layout-flow wp-block-group-is-layout-flow\">\n<h1 class=\"wp-block-heading has-text-align-center\">Motivation<\/h1>\n\n\n\n<p class=\"has-text-align-center has-body-1-font-size\">Gesunde Ern\u00e4hrung ist eine Grundvoraussetzung f\u00fcr k\u00f6rperliches und geistiges Wohlbefinden. Bereits kleine Gewohnheits\u00e4nderungen k\u00f6nnen Grosses bewirken. Erfahre, wie du deine Disziplin steigern und deinen Stress im Alltag reduzieren kannst. Raus aus dem Energieloch!<\/p>\n<\/div><\/div>\n\n\n\n<div class=\"wp-block-chiefs-banner-brick\"><div class=\"wp-block-chiefs-banner-brick-column banner-image\" style=\"background-color:#f5b982\"><a class=\"wp-block-chiefs-banner-brick-image-link\" href=\"https:\/\/www.chiefslife.com\/de-eu\/natuerliche-stressbewaeltigungsstrategien-fuer-das-beschaeftigte-leben\/\" target=\"_self\" rel=\"noopener\"><img decoding=\"async\" width=\"1500\" height=\"1000\" class=\"wp-block-chiefs-banner-brick-image wp-image-22957\" src=\"https:\/\/www.chiefslife.com\/de-eu\/wp-content\/uploads\/sites\/6\/2024\/03\/woman-after-training-blog.png\" alt=\"Banner image\" sizes=\"(max-width: 768px) 100vw, 50vw\" srcset=\"https:\/\/www.chiefslife.com\/de-eu\/wp-content\/uploads\/sites\/6\/2024\/03\/woman-after-training-blog.png 1500w, https:\/\/www.chiefslife.com\/de-eu\/wp-content\/uploads\/sites\/6\/2024\/03\/woman-after-training-blog-300x200.png 300w, https:\/\/www.chiefslife.com\/de-eu\/wp-content\/uploads\/sites\/6\/2024\/03\/woman-after-training-blog-1024x683.png 1024w, https:\/\/www.chiefslife.com\/de-eu\/wp-content\/uploads\/sites\/6\/2024\/03\/woman-after-training-blog-768x512.png 768w, https:\/\/www.chiefslife.com\/de-eu\/wp-content\/uploads\/sites\/6\/2024\/03\/woman-after-training-blog-336x224.png 336w, https:\/\/www.chiefslife.com\/de-eu\/wp-content\/uploads\/sites\/6\/2024\/03\/woman-after-training-blog-800x533.png 800w\" \/><\/a><\/div><div class=\"wp-block-chiefs-banner-brick-column banner-body\" style=\"background-color:#f5b982\"><h3 class=\"wp-block-chiefs-banner-brick-title\" style=\"color:#31272E\">Nat\u00fcrliche Stressbew\u00e4ltigungsstrategien f\u00fcr das besch\u00e4ftigte Leben <\/h3><div class=\"wp-block-button\"><a class=\"wp-block-button__link\" href=\"https:\/\/www.chiefslife.com\/de-eu\/natuerliche-stressbewaeltigungsstrategien-fuer-das-beschaeftigte-leben\/\" target=\"_self\" rel=\"noopener\">Jetzt lesen<\/a><\/div><\/div><\/div>\n\n\n\n<div class=\"wp-block-chiefs-banner-brick\"><div class=\"wp-block-chiefs-banner-brick-column banner-body\" style=\"background-color:#b3d9e9\"><h3 class=\"wp-block-chiefs-banner-brick-title\" style=\"color:#31272E\">So steigerst du deine Disziplin <\/h3><div class=\"wp-block-button\"><a class=\"wp-block-button__link\" href=\"https:\/\/www.chiefslife.com\/de-eu\/motivation-so-steigerst-du-deine-disziplin\/\" target=\"_self\" rel=\"noopener\">Jetzt lesen<\/a><\/div><\/div><div class=\"wp-block-chiefs-banner-brick-column banner-image\" style=\"background-color:#b3d9e9\"><a class=\"wp-block-chiefs-banner-brick-image-link\" href=\"https:\/\/www.chiefslife.com\/de-eu\/motivation-so-steigerst-du-deine-disziplin\/\" target=\"_self\" rel=\"noopener\"><img decoding=\"async\" class=\"wp-block-chiefs-banner-brick-image wp-image-undefined\" src=\"https:\/\/www.chiefslife.com\/de-eu\/wp-content\/uploads\/sites\/2\/2021\/04\/Lifestyle-Disziplin.jpg\" alt=\"Banner image\" sizes=\"(max-width: 768px) 100vw, 50vw\"\/><\/a><\/div><\/div>\n\n\n\n<div class=\"wp-block-chiefs-banner-brick\"><div class=\"wp-block-chiefs-banner-brick-column banner-image\" style=\"background-color:#d2c6bb\"><a class=\"wp-block-chiefs-banner-brick-image-link\" href=\"https:\/\/www.chiefslife.com\/de-eu\/motivation-raus-aus-dem-energieloch\/\" target=\"_self\" rel=\"noopener\"><img decoding=\"async\" class=\"wp-block-chiefs-banner-brick-image wp-image-undefined\" src=\"https:\/\/www.chiefslife.com\/de-eu\/wp-content\/uploads\/sites\/2\/2021\/04\/Lifestyle-Raus-aus-Energieloch-1.jpg\" alt=\"Banner image\" sizes=\"(max-width: 768px) 100vw, 50vw\"\/><\/a><\/div><div class=\"wp-block-chiefs-banner-brick-column banner-body\" style=\"background-color:#d2c6bb\"><h3 class=\"wp-block-chiefs-banner-brick-title\" style=\"color:#31272E\">Raus aus dem Energieloch <\/h3><div class=\"wp-block-button\"><a class=\"wp-block-button__link\" href=\"https:\/\/www.chiefslife.com\/de-eu\/motivation-raus-aus-dem-energieloch\/\" target=\"_self\" rel=\"noopener\">Jetzt lesen<\/a><\/div><\/div><\/div>\n\n\n\n<div class=\"wp-block-chiefs-banner-brick\"><div class=\"wp-block-chiefs-banner-brick-column banner-body\" style=\"background-color:#f5b982\"><h3 class=\"wp-block-chiefs-banner-brick-title\" style=\"color:#31272E\">Stress im Alltag reduzieren <\/h3><div class=\"wp-block-button\"><a class=\"wp-block-button__link\" href=\"https:\/\/www.chiefslife.com\/de-eu\/motivation-stress-im-alltag-reduzieren\/\" target=\"_self\" rel=\"noopener\">Jetzt lesen<\/a><\/div><\/div><div class=\"wp-block-chiefs-banner-brick-column banner-image\" style=\"background-color:#f5b982\"><a class=\"wp-block-chiefs-banner-brick-image-link\" href=\"https:\/\/www.chiefslife.com\/de-eu\/motivation-stress-im-alltag-reduzieren\/\" target=\"_self\" rel=\"noopener\"><img decoding=\"async\" class=\"wp-block-chiefs-banner-brick-image wp-image-undefined\" src=\"https:\/\/www.chiefslife.com\/de-eu\/wp-content\/uploads\/sites\/2\/2021\/04\/Lifestyle-Stress-reduzieren.jpg\" alt=\"Banner image\" sizes=\"(max-width: 768px) 100vw, 50vw\"\/><\/a><\/div><\/div>\n\n\n\n<p><\/p>\n","protected":false},"excerpt":{"rendered":"<p>Motivation Gesunde Ern\u00e4hrung ist eine Grundvoraussetzung f\u00fcr k\u00f6rperliches und geistiges Wohlbefinden. Bereits kleine Gewohnheits\u00e4nderungen k\u00f6nnen Grosses bewirken. Erfahre, wie du deine Disziplin steigern und deinen Stress im Alltag reduzieren kannst. Raus aus dem Energieloch!<\/p>\n","protected":false},"author":2,"featured_media":0,"parent":0,"menu_order":0,"comment_status":"closed","ping_status":"closed","template":"","meta":{"_acf_changed":false,"inline_featured_image":false,"footnotes":""},"class_list":["post-780","page","type-page","status-publish","hentry"],"acf":[],"_links":{"self":[{"href":"https:\/\/www.chiefslife.com\/de-eu\/wp-json\/wp\/v2\/pages\/780","targetHints":{"allow":["GET"]}}],"collection":[{"href":"https:\/\/www.chiefslife.com\/de-eu\/wp-json\/wp\/v2\/pages"}],"about":[{"href":"https:\/\/www.chiefslife.com\/de-eu\/wp-json\/wp\/v2\/types\/page"}],"author":[{"embeddable":true,"href":"https:\/\/www.chiefslife.com\/de-eu\/wp-json\/wp\/v2\/users\/2"}],"replies":[{"embeddable":true,"href":"https:\/\/www.chiefslife.com\/de-eu\/wp-json\/wp\/v2\/comments?post=780"}],"version-history":[{"count":0,"href":"https:\/\/www.chiefslife.com\/de-eu\/wp-json\/wp\/v2\/pages\/780\/revisions"}],"wp:attachment":[{"href":"https:\/\/www.chiefslife.com\/de-eu\/wp-json\/wp\/v2\/media?parent=780"}],"curies":[{"name":"wp","href":"https:\/\/api.w.org\/{rel}","templated":true}]}}