{"id":8138,"date":"2022-01-26T11:07:39","date_gmt":"2022-01-26T10:07:39","guid":{"rendered":"https:\/\/www.chiefslife.com\/de-eu\/?page_id=8138"},"modified":"2022-03-10T17:25:58","modified_gmt":"2022-03-10T16:25:58","slug":"gewinnspiel-milk-protein-drinks","status":"publish","type":"page","link":"https:\/\/www.chiefslife.com\/de-eu\/gewinnspiel-milk-protein-drinks\/","title":{"rendered":"Gewinnspiel Milk Protein Drinks"},"content":{"rendered":"<!DOCTYPE html PUBLIC \"-\/\/W3C\/\/DTD HTML 4.0 Transitional\/\/EN\" \"http:\/\/www.w3.org\/TR\/REC-html40\/loose.dtd\">\n<html><body><div class=\"wp-block-chiefs-cover-brick undefined swiper-container chiefs-brick swiper-no-swiping\" data-swiper-slides-per-view=\"1\" data-swiper-loop=\"true\"><div class=\"swiper-wrapper\"><div class=\"swiper-slide\"><a href=\"https:\/\/www.chiefslife.com\/de-ch\/produkt\/protein-bar-strawberry\/\" class=\"slider-a-link\"><picture><source srcset=\"https:\/\/www.chiefslife.com\/de-eu\/wp-content\/uploads\/sites\/6\/2021\/11\/Chiefs_Hero_768x1050_EU_Drinks.jpg\" media=\"screen and (max-width: 768px)\"><\/source><img decoding=\"async\" width=\"1920\" height=\"803\" class=\"wp-image-4520 swiper-lazy load-instantly\" src=\"https:\/\/www.chiefslife.com\/de-eu\/wp-content\/uploads\/sites\/6\/2021\/09\/Hero_MilkDrinks_EU.jpg\" srcset=\"https:\/\/www.chiefslife.com\/de-eu\/wp-content\/uploads\/sites\/6\/2021\/09\/Hero_MilkDrinks_EU.jpg 1920w, https:\/\/www.chiefslife.com\/de-eu\/wp-content\/uploads\/sites\/6\/2021\/09\/Hero_MilkDrinks_EU-300x125.jpg 300w, https:\/\/www.chiefslife.com\/de-eu\/wp-content\/uploads\/sites\/6\/2021\/09\/Hero_MilkDrinks_EU-1024x428.jpg 1024w, https:\/\/www.chiefslife.com\/de-eu\/wp-content\/uploads\/sites\/6\/2021\/09\/Hero_MilkDrinks_EU-768x321.jpg 768w, https:\/\/www.chiefslife.com\/de-eu\/wp-content\/uploads\/sites\/6\/2021\/09\/Hero_MilkDrinks_EU-1536x642.jpg 1536w, https:\/\/www.chiefslife.com\/de-eu\/wp-content\/uploads\/sites\/6\/2021\/09\/Hero_MilkDrinks_EU-500x209.jpg 500w, https:\/\/www.chiefslife.com\/de-eu\/wp-content\/uploads\/sites\/6\/2021\/09\/Hero_MilkDrinks_EU-800x335.jpg 800w, https:\/\/www.chiefslife.com\/de-eu\/wp-content\/uploads\/sites\/6\/2021\/09\/Hero_MilkDrinks_EU-1280x535.jpg 1280w, https:\/\/www.chiefslife.com\/de-eu\/wp-content\/uploads\/sites\/6\/2021\/09\/Hero_MilkDrinks_EU-336x141.jpg 336w\" sizes=\"(max-width: 1920px) 100vw, 1920px\"><\/picture><\/a><\/div><\/div><\/div>\n\n\n\n<div class=\"wp-block-group\"><div class=\"wp-block-group__inner-container is-layout-flow wp-block-group-is-layout-flow\">\n<h2 class=\"has-text-align-center wp-block-heading\"><strong>Herzlich Willkommen bei Chiefs<sup><strong>&reg;<\/strong><\/sup>!<\/strong><\/h2>\n\n\n\n<h5 class=\"has-text-align-center wp-block-heading\"><strong><strong>Gewinne mit etwas Gl&uuml;ck tolle Preise im Gesamtwert von 2000 Euro!<\/strong><\/strong><\/h5>\n\n\n\n<p class=\"has-text-align-center\">Wir hoffen, dass dir der Milk Protein Drink von Chiefs<sup>&reg;<\/sup> gut geschmeckt hat! Gerne m&ouml;chten wir anhand von 5 Fragen dein ehrliches Feedback zu unserer Sampling Aktion einholen. Als Dankesch&ouml;n f&uuml;r dein Feedback verlosen wir unter allen Teilnahmen <strong>15 attraktive Sachpreise<\/strong> im Gesamtwert von <strong>2000 EUR<\/strong>.<\/p>\n\n\n\n<p class=\"has-text-align-center\">Also, los geht&rsquo;s&hellip;<br>Versuche dein Gl&uuml;ck bei unserem Gewinnspiel!<br><\/p>\n\n\n\n<h6 class=\"has-text-align-center wp-block-heading\"><strong>So kannst du am Gewinnspiel teilnehmen:<\/strong><\/h6>\n\n\n\n<p class=\"has-text-align-center\">1. Beantworte die 5 Fragen im Teilnahmeformular.<br>2. Erg&auml;nze das Formular mit deinen Personalien.<br>3. Formular absenden und automatisch an der Verlosung teilnehmen.<\/p>\n\n\n\n<div class=\"wp-block-buttons is-layout-flex wp-block-buttons-is-layout-flex\">\n<div class=\"wp-block-button\"><a class=\"wp-block-button__link\" href=\"https:\/\/www.chiefslife.com\/de-eu\/teilnahmebedingungen-milk-protein-drinks\/\" target=\"_blank\" rel=\"noreferrer noopener\">Teilnahmebedingungen<\/a><\/div>\n<\/div>\n\n\n\n<div style=\"height:29px\" aria-hidden=\"true\" class=\"wp-block-spacer\"><\/div>\n\n\n\n<h5 class=\"has-text-align-center wp-block-heading\">Preise<\/h5>\n\n\n\n<p class=\"has-text-align-center\">Mit etwas Gl&uuml;ck geh&ouml;rt einer dieser Preise schon bald dir. Das Gewinnspiel dauert bis am 30. April 2022. Wir dr&uuml;cken dir die Daumen!<\/p>\n<\/div><\/div>\n\n\n\n<div class=\"wp-block-chiefs-column-brick\"><div class=\"wp-block-chiefs-column-brick-column\"><div class=\"wp-block-chiefs-column-brick-image-container\"><img decoding=\"async\" class=\"wp-block-chiefs-column-brick-image wp-image-13816\" src=\"https:\/\/www.chiefslife.com\/de-ch\/wp-content\/uploads\/sites\/2\/2021\/11\/iPad2021.png\" alt=\"Column image\" sizes=\"(max-width: 768px) 100vw, 25vw\"><\/div><h6 class=\"wp-block-chiefs-column-brick-text\">1x APPLE iPad Wi-Fi 2021 9th Gen (10.2&Prime;, 64 GB)<\/h6><\/div><div class=\"wp-block-chiefs-column-brick-column\"><div class=\"wp-block-chiefs-column-brick-image-container\"><img decoding=\"async\" class=\"wp-block-chiefs-column-brick-image wp-image-13814\" src=\"https:\/\/www.chiefslife.com\/de-ch\/wp-content\/uploads\/sites\/2\/2021\/11\/AirpodsPro2021.png\" alt=\"Column image\" sizes=\"(max-width: 768px) 100vw, 25vw\"><\/div><h6 class=\"wp-block-chiefs-column-brick-text\">2x Apple AirPods Pro 2021<\/h6><\/div><div class=\"wp-block-chiefs-column-brick-column\"><div class=\"wp-block-chiefs-column-brick-image-container\"><img decoding=\"async\" width=\"800\" height=\"800\" class=\"wp-block-chiefs-column-brick-image wp-image-8144\" src=\"https:\/\/www.chiefslife.com\/de-eu\/wp-content\/uploads\/sites\/6\/2022\/01\/XiaomiSmartband.png\" alt=\"Column image\" sizes=\"(max-width: 768px) 100vw, 25vw\" srcset=\"https:\/\/www.chiefslife.com\/de-eu\/wp-content\/uploads\/sites\/6\/2022\/01\/XiaomiSmartband.png 800w, https:\/\/www.chiefslife.com\/de-eu\/wp-content\/uploads\/sites\/6\/2022\/01\/XiaomiSmartband-300x300.png 300w, https:\/\/www.chiefslife.com\/de-eu\/wp-content\/uploads\/sites\/6\/2022\/01\/XiaomiSmartband-150x150.png 150w, https:\/\/www.chiefslife.com\/de-eu\/wp-content\/uploads\/sites\/6\/2022\/01\/XiaomiSmartband-768x768.png 768w, https:\/\/www.chiefslife.com\/de-eu\/wp-content\/uploads\/sites\/6\/2022\/01\/XiaomiSmartband-500x500.png 500w, https:\/\/www.chiefslife.com\/de-eu\/wp-content\/uploads\/sites\/6\/2022\/01\/XiaomiSmartband-336x336.png 336w, https:\/\/www.chiefslife.com\/de-eu\/wp-content\/uploads\/sites\/6\/2022\/01\/XiaomiSmartband-100x100.png 100w\"><\/div><h6 class=\"wp-block-chiefs-column-brick-text\">5x Xiaomi Mi Smart Band 6<\/h6><\/div><div class=\"wp-block-chiefs-column-brick-column\"><div class=\"wp-block-chiefs-column-brick-image-container\"><img decoding=\"async\" width=\"1500\" height=\"1250\" class=\"wp-block-chiefs-column-brick-image wp-image-8929\" src=\"https:\/\/www.chiefslife.com\/de-eu\/wp-content\/uploads\/sites\/6\/2022\/02\/Chiefs_Package_Win.jpg\" alt=\"Column image\" sizes=\"(max-width: 768px) 100vw, 25vw\" srcset=\"https:\/\/www.chiefslife.com\/de-eu\/wp-content\/uploads\/sites\/6\/2022\/02\/Chiefs_Package_Win.jpg 1500w, https:\/\/www.chiefslife.com\/de-eu\/wp-content\/uploads\/sites\/6\/2022\/02\/Chiefs_Package_Win-300x250.jpg 300w, https:\/\/www.chiefslife.com\/de-eu\/wp-content\/uploads\/sites\/6\/2022\/02\/Chiefs_Package_Win-1024x853.jpg 1024w, https:\/\/www.chiefslife.com\/de-eu\/wp-content\/uploads\/sites\/6\/2022\/02\/Chiefs_Package_Win-768x640.jpg 768w, https:\/\/www.chiefslife.com\/de-eu\/wp-content\/uploads\/sites\/6\/2022\/02\/Chiefs_Package_Win-500x417.jpg 500w, https:\/\/www.chiefslife.com\/de-eu\/wp-content\/uploads\/sites\/6\/2022\/02\/Chiefs_Package_Win-800x667.jpg 800w, https:\/\/www.chiefslife.com\/de-eu\/wp-content\/uploads\/sites\/6\/2022\/02\/Chiefs_Package_Win-1280x1067.jpg 1280w, https:\/\/www.chiefslife.com\/de-eu\/wp-content\/uploads\/sites\/6\/2022\/02\/Chiefs_Package_Win-336x280.jpg 336w\"><\/div><h6 class=\"wp-block-chiefs-column-brick-text\">7x Chiefs Paket<\/h6><\/div><\/div>\n\n\n\n<div style=\"height:50px\" aria-hidden=\"true\" class=\"wp-block-spacer\"><\/div>\n\n\n\n<div class=\"wp-block-contact-form-7-contact-form-selector\">[contact-form-7 id=&ldquo;8145&Prime; title=&ldquo;Gewinnspiel Milk Protein Drinks&ldquo;]<\/div>\n\n\n\n<p><\/p>\n\n\n\n<div class=\"wp-block-group has-sky-white-color has-text-color has-background\" style=\"background-color:#175bc8\"><div class=\"wp-block-group__inner-container is-layout-flow wp-block-group-is-layout-flow\">\n<h6 class=\"has-text-align-center wp-block-heading\"><strong>&bdquo;Proteine sind nur f&uuml;r Muskelprotze!&ldquo;<\/strong><\/h6>\n\n\n\n<p class=\"has-text-align-center\">FALSCH! Proteine (Eiwei&szlig;e) tragen zwar zum Aufbau von Muskeln bei, sind aber auch f&uuml;r den Erhalt von Knochen und f&uuml;r lebensnotwendige Funktionen im K&ouml;rper zust&auml;ndig. Proteine sind Elemente von Enzymen und Hormonen und an s&auml;mtlichen K&ouml;rperprozessen beteiligt, wie z.B. Stoffwechsel, Verdauung, etc.<br><br>Erwachsenen wird eine t&auml;gliche Proteinzufuhr von 0,8&ndash;1,0 Gramm pro Kilogramm K&ouml;rpergewicht empfohlen. Die Produkte von Chiefs<sup>&reg;<\/sup> sind nicht nur proteinreich, sondern schmecken auch richtig gut!<\/p>\n\n\n\n<div class=\"wp-block-buttons is-content-justification-center is-layout-flex wp-block-buttons-is-layout-flex\">\n<div class=\"wp-block-button\"><a class=\"wp-block-button__link\" href=\"https:\/\/www.chiefslife.com\/de-eu\/quick-facts-protein\/\" target=\"_blank\" rel=\"noreferrer noopener\">Mehr zum Thema Protein und Ern&auml;hrung<\/a><\/div>\n<\/div>\n\n\n\n<h6 class=\"has-text-align-center wp-block-heading\"><br><strong>Du kennst die k&ouml;stlichen Chiefs<sup>&reg;<\/sup> Produkte noch nicht?<\/strong><\/h6>\n\n\n\n<p class=\"has-text-align-center\">Dann ist dies die perfekte Gelegenheit, dich vom k&ouml;stlichen Geschmack und den herausragenden N&auml;hrwerten unserer innovativen Produkte selbst zu &uuml;berzeugen. Magst du eher s&uuml;&szlig; oder salzig? Wir haben f&uuml;r jeden Geschmack das richtige Produkt. Kauf dir dein erstes Chiefs<sup>&reg;<\/sup> Produkt bei einem unserer <a rel=\"noreferrer noopener\" href=\"https:\/\/www.chiefslife.com\/de-eu\/hier-gibts-die-chiefs\/\" target=\"_blank\" data-type=\"URL\">H&auml;ndler<span class=\"has-inline-color has-ink-lighter-color\"> <\/span><\/a>oder profitiere jetzt von 10% Rabatt (Code: SAMPLE10) auf deine Erstbestellung in unserem Webshop.<\/p>\n\n\n\n<div class=\"wp-block-buttons is-content-justification-center is-layout-flex wp-block-buttons-is-layout-flex\">\n<div class=\"wp-block-button is-style-fill\"><a class=\"wp-block-button__link has-sky-white-color has-text-color\" href=\"https:\/\/www.chiefslife.com\/de-eu\/shop\/\" target=\"_blank\" rel=\"noopener\">Jetzt online bestellen<\/a><\/div>\n<\/div>\n<\/div><\/div>\n\n\n\n<div class=\"wp-block-chiefs-banner-brick\"><div class=\"wp-block-chiefs-banner-brick-column banner-image\" style=\"background-color:#f06464\"><a class=\"wp-block-chiefs-banner-brick-image-link\" href=\"https:\/\/www.chiefslife.com\/de-eu\/rezepte-uebersicht\/\" target=\"_self\" rel=\"noopener\"><img decoding=\"async\" width=\"960\" height=\"1200\" class=\"wp-block-chiefs-banner-brick-image wp-image-2175\" src=\"https:\/\/www.chiefslife.com\/de-eu\/wp-content\/uploads\/sites\/6\/2021\/04\/Strawberry-Overnight-Oats.jpg\" alt=\"Banner image\" sizes=\"(max-width: 768px) 100vw, 50vw\" srcset=\"https:\/\/www.chiefslife.com\/de-eu\/wp-content\/uploads\/sites\/6\/2021\/04\/Strawberry-Overnight-Oats.jpg 960w, https:\/\/www.chiefslife.com\/de-eu\/wp-content\/uploads\/sites\/6\/2021\/04\/Strawberry-Overnight-Oats-336x420.jpg 336w, https:\/\/www.chiefslife.com\/de-eu\/wp-content\/uploads\/sites\/6\/2021\/04\/Strawberry-Overnight-Oats-800x1000.jpg 800w, https:\/\/www.chiefslife.com\/de-eu\/wp-content\/uploads\/sites\/6\/2021\/04\/Strawberry-Overnight-Oats-240x300.jpg 240w, https:\/\/www.chiefslife.com\/de-eu\/wp-content\/uploads\/sites\/6\/2021\/04\/Strawberry-Overnight-Oats-819x1024.jpg 819w, https:\/\/www.chiefslife.com\/de-eu\/wp-content\/uploads\/sites\/6\/2021\/04\/Strawberry-Overnight-Oats-768x960.jpg 768w, https:\/\/www.chiefslife.com\/de-eu\/wp-content\/uploads\/sites\/6\/2021\/04\/Strawberry-Overnight-Oats-500x625.jpg 500w\"><\/a><\/div><div class=\"wp-block-chiefs-banner-brick-column banner-body\" style=\"background-color:#f06464\"><h3 class=\"wp-block-chiefs-banner-brick-title\" style=\"color:#31272E\">Lasse dich von unseren kreativen und leckeren Rezepten inspirieren! <\/h3><div class=\"wp-block-button\"><a class=\"wp-block-button__link\" href=\"https:\/\/www.chiefslife.com\/de-eu\/rezepte-uebersicht\/\" target=\"_blank\" rel=\"noopener\">Zu den Rezepten<\/a><\/div><\/div><\/div>\n\n\n\n<div class=\"wp-block-chiefs-banner-brick\"><div class=\"wp-block-chiefs-banner-brick-column banner-body\" style=\"background-color:#98c469\"><h3 class=\"wp-block-chiefs-banner-brick-title\" style=\"color:#31272E\">Erfahre Wissenswertes &uuml;ber Protein und eine gesunde Ern&auml;hrung <\/h3><div class=\"wp-block-button\"><a class=\"wp-block-button__link\" href=\"https:\/\/www.chiefslife.com\/de-eu\/quick-facts\/\" target=\"_blank\" rel=\"noopener\">Mehr erfahren<\/a><\/div><\/div><div class=\"wp-block-chiefs-banner-brick-column banner-image\" style=\"background-color:#98c469\"><img decoding=\"async\" width=\"1500\" height=\"1000\" class=\"wp-block-chiefs-banner-brick-image wp-image-8204\" src=\"https:\/\/www.chiefslife.com\/de-eu\/wp-content\/uploads\/sites\/6\/2022\/01\/Proteine.jpg\" alt=\"Banner image\" sizes=\"(max-width: 768px) 100vw, 50vw\" srcset=\"https:\/\/www.chiefslife.com\/de-eu\/wp-content\/uploads\/sites\/6\/2022\/01\/Proteine.jpg 1500w, https:\/\/www.chiefslife.com\/de-eu\/wp-content\/uploads\/sites\/6\/2022\/01\/Proteine-300x200.jpg 300w, https:\/\/www.chiefslife.com\/de-eu\/wp-content\/uploads\/sites\/6\/2022\/01\/Proteine-1024x683.jpg 1024w, https:\/\/www.chiefslife.com\/de-eu\/wp-content\/uploads\/sites\/6\/2022\/01\/Proteine-768x512.jpg 768w, https:\/\/www.chiefslife.com\/de-eu\/wp-content\/uploads\/sites\/6\/2022\/01\/Proteine-500x333.jpg 500w, https:\/\/www.chiefslife.com\/de-eu\/wp-content\/uploads\/sites\/6\/2022\/01\/Proteine-800x533.jpg 800w, https:\/\/www.chiefslife.com\/de-eu\/wp-content\/uploads\/sites\/6\/2022\/01\/Proteine-1280x853.jpg 1280w, https:\/\/www.chiefslife.com\/de-eu\/wp-content\/uploads\/sites\/6\/2022\/01\/Proteine-336x224.jpg 336w\"><\/div><\/div>\n<\/body><\/html>\n","protected":false},"excerpt":{"rendered":"<p>Herzlich Willkommen bei Chiefs\u00ae! Gewinne mit etwas Gl\u00fcck tolle Preise im Gesamtwert von 2000 Euro! Wir hoffen, dass dir der Milk Protein Drink von Chiefs\u00ae gut geschmeckt hat! Gerne m\u00f6chten wir anhand von 5 Fragen dein ehrliches Feedback zu unserer Sampling Aktion einholen. Als Dankesch\u00f6n f\u00fcr dein Feedback verlosen wir unter allen Teilnahmen 15 attraktive [&hellip;]<\/p>\n","protected":false},"author":4,"featured_media":0,"parent":0,"menu_order":0,"comment_status":"closed","ping_status":"closed","template":"","meta":{"_acf_changed":false,"inline_featured_image":false,"footnotes":""},"class_list":["post-8138","page","type-page","status-publish","hentry"],"acf":[],"_links":{"self":[{"href":"https:\/\/www.chiefslife.com\/de-eu\/wp-json\/wp\/v2\/pages\/8138","targetHints":{"allow":["GET"]}}],"collection":[{"href":"https:\/\/www.chiefslife.com\/de-eu\/wp-json\/wp\/v2\/pages"}],"about":[{"href":"https:\/\/www.chiefslife.com\/de-eu\/wp-json\/wp\/v2\/types\/page"}],"author":[{"embeddable":true,"href":"https:\/\/www.chiefslife.com\/de-eu\/wp-json\/wp\/v2\/users\/4"}],"replies":[{"embeddable":true,"href":"https:\/\/www.chiefslife.com\/de-eu\/wp-json\/wp\/v2\/comments?post=8138"}],"version-history":[{"count":0,"href":"https:\/\/www.chiefslife.com\/de-eu\/wp-json\/wp\/v2\/pages\/8138\/revisions"}],"wp:attachment":[{"href":"https:\/\/www.chiefslife.com\/de-eu\/wp-json\/wp\/v2\/media?parent=8138"}],"curies":[{"name":"wp","href":"https:\/\/api.w.org\/{rel}","templated":true}]}}