{"id":8235,"date":"2022-01-28T10:53:18","date_gmt":"2022-01-28T09:53:18","guid":{"rendered":"https:\/\/www.chiefslife.com\/de-eu\/?page_id=8235"},"modified":"2022-07-05T08:54:51","modified_gmt":"2022-07-05T06:54:51","slug":"enjoy-like-a-chief","status":"publish","type":"page","link":"https:\/\/www.chiefslife.com\/de-eu\/enjoy-like-a-chief\/","title":{"rendered":"ENJOY LIKE A CHIEF Auslosung"},"content":{"rendered":"<!DOCTYPE html PUBLIC \"-\/\/W3C\/\/DTD HTML 4.0 Transitional\/\/EN\" \"http:\/\/www.w3.org\/TR\/REC-html40\/loose.dtd\">\n<html><body><div class=\"wp-block-chiefs-cover-brick undefined swiper-container chiefs-brick swiper-no-swiping\" data-swiper-slides-per-view=\"1\" data-swiper-loop=\"true\"><div class=\"swiper-wrapper\"><div class=\"swiper-slide\"><a href=\"https:\/\/www.chiefslife.com\/de-ch\/produkt\/protein-bar-strawberry\/\" class=\"slider-a-link\"><video autoplay muted loop playsinline class=\"cover-brick-responsive-video cover-brick-responsive-video-8250\" data-media-desktop-url=\"https:\/\/www.chiefslife.com\/de-eu\/wp-content\/uploads\/sites\/6\/2022\/01\/Chiefs_EnjoyLikeAChief_1920x803.mp4\" data-media-mobile-url=\"https:\/\/www.chiefslife.com\/de-eu\/wp-content\/uploads\/sites\/6\/2022\/01\/Chiefs_EnjoyLikeAChief_768x1050.mp4\"><\/video><\/a><\/div><\/div><\/div>\n\n\n\n<div style=\"height:90px\" aria-hidden=\"true\" class=\"wp-block-spacer\"><\/div>\n\n\n\n<h1 class=\"has-text-align-center wp-block-heading\"><strong>Enjoy like a Chief<\/strong><\/h1>\n\n\n\n<div class=\"wp-block-group\"><div class=\"wp-block-group__inner-container is-layout-flow wp-block-group-is-layout-flow\">\n<p class=\"has-text-align-center\">Vielen Dank f&uuml;r die zahlreichen Teilnahmen an unserem Gewinnspiel &laquo;ENJOY LIKE A CHIEF&raquo;. Die Jury wird nun alle Einsendungen pr&uuml;fen und in den n&auml;chsten Tagen die gl&uuml;cklichen Gewinner:innen kontaktieren.<\/p>\n\n\n\n<p class=\"has-text-align-center\">Folgt unserem <a rel=\"noreferrer noopener\" href=\"https:\/\/www.instagram.com\/chiefslife\/\" target=\"_blank\">Instagram Account<\/a>, um immer auf dem aktuellsten Stand zu sein und &uuml;ber weitere tolle Gewinnspiele und Aktionen informiert zu werden.<\/p>\n\n\n\n<p class=\"has-text-align-center\">Profitiere noch bis 31. Juli 2022 vom 15% Rabattcode (Code: ENJOY15) auf alle Bestellungen im Webshop.<\/p>\n\n\n\n<p class=\"has-text-align-center\">Dein Chiefs Team<\/p>\n\n\n\n<div class=\"wp-block-buttons is-horizontal is-content-justification-center is-layout-flex wp-container-core-buttons-is-layout-499968f5 wp-block-buttons-is-layout-flex\">\n<div class=\"wp-block-button is-style-fill\"><a class=\"wp-block-button__link has-sky-white-color has-text-color\" href=\"https:\/\/www.chiefslife.com\/de-eu\/shop\/\" target=\"_blank\" rel=\"noopener\">Zum Online-Shop<\/a><\/div>\n<\/div>\n<\/div><\/div>\n\n\n\n<h4 class=\"has-text-align-center wp-block-heading\">Ein paar Inspirationen von Genussmoment-Bildern<\/h4>\n\n\n\n<div class=\"wp-block-chiefs-instagram-brick\"><a class=\"wp-block-chiefs-instagram-brick-image-container\" target=\"_blank\" rel=\"noopener\"><img decoding=\"async\" width=\"1000\" height=\"1000\" class=\"wp-block-chiefs-instagram-brick-image wp-image-8243\" src=\"https:\/\/www.chiefslife.com\/de-eu\/wp-content\/uploads\/sites\/6\/2022\/01\/Inspo1.jpg\" alt=\"Instagram image 1\" sizes=\"(max-width: 768px) 50vw, 33vw\" srcset=\"https:\/\/www.chiefslife.com\/de-eu\/wp-content\/uploads\/sites\/6\/2022\/01\/Inspo1.jpg 1000w, https:\/\/www.chiefslife.com\/de-eu\/wp-content\/uploads\/sites\/6\/2022\/01\/Inspo1-300x300.jpg 300w, https:\/\/www.chiefslife.com\/de-eu\/wp-content\/uploads\/sites\/6\/2022\/01\/Inspo1-150x150.jpg 150w, https:\/\/www.chiefslife.com\/de-eu\/wp-content\/uploads\/sites\/6\/2022\/01\/Inspo1-768x768.jpg 768w, https:\/\/www.chiefslife.com\/de-eu\/wp-content\/uploads\/sites\/6\/2022\/01\/Inspo1-500x500.jpg 500w, https:\/\/www.chiefslife.com\/de-eu\/wp-content\/uploads\/sites\/6\/2022\/01\/Inspo1-800x800.jpg 800w, https:\/\/www.chiefslife.com\/de-eu\/wp-content\/uploads\/sites\/6\/2022\/01\/Inspo1-336x336.jpg 336w, https:\/\/www.chiefslife.com\/de-eu\/wp-content\/uploads\/sites\/6\/2022\/01\/Inspo1-100x100.jpg 100w\"><\/a><a class=\"wp-block-chiefs-instagram-brick-image-container\" target=\"_blank\" rel=\"noopener\"><img decoding=\"async\" width=\"1000\" height=\"1000\" class=\"wp-block-chiefs-instagram-brick-image wp-image-8244\" src=\"https:\/\/www.chiefslife.com\/de-eu\/wp-content\/uploads\/sites\/6\/2022\/01\/Inspo2.jpg\" alt=\"Instagram image 2\" sizes=\"(max-width: 768px) 50vw, 33vw\" srcset=\"https:\/\/www.chiefslife.com\/de-eu\/wp-content\/uploads\/sites\/6\/2022\/01\/Inspo2.jpg 1000w, https:\/\/www.chiefslife.com\/de-eu\/wp-content\/uploads\/sites\/6\/2022\/01\/Inspo2-300x300.jpg 300w, https:\/\/www.chiefslife.com\/de-eu\/wp-content\/uploads\/sites\/6\/2022\/01\/Inspo2-150x150.jpg 150w, https:\/\/www.chiefslife.com\/de-eu\/wp-content\/uploads\/sites\/6\/2022\/01\/Inspo2-768x768.jpg 768w, https:\/\/www.chiefslife.com\/de-eu\/wp-content\/uploads\/sites\/6\/2022\/01\/Inspo2-500x500.jpg 500w, https:\/\/www.chiefslife.com\/de-eu\/wp-content\/uploads\/sites\/6\/2022\/01\/Inspo2-800x800.jpg 800w, https:\/\/www.chiefslife.com\/de-eu\/wp-content\/uploads\/sites\/6\/2022\/01\/Inspo2-336x336.jpg 336w, https:\/\/www.chiefslife.com\/de-eu\/wp-content\/uploads\/sites\/6\/2022\/01\/Inspo2-100x100.jpg 100w\"><\/a><a class=\"wp-block-chiefs-instagram-brick-image-container\" target=\"_blank\" rel=\"noopener\"><img decoding=\"async\" width=\"1000\" height=\"1000\" class=\"wp-block-chiefs-instagram-brick-image wp-image-8245\" src=\"https:\/\/www.chiefslife.com\/de-eu\/wp-content\/uploads\/sites\/6\/2022\/01\/Inspo3.jpeg\" alt=\"Instagram image 3\" sizes=\"(max-width: 768px) 50vw, 33vw\" srcset=\"https:\/\/www.chiefslife.com\/de-eu\/wp-content\/uploads\/sites\/6\/2022\/01\/Inspo3.jpeg 1000w, https:\/\/www.chiefslife.com\/de-eu\/wp-content\/uploads\/sites\/6\/2022\/01\/Inspo3-300x300.jpeg 300w, https:\/\/www.chiefslife.com\/de-eu\/wp-content\/uploads\/sites\/6\/2022\/01\/Inspo3-150x150.jpeg 150w, https:\/\/www.chiefslife.com\/de-eu\/wp-content\/uploads\/sites\/6\/2022\/01\/Inspo3-768x768.jpeg 768w, https:\/\/www.chiefslife.com\/de-eu\/wp-content\/uploads\/sites\/6\/2022\/01\/Inspo3-500x500.jpeg 500w, https:\/\/www.chiefslife.com\/de-eu\/wp-content\/uploads\/sites\/6\/2022\/01\/Inspo3-800x800.jpeg 800w, https:\/\/www.chiefslife.com\/de-eu\/wp-content\/uploads\/sites\/6\/2022\/01\/Inspo3-336x336.jpeg 336w, https:\/\/www.chiefslife.com\/de-eu\/wp-content\/uploads\/sites\/6\/2022\/01\/Inspo3-100x100.jpeg 100w\"><\/a><a class=\"wp-block-chiefs-instagram-brick-image-container\" target=\"_blank\" rel=\"noopener\"><img decoding=\"async\" width=\"1000\" height=\"1001\" class=\"wp-block-chiefs-instagram-brick-image wp-image-8246\" src=\"https:\/\/www.chiefslife.com\/de-eu\/wp-content\/uploads\/sites\/6\/2022\/01\/Inspo4.jpg\" alt=\"Instagram image 4\" sizes=\"(max-width: 768px) 50vw, 33vw\" srcset=\"https:\/\/www.chiefslife.com\/de-eu\/wp-content\/uploads\/sites\/6\/2022\/01\/Inspo4.jpg 1000w, https:\/\/www.chiefslife.com\/de-eu\/wp-content\/uploads\/sites\/6\/2022\/01\/Inspo4-300x300.jpg 300w, https:\/\/www.chiefslife.com\/de-eu\/wp-content\/uploads\/sites\/6\/2022\/01\/Inspo4-150x150.jpg 150w, https:\/\/www.chiefslife.com\/de-eu\/wp-content\/uploads\/sites\/6\/2022\/01\/Inspo4-768x769.jpg 768w, https:\/\/www.chiefslife.com\/de-eu\/wp-content\/uploads\/sites\/6\/2022\/01\/Inspo4-500x501.jpg 500w, https:\/\/www.chiefslife.com\/de-eu\/wp-content\/uploads\/sites\/6\/2022\/01\/Inspo4-800x801.jpg 800w, https:\/\/www.chiefslife.com\/de-eu\/wp-content\/uploads\/sites\/6\/2022\/01\/Inspo4-336x336.jpg 336w, https:\/\/www.chiefslife.com\/de-eu\/wp-content\/uploads\/sites\/6\/2022\/01\/Inspo4-100x100.jpg 100w\"><\/a><a class=\"wp-block-chiefs-instagram-brick-image-container\" target=\"_blank\" rel=\"noopener\"><img decoding=\"async\" width=\"1000\" height=\"1000\" class=\"wp-block-chiefs-instagram-brick-image wp-image-8247\" src=\"https:\/\/www.chiefslife.com\/de-eu\/wp-content\/uploads\/sites\/6\/2022\/01\/Inspo5.jpg\" alt=\"Instagram image 5\" sizes=\"(max-width: 768px) 50vw, 33vw\" srcset=\"https:\/\/www.chiefslife.com\/de-eu\/wp-content\/uploads\/sites\/6\/2022\/01\/Inspo5.jpg 1000w, https:\/\/www.chiefslife.com\/de-eu\/wp-content\/uploads\/sites\/6\/2022\/01\/Inspo5-300x300.jpg 300w, https:\/\/www.chiefslife.com\/de-eu\/wp-content\/uploads\/sites\/6\/2022\/01\/Inspo5-150x150.jpg 150w, https:\/\/www.chiefslife.com\/de-eu\/wp-content\/uploads\/sites\/6\/2022\/01\/Inspo5-768x768.jpg 768w, https:\/\/www.chiefslife.com\/de-eu\/wp-content\/uploads\/sites\/6\/2022\/01\/Inspo5-500x500.jpg 500w, https:\/\/www.chiefslife.com\/de-eu\/wp-content\/uploads\/sites\/6\/2022\/01\/Inspo5-800x800.jpg 800w, https:\/\/www.chiefslife.com\/de-eu\/wp-content\/uploads\/sites\/6\/2022\/01\/Inspo5-336x336.jpg 336w, https:\/\/www.chiefslife.com\/de-eu\/wp-content\/uploads\/sites\/6\/2022\/01\/Inspo5-100x100.jpg 100w\"><\/a><a class=\"wp-block-chiefs-instagram-brick-image-container\" target=\"_blank\" rel=\"noopener\"><img decoding=\"async\" width=\"1000\" height=\"1000\" class=\"wp-block-chiefs-instagram-brick-image wp-image-8248\" src=\"https:\/\/www.chiefslife.com\/de-eu\/wp-content\/uploads\/sites\/6\/2022\/01\/Inspo6.jpg\" alt=\"Instagram image 6\" sizes=\"(max-width: 768px) 50vw, 33vw\" srcset=\"https:\/\/www.chiefslife.com\/de-eu\/wp-content\/uploads\/sites\/6\/2022\/01\/Inspo6.jpg 1000w, https:\/\/www.chiefslife.com\/de-eu\/wp-content\/uploads\/sites\/6\/2022\/01\/Inspo6-300x300.jpg 300w, https:\/\/www.chiefslife.com\/de-eu\/wp-content\/uploads\/sites\/6\/2022\/01\/Inspo6-150x150.jpg 150w, https:\/\/www.chiefslife.com\/de-eu\/wp-content\/uploads\/sites\/6\/2022\/01\/Inspo6-768x768.jpg 768w, https:\/\/www.chiefslife.com\/de-eu\/wp-content\/uploads\/sites\/6\/2022\/01\/Inspo6-500x500.jpg 500w, https:\/\/www.chiefslife.com\/de-eu\/wp-content\/uploads\/sites\/6\/2022\/01\/Inspo6-800x800.jpg 800w, https:\/\/www.chiefslife.com\/de-eu\/wp-content\/uploads\/sites\/6\/2022\/01\/Inspo6-336x336.jpg 336w, https:\/\/www.chiefslife.com\/de-eu\/wp-content\/uploads\/sites\/6\/2022\/01\/Inspo6-100x100.jpg 100w\"><\/a><\/div>\n\n\n\n<div style=\"height:79px\" aria-hidden=\"true\" class=\"wp-block-spacer\"><\/div>\n\n\n\n<div class=\"wp-block-group has-sky-white-color has-text-color has-background\" style=\"background-color:#175bc8\"><div class=\"wp-block-group__inner-container is-layout-flow wp-block-group-is-layout-flow\">\n<h6 class=\"has-text-align-center wp-block-heading\"><strong>Du kennst die k&ouml;stlichen Chiefs<sup>&reg;<\/sup> Produkte noch nicht?<\/strong><\/h6>\n\n\n\n<p class=\"has-text-align-center\">Dann ist dies die perfekte Gelegenheit, dich vom k&ouml;stlichen Geschmack und den herausragenden N&auml;hrwerten unserer innovativen Produkte selbst zu &uuml;berzeugen. Magst du eher s&uuml;<strong>&szlig;<\/strong> oder salzig? Wir haben f&uuml;r jeden Geschmack das richtige Produkt. Kauf dir dein erstes Chiefs<sup>&reg;<\/sup> Produkt bei einem unserer <a rel=\"noreferrer noopener\" href=\"https:\/\/www.chiefslife.com\/de-eu\/hier-gibts-die-chiefs\/\" data-type=\"URL\" target=\"_blank\">H&auml;ndler<span class=\"has-inline-color has-ink-lighter-color\"> <\/span><\/a>oder profitiere jetzt von 15% Rabatt (Code: ENJOY15) auf deine Erstbestellung in unserem <a rel=\"noreferrer noopener\" href=\"https:\/\/www.chiefslife.com\/de-eu\/shop\/\" target=\"_blank\">Webshop.<\/a><\/p>\n\n\n\n<div class=\"wp-block-buttons is-horizontal is-content-justification-center is-layout-flex wp-container-core-buttons-is-layout-499968f5 wp-block-buttons-is-layout-flex\">\n<div class=\"wp-block-button is-style-fill\"><a class=\"wp-block-button__link has-sky-white-color has-text-color\" href=\"https:\/\/www.chiefslife.com\/de-eu\/shop\/\" target=\"_blank\" rel=\"noopener\">Jetzt online bestellen<\/a><\/div>\n<\/div>\n\n\n\n<div style=\"height:19px\" aria-hidden=\"true\" class=\"wp-block-spacer\"><\/div>\n\n\n\n<h6 class=\"has-text-align-center wp-block-heading\">Warum sind Proteine wichtig?<\/h6>\n\n\n\n<p class=\"has-text-align-center has-body-2-font-size\">Chiefs<sup>&reg;<\/sup> ist dein t&auml;glicher Begleiter und hilft dir bei der Einnahme des notwendigen Proteinbedarfs. Proteine sind nicht nur wichtig f&uuml;r Spitzensportler, sondern sind ein essenzieller Bestandteil jeder gesunden und ausgewogenen Ern&auml;hrung. Lebensmittel mit viel Eiwei<strong>&szlig;<\/strong> (Protein) sollten t&auml;glich in der richtigen Menge auf dem Speiseplan stehen.<\/p>\n\n\n\n<div class=\"wp-block-buttons is-horizontal is-content-justification-center is-layout-flex wp-container-core-buttons-is-layout-499968f5 wp-block-buttons-is-layout-flex\">\n<div class=\"wp-block-button\"><a class=\"wp-block-button__link\" href=\"https:\/\/www.chiefslife.com\/de-eu\/ernaehrung-protein\/\" target=\"_blank\" rel=\"noreferrer noopener\">Mehr zum Thema Protein und Ern&auml;hrung<\/a><\/div>\n<\/div>\n<\/div><\/div>\n<\/body><\/html>\n","protected":false},"excerpt":{"rendered":"<p>Enjoy like a Chief Vielen Dank f\u00fcr die zahlreichen Teilnahmen an unserem Gewinnspiel \u00abENJOY LIKE A CHIEF\u00bb. Die Jury wird nun alle Einsendungen pr\u00fcfen und in den n\u00e4chsten Tagen die gl\u00fccklichen Gewinner:innen kontaktieren. Folgt unserem Instagram Account, um immer auf dem aktuellsten Stand zu sein und \u00fcber weitere tolle Gewinnspiele und Aktionen informiert zu werden. [&hellip;]<\/p>\n","protected":false},"author":4,"featured_media":0,"parent":0,"menu_order":0,"comment_status":"closed","ping_status":"closed","template":"","meta":{"_acf_changed":false,"inline_featured_image":false,"footnotes":""},"class_list":["post-8235","page","type-page","status-publish","hentry"],"acf":[],"_links":{"self":[{"href":"https:\/\/www.chiefslife.com\/de-eu\/wp-json\/wp\/v2\/pages\/8235","targetHints":{"allow":["GET"]}}],"collection":[{"href":"https:\/\/www.chiefslife.com\/de-eu\/wp-json\/wp\/v2\/pages"}],"about":[{"href":"https:\/\/www.chiefslife.com\/de-eu\/wp-json\/wp\/v2\/types\/page"}],"author":[{"embeddable":true,"href":"https:\/\/www.chiefslife.com\/de-eu\/wp-json\/wp\/v2\/users\/4"}],"replies":[{"embeddable":true,"href":"https:\/\/www.chiefslife.com\/de-eu\/wp-json\/wp\/v2\/comments?post=8235"}],"version-history":[{"count":0,"href":"https:\/\/www.chiefslife.com\/de-eu\/wp-json\/wp\/v2\/pages\/8235\/revisions"}],"wp:attachment":[{"href":"https:\/\/www.chiefslife.com\/de-eu\/wp-json\/wp\/v2\/media?parent=8235"}],"curies":[{"name":"wp","href":"https:\/\/api.w.org\/{rel}","templated":true}]}}