{"id":1370,"date":"2021-03-12T17:14:31","date_gmt":"2021-03-12T16:14:31","guid":{"rendered":"https:\/\/www.chiefslife.com\/de-eu\/product\/crispy-cookie\/"},"modified":"2025-11-30T23:51:30","modified_gmt":"2025-11-30T22:51:30","slug":"protein-bar-crispy-cookie","status":"publish","type":"product","link":"https:\/\/www.chiefslife.com\/de-eu\/produkt\/protein-bar-crispy-cookie\/","title":{"rendered":"Crispy Cookie"},"content":{"rendered":"<p>NO ADDED SUGAR: Ohne Zuckerzusatz. Enth\u00e4lt von Natur aus Zucker.<br \/>\nHIGH PROTEIN: 20 g Protein pro Riegel<br \/>\nPALM OIL FREE<\/p>\n<p>Proteinriegel \u00fcberzogen mit Vollmilchschokolade, mit 8% Crispies, mit S\u00fc\u00dfungsmitteln. Cookies-Cream-Geschmack.<\/p>\n<p>Zutaten: 25% Vollmilchschokolade mit S\u00fc\u00dfungsmittel (S\u00fc\u00dfungsmittel: Maltit; Kakaobutter, VOLLMILCHPULVER, Kakaomasse, Emulgator: Lecithine; nat\u00fcrliches Vanillearoma), MILCHPROTEIN, Feuchthaltemittel: Glycerin; Kollagen-Hydrolysat, Polydextrose, 8% Kakaosojacrispies (SOJAPROTEIN, Kakaopulver, Tapiokast\u00e4rke), wei\u00dfe Schokolade mit S\u00fc\u00dfungsmittel (S\u00fc\u00dfungsmittel: Maltit; Kakaobutter, VOLLMILCHPULVER, Emulgator: Lecithine; nat\u00fcrliches Vanillearoma), Wasser Sonnenblumen\u00f6l, Aroma.<\/p>\n<p>Kann Spuren von glutenhaltigem Getreide, Erdn\u00fcssen und Schalenfr\u00fcchten enthalten.<br \/>\nKann bei \u00fcberm\u00e4\u00dfigem Verzehr abf\u00fchrend wirken.<\/p>\n","protected":false},"excerpt":{"rendered":"<p>Cookies &amp; Cream \u2013 der beliebte Trendgeschmack darf nat\u00fcrlich nicht fehlen. Zusammen mit der knusprigen H\u00fclle einfach unwiderstehlich.<\/p>\n","protected":false},"featured_media":3032,"template":"","meta":{"_acf_changed":false,"inline_featured_image":false},"product_brand":[],"product_cat":[148],"product_tag":[146,145,110],"class_list":{"0":"post-1370","1":"product","2":"type-product","3":"status-publish","4":"has-post-thumbnail","6":"product_cat-protein-bars","7":"product_tag-high-protein","8":"product_tag-no-added-sugar","9":"product_tag-palm-oil-free","11":"first","12":"instock","13":"taxable","14":"shipping-taxable","15":"purchasable","16":"product-type-simple"},"acf":[],"tiered_pricing_type":"fixed","tiered_pricing_fixed_rules":[],"tiered_pricing_product_settings":{"layout":"default","base_unit_name":{"singular":null,"plural":null},"default_variation":null},"tiered_pricing_minimum_quantity":null,"tiered_pricing_roles_data":[],"tiered_pricing_percentage_rules":[],"tiered_pricing_maximum_quantity":null,"tiered_pricing_quantity_step":null,"_links":{"self":[{"href":"https:\/\/www.chiefslife.com\/de-eu\/wp-json\/wp\/v2\/product\/1370","targetHints":{"allow":["GET"]}}],"collection":[{"href":"https:\/\/www.chiefslife.com\/de-eu\/wp-json\/wp\/v2\/product"}],"about":[{"href":"https:\/\/www.chiefslife.com\/de-eu\/wp-json\/wp\/v2\/types\/product"}],"wp:featuredmedia":[{"embeddable":true,"href":"https:\/\/www.chiefslife.com\/de-eu\/wp-json\/wp\/v2\/media\/3032"}],"wp:attachment":[{"href":"https:\/\/www.chiefslife.com\/de-eu\/wp-json\/wp\/v2\/media?parent=1370"}],"wp:term":[{"taxonomy":"product_brand","embeddable":true,"href":"https:\/\/www.chiefslife.com\/de-eu\/wp-json\/wp\/v2\/product_brand?post=1370"},{"taxonomy":"product_cat","embeddable":true,"href":"https:\/\/www.chiefslife.com\/de-eu\/wp-json\/wp\/v2\/product_cat?post=1370"},{"taxonomy":"product_tag","embeddable":true,"href":"https:\/\/www.chiefslife.com\/de-eu\/wp-json\/wp\/v2\/product_tag?post=1370"}],"curies":[{"name":"wp","href":"https:\/\/api.w.org\/{rel}","templated":true}]}}