{"id":18248,"date":"2022-10-11T16:34:49","date_gmt":"2022-10-11T14:34:49","guid":{"rendered":"https:\/\/www.chiefslife.com\/de-eu\/?post_type=product&#038;p=18248"},"modified":"2026-01-07T08:37:28","modified_gmt":"2026-01-07T07:37:28","slug":"core-bar-peanut-butter","status":"publish","type":"product","link":"https:\/\/www.chiefslife.com\/de-eu\/produkt\/core-bar-peanut-butter\/","title":{"rendered":"Peanut Butter"},"content":{"rendered":"<p>NO ADDED SUGAR: Ohne Zuckerzusatz. Enth\u00e4lt von Natur aus Zucker.<br \/>\nHIGH PROTEIN: 13 g Protein pro Riegel<br \/>\nPALM OIL FREE<\/p>\n<p>Proteinriegel \u00fcberzogen mit Kakaoerzeugnis, mit S\u00fcssungsmitteln. Erdnuss-Schokolade Geschmack.<\/p>\n<p>Zutaten: 30% Kakaoerzeugnis mit S\u00fc\u00dfungsmittel (S\u00fc\u00dfungsmittel: Maltit; Kakaobutter, VOLLMILCHPULVER, Kakaomasse, Emulgator: Lecithine; Aroma), Feuchthaltemittel: Glycerin; MILCHPROTEIN, Kollagenhydrolysat, 8% ERDNUSSBUTTER, S\u00fc\u00dfungsmittel: Maltitol, Steviolglycoside aus Stevia; Sojaproteincrispies (SOJAPROTEIN, Kakaopulver, Tapiokast\u00e4rke), 4% ger\u00f6stete und gehackte ERDN\u00dcSSE, SOJAPROTEINisolat, Aromen, fettarmes Kakaopulver, Kakaobutter, Speisesalz, Farbstoff: Zuckerkul\u00f6r; Emulgator: Lecithine; Sonnenblumen\u00f6l.<\/p>\n<p>Kann Spuren von Gluten, Ei und Schalenfr\u00fcchten enthalten.<br \/>\nKann bei \u00fcberm\u00e4\u00dfigem Verzehr abf\u00fchrend wirken.<\/p>\n","protected":false},"excerpt":{"rendered":"<p><strong>Happiness is a chocolate bar with peanut butter!<\/strong><\/p>\n<p>Der cremig weiche Erdnussbutter-Kern und die knusprige Schokoladenh\u00fclle aus feinster Milchschokolade machen den CORE Bar zum unwiderstehlichen High Protein Dessert. 40 g purer Genuss \u2013 die perfekte Portion f\u00fcr einen kleinen Snack. Dessert with benefits: Satte 13 g Protein bei nur 1,7 g Zucker pro Riegel.<\/p>\n","protected":false},"featured_media":18262,"template":"","meta":{"_acf_changed":false,"inline_featured_image":false},"product_brand":[],"product_cat":[532],"product_tag":[146,145,110],"class_list":{"0":"post-18248","1":"product","2":"type-product","3":"status-publish","4":"has-post-thumbnail","6":"product_cat-protein-core-bars","7":"product_tag-high-protein","8":"product_tag-no-added-sugar","9":"product_tag-palm-oil-free","11":"first","12":"instock","13":"taxable","14":"shipping-taxable","15":"purchasable","16":"product-type-simple"},"acf":[],"tiered_pricing_type":"fixed","tiered_pricing_fixed_rules":[],"tiered_pricing_product_settings":{"layout":"default","base_unit_name":{"singular":null,"plural":null},"default_variation":null},"tiered_pricing_minimum_quantity":null,"tiered_pricing_roles_data":[],"tiered_pricing_percentage_rules":[],"tiered_pricing_maximum_quantity":null,"tiered_pricing_quantity_step":null,"_links":{"self":[{"href":"https:\/\/www.chiefslife.com\/de-eu\/wp-json\/wp\/v2\/product\/18248","targetHints":{"allow":["GET"]}}],"collection":[{"href":"https:\/\/www.chiefslife.com\/de-eu\/wp-json\/wp\/v2\/product"}],"about":[{"href":"https:\/\/www.chiefslife.com\/de-eu\/wp-json\/wp\/v2\/types\/product"}],"wp:featuredmedia":[{"embeddable":true,"href":"https:\/\/www.chiefslife.com\/de-eu\/wp-json\/wp\/v2\/media\/18262"}],"wp:attachment":[{"href":"https:\/\/www.chiefslife.com\/de-eu\/wp-json\/wp\/v2\/media?parent=18248"}],"wp:term":[{"taxonomy":"product_brand","embeddable":true,"href":"https:\/\/www.chiefslife.com\/de-eu\/wp-json\/wp\/v2\/product_brand?post=18248"},{"taxonomy":"product_cat","embeddable":true,"href":"https:\/\/www.chiefslife.com\/de-eu\/wp-json\/wp\/v2\/product_cat?post=18248"},{"taxonomy":"product_tag","embeddable":true,"href":"https:\/\/www.chiefslife.com\/de-eu\/wp-json\/wp\/v2\/product_tag?post=18248"}],"curies":[{"name":"wp","href":"https:\/\/api.w.org\/{rel}","templated":true}]}}