{"id":18250,"date":"2022-10-11T16:38:24","date_gmt":"2022-10-11T14:38:24","guid":{"rendered":"https:\/\/www.chiefslife.com\/de-eu\/?post_type=product&#038;p=18250"},"modified":"2026-01-07T08:38:20","modified_gmt":"2026-01-07T07:38:20","slug":"core-bar-vanilla-cheesecake","status":"publish","type":"product","link":"https:\/\/www.chiefslife.com\/de-eu\/produkt\/core-bar-vanilla-cheesecake\/","title":{"rendered":"Vanilla Cheesecake"},"content":{"rendered":"<p>NO ADDED SUGAR: Ohne Zuckerzusatz. Enth\u00e4lt von Natur aus Zucker.<br \/>\nHIGH PROTEIN: 13 g Protein pro Riegel<br \/>\nPALM OIL FREE<\/p>\n<p>Proteinriegel \u00fcberzogen mit Kakaobuttererzeugnis, mit S\u00fcssungsmitteln. Vanilla-Cheesecake Geschmack.<\/p>\n<p>Zutaten: 30% Kakaobuttererzeugnis mit S\u00fcssungsmittel (S\u00fcssungsmittel: Maltit; Kakaobutter, VOLLMILCHPULVER, Emulgator: Lecithine), S\u00fcssungsmittel: Maltit, Sucralose; Feuchthaltemittel: Glycerin; SOJAPROTEIN, MILCHPROTEIN, Kollagenhydrolysat, Kakaobutter, Johannisbrotkeimprotein, Aromen, Sonnenblumen\u00f6l, Speisesalz, S\u00e4uerungsmittel: Citronens\u00e4ure; Emulgator: Lecithine; Zitronen\u00f6l.<\/p>\n<p>Kann Spuren von Gluten, Ei, Erdn\u00fcssen und Schalenfr\u00fcchten enthalten.<br \/>\nKann bei \u00fcberm\u00e4\u00dfigem Verzehr abf\u00fchrend wirken.<\/p>\n","protected":false},"excerpt":{"rendered":"<p><strong><span lang=\"EN-US\">Shoutout to all Cheesecake lovers out there! <\/span><\/strong> Der cremig weiche Vanilla Cheesecake-Kern und die knusprige weisse Schokoladenh\u00fclle machen den CORE Bar zum einzigartigen High Protein Dessert. 40 g voller Genuss \u2013 die perfekte Gr\u00f6sse f\u00fcr den kleinen Hunger zwischendurch. Dessert with benefits: Satte 13 g Protein bei nur 1,4 g Zucker pro Riegel.<\/p>\n","protected":false},"featured_media":18266,"template":"","meta":{"_acf_changed":false,"inline_featured_image":false},"product_brand":[],"product_cat":[532],"product_tag":[146,145,110],"class_list":{"0":"post-18250","1":"product","2":"type-product","3":"status-publish","4":"has-post-thumbnail","6":"product_cat-protein-core-bars","7":"product_tag-high-protein","8":"product_tag-no-added-sugar","9":"product_tag-palm-oil-free","11":"first","12":"instock","13":"taxable","14":"shipping-taxable","15":"purchasable","16":"product-type-simple"},"acf":[],"tiered_pricing_type":"fixed","tiered_pricing_fixed_rules":[],"tiered_pricing_product_settings":{"layout":"default","base_unit_name":{"singular":null,"plural":null},"default_variation":null},"tiered_pricing_minimum_quantity":null,"tiered_pricing_roles_data":[],"tiered_pricing_percentage_rules":[],"tiered_pricing_maximum_quantity":null,"tiered_pricing_quantity_step":null,"_links":{"self":[{"href":"https:\/\/www.chiefslife.com\/de-eu\/wp-json\/wp\/v2\/product\/18250","targetHints":{"allow":["GET"]}}],"collection":[{"href":"https:\/\/www.chiefslife.com\/de-eu\/wp-json\/wp\/v2\/product"}],"about":[{"href":"https:\/\/www.chiefslife.com\/de-eu\/wp-json\/wp\/v2\/types\/product"}],"wp:featuredmedia":[{"embeddable":true,"href":"https:\/\/www.chiefslife.com\/de-eu\/wp-json\/wp\/v2\/media\/18266"}],"wp:attachment":[{"href":"https:\/\/www.chiefslife.com\/de-eu\/wp-json\/wp\/v2\/media?parent=18250"}],"wp:term":[{"taxonomy":"product_brand","embeddable":true,"href":"https:\/\/www.chiefslife.com\/de-eu\/wp-json\/wp\/v2\/product_brand?post=18250"},{"taxonomy":"product_cat","embeddable":true,"href":"https:\/\/www.chiefslife.com\/de-eu\/wp-json\/wp\/v2\/product_cat?post=18250"},{"taxonomy":"product_tag","embeddable":true,"href":"https:\/\/www.chiefslife.com\/de-eu\/wp-json\/wp\/v2\/product_tag?post=18250"}],"curies":[{"name":"wp","href":"https:\/\/api.w.org\/{rel}","templated":true}]}}