{"id":22538,"date":"2024-01-08T14:26:09","date_gmt":"2024-01-08T13:26:09","guid":{"rendered":"https:\/\/www.chiefslife.com\/de-eu\/?post_type=product&#038;p=22538"},"modified":"2025-11-30T23:51:06","modified_gmt":"2025-11-30T22:51:06","slug":"banana-beach-2","status":"publish","type":"product","link":"https:\/\/www.chiefslife.com\/de-eu\/produkt\/banana-beach-2\/","title":{"rendered":"Banana Beach"},"content":{"rendered":"<p>NO ADDED SUGAR: Ohne Zuckerzusatz. Enth\u00e4lt von Natur aus Zucker.<br \/>\nHIGH PROTEIN: 25 g Protein pro Flasche.<br \/>\nCONTAINS BCAAs: BCAAs (= Branched-chain amino acids) 5500 mg\/330 ml. Milch enth\u00e4lt verzweigtkettige Aminos\u00e4uren.<br \/>\nLOWER CARB: 65% weniger Kohlenhydrate als ein vergleichbares Produkt.<br \/>\nLACTOSE FREE: Laktosefrei &lt;0,1 g\/100 ml<\/p>\n<p class=\"ewa-rteLine\">Laktosefreies Getr\u00e4nk mit Milch (2,2% Fett) mit Milchprotein und S\u00fc\u00dfungsmitteln. Banane. UHT.<\/p>\n<p class=\"ewa-rteLine\">Zutaten: Wasser, 34% MILCH, 7,9% MILCHPROTEINkonzentrat, 2,5% Bananenp\u00fcree, Stabilisator: Cellulose Gel, Cellulosegummi; S\u00fc\u00dfungsmittel: Sucralose, Acesulfam K; Aroma, Speisesalz, Laktase.<\/p>\n","protected":false},"excerpt":{"rendered":"<p>Die st\u00e4rkste Banane der Welt. So gut hat Banane noch nie geschmeckt. Sch\u00fctteln, Deckel auf und geniessen!<\/p>\n<p>&nbsp;<\/p>\n<p>Entdecke unser frisches neues Design mit dem gleichen grossartigen Geschmack. Jetzt mit 8 Getr\u00e4nken pro Packung, damit du nie ohne The Good Stuff dastehst!<\/p>\n","protected":false},"featured_media":23470,"template":"","meta":{"_acf_changed":false,"inline_featured_image":false},"product_brand":[],"product_cat":[563],"product_tag":[143,146,105,147,82,145],"class_list":{"0":"post-22538","1":"product","2":"type-product","3":"status-publish","4":"has-post-thumbnail","6":"product_cat-milk-protein-drink-de","7":"product_tag-gluten-free","8":"product_tag-high-protein","9":"product_tag-lactose-free","10":"product_tag-low-fat","11":"product_tag-lower-carb","12":"product_tag-no-added-sugar","14":"first","15":"outofstock","16":"taxable","17":"shipping-taxable","18":"purchasable","19":"product-type-simple"},"acf":[],"tiered_pricing_type":"fixed","tiered_pricing_fixed_rules":[],"tiered_pricing_product_settings":{"layout":"default","base_unit_name":{"singular":null,"plural":null},"default_variation":null},"tiered_pricing_minimum_quantity":null,"tiered_pricing_roles_data":[],"tiered_pricing_percentage_rules":[],"tiered_pricing_maximum_quantity":null,"tiered_pricing_quantity_step":null,"_links":{"self":[{"href":"https:\/\/www.chiefslife.com\/de-eu\/wp-json\/wp\/v2\/product\/22538","targetHints":{"allow":["GET"]}}],"collection":[{"href":"https:\/\/www.chiefslife.com\/de-eu\/wp-json\/wp\/v2\/product"}],"about":[{"href":"https:\/\/www.chiefslife.com\/de-eu\/wp-json\/wp\/v2\/types\/product"}],"wp:featuredmedia":[{"embeddable":true,"href":"https:\/\/www.chiefslife.com\/de-eu\/wp-json\/wp\/v2\/media\/23470"}],"wp:attachment":[{"href":"https:\/\/www.chiefslife.com\/de-eu\/wp-json\/wp\/v2\/media?parent=22538"}],"wp:term":[{"taxonomy":"product_brand","embeddable":true,"href":"https:\/\/www.chiefslife.com\/de-eu\/wp-json\/wp\/v2\/product_brand?post=22538"},{"taxonomy":"product_cat","embeddable":true,"href":"https:\/\/www.chiefslife.com\/de-eu\/wp-json\/wp\/v2\/product_cat?post=22538"},{"taxonomy":"product_tag","embeddable":true,"href":"https:\/\/www.chiefslife.com\/de-eu\/wp-json\/wp\/v2\/product_tag?post=22538"}],"curies":[{"name":"wp","href":"https:\/\/api.w.org\/{rel}","templated":true}]}}