{"id":23469,"date":"2024-07-03T13:10:38","date_gmt":"2024-07-03T11:10:38","guid":{"rendered":"https:\/\/www.chiefslife.com\/de-eu\/?post_type=product&#038;p=23469"},"modified":"2025-11-30T23:51:03","modified_gmt":"2025-11-30T22:51:03","slug":"vanilla-drive","status":"publish","type":"product","link":"https:\/\/www.chiefslife.com\/de-eu\/produkt\/vanilla-drive\/","title":{"rendered":"Vanilla Drive"},"content":{"rendered":"<p>NO ADDED SUGAR: Ohne Zuckerzusatz. Enth\u00e4lt von Natur aus Zucker.<br \/>\nHIGH PROTEIN: 26 g Protein pro Flasche.<br \/>\nCONTAINS BCAAs: BCAAs (= Branched-chain amino acids) 5500 mg\/330 ml. Milch enth\u00e4lt verzweigtkettige Aminos\u00e4uren.<br \/>\nLOWER CARB: 65% weniger Kohlenhydrate als ein vergleichbares Produkt.<br \/>\nLACTOSE FREE: Laktosefrei &lt;0,1 g\/100 ml<\/p>\n<p class=\"ewa-rteLine\">Laktosefreies Getr\u00e4nk mit Milch (2,2% Fett) mit Milchprotein und S\u00fc\u00dfungsmitteln. Vanillegeschmack. UHT.<\/p>\n<p class=\"ewa-rteLine\">Zutaten: 47% MILCH, Wasser, 7,5% MILCHPROTEINkonzentrat, Stabilisator: Cellulose Gel, Cellulosegummi; Aromen, Speisesalz, S\u00fc\u00dfungsmittel: Sucralose, Acesulfam K; Laktase.<\/p>\n","protected":false},"excerpt":{"rendered":"<p>Vanille geht immer! Ob pur oder als Basis f\u00fcr deine Fr\u00fchst\u00fccksbowl \u2013 der himmlische Vanillegeschmack ist einfach unwiderstehlich.<\/p>\n<p>&nbsp;<\/p>\n<p>Entdecke unser frisches neues Design mit dem gleichen grossartigen Geschmack. Jetzt mit 8 Getr\u00e4nken pro Packung, damit du nie ohne The Good Stuff dastehst!<\/p>\n","protected":false},"featured_media":23474,"template":"","meta":{"_acf_changed":false,"inline_featured_image":false},"product_brand":[],"product_cat":[91],"product_tag":[143,146,105,147,82,145],"class_list":{"0":"post-23469","1":"product","2":"type-product","3":"status-publish","4":"has-post-thumbnail","6":"product_cat-milk-protein-drink","7":"product_tag-gluten-free","8":"product_tag-high-protein","9":"product_tag-lactose-free","10":"product_tag-low-fat","11":"product_tag-lower-carb","12":"product_tag-no-added-sugar","14":"first","15":"instock","16":"taxable","17":"shipping-taxable","18":"purchasable","19":"product-type-simple"},"acf":[],"tiered_pricing_type":"fixed","tiered_pricing_fixed_rules":[],"tiered_pricing_product_settings":{"layout":"default","base_unit_name":{"singular":null,"plural":null},"default_variation":null},"tiered_pricing_minimum_quantity":null,"tiered_pricing_roles_data":[],"tiered_pricing_percentage_rules":[],"tiered_pricing_maximum_quantity":null,"tiered_pricing_quantity_step":null,"_links":{"self":[{"href":"https:\/\/www.chiefslife.com\/de-eu\/wp-json\/wp\/v2\/product\/23469","targetHints":{"allow":["GET"]}}],"collection":[{"href":"https:\/\/www.chiefslife.com\/de-eu\/wp-json\/wp\/v2\/product"}],"about":[{"href":"https:\/\/www.chiefslife.com\/de-eu\/wp-json\/wp\/v2\/types\/product"}],"wp:featuredmedia":[{"embeddable":true,"href":"https:\/\/www.chiefslife.com\/de-eu\/wp-json\/wp\/v2\/media\/23474"}],"wp:attachment":[{"href":"https:\/\/www.chiefslife.com\/de-eu\/wp-json\/wp\/v2\/media?parent=23469"}],"wp:term":[{"taxonomy":"product_brand","embeddable":true,"href":"https:\/\/www.chiefslife.com\/de-eu\/wp-json\/wp\/v2\/product_brand?post=23469"},{"taxonomy":"product_cat","embeddable":true,"href":"https:\/\/www.chiefslife.com\/de-eu\/wp-json\/wp\/v2\/product_cat?post=23469"},{"taxonomy":"product_tag","embeddable":true,"href":"https:\/\/www.chiefslife.com\/de-eu\/wp-json\/wp\/v2\/product_tag?post=23469"}],"curies":[{"name":"wp","href":"https:\/\/api.w.org\/{rel}","templated":true}]}}