{"id":24994,"date":"2025-04-24T12:08:14","date_gmt":"2025-04-24T10:08:14","guid":{"rendered":"https:\/\/www.chiefslife.com\/de-eu\/?post_type=product&#038;p=24994"},"modified":"2025-11-30T23:51:00","modified_gmt":"2025-11-30T22:51:00","slug":"protein-bar-fudge-brownie","status":"publish","type":"product","link":"https:\/\/www.chiefslife.com\/de-eu\/produkt\/protein-bar-fudge-brownie\/","title":{"rendered":"Fudge Brownie"},"content":{"rendered":"<p>NO ADDED SUGAR: Ohne Zuckerzusatz. Enth\u00e4lt von Natur aus Zucker.<br \/>\nHIGH PROTEIN: 13 g Protein pro Riegel<br \/>\nPALM OIL FREE<br \/>\nVEGAN<\/p>\n<p>Veganer Proteinriegel \u00fcberzogen mit feinherbem Kakaoerzeugnis, mit S\u00fc\u00dfungsmitteln. Fudge Brownie-Geschmack<\/p>\n<p>Zutaten: 24% Kakaoerzeugnis feinherb mit S\u00fc\u00dfungsmittel (Kakaomasse, S\u00fc\u00dfungsmittel: Maltit; Kakaobutter, Emulgator: Lecithine; nat\u00fcrliches Vanillearoma), vegane Proteine (SOJAPROTEIN, Erbsenprotein, Reisprotein), Feuchthaltemittel: Glycerin; \u00dcberzug aus feinherbem Kakaoerzeugnis mit S\u00fc\u00dfungsmittel (S\u00fc\u00dfungsmittel: Maltit; Kakaobutter, Oligofruktose, Kakaomasse, Reismehl, Emulgator: Lecithine; nat\u00fcrliches Kakaoaroma, nat\u00fcrliches Vanillearoma), Polydextrose, Soja-Kakaocrispies (SOJAPROTEIN, Kakaopulver, Tapiokast\u00e4rke), Sonnenblumen\u00f6l, fettreduziertes Kakaopulver, Aromen, S\u00fc\u00dfungsmittel: Sucralose.<\/p>\n<p>Kann Spuren von glutenhaltigem Getreide, Milch, Schalenfr\u00fcchten und Erdn\u00fcssen enthalten.<br \/>\nKann bei \u00fcberm\u00e4\u00dfigem Verzehr abf\u00fchrend wirken.<\/p>\n","protected":false},"excerpt":{"rendered":"<p><strong>What the Fudge?<\/strong> Der erste vegane Protein Riegel von Chiefs ist da. \u00abFudge Brownie\u00bb vereint intensiven Schokoladengeschmack mit einer soften Fudge-Textur. Ob du auf tierische Produkte verzichten m\u00f6chtest oder einfach nur auf der Suche nach dem ultimativen Geschmackserlebnis bist \u2013 dieser Riegel ist f\u00fcr alle, die es schokoladig, saftig und richtig lecker lieben!<\/p>\n","protected":false},"featured_media":24976,"template":"","meta":{"_acf_changed":false,"inline_featured_image":false},"product_brand":[],"product_cat":[148],"product_tag":[146,145,110,81],"class_list":{"0":"post-24994","1":"product","2":"type-product","3":"status-publish","4":"has-post-thumbnail","6":"product_cat-protein-bars","7":"product_tag-high-protein","8":"product_tag-no-added-sugar","9":"product_tag-palm-oil-free","10":"product_tag-vegan","12":"first","13":"instock","14":"taxable","15":"shipping-taxable","16":"purchasable","17":"product-type-simple"},"acf":[],"tiered_pricing_type":"fixed","tiered_pricing_fixed_rules":[],"tiered_pricing_product_settings":{"layout":"default","base_unit_name":{"singular":null,"plural":null},"default_variation":null},"tiered_pricing_minimum_quantity":null,"tiered_pricing_roles_data":[],"tiered_pricing_percentage_rules":[],"tiered_pricing_maximum_quantity":null,"tiered_pricing_quantity_step":null,"_links":{"self":[{"href":"https:\/\/www.chiefslife.com\/de-eu\/wp-json\/wp\/v2\/product\/24994","targetHints":{"allow":["GET"]}}],"collection":[{"href":"https:\/\/www.chiefslife.com\/de-eu\/wp-json\/wp\/v2\/product"}],"about":[{"href":"https:\/\/www.chiefslife.com\/de-eu\/wp-json\/wp\/v2\/types\/product"}],"wp:featuredmedia":[{"embeddable":true,"href":"https:\/\/www.chiefslife.com\/de-eu\/wp-json\/wp\/v2\/media\/24976"}],"wp:attachment":[{"href":"https:\/\/www.chiefslife.com\/de-eu\/wp-json\/wp\/v2\/media?parent=24994"}],"wp:term":[{"taxonomy":"product_brand","embeddable":true,"href":"https:\/\/www.chiefslife.com\/de-eu\/wp-json\/wp\/v2\/product_brand?post=24994"},{"taxonomy":"product_cat","embeddable":true,"href":"https:\/\/www.chiefslife.com\/de-eu\/wp-json\/wp\/v2\/product_cat?post=24994"},{"taxonomy":"product_tag","embeddable":true,"href":"https:\/\/www.chiefslife.com\/de-eu\/wp-json\/wp\/v2\/product_tag?post=24994"}],"curies":[{"name":"wp","href":"https:\/\/api.w.org\/{rel}","templated":true}]}}