{"id":25343,"date":"2025-07-02T16:15:32","date_gmt":"2025-07-02T14:15:32","guid":{"rendered":"https:\/\/www.chiefslife.com\/de-eu\/?post_type=product&#038;p=25343"},"modified":"2025-11-30T23:50:55","modified_gmt":"2025-11-30T22:50:55","slug":"strawberry-lemon","status":"publish","type":"product","link":"https:\/\/www.chiefslife.com\/de-eu\/produkt\/strawberry-lemon\/","title":{"rendered":"Strawberry-Lemon"},"content":{"rendered":"<div class=\"ewa-rteLine\">Ohne Zucker<\/div>\n<div class=\"ewa-rteLine\">\n<p>Ohne Kalorien<\/p>\n<\/div>\n<p>Sirup zur Herstellung eines Erfrischungsgetr\u00e4nkes. Mit S\u00fc\u00dfungsmitteln. Erdbeere-Zitrone.<\/p>\n<div class=\"ewa-rteLine\">\n<p class=\"ewa-rteLine\">Zutaten: Wasser, S\u00e4uerungsmittel: Zitronens\u00e4ure; 8 % Erdbeersaftkonzentrat, 2 % Zitronensaftkonzentrat, nat\u00fcrliches Aroma, Zitronenextrakt, S\u00fc\u00dfungsmittel: Acesulfam K, Sucralose; Salz, Farbstoff: beta-apo-8\u2032-Carotinal; f\u00e4rbendes Lebensmittel (schwarze Karotte, F\u00e4rberdistel- und Zitronenkonzentrat), Konservierungsstoff: Kaliumsorbat; Verdickungsmittel: Xanthan.<\/p>\n<\/div>\n","protected":false},"excerpt":{"rendered":"<p>S\u00fcss trifft spritzig. Chiefs Syrup Zero Strawberry-Lemon macht aus Wasser ein erfrischendes Getr\u00e4nk &#8211; ganz ohne Zucker und ohne Kalorien. Eine Flasche reicht f\u00fcr \u00fcber 8\u202fLiter.<\/p>\n","protected":false},"featured_media":25344,"template":"","meta":{"_acf_changed":false,"inline_featured_image":false},"product_brand":[],"product_cat":[577],"product_tag":[81,578,579],"class_list":{"0":"post-25343","1":"product","2":"type-product","3":"status-publish","4":"has-post-thumbnail","6":"product_cat-syrup-zero","7":"product_tag-vegan","8":"product_tag-zero-calories","9":"product_tag-zero-sugar","11":"first","12":"instock","13":"taxable","14":"shipping-taxable","15":"purchasable","16":"product-type-simple"},"acf":[],"tiered_pricing_type":"fixed","tiered_pricing_fixed_rules":[],"tiered_pricing_product_settings":{"layout":"default","base_unit_name":{"singular":null,"plural":null},"default_variation":null},"tiered_pricing_minimum_quantity":null,"tiered_pricing_roles_data":[],"tiered_pricing_percentage_rules":[],"tiered_pricing_maximum_quantity":null,"tiered_pricing_quantity_step":null,"_links":{"self":[{"href":"https:\/\/www.chiefslife.com\/de-eu\/wp-json\/wp\/v2\/product\/25343","targetHints":{"allow":["GET"]}}],"collection":[{"href":"https:\/\/www.chiefslife.com\/de-eu\/wp-json\/wp\/v2\/product"}],"about":[{"href":"https:\/\/www.chiefslife.com\/de-eu\/wp-json\/wp\/v2\/types\/product"}],"wp:featuredmedia":[{"embeddable":true,"href":"https:\/\/www.chiefslife.com\/de-eu\/wp-json\/wp\/v2\/media\/25344"}],"wp:attachment":[{"href":"https:\/\/www.chiefslife.com\/de-eu\/wp-json\/wp\/v2\/media?parent=25343"}],"wp:term":[{"taxonomy":"product_brand","embeddable":true,"href":"https:\/\/www.chiefslife.com\/de-eu\/wp-json\/wp\/v2\/product_brand?post=25343"},{"taxonomy":"product_cat","embeddable":true,"href":"https:\/\/www.chiefslife.com\/de-eu\/wp-json\/wp\/v2\/product_cat?post=25343"},{"taxonomy":"product_tag","embeddable":true,"href":"https:\/\/www.chiefslife.com\/de-eu\/wp-json\/wp\/v2\/product_tag?post=25343"}],"curies":[{"name":"wp","href":"https:\/\/api.w.org\/{rel}","templated":true}]}}