{"id":26228,"date":"2026-01-20T13:47:59","date_gmt":"2026-01-20T12:47:59","guid":{"rendered":"https:\/\/www.chiefslife.com\/de-eu\/?post_type=product&#038;p=26228"},"modified":"2026-03-05T11:27:31","modified_gmt":"2026-03-05T10:27:31","slug":"performance-drink-white-peach","status":"publish","type":"product","link":"https:\/\/www.chiefslife.com\/de-eu\/produkt\/performance-drink-white-peach\/","title":{"rendered":"White Peach"},"content":{"rendered":"<p>180 MG CAFFEINE: pro Dose.<br \/>\nZERO SUGAR: Zuckerfrei.<\/p>\n<p class=\"ewa-rteLine\">Koffein- und kohlens\u00e4urehaltiges Getr\u00e4nk mit BCAAs (verzweigkettige Aminos\u00e4uren) und Vitaminen. Mit S\u00fcssungsmitteln. Pasteurisiert. Pfirsichgeschmack.<\/p>\n<p class=\"ewa-rteLine\">Lebensmittel f\u00fcr Sportler\/-innen. Einnahme vor dem Training empfohlen.<\/p>\n<p>Zutaten: Wasser, S\u00e4uerungsmittel: Citronens\u00e4ure; Kohlens\u00e4ure, S\u00e4ureregulator: Natriumcitrat; L-Leucin, L-Valin, L-Isoleucin, Koffein, Stabilisatoren: Gummi arabicum, Glycerinester aus Wurzelharz; S\u00fc\u00dfungsmittel: Acesulfam K, Sucralose; Salz, Aroma, Guarana-Extrakt, Niacin, Vitamin B6, Fols\u00e4ure, Biotin, Vitamin D3, Vitamin B12.<\/p>\n<p>Erh\u00f6hter Koffeingehalt (ca. 55 mg\/100 ml). F\u00fcr Kinder und schwangere oder stillende Frauen nicht empfohlen.<\/p>\n<p>Hergestellt in \u00d6sterreich.<\/p>\n","protected":false},"excerpt":{"rendered":"<p>Erfrischender Pfirsichgeschmack mit einer fruchtigen Note bei jedem Schluck. Null Zucker, null Kalorien \u2013 nur eine kraftvolle Mischung aus BCAAs, Koffein und Vitaminen zur Unterst\u00fctzung deiner Leistung.<\/p>\n","protected":false},"featured_media":26230,"template":"","meta":{"_acf_changed":false,"inline_featured_image":false},"product_brand":[],"product_cat":[595],"product_tag":[596,597,578,579],"class_list":{"0":"post-26228","1":"product","2":"type-product","3":"status-publish","4":"has-post-thumbnail","6":"product_cat-performance-drinks","7":"product_tag-180-mg-caffeine","8":"product_tag-2000-mg-bcaa","9":"product_tag-zero-calories","10":"product_tag-zero-sugar","12":"first","13":"outofstock","14":"taxable","15":"shipping-taxable","16":"purchasable","17":"product-type-simple"},"acf":[],"tiered_pricing_type":"fixed","tiered_pricing_fixed_rules":[],"tiered_pricing_product_settings":{"layout":"default","base_unit_name":{"singular":null,"plural":null},"default_variation":null},"tiered_pricing_minimum_quantity":null,"tiered_pricing_roles_data":[],"tiered_pricing_percentage_rules":[],"tiered_pricing_maximum_quantity":null,"tiered_pricing_quantity_step":null,"_links":{"self":[{"href":"https:\/\/www.chiefslife.com\/de-eu\/wp-json\/wp\/v2\/product\/26228","targetHints":{"allow":["GET"]}}],"collection":[{"href":"https:\/\/www.chiefslife.com\/de-eu\/wp-json\/wp\/v2\/product"}],"about":[{"href":"https:\/\/www.chiefslife.com\/de-eu\/wp-json\/wp\/v2\/types\/product"}],"wp:featuredmedia":[{"embeddable":true,"href":"https:\/\/www.chiefslife.com\/de-eu\/wp-json\/wp\/v2\/media\/26230"}],"wp:attachment":[{"href":"https:\/\/www.chiefslife.com\/de-eu\/wp-json\/wp\/v2\/media?parent=26228"}],"wp:term":[{"taxonomy":"product_brand","embeddable":true,"href":"https:\/\/www.chiefslife.com\/de-eu\/wp-json\/wp\/v2\/product_brand?post=26228"},{"taxonomy":"product_cat","embeddable":true,"href":"https:\/\/www.chiefslife.com\/de-eu\/wp-json\/wp\/v2\/product_cat?post=26228"},{"taxonomy":"product_tag","embeddable":true,"href":"https:\/\/www.chiefslife.com\/de-eu\/wp-json\/wp\/v2\/product_tag?post=26228"}],"curies":[{"name":"wp","href":"https:\/\/api.w.org\/{rel}","templated":true}]}}