{"id":26476,"date":"2026-03-12T13:37:38","date_gmt":"2026-03-12T12:37:38","guid":{"rendered":"https:\/\/www.chiefslife.com\/de-eu\/?post_type=product&#038;p=26476"},"modified":"2026-03-18T14:29:32","modified_gmt":"2026-03-18T13:29:32","slug":"milk-snack","status":"publish","type":"product","link":"https:\/\/www.chiefslife.com\/de-eu\/produkt\/milk-snack\/","title":{"rendered":"Milk Snack"},"content":{"rendered":"<p>SOURCE OF PROTEIN<\/p>\n<p>ZERO ADDED SUGAR: Enth\u00e4lt von Natur aus Zucker.<\/p>\n<p>Riegel mit zwei Schichten Kakao-Protein-Biskuit, gef\u00fcllt mit 50 % Protein-Milchcreme, mit S\u00fc\u00dfungsmitteln.<\/p>\n<p>Zutaten: 35 % VOLLMILCH, S\u00fc\u00dfungsmittel: Maltit, Erythrit; VOLLEI, pflanzliches Fett (Palm), WEIZENMEHL, 9,8 % MILCHPROTEINKONZENTRAT, Stabilisator: Sorbitsirup; WEIZENGLUTEN, Maltodextrin, Kartoffelst\u00e4rke, 1,7 % fettarmes Kakaopulver, Emulgator: Mono- und Diglyceride von Speisefetts\u00e4uren; Aromen, Backtriebmittel: Diphosphate, Natriumcarbonate; Salz.<br \/>\nKann N\u00fcsse, Soja und Senf enthalten.<\/p>\n<p>Kann bei \u00fcberm\u00e4\u00dfigem Verzehr abf\u00fchrend wirken.<\/p>\n<p>Hergestellt in Italien.<\/p>\n","protected":false},"excerpt":{"rendered":"<p>Nicht online erh\u00e4ltlich. Ein cremiger Milchsnack mit weichem Kakaobiskuit und einer zarten Milchf\u00fcllung. Leicht, lecker und perfekt f\u00fcr einen schnellen Genuss zwischendurch.<\/p>\n","protected":false},"featured_media":26477,"template":"","meta":{"_acf_changed":false,"inline_featured_image":false},"product_brand":[],"product_cat":[600],"product_tag":[552,601],"class_list":{"0":"post-26476","1":"product","2":"type-product","3":"status-publish","4":"has-post-thumbnail","6":"product_cat-protein-snack","7":"product_tag-source-of-protein","8":"product_tag-zero-added-sugar","10":"first","11":"outofstock","12":"taxable","13":"shipping-taxable","14":"product-type-simple"},"acf":[],"tiered_pricing_type":"fixed","tiered_pricing_fixed_rules":[],"tiered_pricing_product_settings":{"layout":"default","base_unit_name":{"singular":null,"plural":null},"default_variation":null},"tiered_pricing_minimum_quantity":null,"tiered_pricing_roles_data":[],"tiered_pricing_percentage_rules":[],"tiered_pricing_maximum_quantity":null,"tiered_pricing_quantity_step":null,"_links":{"self":[{"href":"https:\/\/www.chiefslife.com\/de-eu\/wp-json\/wp\/v2\/product\/26476","targetHints":{"allow":["GET"]}}],"collection":[{"href":"https:\/\/www.chiefslife.com\/de-eu\/wp-json\/wp\/v2\/product"}],"about":[{"href":"https:\/\/www.chiefslife.com\/de-eu\/wp-json\/wp\/v2\/types\/product"}],"wp:featuredmedia":[{"embeddable":true,"href":"https:\/\/www.chiefslife.com\/de-eu\/wp-json\/wp\/v2\/media\/26477"}],"wp:attachment":[{"href":"https:\/\/www.chiefslife.com\/de-eu\/wp-json\/wp\/v2\/media?parent=26476"}],"wp:term":[{"taxonomy":"product_brand","embeddable":true,"href":"https:\/\/www.chiefslife.com\/de-eu\/wp-json\/wp\/v2\/product_brand?post=26476"},{"taxonomy":"product_cat","embeddable":true,"href":"https:\/\/www.chiefslife.com\/de-eu\/wp-json\/wp\/v2\/product_cat?post=26476"},{"taxonomy":"product_tag","embeddable":true,"href":"https:\/\/www.chiefslife.com\/de-eu\/wp-json\/wp\/v2\/product_tag?post=26476"}],"curies":[{"name":"wp","href":"https:\/\/api.w.org\/{rel}","templated":true}]}}