{"id":26647,"date":"2026-04-13T08:48:27","date_gmt":"2026-04-13T06:48:27","guid":{"rendered":"https:\/\/www.chiefslife.com\/de-eu\/?post_type=product&#038;p=26647"},"modified":"2026-04-13T08:48:29","modified_gmt":"2026-04-13T06:48:29","slug":"choco-pretzel","status":"publish","type":"product","link":"https:\/\/www.chiefslife.com\/de-eu\/produkt\/choco-pretzel\/","title":{"rendered":"Choco Pretzel"},"content":{"rendered":"<p>HIGH PROTEIN: 11g Protein pro Riegel<br \/>\nZERO ADDED SUGAR: Ohne Zuckerzusatz. Enth\u00e4lt von Natur aus Zucker.<br \/>\nPALM OIL FREE<\/p>\n<p><span data-teams=\"true\">Proteinriegel bestreut mit 4 % Brezel-St\u00fccken, \u00fcberzogen mit zuckerzusatzfreier Vollmilchschokolade, mit S\u00fc\u00dfungsmitteln. Schokolade-Brezel-Geschmack.<\/span><\/p>\n<p><span data-teams=\"true\">Zutaten: 32 % zuckerzusatzfreie Vollmilchschokolade mit S\u00fc\u00dfungsmittel (S\u00fc\u00dfungsmittel: Maltit; Kakaobutter, VOLLMILCHPULVER, Kakaomasse, Emulgator: Lecithine; nat\u00fcrliches Vanillearoma), S\u00fc\u00dfungsmittel: Maltit, Steviolglycoside aus Stevia; Feuchthaltemittel: Glycerin; MILCHPROTEIN, Kollagenhydrolysat, SOJAPROTEIN, Kakaomasse, WEIZENMEHL, Kakaobutter, nat\u00fcrliches Aroma (MILCH), Salz, fettarmes Kakaopulver, Emulgator: Lecithine; Sonnenblumen\u00f6l, St\u00e4rke, WEIZENMALZMEHL, Hefe, S\u00e4ureregulator: Natriumhydroxid.<\/span><\/p>\n<p>Kann Spuren von Ei, Erdn\u00fcssen und Schalenfr\u00fcchten enthalten.<\/p>\n<p>Kann bei \u00fcberm\u00e4\u00dfigem Verzehr abf\u00fchrend wirken.<\/p>\n<p>*Proteine tragen zu einer Zunahme und zur Erhaltung von Muskelmasse bei.<\/p>\n<p>Hergestellt in Deutschland.<\/p>\n","protected":false},"excerpt":{"rendered":"<p>Pretzel-Perfect Indulgence! Der Chiefs Choco Pretzel Core Bar vereint einen cremig-weichen Kern mit einer knackigen Schokoladenh\u00fclle und echten Brezelst\u00fcckchen &#8211; ein unwiderstehlicher High-Protein-Snack f\u00fcr echte Naschkatzen.<\/p>\n","protected":false},"featured_media":26649,"template":"","meta":{"_acf_changed":false,"inline_featured_image":false},"product_brand":[],"product_cat":[148],"product_tag":[581,110,582],"class_list":{"0":"post-26647","1":"product","2":"type-product","3":"status-publish","4":"has-post-thumbnail","6":"product_cat-protein-bars","7":"product_tag-high-protein","8":"product_tag-palm-oil-free","9":"product_tag-zero-added-sugar","11":"first","12":"instock","13":"taxable","14":"shipping-taxable","15":"purchasable","16":"product-type-simple"},"acf":[],"tiered_pricing_type":"fixed","tiered_pricing_fixed_rules":[],"tiered_pricing_product_settings":{"layout":"default","base_unit_name":{"singular":null,"plural":null},"default_variation":null},"tiered_pricing_minimum_quantity":null,"tiered_pricing_roles_data":[],"tiered_pricing_percentage_rules":[],"tiered_pricing_maximum_quantity":null,"tiered_pricing_quantity_step":null,"_links":{"self":[{"href":"https:\/\/www.chiefslife.com\/de-eu\/wp-json\/wp\/v2\/product\/26647","targetHints":{"allow":["GET"]}}],"collection":[{"href":"https:\/\/www.chiefslife.com\/de-eu\/wp-json\/wp\/v2\/product"}],"about":[{"href":"https:\/\/www.chiefslife.com\/de-eu\/wp-json\/wp\/v2\/types\/product"}],"wp:featuredmedia":[{"embeddable":true,"href":"https:\/\/www.chiefslife.com\/de-eu\/wp-json\/wp\/v2\/media\/26649"}],"wp:attachment":[{"href":"https:\/\/www.chiefslife.com\/de-eu\/wp-json\/wp\/v2\/media?parent=26647"}],"wp:term":[{"taxonomy":"product_brand","embeddable":true,"href":"https:\/\/www.chiefslife.com\/de-eu\/wp-json\/wp\/v2\/product_brand?post=26647"},{"taxonomy":"product_cat","embeddable":true,"href":"https:\/\/www.chiefslife.com\/de-eu\/wp-json\/wp\/v2\/product_cat?post=26647"},{"taxonomy":"product_tag","embeddable":true,"href":"https:\/\/www.chiefslife.com\/de-eu\/wp-json\/wp\/v2\/product_tag?post=26647"}],"curies":[{"name":"wp","href":"https:\/\/api.w.org\/{rel}","templated":true}]}}