{"id":4091,"date":"2021-09-17T11:07:30","date_gmt":"2021-09-17T09:07:30","guid":{"rendered":"https:\/\/www.chiefslife.com\/de-eu\/?post_type=product&#038;p=4091"},"modified":"2025-11-30T23:51:23","modified_gmt":"2025-11-30T22:51:23","slug":"protein-bread-krustenbrot","status":"publish","type":"product","link":"https:\/\/www.chiefslife.com\/de-eu\/produkt\/protein-bread-krustenbrot\/","title":{"rendered":"Krustenbrot hell"},"content":{"rendered":"<p>-40% CARBS: 40% weniger Kohlenhydrate als ein durchschnittliches Weissbrot.<br \/>\nHIGH PROTEIN<br \/>\nHIGH FIBRE<br \/>\n100% TASTE<\/p>\n<p>&nbsp;<\/p>\n<p><strong>100% TASTE:\u00a0<\/strong>Schmeckt wie ein traditionelles Weissbrot. Probieren und staunen! 100% Brotgenuss \u2013 aussen knusprig, innen luftig leicht und vollmundig im Geschmack.<\/p>\n<p><strong>-40% CARBS:\u00a0<\/strong>Herk\u00f6mmliches Weissbrot besteht \u00fcberwiegend aus Kohlenhydraten. Chiefs<sup>\u00ae<\/sup>\u00a0hat es geschafft, den Kohlenhydratanteil um sagenhafte 40%* zu reduzieren.<\/p>\n<p><strong>HIGH PROTEIN:\u00a0<\/strong>Proteine tragen zur Erhaltung normaler Knochen und zu einer Zunahme an Muskelmasse bei. Das Chiefs<sup>\u00ae<\/sup>\u00a0Krustenbrot enth\u00e4lt fast 55 g Eiweisse.<\/p>\n<p><strong>HIGH FIBRE:\u00a0<\/strong>Das originale Chiefs<sup>\u00ae<\/sup>\u00a0Krustenbrot steckt voller Ballaststoffe.<\/p>\n<p><strong>SWISS MADE:\u00a0<\/strong>IP-Suisse zertifiziertes Mehl und beste Schweizer Rohstoffe. Handwerklich mit Leidenschaft durch Hiestand Schweiz hergestellt.<\/p>\n<p>*als herk\u00f6mmliche Weissbrote<\/p>\n<p>&nbsp;<\/p>\n<p class=\"p1\">Weizenbrot mit Molken- und Milchproteinpulver.<\/p>\n<p class=\"p1\">Zutaten: IPS WEIZENMEHL, Wasser, 7% MOLKENproteinpulver, WEIZENKLEBER, Nahrungsfasern (Inulin), 2,5% MILCHproteinpulver, Hefe, Sauerteig (ROGGEN, WEIZEN), WEIZENquellmehl, Salz, Oblate (Maisst\u00e4rke, Kartoffelst\u00e4rke, Wasser, Kakaopulver, Emulgator: Sonnenblumenlecithine), Malzmehl (GERSTE), Mehlbehandlungsmittel: Ascorbins\u00e4ure. Kann Spuren von EIERN, MANDELN, HASELN\u00dcSSEN, BAUMN\u00dcSSEN und SESAM enthalten.<\/p>\n","protected":false},"excerpt":{"rendered":"<p><em>Online nicht erh\u00e4ltlich.<\/em><\/p>\n<p>&nbsp;<\/p>\n<p>Revival des Weissbrots! Brot wird trotz seines Status\u2019 als Grundnahrungsmittel nicht immer nur als gut wahrgenommen. Nach einer intensiven Entwicklungsarbeit hat Chiefs<sup>\u00ae<\/sup>\u00a0mit dem neuen Krustenbrot die perfekte L\u00f6sung gefunden: Durch einen innovativen Ansatz ist das Chiefs<sup>\u00ae<\/sup>\u00a0Krustenbrot mit -40% Kalorien*, 55g Eiweiss und als Ballaststoffquelle ein perfekter Bestandteil einer ausgewogenen Ern\u00e4hrung.<span class=\"Apple-converted-space\">\u00a0<\/span><\/p>\n<p>&nbsp;<\/p>\n<p>In der Schweiz frisch von Hand zubereitet, begeistert das Chiefs<sup>\u00ae<\/sup>\u00a0Krustenbrot alle \u2013 von klein bis gross, ob zum Fr\u00fchst\u00fcck als Confi-Br\u00f6tli, als getoastetes Avocado-Brot als Snack oder als Bruschetta zubereitet f\u00fcr die Vorspeise \u2013 unser proteinreiches Brot passt zu allem.<\/p>\n","protected":false},"featured_media":4094,"template":"","meta":{"_acf_changed":false,"inline_featured_image":false},"product_brand":[],"product_cat":[487],"product_tag":[489,488,146],"class_list":{"0":"post-4091","1":"product","2":"type-product","3":"status-publish","4":"has-post-thumbnail","6":"product_cat-protein-bread","7":"product_tag-40-carbs","8":"product_tag-high-fibre","9":"product_tag-high-protein","11":"first","12":"instock","13":"taxable","14":"shipping-taxable","15":"product-type-simple"},"acf":[],"tiered_pricing_type":"fixed","tiered_pricing_fixed_rules":[],"tiered_pricing_product_settings":{"layout":"default","base_unit_name":{"singular":null,"plural":null},"default_variation":null},"tiered_pricing_minimum_quantity":null,"tiered_pricing_roles_data":[],"tiered_pricing_percentage_rules":[],"tiered_pricing_maximum_quantity":null,"tiered_pricing_quantity_step":null,"_links":{"self":[{"href":"https:\/\/www.chiefslife.com\/de-eu\/wp-json\/wp\/v2\/product\/4091","targetHints":{"allow":["GET"]}}],"collection":[{"href":"https:\/\/www.chiefslife.com\/de-eu\/wp-json\/wp\/v2\/product"}],"about":[{"href":"https:\/\/www.chiefslife.com\/de-eu\/wp-json\/wp\/v2\/types\/product"}],"wp:featuredmedia":[{"embeddable":true,"href":"https:\/\/www.chiefslife.com\/de-eu\/wp-json\/wp\/v2\/media\/4094"}],"wp:attachment":[{"href":"https:\/\/www.chiefslife.com\/de-eu\/wp-json\/wp\/v2\/media?parent=4091"}],"wp:term":[{"taxonomy":"product_brand","embeddable":true,"href":"https:\/\/www.chiefslife.com\/de-eu\/wp-json\/wp\/v2\/product_brand?post=4091"},{"taxonomy":"product_cat","embeddable":true,"href":"https:\/\/www.chiefslife.com\/de-eu\/wp-json\/wp\/v2\/product_cat?post=4091"},{"taxonomy":"product_tag","embeddable":true,"href":"https:\/\/www.chiefslife.com\/de-eu\/wp-json\/wp\/v2\/product_tag?post=4091"}],"curies":[{"name":"wp","href":"https:\/\/api.w.org\/{rel}","templated":true}]}}