{"id":4546,"date":"2021-09-30T16:26:45","date_gmt":"2021-09-30T14:26:45","guid":{"rendered":"https:\/\/www.chiefslife.com\/de-eu\/?post_type=product&#038;p=4546"},"modified":"2025-11-30T23:51:22","modified_gmt":"2025-11-30T22:51:22","slug":"choco-mountain","status":"publish","type":"product","link":"https:\/\/www.chiefslife.com\/de-eu\/produkt\/choco-mountain\/","title":{"rendered":"Choco Mountain"},"content":{"rendered":"<p>NO ADDED SUGAR: Ohne Zuckerzusatz. Enth\u00e4lt von Natur aus Zucker.<br \/>\nHIGH PROTEIN: 26 g Protein pro Flasche.<br \/>\nCONTAINS BCAAs: BCAAs (= Branched-chain amino acids) 5500 mg\/330 ml. Milch enth\u00e4lt verzweigtkettige Aminos\u00e4uren.<br \/>\nLOWER CARB: 65% weniger Kohlenhydrate als ein vergleichbares Produkt.<br \/>\nLACTOSE FREE: Laktosefrei &lt;0,1 g\/100 ml<\/p>\n<p class=\"ewa-rteLine\">Laktosefreies Getr\u00e4nk mit Milch (2,2% Fett) mit Milchprotein und S\u00fc\u00dfungsmitteln. Schokoladengeschmack. UHT.<\/p>\n<p class=\"ewa-rteLine\">Zutaten: 45% MILCH, Wasser, 7,3% MILCHPROTEINkonzentrat, 1,7% fettarmes Kakaopulver, Stabilisator: Cellulose Gel, Cellulosegummi; nat\u00fcrliche Aromen, Speisesalz, S\u00fc\u00dfungsmittel: Sucralose, Acesulfam K; Laktase.<\/p>\n<p><a href=\"https:\/\/www.chiefslife.com\/de-eu\/wp-content\/uploads\/sites\/6\/2021\/09\/Rainforest_Alliance_Cocoa_2.png\"><img decoding=\"async\" class=\"alignnone wp-image-23586\" src=\"https:\/\/www.chiefslife.com\/de-eu\/wp-content\/uploads\/sites\/6\/2021\/09\/Rainforest_Alliance_Cocoa_2-250x300.png\" alt=\"\" width=\"100\" height=\"120\" srcset=\"https:\/\/www.chiefslife.com\/de-eu\/wp-content\/uploads\/sites\/6\/2021\/09\/Rainforest_Alliance_Cocoa_2-250x300.png 250w, https:\/\/www.chiefslife.com\/de-eu\/wp-content\/uploads\/sites\/6\/2021\/09\/Rainforest_Alliance_Cocoa_2-853x1024.png 853w, https:\/\/www.chiefslife.com\/de-eu\/wp-content\/uploads\/sites\/6\/2021\/09\/Rainforest_Alliance_Cocoa_2-768x922.png 768w, https:\/\/www.chiefslife.com\/de-eu\/wp-content\/uploads\/sites\/6\/2021\/09\/Rainforest_Alliance_Cocoa_2-336x403.png 336w, https:\/\/www.chiefslife.com\/de-eu\/wp-content\/uploads\/sites\/6\/2021\/09\/Rainforest_Alliance_Cocoa_2-800x960.png 800w, https:\/\/www.chiefslife.com\/de-eu\/wp-content\/uploads\/sites\/6\/2021\/09\/Rainforest_Alliance_Cocoa_2.png 965w\" sizes=\"(max-width: 100px) 100vw, 100px\" \/><\/a><\/p>\n","protected":false},"excerpt":{"rendered":"<p>Der beliebteste Klassiker: Choco Mountain! Leckerer und intensiver Schokoladengeschmack mit echtem Kakao aus nachhaltigem Anbau.<\/p>\n<p>&nbsp;<\/p>\n<p>Entdecke unser frisches neues Design mit dem gleichen grossartigen Geschmack. Jetzt mit 8 Getr\u00e4nken pro Packung, damit du nie ohne The Good Stuff dastehst!<\/p>\n","protected":false},"featured_media":23472,"template":"","meta":{"_acf_changed":false,"inline_featured_image":false},"product_brand":[],"product_cat":[91],"product_tag":[143,146,105,147,82,145],"class_list":{"0":"post-4546","1":"product","2":"type-product","3":"status-publish","4":"has-post-thumbnail","6":"product_cat-milk-protein-drink","7":"product_tag-gluten-free","8":"product_tag-high-protein","9":"product_tag-lactose-free","10":"product_tag-low-fat","11":"product_tag-lower-carb","12":"product_tag-no-added-sugar","14":"first","15":"instock","16":"taxable","17":"shipping-taxable","18":"purchasable","19":"product-type-simple"},"acf":[],"tiered_pricing_type":"fixed","tiered_pricing_fixed_rules":[],"tiered_pricing_product_settings":{"layout":"default","base_unit_name":{"singular":null,"plural":null},"default_variation":null},"tiered_pricing_minimum_quantity":null,"tiered_pricing_roles_data":[],"tiered_pricing_percentage_rules":[],"tiered_pricing_maximum_quantity":null,"tiered_pricing_quantity_step":null,"_links":{"self":[{"href":"https:\/\/www.chiefslife.com\/de-eu\/wp-json\/wp\/v2\/product\/4546","targetHints":{"allow":["GET"]}}],"collection":[{"href":"https:\/\/www.chiefslife.com\/de-eu\/wp-json\/wp\/v2\/product"}],"about":[{"href":"https:\/\/www.chiefslife.com\/de-eu\/wp-json\/wp\/v2\/types\/product"}],"wp:featuredmedia":[{"embeddable":true,"href":"https:\/\/www.chiefslife.com\/de-eu\/wp-json\/wp\/v2\/media\/23472"}],"wp:attachment":[{"href":"https:\/\/www.chiefslife.com\/de-eu\/wp-json\/wp\/v2\/media?parent=4546"}],"wp:term":[{"taxonomy":"product_brand","embeddable":true,"href":"https:\/\/www.chiefslife.com\/de-eu\/wp-json\/wp\/v2\/product_brand?post=4546"},{"taxonomy":"product_cat","embeddable":true,"href":"https:\/\/www.chiefslife.com\/de-eu\/wp-json\/wp\/v2\/product_cat?post=4546"},{"taxonomy":"product_tag","embeddable":true,"href":"https:\/\/www.chiefslife.com\/de-eu\/wp-json\/wp\/v2\/product_tag?post=4546"}],"curies":[{"name":"wp","href":"https:\/\/api.w.org\/{rel}","templated":true}]}}